{"id":686,"date":"2024-03-21T18:48:03","date_gmt":"2024-03-21T15:48:03","guid":{"rendered":"https:\/\/aventura-excursions.com\/?post_type=product&#038;p=686"},"modified":"2024-05-28T18:44:20","modified_gmt":"2024-05-28T15:44:20","slug":"jungle-park","status":"publish","type":"product","link":"https:\/\/aventura-excursions.com\/es\/producto\/jungle-park\/","title":{"rendered":"Jungle Park"},"content":{"rendered":"<h3>Descripci\u00f3n<\/h3>\n<p>\n\u00a1Vive una incre\u00edble aventura por el parque selv\u00e1tico con animales ex\u00f3ticos! Camina por puentes colgantes de madera, explora cascadas y t\u00faneles, experimente paseos en bobsleigh, cautivantes espect\u00e1culos de aves y leones marinos y muchas otras atracciones a lo largo de tu viaje. Podr\u00e1s pasar todo el d\u00eda con tu familia recorriendo los alrededores con una superficie de 75.000 m\u00b2 y contemplando m\u00e1s de 500 animales. \u00a1Incluso tienes la oportunidad de interactuar con ellos!<\/p>\n<p>\nDon&#8217;t miss the park&#8217;s spectacular exhibitions and shows: <strong>aves de presa<\/strong> entre cuales son halcones, buitres y \u00e1guilas, <strong>aves ex\u00f3ticas<\/strong> con una variedad de coloridos loros, emocionantes presentaciones de <strong>leones marinos<\/strong> y <strong>almuerzo de ping\u00fcinos<\/strong> donde podr\u00e1s alimentar a estos encantadores animales. <\/p>\n<p>Una ventaja adicional de Jungle Park es su ubicaci\u00f3n en el sur, cerca de las principales zonas tur\u00edsticas de Los Cristianos y Las Am\u00e9ricas.<\/p>\n<h3><\/h3>\n<h3>Puntos de inter\u00e9s<\/h3>\n<ul>\n<li>Espect\u00e1culo de aves y leones marinos<\/li>\n<li>Perfecto para familias con ni\u00f1os<\/li>\n<li>Puentes colgantes y plantas ex\u00f3ticas<\/li>\n<li>M\u00e1s de 500 animales<\/li>\n<li>Bares y restaurantes en el territorio del parque<\/li>\n<\/ul>\n<p><h3>Detalles<\/h3>\n<p>\n<em><strong>Horario de apertura:<\/strong><\/em> 10:00 &#8211; 17:30 <\/p>\n<p><em><strong>Ubicaci\u00f3n:<\/strong><\/em> Arona (Sur de Tenerife)<\/p>\n<p>Puedes nadar con leones marinos por un cargo adicional<\/p>\n<p><h3>Dos parques con descuento<\/h3>\n<p class=\" translation-block\">Si tienes pensado visitar tanto Jungle Park como <a href=\"https:\/\/aventura-excursions.com\/es\/producto\/aqualand\/\" target=\"_self\"><strong>Aqualand<\/strong><\/a>, \u00a1puedes comprar un paquete con descuento de dos entradas y ahorrar 8 euros por persona!<\/p>\n<p>Ver m\u00e1s informaci\u00f3n aqu\u00ed: <a href=\"https:\/\/aventura-excursions.com\/es\/producto\/two-parks\/\"><strong>Dos parques<\/strong><\/a><\/p>","protected":false},"excerpt":{"rendered":"<div>\n<p>Explora Jungle Park en el sur de Tenerife, con m\u00e1s de 500 animales, emocionantes espect\u00e1culos de aves y leones marinos y diversa vida salvaje en un entorno selv\u00e1tico, a solo 15 minutos de los resorts de Los Cristianos y Las Am\u00e9ricas.<\/p>\n<p>\n<br \/>\nSelecciona el n\u00famero de adultos, ni\u00f1os (5-10 a\u00f1os), ni\u00f1os peque\u00f1os (3-4 a\u00f1os) y beb\u00e9s (0-2 a\u00f1os).<\/p>\n<\/div>","protected":false},"featured_media":710,"template":"","meta":{"_acf_changed":false},"product_brand":[],"product_cat":[20],"product_tag":[],"class_list":{"0":"post-686","1":"product","2":"type-product","3":"status-publish","4":"has-post-thumbnail","6":"product_cat-parks","8":"first","9":"instock","10":"shipping-taxable","11":"product-type-grouped"},"acf":[],"yoast_head":"<!-- This site is optimized with the Yoast SEO plugin v25.6 - https:\/\/yoast.com\/wordpress\/plugins\/seo\/ -->\n<title>Jungle Park in Tenerife - Aventura Excursions - Best Prices, Book Tickets Now<\/title>\n<meta name=\"description\" content=\"Explore Jungle Park Tenerife! Check reviews, prices, and ratings. Book your adventure today to see exotic animals, thrilling shows, and beautiful wildlife\" \/>\n<meta name=\"robots\" content=\"index, follow, max-snippet:-1, max-image-preview:large, max-video-preview:-1\" \/>\n<link rel=\"canonical\" href=\"https:\/\/aventura-excursions.com\/es\/producto\/jungle-park\/\" \/>\n<meta property=\"og:locale\" content=\"es_ES\" \/>\n<meta property=\"og:type\" content=\"article\" \/>\n<meta property=\"og:title\" content=\"Jungle Park in Tenerife - Aventura Excursions - Best Prices, Book Tickets Now\" \/>\n<meta property=\"og:description\" content=\"Explore Jungle Park Tenerife! Check reviews, prices, and ratings. Book your adventure today to see exotic animals, thrilling shows, and beautiful wildlife\" \/>\n<meta property=\"og:url\" content=\"https:\/\/aventura-excursions.com\/es\/producto\/jungle-park\/\" \/>\n<meta property=\"og:site_name\" content=\"Aventura Excursions\" \/>\n<meta property=\"article:modified_time\" content=\"2024-05-28T15:44:20+00:00\" \/>\n<meta property=\"og:image\" content=\"https:\/\/aventura-excursions.com\/wp-content\/uploads\/2024\/03\/photo_1_2024-03-21_16-53-29-e1711041025371.jpg\" \/>\n\t<meta property=\"og:image:width\" content=\"920\" \/>\n\t<meta property=\"og:image:height\" content=\"495\" \/>\n\t<meta property=\"og:image:type\" content=\"image\/jpeg\" \/>\n<meta name=\"twitter:card\" content=\"summary_large_image\" \/>\n<meta name=\"twitter:label1\" content=\"Tiempo de lectura\" \/>\n\t<meta name=\"twitter:data1\" content=\"2 minutos\" \/>\n<!-- \/ Yoast SEO plugin. -->","yoast_head_json":{"title":"Jungle Park in Tenerife - Aventura Excursions - Best Prices, Book Tickets Now","description":"Explore Jungle Park Tenerife! Check reviews, prices, and ratings. Book your adventure today to see exotic animals, thrilling shows, and beautiful wildlife","robots":{"index":"index","follow":"follow","max-snippet":"max-snippet:-1","max-image-preview":"max-image-preview:large","max-video-preview":"max-video-preview:-1"},"canonical":"https:\/\/aventura-excursions.com\/es\/producto\/jungle-park\/","og_locale":"es_ES","og_type":"article","og_title":"Jungle Park in Tenerife - Aventura Excursions - Best Prices, Book Tickets Now","og_description":"Explore Jungle Park Tenerife! Check reviews, prices, and ratings. Book your adventure today to see exotic animals, thrilling shows, and beautiful wildlife","og_url":"https:\/\/aventura-excursions.com\/es\/producto\/jungle-park\/","og_site_name":"Aventura Excursions","article_modified_time":"2024-05-28T15:44:20+00:00","og_image":[{"width":920,"height":495,"url":"https:\/\/aventura-excursions.com\/wp-content\/uploads\/2024\/03\/photo_1_2024-03-21_16-53-29-e1711041025371.jpg","type":"image\/jpeg"}],"twitter_card":"summary_large_image","twitter_misc":{"Tiempo de lectura":"2 minutos"},"schema":{"@context":"https:\/\/schema.org","@graph":[{"@type":"WebPage","@id":"https:\/\/aventura-excursions.com\/product\/jungle-park\/","url":"https:\/\/aventura-excursions.com\/product\/jungle-park\/","name":"Jungle Park in Tenerife - Aventura Excursions - Best Prices, Book Tickets Now","isPartOf":{"@id":"https:\/\/aventura-excursions.com\/#website"},"primaryImageOfPage":{"@id":"https:\/\/aventura-excursions.com\/product\/jungle-park\/#primaryimage"},"image":{"@id":"https:\/\/aventura-excursions.com\/product\/jungle-park\/#primaryimage"},"thumbnailUrl":"https:\/\/aventura-excursions.com\/wp-content\/uploads\/2024\/03\/photo_1_2024-03-21_16-53-29-e1711041025371.jpg","datePublished":"2024-03-21T15:48:03+00:00","dateModified":"2024-05-28T15:44:20+00:00","description":"Explore Jungle Park Tenerife! Check reviews, prices, and ratings. Book your adventure today to see exotic animals, thrilling shows, and beautiful wildlife","breadcrumb":{"@id":"https:\/\/aventura-excursions.com\/product\/jungle-park\/#breadcrumb"},"inLanguage":"es","potentialAction":[{"@type":"ReadAction","target":["https:\/\/aventura-excursions.com\/product\/jungle-park\/"]}]},{"@type":"ImageObject","inLanguage":"es","@id":"https:\/\/aventura-excursions.com\/product\/jungle-park\/#primaryimage","url":"https:\/\/aventura-excursions.com\/wp-content\/uploads\/2024\/03\/photo_1_2024-03-21_16-53-29-e1711041025371.jpg","contentUrl":"https:\/\/aventura-excursions.com\/wp-content\/uploads\/2024\/03\/photo_1_2024-03-21_16-53-29-e1711041025371.jpg","width":920,"height":495},{"@type":"BreadcrumbList","@id":"https:\/\/aventura-excursions.com\/product\/jungle-park\/#breadcrumb","itemListElement":[{"@type":"ListItem","position":1,"name":"Tours","item":"https:\/\/aventura-excursions.com\/tours\/"},{"@type":"ListItem","position":2,"name":"Jungle Park"}]},{"@type":"WebSite","@id":"https:\/\/aventura-excursions.com\/#website","url":"https:\/\/aventura-excursions.com\/","name":"Aventura Excursions","description":"Aventura Excursions","potentialAction":[{"@type":"SearchAction","target":{"@type":"EntryPoint","urlTemplate":"https:\/\/aventura-excursions.com\/?s={search_term_string}"},"query-input":{"@type":"PropertyValueSpecification","valueRequired":true,"valueName":"search_term_string"}}],"inLanguage":"es"}]}},"_links":{"self":[{"href":"https:\/\/aventura-excursions.com\/es\/wp-json\/wp\/v2\/product\/686","targetHints":{"allow":["GET"]}}],"collection":[{"href":"https:\/\/aventura-excursions.com\/es\/wp-json\/wp\/v2\/product"}],"about":[{"href":"https:\/\/aventura-excursions.com\/es\/wp-json\/wp\/v2\/types\/product"}],"wp:featuredmedia":[{"embeddable":true,"href":"https:\/\/aventura-excursions.com\/es\/wp-json\/wp\/v2\/media\/710"}],"wp:attachment":[{"href":"https:\/\/aventura-excursions.com\/es\/wp-json\/wp\/v2\/media?parent=686"}],"wp:term":[{"taxonomy":"product_brand","embeddable":true,"href":"https:\/\/aventura-excursions.com\/es\/wp-json\/wp\/v2\/product_brand?post=686"},{"taxonomy":"product_cat","embeddable":true,"href":"https:\/\/aventura-excursions.com\/es\/wp-json\/wp\/v2\/product_cat?post=686"},{"taxonomy":"product_tag","embeddable":true,"href":"https:\/\/aventura-excursions.com\/es\/wp-json\/wp\/v2\/product_tag?post=686"}],"curies":[{"name":"wp","href":"https:\/\/api.w.org\/{rel}","templated":true}]}}