{"id":766,"date":"2024-03-22T19:36:00","date_gmt":"2024-03-22T16:36:00","guid":{"rendered":"https:\/\/aventura-excursions.com\/?post_type=product&#038;p=766"},"modified":"2026-01-03T17:27:11","modified_gmt":"2026-01-03T14:27:11","slug":"boat-trip-whale-watching","status":"publish","type":"product","link":"https:\/\/aventura-excursions.com\/es\/producto\/boat-trip-whale-watching\/","title":{"rendered":"Paseo en Barco: Avistamiento de Ballenas"},"content":{"rendered":"<p><em><\/em><\/p>\n<h3>Descripci\u00f3n<\/h3>\n<p>\nLas excursiones en barco son una de las actividades m\u00e1s populares en Tenerife y te permiten maravillarte con preciosas vistas de costas con altos acantilados y hermosas playas. Cada vez que salimos al oc\u00e9ano buscamos delfines y calderones que son residentes permanentes de las aguas canarias y podr\u00e1s experimentar el gran placer de observarlos en su h\u00e1bitat natural. Durante el viaje haremos una parada para nadar en aguas cristalinas para observar a\u00fan m\u00e1s animales y peces a trav\u00e9s de una m\u00e1scara.<\/p>\n<p>\nPodr\u00e1s elegir entre varios barcos. El programa del recorrido es el mismo, pero la duraci\u00f3n y la capacidad del barco pueden variar.<\/p>\n<p><\/p>\n<h3>Puntos de inter\u00e9s<\/h3>\n<ul>\n<li>Avistamiento de ballenas y delfines<\/li>\n<li>Vistas espectaculares<\/li>\n<li>Snorkel<\/li>\n<li>Varios barcos para elegir<\/li>\n<\/ul>\n<p><\/p>\n<p><h3>Barcos<\/h3>\n<p>\n<strong>So\u00f1ador<\/strong><\/p>\n<p>\n<img loading=\"lazy\" decoding=\"async\" src=\"https:\/\/aventura-excursions.com\/wp-content\/uploads\/2024\/03\/Sonador-Tenerife-7-1-300x225.webp\" alt=\"\" width=\"300\" height=\"225\" class=\"alignnone size-medium wp-image-2208 right_content_img add_margin_bottom\" srcset=\"https:\/\/aventura-excursions.com\/wp-content\/uploads\/2024\/03\/Sonador-Tenerife-7-1-300x225.webp 300w, https:\/\/aventura-excursions.com\/wp-content\/uploads\/2024\/03\/Sonador-Tenerife-7-1-1024x768.webp 1024w, https:\/\/aventura-excursions.com\/wp-content\/uploads\/2024\/03\/Sonador-Tenerife-7-1-768x576.webp 768w, https:\/\/aventura-excursions.com\/wp-content\/uploads\/2024\/03\/Sonador-Tenerife-7-1-1536x1152.webp 1536w, https:\/\/aventura-excursions.com\/wp-content\/uploads\/2024\/03\/Sonador-Tenerife-7-1-16x12.webp 16w, https:\/\/aventura-excursions.com\/wp-content\/uploads\/2024\/03\/Sonador-Tenerife-7-1-600x450.webp 600w, https:\/\/aventura-excursions.com\/wp-content\/uploads\/2024\/03\/Sonador-Tenerife-7-1.webp 2048w\" sizes=\"auto, (max-width: 300px) 100vw, 300px\" \/><br \/>\nVelero de 15 metros de eslora. La cubierta tiene un aspecto elegante y es f\u00e1cil caminar sobre ella.<\/p>\n<p>\nCapacidad: 25 personas<br \/>\nDuraci\u00f3n: 3 horas<br \/>\nPuerto: Los Cristianos<br \/>\nNo hay recogida<br \/>\nComida y bebida, como bocadillos, frutas, snacks, refrescos, cerveza, etc., incluidas.<\/p>\n<p><\/p>\n<p>\n<strong>Freebird<\/strong><\/p>\n<p>\n<img loading=\"lazy\" decoding=\"async\" src=\"https:\/\/aventura-excursions.com\/wp-content\/uploads\/2024\/03\/freebird-catamarans-tenerife-f15-1d-300x200.png\"  alt=\"\" width=\"300\" height=\"200\" class=\"alignnone size-medium wp-image-2206 right_content_img add_margin_bottom\" srcset=\"https:\/\/aventura-excursions.com\/wp-content\/uploads\/2024\/03\/freebird-catamarans-tenerife-f15-1d-300x200.png 300w, https:\/\/aventura-excursions.com\/wp-content\/uploads\/2024\/03\/freebird-catamarans-tenerife-f15-1d-18x12.png 18w, https:\/\/aventura-excursions.com\/wp-content\/uploads\/2024\/03\/freebird-catamarans-tenerife-f15-1d-600x399.png 600w, https:\/\/aventura-excursions.com\/wp-content\/uploads\/2024\/03\/freebird-catamarans-tenerife-f15-1d.png 700w\" sizes=\"auto, (max-width: 300px) 100vw, 300px\" \/><br \/>\nUn catamar\u00e1n espacioso, perfecto para relajarse y tomar el sol.<\/p>\n<p>\nCapacidad: 50 personas<br \/>\nDuraci\u00f3n: 3 y 4,5 horas<br \/>\nPuerto: Puerto Col\u00f3n<br \/>\nPick up included in Los Gigantes, Costa Adeje, Los Cristianos, Playa de Las Americas and Golf del Sur.<br \/>\nEl recorrido de 3 horas ofrece s\u00e1ndwiches, agua, cerveza y refrescos.<br \/>\nTour de 4,5 horas que ofrece alb\u00f3ndigas de pollo en salsa, arroz huertano, diferentes bebidas, como cerveza, refrescos, agua, sangr\u00eda y men\u00fa especial para cel\u00edacos y veganos (bajo petici\u00f3n).<\/p>\n<p><p><\/p>\n<p><strong>Viking<\/strong><\/p>\n<p>\n<img loading=\"lazy\" decoding=\"async\" src=\"https:\/\/aventura-excursions.com\/wp-content\/uploads\/2024\/03\/146b-300x226.png\"  alt=\"\" width=\"300\" height=\"226\" class=\"alignnone size-medium wp-image-2205 right_content_img add_margin_bottom\" srcset=\"https:\/\/aventura-excursions.com\/wp-content\/uploads\/2024\/03\/146b-300x226.png 300w, https:\/\/aventura-excursions.com\/wp-content\/uploads\/2024\/03\/146b-16x12.png 16w, https:\/\/aventura-excursions.com\/wp-content\/uploads\/2024\/03\/146b.png 353w\" sizes=\"auto, (max-width: 300px) 100vw, 300px\" \/><br \/>\nUn gran barco vikingo con un espect\u00e1culo y animaci\u00f3n espectacular.<\/p>\n<p>\nCapacidad: 100 personas<br \/>\nDuraci\u00f3n: 2 y 3 horas<br \/>\nHora de inicio:<br \/>\n2 hours &#8211; 11:00<br \/>\n3 hours &#8211; 13:30<br \/>\nPuerto: Los Cristianos<br \/>\nNo hay recogida<br \/>\nDrinks, such as wine, local beer, water and soft drinks, included in 3-hours trip. Restaurant&#8217;s food is paid separately.<\/p>\n<p><\/p>\n<p><strong>Tonina<\/strong><\/p>\n<p>\n<img loading=\"lazy\" decoding=\"async\" src=\"https:\/\/aventura-excursions.com\/wp-content\/uploads\/2024\/03\/barco-300x200.png\" alt=\"\" width=\"300\" height=\"200\" class=\"alignnone size-medium wp-image-2203 right_content_img add_margin_bottom\" srcset=\"https:\/\/aventura-excursions.com\/wp-content\/uploads\/2024\/03\/barco-300x200.png 300w, https:\/\/aventura-excursions.com\/wp-content\/uploads\/2024\/03\/barco-18x12.png 18w, https:\/\/aventura-excursions.com\/wp-content\/uploads\/2024\/03\/barco.png 460w\" sizes=\"auto, (max-width: 300px) 100vw, 300px\" \/><br \/>\nC\u00f3modo catamar\u00e1n para un grupo peque\u00f1o con un espacioso sol\u00e1rium.<\/p>\n<p>\nCapacidad: 11 personas<br \/>\nDuraci\u00f3n: 3 horas<br \/>\nPuerto: Las Galletas<br \/>\nRecogida en el Sur incluida<br \/>\nEl precio tambi\u00e9n incluye una variedad de snacks y bebidas.<\/p>\n<p><p><\/p>","protected":false},"excerpt":{"rendered":"<div>\n<p>Take a boat trip and don&#8217;t miss the opportunity to relax, enjoy the nature, do snorkeling in the ocean and, of course, see the whales and dolphins!<\/p>\n<p>\nSELECCIONA UN BARCO:\n<\/div>","protected":false},"featured_media":1601,"template":"","meta":{"_acf_changed":false},"product_brand":[],"product_cat":[21],"product_tag":[],"class_list":{"0":"post-766","1":"product","2":"type-product","3":"status-publish","4":"has-post-thumbnail","6":"product_cat-activities","8":"first","9":"instock","10":"sale","11":"shipping-taxable","12":"product-type-grouped"},"acf":[],"yoast_head":"<!-- This site is optimized with the Yoast SEO plugin v25.6 - https:\/\/yoast.com\/wordpress\/plugins\/seo\/ -->\n<title>Boat Trip: Whale Watching - Aventura Excursions in Tenerife | Book Tickets online<\/title>\n<meta name=\"description\" content=\"Book your whale watching boat trip in Tenerife! See dolphins, snorkel, and enjoy stunning views. Check prices, read reviews, and buy tickets now!\" \/>\n<meta name=\"robots\" content=\"index, follow, max-snippet:-1, max-image-preview:large, max-video-preview:-1\" \/>\n<link rel=\"canonical\" href=\"https:\/\/aventura-excursions.com\/es\/producto\/boat-trip-whale-watching\/\" \/>\n<meta property=\"og:locale\" content=\"es_ES\" \/>\n<meta property=\"og:type\" content=\"article\" \/>\n<meta property=\"og:title\" content=\"Boat Trip: Whale Watching - Aventura Excursions in Tenerife | Book Tickets online\" \/>\n<meta property=\"og:description\" content=\"Book your whale watching boat trip in Tenerife! See dolphins, snorkel, and enjoy stunning views. Check prices, read reviews, and buy tickets now!\" \/>\n<meta property=\"og:url\" content=\"https:\/\/aventura-excursions.com\/es\/producto\/boat-trip-whale-watching\/\" \/>\n<meta property=\"og:site_name\" content=\"Aventura Excursions\" \/>\n<meta property=\"article:modified_time\" content=\"2026-01-03T14:27:11+00:00\" \/>\n<meta property=\"og:image\" content=\"https:\/\/aventura-excursions.com\/wp-content\/uploads\/2024\/03\/grinda09.jpg\" \/>\n\t<meta property=\"og:image:width\" content=\"1014\" \/>\n\t<meta property=\"og:image:height\" content=\"768\" \/>\n\t<meta property=\"og:image:type\" content=\"image\/jpeg\" \/>\n<meta name=\"twitter:card\" content=\"summary_large_image\" \/>\n<meta name=\"twitter:label1\" content=\"Tiempo de lectura\" \/>\n\t<meta name=\"twitter:data1\" content=\"3 minutos\" \/>\n<!-- \/ Yoast SEO plugin. -->","yoast_head_json":{"title":"Boat Trip: Whale Watching - Aventura Excursions in Tenerife | Book Tickets online","description":"Book your whale watching boat trip in Tenerife! See dolphins, snorkel, and enjoy stunning views. Check prices, read reviews, and buy tickets now!","robots":{"index":"index","follow":"follow","max-snippet":"max-snippet:-1","max-image-preview":"max-image-preview:large","max-video-preview":"max-video-preview:-1"},"canonical":"https:\/\/aventura-excursions.com\/es\/producto\/boat-trip-whale-watching\/","og_locale":"es_ES","og_type":"article","og_title":"Boat Trip: Whale Watching - Aventura Excursions in Tenerife | Book Tickets online","og_description":"Book your whale watching boat trip in Tenerife! See dolphins, snorkel, and enjoy stunning views. Check prices, read reviews, and buy tickets now!","og_url":"https:\/\/aventura-excursions.com\/es\/producto\/boat-trip-whale-watching\/","og_site_name":"Aventura Excursions","article_modified_time":"2026-01-03T14:27:11+00:00","og_image":[{"width":1014,"height":768,"url":"https:\/\/aventura-excursions.com\/wp-content\/uploads\/2024\/03\/grinda09.jpg","type":"image\/jpeg"}],"twitter_card":"summary_large_image","twitter_misc":{"Tiempo de lectura":"3 minutos"},"schema":{"@context":"https:\/\/schema.org","@graph":[{"@type":"WebPage","@id":"https:\/\/aventura-excursions.com\/product\/boat-trip-whale-watching\/","url":"https:\/\/aventura-excursions.com\/product\/boat-trip-whale-watching\/","name":"Boat Trip: Whale Watching - Aventura Excursions in Tenerife | Book Tickets online","isPartOf":{"@id":"https:\/\/aventura-excursions.com\/#website"},"primaryImageOfPage":{"@id":"https:\/\/aventura-excursions.com\/product\/boat-trip-whale-watching\/#primaryimage"},"image":{"@id":"https:\/\/aventura-excursions.com\/product\/boat-trip-whale-watching\/#primaryimage"},"thumbnailUrl":"https:\/\/aventura-excursions.com\/wp-content\/uploads\/2024\/03\/grinda09.jpg","datePublished":"2024-03-22T16:36:00+00:00","dateModified":"2026-01-03T14:27:11+00:00","description":"Book your whale watching boat trip in Tenerife! See dolphins, snorkel, and enjoy stunning views. Check prices, read reviews, and buy tickets now!","breadcrumb":{"@id":"https:\/\/aventura-excursions.com\/product\/boat-trip-whale-watching\/#breadcrumb"},"inLanguage":"es","potentialAction":[{"@type":"ReadAction","target":["https:\/\/aventura-excursions.com\/product\/boat-trip-whale-watching\/"]}]},{"@type":"ImageObject","inLanguage":"es","@id":"https:\/\/aventura-excursions.com\/product\/boat-trip-whale-watching\/#primaryimage","url":"https:\/\/aventura-excursions.com\/wp-content\/uploads\/2024\/03\/grinda09.jpg","contentUrl":"https:\/\/aventura-excursions.com\/wp-content\/uploads\/2024\/03\/grinda09.jpg","width":1014,"height":768,"caption":"LEAD Technologies Inc. V1.01"},{"@type":"BreadcrumbList","@id":"https:\/\/aventura-excursions.com\/product\/boat-trip-whale-watching\/#breadcrumb","itemListElement":[{"@type":"ListItem","position":1,"name":"Tours","item":"https:\/\/aventura-excursions.com\/tours\/"},{"@type":"ListItem","position":2,"name":"Boat Trip: Whale Watching"}]},{"@type":"WebSite","@id":"https:\/\/aventura-excursions.com\/#website","url":"https:\/\/aventura-excursions.com\/","name":"Aventura Excursions","description":"Aventura Excursions","potentialAction":[{"@type":"SearchAction","target":{"@type":"EntryPoint","urlTemplate":"https:\/\/aventura-excursions.com\/?s={search_term_string}"},"query-input":{"@type":"PropertyValueSpecification","valueRequired":true,"valueName":"search_term_string"}}],"inLanguage":"es"}]}},"_links":{"self":[{"href":"https:\/\/aventura-excursions.com\/es\/wp-json\/wp\/v2\/product\/766","targetHints":{"allow":["GET"]}}],"collection":[{"href":"https:\/\/aventura-excursions.com\/es\/wp-json\/wp\/v2\/product"}],"about":[{"href":"https:\/\/aventura-excursions.com\/es\/wp-json\/wp\/v2\/types\/product"}],"wp:featuredmedia":[{"embeddable":true,"href":"https:\/\/aventura-excursions.com\/es\/wp-json\/wp\/v2\/media\/1601"}],"wp:attachment":[{"href":"https:\/\/aventura-excursions.com\/es\/wp-json\/wp\/v2\/media?parent=766"}],"wp:term":[{"taxonomy":"product_brand","embeddable":true,"href":"https:\/\/aventura-excursions.com\/es\/wp-json\/wp\/v2\/product_brand?post=766"},{"taxonomy":"product_cat","embeddable":true,"href":"https:\/\/aventura-excursions.com\/es\/wp-json\/wp\/v2\/product_cat?post=766"},{"taxonomy":"product_tag","embeddable":true,"href":"https:\/\/aventura-excursions.com\/es\/wp-json\/wp\/v2\/product_tag?post=766"}],"curies":[{"name":"wp","href":"https:\/\/api.w.org\/{rel}","templated":true}]}}