{"id":893,"date":"2024-03-23T18:17:29","date_gmt":"2024-03-23T15:17:29","guid":{"rendered":"https:\/\/aventura-excursions.com\/?post_type=product&#038;p=893"},"modified":"2024-05-29T14:07:16","modified_gmt":"2024-05-29T11:07:16","slug":"castillo-san-miguel","status":"publish","type":"product","link":"https:\/\/aventura-excursions.com\/es\/producto\/castillo-san-miguel\/","title":{"rendered":"Castillo San Miguel"},"content":{"rendered":"<h3>Descripci\u00f3n<\/h3>\n<p>\n\u00a1Prep\u00e1rate para un viaje en el tiempo a la era de los caballeros, la realeza y el encanto en el Castillo San Miguel Show en Tenerife! Construido con piedra de canto canario, el Castillo de San Miguel es famoso por sus torres que transportan a los visitantes a un aut\u00e9ntico entorno medieval. Ubicado dentro de los muros de un majestuoso castillo, esta experiencia \u00fanica combina historia, entretenimiento y comida deliciosa. Ser\u00e1s testigo de una actuaci\u00f3n impresionante de caballeros armados que luchan en batallas \u00e9picas para demostrar sus habilidades y coraje. Tu caballero necesitar\u00e1 tu apoyo en el torneo, as\u00ed que recuerda animarlo. Se te servir\u00e1 cena y vino, mientras te diviertes mucho siendo parte de este espect\u00e1culo medieval.<\/p>\n<h3><\/h3>\n<h3>Puntos de inter\u00e9s<\/h3>\n<ul>\n<li>Espect\u00e1culo medieval<\/li>\n<li>Aut\u00e9ntica cena medieval<\/li>\n<li>Participaci\u00f3n activa en el espect\u00e1culo<\/li>\n<\/ul>\n<h3>Detalles<\/h3>\n<p>\n<strong><em>Hora de inicio:<\/em><\/strong> 18:30<\/p>\n<p>\n<strong><em>Ubicaci\u00f3n:<\/em><\/strong> San Miguel (a 10 minutos de Los Cristianos)<\/p>\n<p>\n<strong><em>Incluido:<\/em><\/strong><\/p>\n<ul>\n<li>cena<\/li>\n<li>prendas medievales<\/li>\n<\/ul>\n<p>\n<strong><em>No incluido:<\/em><\/strong> recogida en el hotel<\/p>\n<p>\n<\/p>\n<h3>Transporte<\/h3>\n<p class=\" translation-block\">Puedes <a href=\"https:\/\/aventura-excursions.com\/es\/producto\/rent-a-car\/\" target=\"_self\"><strong><em>alquilar un coche<\/em><\/strong><\/a> con nosotros e ir por tu cuenta al Castillo de San Miguel o reservar un traslado desde tu hotel. Ver\u00e1s esta opci\u00f3n al reservar el espect\u00e1culo. El traslado recoge en todas las zonas tur\u00edsticas de Tenerife, incluidos Los Gigantes, Golf del Sur y Puerto de la Cruz.<\/p>","protected":false},"excerpt":{"rendered":"<div>\n<p>Sum\u00e9rgete en el esplendor medieval en el Castillo San Miguel Show en Tenerife, donde podr\u00e1s disfrutar del ambiente de una fiesta medieval y emocionantes torneos. <\/p>\n<p>\nPrimero, selecciona una de las opciones: solo billete o billete + traslado.<br \/>\nLuego selecciona el n\u00famero de adultos, ni\u00f1os (3-13 a\u00f1os) y beb\u00e9s (0-2 a\u00f1os).\n<\/div>","protected":false},"featured_media":903,"template":"","meta":{"_acf_changed":false},"product_brand":[],"product_cat":[22],"product_tag":[],"class_list":{"0":"post-893","1":"product","2":"type-product","3":"status-publish","4":"has-post-thumbnail","6":"product_cat-shows","8":"first","9":"instock","10":"shipping-taxable","11":"product-type-grouped"},"acf":[],"yoast_head":"<!-- This site is optimized with the Yoast SEO plugin v25.6 - https:\/\/yoast.com\/wordpress\/plugins\/seo\/ -->\n<title>Visit San Miguel castle Show Tenerife - Aventura Excursions - Book a Knight Tournament!<\/title>\n<meta name=\"description\" content=\"Experience the San Miguel Castle Show in Tenerife! Check reviews, prices, and ratings. Enjoy thrilling knight tournaments and an authentic medieval feast.\" \/>\n<meta name=\"robots\" content=\"index, follow, max-snippet:-1, max-image-preview:large, max-video-preview:-1\" \/>\n<link rel=\"canonical\" href=\"https:\/\/aventura-excursions.com\/es\/producto\/castillo-san-miguel\/\" \/>\n<meta property=\"og:locale\" content=\"es_ES\" \/>\n<meta property=\"og:type\" content=\"article\" \/>\n<meta property=\"og:title\" content=\"Visit San Miguel castle Show Tenerife - Aventura Excursions - Book a Knight Tournament!\" \/>\n<meta property=\"og:description\" content=\"Experience the San Miguel Castle Show in Tenerife! Check reviews, prices, and ratings. Enjoy thrilling knight tournaments and an authentic medieval feast.\" \/>\n<meta property=\"og:url\" content=\"https:\/\/aventura-excursions.com\/es\/producto\/castillo-san-miguel\/\" \/>\n<meta property=\"og:site_name\" content=\"Aventura Excursions\" \/>\n<meta property=\"article:modified_time\" content=\"2024-05-29T11:07:16+00:00\" \/>\n<meta property=\"og:image\" content=\"https:\/\/aventura-excursions.com\/wp-content\/uploads\/2024\/03\/photo_2024-03-23_17-35-54.jpg\" \/>\n\t<meta property=\"og:image:width\" content=\"1280\" \/>\n\t<meta property=\"og:image:height\" content=\"960\" \/>\n\t<meta property=\"og:image:type\" content=\"image\/jpeg\" \/>\n<meta name=\"twitter:card\" content=\"summary_large_image\" \/>\n<meta name=\"twitter:label1\" content=\"Tiempo de lectura\" \/>\n\t<meta name=\"twitter:data1\" content=\"2 minutos\" \/>\n<!-- \/ Yoast SEO plugin. -->","yoast_head_json":{"title":"Visit San Miguel castle Show Tenerife - Aventura Excursions - Book a Knight Tournament!","description":"Experience the San Miguel Castle Show in Tenerife! Check reviews, prices, and ratings. Enjoy thrilling knight tournaments and an authentic medieval feast.","robots":{"index":"index","follow":"follow","max-snippet":"max-snippet:-1","max-image-preview":"max-image-preview:large","max-video-preview":"max-video-preview:-1"},"canonical":"https:\/\/aventura-excursions.com\/es\/producto\/castillo-san-miguel\/","og_locale":"es_ES","og_type":"article","og_title":"Visit San Miguel castle Show Tenerife - Aventura Excursions - Book a Knight Tournament!","og_description":"Experience the San Miguel Castle Show in Tenerife! Check reviews, prices, and ratings. Enjoy thrilling knight tournaments and an authentic medieval feast.","og_url":"https:\/\/aventura-excursions.com\/es\/producto\/castillo-san-miguel\/","og_site_name":"Aventura Excursions","article_modified_time":"2024-05-29T11:07:16+00:00","og_image":[{"width":1280,"height":960,"url":"https:\/\/aventura-excursions.com\/wp-content\/uploads\/2024\/03\/photo_2024-03-23_17-35-54.jpg","type":"image\/jpeg"}],"twitter_card":"summary_large_image","twitter_misc":{"Tiempo de lectura":"2 minutos"},"schema":{"@context":"https:\/\/schema.org","@graph":[{"@type":"WebPage","@id":"https:\/\/aventura-excursions.com\/product\/castillo-san-miguel\/","url":"https:\/\/aventura-excursions.com\/product\/castillo-san-miguel\/","name":"Visit San Miguel castle Show Tenerife - Aventura Excursions - Book a Knight Tournament!","isPartOf":{"@id":"https:\/\/aventura-excursions.com\/#website"},"primaryImageOfPage":{"@id":"https:\/\/aventura-excursions.com\/product\/castillo-san-miguel\/#primaryimage"},"image":{"@id":"https:\/\/aventura-excursions.com\/product\/castillo-san-miguel\/#primaryimage"},"thumbnailUrl":"https:\/\/aventura-excursions.com\/wp-content\/uploads\/2024\/03\/photo_2024-03-23_17-35-54.jpg","datePublished":"2024-03-23T15:17:29+00:00","dateModified":"2024-05-29T11:07:16+00:00","description":"Experience the San Miguel Castle Show in Tenerife! Check reviews, prices, and ratings. Enjoy thrilling knight tournaments and an authentic medieval feast.","breadcrumb":{"@id":"https:\/\/aventura-excursions.com\/product\/castillo-san-miguel\/#breadcrumb"},"inLanguage":"es","potentialAction":[{"@type":"ReadAction","target":["https:\/\/aventura-excursions.com\/product\/castillo-san-miguel\/"]}]},{"@type":"ImageObject","inLanguage":"es","@id":"https:\/\/aventura-excursions.com\/product\/castillo-san-miguel\/#primaryimage","url":"https:\/\/aventura-excursions.com\/wp-content\/uploads\/2024\/03\/photo_2024-03-23_17-35-54.jpg","contentUrl":"https:\/\/aventura-excursions.com\/wp-content\/uploads\/2024\/03\/photo_2024-03-23_17-35-54.jpg","width":1280,"height":960},{"@type":"BreadcrumbList","@id":"https:\/\/aventura-excursions.com\/product\/castillo-san-miguel\/#breadcrumb","itemListElement":[{"@type":"ListItem","position":1,"name":"Tours","item":"https:\/\/aventura-excursions.com\/tours\/"},{"@type":"ListItem","position":2,"name":"San Miguel castle"}]},{"@type":"WebSite","@id":"https:\/\/aventura-excursions.com\/#website","url":"https:\/\/aventura-excursions.com\/","name":"Aventura Excursions","description":"Aventura Excursions","potentialAction":[{"@type":"SearchAction","target":{"@type":"EntryPoint","urlTemplate":"https:\/\/aventura-excursions.com\/?s={search_term_string}"},"query-input":{"@type":"PropertyValueSpecification","valueRequired":true,"valueName":"search_term_string"}}],"inLanguage":"es"}]}},"_links":{"self":[{"href":"https:\/\/aventura-excursions.com\/es\/wp-json\/wp\/v2\/product\/893","targetHints":{"allow":["GET"]}}],"collection":[{"href":"https:\/\/aventura-excursions.com\/es\/wp-json\/wp\/v2\/product"}],"about":[{"href":"https:\/\/aventura-excursions.com\/es\/wp-json\/wp\/v2\/types\/product"}],"wp:featuredmedia":[{"embeddable":true,"href":"https:\/\/aventura-excursions.com\/es\/wp-json\/wp\/v2\/media\/903"}],"wp:attachment":[{"href":"https:\/\/aventura-excursions.com\/es\/wp-json\/wp\/v2\/media?parent=893"}],"wp:term":[{"taxonomy":"product_brand","embeddable":true,"href":"https:\/\/aventura-excursions.com\/es\/wp-json\/wp\/v2\/product_brand?post=893"},{"taxonomy":"product_cat","embeddable":true,"href":"https:\/\/aventura-excursions.com\/es\/wp-json\/wp\/v2\/product_cat?post=893"},{"taxonomy":"product_tag","embeddable":true,"href":"https:\/\/aventura-excursions.com\/es\/wp-json\/wp\/v2\/product_tag?post=893"}],"curies":[{"name":"wp","href":"https:\/\/api.w.org\/{rel}","templated":true}]}}