{"id":942,"date":"2024-03-24T20:38:20","date_gmt":"2024-03-24T17:38:20","guid":{"rendered":"https:\/\/aventura-excursions.com\/?post_type=product&#038;p=942"},"modified":"2024-05-29T16:56:44","modified_gmt":"2024-05-29T13:56:44","slug":"surfing","status":"publish","type":"product","link":"https:\/\/aventura-excursions.com\/es\/producto\/surfing\/","title":{"rendered":"Surf"},"content":{"rendered":"<h3>Descripci\u00f3n<\/h3>\n<p>\nPerfectas para todos los niveles, nuestras lecciones est\u00e1n dise\u00f1adas para ayudarte a experimentar la emoci\u00f3n del surf en un entorno seguro y comprensivo. Nuestros instructores de surf certificados brindan orientaci\u00f3n personalizada para ayudarte a levantarte y montar tu primera ola en poco tiempo.<\/p>\n<p>\nEs una lecci\u00f3n de 2,5 horas que consta de teor\u00eda, pr\u00e1ctica en el agua y an\u00e1lisis de los errores de las im\u00e1genes cometidas durante la pr\u00e1ctica. La escuela de surf est\u00e1 ubicada en plena zona tur\u00edstica de Las Am\u00e9ricas y tiene f\u00e1cil acceso al agua. \u00a1Un entorno maravilloso, un instructor amigable y una gran aventura en las olas har\u00e1n que sea una actividad divertida y memorable para todos!<\/p>\n<p>\n<\/p>\n<h3>Puntos de inter\u00e9s<\/h3>\n<ul>\n<li>El mejor lugar para surfear en el sur<\/li>\n<li>Olas todo el a\u00f1o<\/li>\n<li>Instructor profesional<\/li>\n<li>Equipo en perfecto estado<\/li>\n<\/ul>\n<p>\n<\/p>\n<h3>Detalles<\/h3>\n<p>\nPunto de encuentro en Las Am\u00e9ricas <br \/>\nHorario de trabajo: de 07:00 a 16:00 <br \/>\nTrajes de neopreno y seguro incluidos <\/p>","protected":false},"excerpt":{"rendered":"<div>\n\u00a1Coge la ola con nuestras clases de surf y descubre el placer de este apasionante deporte! Perfecto para todas las edades y niveles de habilidad.<\/p>\n<p>\n<br \/>\nSelecciona el n\u00famero de lecciones y la fecha de la primera lecci\u00f3n.\n<\/div>","protected":false},"featured_media":948,"template":"","meta":{"_acf_changed":false},"product_brand":[],"product_cat":[21],"product_tag":[],"class_list":{"0":"post-942","1":"product","2":"type-product","3":"status-publish","4":"has-post-thumbnail","6":"product_cat-activities","8":"first","9":"instock","10":"sale","11":"shipping-taxable","12":"product-type-grouped"},"acf":[],"yoast_head":"<!-- This site is optimized with the Yoast SEO plugin v25.6 - https:\/\/yoast.com\/wordpress\/plugins\/seo\/ -->\n<title>Surfing Lessons in Tenerife - Aventura Excursions - Book Your Surf Adventure Now!<\/title>\n<meta name=\"description\" content=\"Join our surfing lessons in Tenerife. Check reviews and prices. Perfect for all ages and skill levels with professional instructors and year-round waves\" \/>\n<meta name=\"robots\" content=\"index, follow, max-snippet:-1, max-image-preview:large, max-video-preview:-1\" \/>\n<link rel=\"canonical\" href=\"https:\/\/aventura-excursions.com\/es\/producto\/surfing\/\" \/>\n<meta property=\"og:locale\" content=\"es_ES\" \/>\n<meta property=\"og:type\" content=\"article\" \/>\n<meta property=\"og:title\" content=\"Surfing Lessons in Tenerife - Aventura Excursions - Book Your Surf Adventure Now!\" \/>\n<meta property=\"og:description\" content=\"Join our surfing lessons in Tenerife. Check reviews and prices. Perfect for all ages and skill levels with professional instructors and year-round waves\" \/>\n<meta property=\"og:url\" content=\"https:\/\/aventura-excursions.com\/es\/producto\/surfing\/\" \/>\n<meta property=\"og:site_name\" content=\"Aventura Excursions\" \/>\n<meta property=\"article:modified_time\" content=\"2024-05-29T13:56:44+00:00\" \/>\n<meta property=\"og:image\" content=\"https:\/\/aventura-excursions.com\/wp-content\/uploads\/2024\/03\/Image008f1.png\" \/>\n\t<meta property=\"og:image:width\" content=\"964\" \/>\n\t<meta property=\"og:image:height\" content=\"620\" \/>\n\t<meta property=\"og:image:type\" content=\"image\/png\" \/>\n<meta name=\"twitter:card\" content=\"summary_large_image\" \/>\n<meta name=\"twitter:label1\" content=\"Tiempo de lectura\" \/>\n\t<meta name=\"twitter:data1\" content=\"1 minuto\" \/>\n<!-- \/ Yoast SEO plugin. -->","yoast_head_json":{"title":"Surfing Lessons in Tenerife - Aventura Excursions - Book Your Surf Adventure Now!","description":"Join our surfing lessons in Tenerife. Check reviews and prices. Perfect for all ages and skill levels with professional instructors and year-round waves","robots":{"index":"index","follow":"follow","max-snippet":"max-snippet:-1","max-image-preview":"max-image-preview:large","max-video-preview":"max-video-preview:-1"},"canonical":"https:\/\/aventura-excursions.com\/es\/producto\/surfing\/","og_locale":"es_ES","og_type":"article","og_title":"Surfing Lessons in Tenerife - Aventura Excursions - Book Your Surf Adventure Now!","og_description":"Join our surfing lessons in Tenerife. Check reviews and prices. Perfect for all ages and skill levels with professional instructors and year-round waves","og_url":"https:\/\/aventura-excursions.com\/es\/producto\/surfing\/","og_site_name":"Aventura Excursions","article_modified_time":"2024-05-29T13:56:44+00:00","og_image":[{"width":964,"height":620,"url":"https:\/\/aventura-excursions.com\/wp-content\/uploads\/2024\/03\/Image008f1.png","type":"image\/png"}],"twitter_card":"summary_large_image","twitter_misc":{"Tiempo de lectura":"1 minuto"},"schema":{"@context":"https:\/\/schema.org","@graph":[{"@type":"WebPage","@id":"https:\/\/aventura-excursions.com\/product\/surfing\/","url":"https:\/\/aventura-excursions.com\/product\/surfing\/","name":"Surfing Lessons in Tenerife - Aventura Excursions - Book Your Surf Adventure Now!","isPartOf":{"@id":"https:\/\/aventura-excursions.com\/#website"},"primaryImageOfPage":{"@id":"https:\/\/aventura-excursions.com\/product\/surfing\/#primaryimage"},"image":{"@id":"https:\/\/aventura-excursions.com\/product\/surfing\/#primaryimage"},"thumbnailUrl":"https:\/\/aventura-excursions.com\/wp-content\/uploads\/2024\/03\/Image008f1.png","datePublished":"2024-03-24T17:38:20+00:00","dateModified":"2024-05-29T13:56:44+00:00","description":"Join our surfing lessons in Tenerife. Check reviews and prices. Perfect for all ages and skill levels with professional instructors and year-round waves","breadcrumb":{"@id":"https:\/\/aventura-excursions.com\/product\/surfing\/#breadcrumb"},"inLanguage":"es","potentialAction":[{"@type":"ReadAction","target":["https:\/\/aventura-excursions.com\/product\/surfing\/"]}]},{"@type":"ImageObject","inLanguage":"es","@id":"https:\/\/aventura-excursions.com\/product\/surfing\/#primaryimage","url":"https:\/\/aventura-excursions.com\/wp-content\/uploads\/2024\/03\/Image008f1.png","contentUrl":"https:\/\/aventura-excursions.com\/wp-content\/uploads\/2024\/03\/Image008f1.png","width":964,"height":620},{"@type":"BreadcrumbList","@id":"https:\/\/aventura-excursions.com\/product\/surfing\/#breadcrumb","itemListElement":[{"@type":"ListItem","position":1,"name":"Tours","item":"https:\/\/aventura-excursions.com\/tours\/"},{"@type":"ListItem","position":2,"name":"Surfing"}]},{"@type":"WebSite","@id":"https:\/\/aventura-excursions.com\/#website","url":"https:\/\/aventura-excursions.com\/","name":"Aventura Excursions","description":"Aventura Excursions","potentialAction":[{"@type":"SearchAction","target":{"@type":"EntryPoint","urlTemplate":"https:\/\/aventura-excursions.com\/?s={search_term_string}"},"query-input":{"@type":"PropertyValueSpecification","valueRequired":true,"valueName":"search_term_string"}}],"inLanguage":"es"}]}},"_links":{"self":[{"href":"https:\/\/aventura-excursions.com\/es\/wp-json\/wp\/v2\/product\/942","targetHints":{"allow":["GET"]}}],"collection":[{"href":"https:\/\/aventura-excursions.com\/es\/wp-json\/wp\/v2\/product"}],"about":[{"href":"https:\/\/aventura-excursions.com\/es\/wp-json\/wp\/v2\/types\/product"}],"wp:featuredmedia":[{"embeddable":true,"href":"https:\/\/aventura-excursions.com\/es\/wp-json\/wp\/v2\/media\/948"}],"wp:attachment":[{"href":"https:\/\/aventura-excursions.com\/es\/wp-json\/wp\/v2\/media?parent=942"}],"wp:term":[{"taxonomy":"product_brand","embeddable":true,"href":"https:\/\/aventura-excursions.com\/es\/wp-json\/wp\/v2\/product_brand?post=942"},{"taxonomy":"product_cat","embeddable":true,"href":"https:\/\/aventura-excursions.com\/es\/wp-json\/wp\/v2\/product_cat?post=942"},{"taxonomy":"product_tag","embeddable":true,"href":"https:\/\/aventura-excursions.com\/es\/wp-json\/wp\/v2\/product_tag?post=942"}],"curies":[{"name":"wp","href":"https:\/\/api.w.org\/{rel}","templated":true}]}}