{"id":970,"date":"2024-03-25T18:46:45","date_gmt":"2024-03-25T15:46:45","guid":{"rendered":"https:\/\/aventura-excursions.com\/?post_type=product&#038;p=970"},"modified":"2024-05-31T15:48:21","modified_gmt":"2024-05-31T12:48:21","slug":"twin-ticket","status":"publish","type":"product","link":"https:\/\/aventura-excursions.com\/es\/producto\/twin-ticket\/","title":{"rendered":"Twin Ticket"},"content":{"rendered":"<h3>Descripci\u00f3n<\/h3>\n<p>\n\u00a1Visita los parques tem\u00e1ticos m\u00e1s famosos de Tenerife a precio reducido!<\/p>\n<p>\nReserva <a href=\"https:\/\/aventura-excursions.com\/es\/producto\/loro-park\/\"><strong><em>Loro Parque<\/em><\/strong><\/a> y <a href=\"https:\/\/aventura-excursions.com\/es\/producto\/siam-park\/\"><strong><em>Siam Park<\/em><\/strong><\/a> together and get a Twin ticket with a 10 euros discount. Choose two separate days to visit the parks and enjoy Tenerife&#8217;s top attractions, so famous in the whole world.<\/p>\n<h3><\/h3>\n<h3>Puntos de inter\u00e9s<\/h3>\n<ul>\n<li><a href=\"https:\/\/aventura-excursions.com\/es\/producto\/siam-park\/\"><strong><em>Siam Park:<\/em><\/strong><\/a> parque acu\u00e1tico n\u00famero 1 en Europa<\/li>\n<li><strong><em><a href=\"https:\/\/aventura-excursions.com\/es\/producto\/loro-park\/\">Loro Park:<\/a><\/em><\/strong> famoso zoo con show de orcas<\/li>\n<\/ul>\n<h3>Detalles<\/h3>\n<p>\n<strong><em>Siam Park<\/em><\/strong><\/p>\n<p>\nHorario de verano: 10:00 \u2013 18:00<br \/>\nWinter opening hours: 10:00 &#8211; 17:00<br \/>\nUbicaci\u00f3n: Sur de Tenerife<\/p>\n<p>\n<strong><em>Loro Parque<\/em><\/strong><\/p>\n<p>\nHorario de apertura: 09:30 \u2013 17:30 <br \/>\nUbicaci\u00f3n: Norte de Tenerife<\/p>\n<h3>Transporte<\/h3>\n<p>Para que te resulte m\u00e1s f\u00e1cil planificar tu visita, ofrecemos un autob\u00fas a Siam Park desde Puerto de la Cruz y un autob\u00fas a Loro Park desde los pueblos tur\u00edsticos del sur (Las Am\u00e9ricas, Los Cristianos, etc.).<\/p>\n<p>Reserva <strong>Twin ticket + bus a Siam Parque<\/strong>, si te alojas en Puerto de La Cruz.<br \/>\n<br \/>Reserva <strong>Twin ticket + bus a Loro Parque<\/strong>, si te alojas ven el Sur.<\/p>\n<p> Hay un servicio gratuito de traslado en autob\u00fas Siam en el sur.<\/p>\n<p class=\" translation-block\">Tambi\u00e9n puedes <a href=\"https:\/\/aventura-excursions.com\/es\/producto\/rent-a-car\/\" target=\"_self\"><strong><em>alquilar un coche<\/em><\/strong><\/a> con nosotros e ir a los parques por tu cuenta. El \u00fanico inconveniente puede ser el estacionamiento lleno debido a la gran popularidad de ambos parques.<\/p>","protected":false},"excerpt":{"rendered":"<div>\n<p>\nVisit Loro Park and Siam park in two days with a discount! It&#8217;s a perfect opportunity to discover a water park and a zoo that have gained worldwide fame.<\/p>\n<p>Primero, elige si est\u00e1s comprando s\u00f3lo un billete o si tambi\u00e9n necesitas un traslado. Si est\u00e1s en el Norte, elige billete doble + autob\u00fas Siam. Si est\u00e1s en el Sur, elige billete doble + autob\u00fas Loro.<\/p>\n<p>Luego, elige el n\u00famero de adultos, ni\u00f1os y beb\u00e9s.\n<\/p><\/div>","protected":false},"featured_media":1010,"template":"","meta":{"_acf_changed":false},"product_brand":[],"product_cat":[20],"product_tag":[140,139,141,138,137],"class_list":{"0":"post-970","1":"product","2":"type-product","3":"status-publish","4":"has-post-thumbnail","6":"product_cat-parks","7":"product_tag-buy-twin-ticket","8":"product_tag-entrance-loro-siam-tenerife","9":"product_tag-loro-siam-with-discount","10":"product_tag-ticket-loro-siam","11":"product_tag-twin-ticket-tenerife","13":"first","14":"instock","15":"shipping-taxable","16":"product-type-grouped"},"acf":[],"yoast_head":"<!-- This site is optimized with the Yoast SEO plugin v25.6 - https:\/\/yoast.com\/wordpress\/plugins\/seo\/ -->\n<title>Twin Ticket: Loro Park &amp; Siam Park - Aventura Excursions - Book Now and Save!<\/title>\n<meta name=\"description\" content=\"Visit Loro Park and Siam Park in Tenerife with a Twin Ticket. Check reviews, prices, and ratings. Enjoy a discounted visit to the top water park and zoo.\" \/>\n<meta name=\"robots\" content=\"index, follow, max-snippet:-1, max-image-preview:large, max-video-preview:-1\" \/>\n<link rel=\"canonical\" href=\"https:\/\/aventura-excursions.com\/es\/producto\/twin-ticket\/\" \/>\n<meta property=\"og:locale\" content=\"es_ES\" \/>\n<meta property=\"og:type\" content=\"article\" \/>\n<meta property=\"og:title\" content=\"Twin Ticket: Loro Park &amp; Siam Park - Aventura Excursions - Book Now and Save!\" \/>\n<meta property=\"og:description\" content=\"Visit Loro Park and Siam Park in Tenerife with a Twin Ticket. Check reviews, prices, and ratings. Enjoy a discounted visit to the top water park and zoo.\" \/>\n<meta property=\"og:url\" content=\"https:\/\/aventura-excursions.com\/es\/producto\/twin-ticket\/\" \/>\n<meta property=\"og:site_name\" content=\"Aventura Excursions\" \/>\n<meta property=\"article:modified_time\" content=\"2024-05-31T12:48:21+00:00\" \/>\n<meta property=\"og:image\" content=\"https:\/\/aventura-excursions.com\/wp-content\/uploads\/2024\/03\/556497_3d6f7a69449a4886b6fa728165c335a2mv2.webp\" \/>\n\t<meta property=\"og:image:width\" content=\"420\" \/>\n\t<meta property=\"og:image:height\" content=\"304\" \/>\n\t<meta property=\"og:image:type\" content=\"image\/webp\" \/>\n<meta name=\"twitter:card\" content=\"summary_large_image\" \/>\n<meta name=\"twitter:label1\" content=\"Tiempo de lectura\" \/>\n\t<meta name=\"twitter:data1\" content=\"2 minutos\" \/>\n<!-- \/ Yoast SEO plugin. -->","yoast_head_json":{"title":"Twin Ticket: Loro Park & Siam Park - Aventura Excursions - Book Now and Save!","description":"Visit Loro Park and Siam Park in Tenerife with a Twin Ticket. Check reviews, prices, and ratings. Enjoy a discounted visit to the top water park and zoo.","robots":{"index":"index","follow":"follow","max-snippet":"max-snippet:-1","max-image-preview":"max-image-preview:large","max-video-preview":"max-video-preview:-1"},"canonical":"https:\/\/aventura-excursions.com\/es\/producto\/twin-ticket\/","og_locale":"es_ES","og_type":"article","og_title":"Twin Ticket: Loro Park & Siam Park - Aventura Excursions - Book Now and Save!","og_description":"Visit Loro Park and Siam Park in Tenerife with a Twin Ticket. Check reviews, prices, and ratings. Enjoy a discounted visit to the top water park and zoo.","og_url":"https:\/\/aventura-excursions.com\/es\/producto\/twin-ticket\/","og_site_name":"Aventura Excursions","article_modified_time":"2024-05-31T12:48:21+00:00","og_image":[{"width":420,"height":304,"url":"https:\/\/aventura-excursions.com\/wp-content\/uploads\/2024\/03\/556497_3d6f7a69449a4886b6fa728165c335a2mv2.webp","type":"image\/webp"}],"twitter_card":"summary_large_image","twitter_misc":{"Tiempo de lectura":"2 minutos"},"schema":{"@context":"https:\/\/schema.org","@graph":[{"@type":"WebPage","@id":"https:\/\/aventura-excursions.com\/product\/twin-ticket\/","url":"https:\/\/aventura-excursions.com\/product\/twin-ticket\/","name":"Twin Ticket: Loro Park & Siam Park - Aventura Excursions - Book Now and Save!","isPartOf":{"@id":"https:\/\/aventura-excursions.com\/#website"},"primaryImageOfPage":{"@id":"https:\/\/aventura-excursions.com\/product\/twin-ticket\/#primaryimage"},"image":{"@id":"https:\/\/aventura-excursions.com\/product\/twin-ticket\/#primaryimage"},"thumbnailUrl":"https:\/\/aventura-excursions.com\/wp-content\/uploads\/2024\/03\/556497_3d6f7a69449a4886b6fa728165c335a2mv2.webp","datePublished":"2024-03-25T15:46:45+00:00","dateModified":"2024-05-31T12:48:21+00:00","description":"Visit Loro Park and Siam Park in Tenerife with a Twin Ticket. Check reviews, prices, and ratings. Enjoy a discounted visit to the top water park and zoo.","breadcrumb":{"@id":"https:\/\/aventura-excursions.com\/product\/twin-ticket\/#breadcrumb"},"inLanguage":"es","potentialAction":[{"@type":"ReadAction","target":["https:\/\/aventura-excursions.com\/product\/twin-ticket\/"]}]},{"@type":"ImageObject","inLanguage":"es","@id":"https:\/\/aventura-excursions.com\/product\/twin-ticket\/#primaryimage","url":"https:\/\/aventura-excursions.com\/wp-content\/uploads\/2024\/03\/556497_3d6f7a69449a4886b6fa728165c335a2mv2.webp","contentUrl":"https:\/\/aventura-excursions.com\/wp-content\/uploads\/2024\/03\/556497_3d6f7a69449a4886b6fa728165c335a2mv2.webp","width":420,"height":304},{"@type":"BreadcrumbList","@id":"https:\/\/aventura-excursions.com\/product\/twin-ticket\/#breadcrumb","itemListElement":[{"@type":"ListItem","position":1,"name":"Tours","item":"https:\/\/aventura-excursions.com\/tours\/"},{"@type":"ListItem","position":2,"name":"Twin Ticket"}]},{"@type":"WebSite","@id":"https:\/\/aventura-excursions.com\/#website","url":"https:\/\/aventura-excursions.com\/","name":"Aventura Excursions","description":"Aventura Excursions","potentialAction":[{"@type":"SearchAction","target":{"@type":"EntryPoint","urlTemplate":"https:\/\/aventura-excursions.com\/?s={search_term_string}"},"query-input":{"@type":"PropertyValueSpecification","valueRequired":true,"valueName":"search_term_string"}}],"inLanguage":"es"}]}},"_links":{"self":[{"href":"https:\/\/aventura-excursions.com\/es\/wp-json\/wp\/v2\/product\/970","targetHints":{"allow":["GET"]}}],"collection":[{"href":"https:\/\/aventura-excursions.com\/es\/wp-json\/wp\/v2\/product"}],"about":[{"href":"https:\/\/aventura-excursions.com\/es\/wp-json\/wp\/v2\/types\/product"}],"wp:featuredmedia":[{"embeddable":true,"href":"https:\/\/aventura-excursions.com\/es\/wp-json\/wp\/v2\/media\/1010"}],"wp:attachment":[{"href":"https:\/\/aventura-excursions.com\/es\/wp-json\/wp\/v2\/media?parent=970"}],"wp:term":[{"taxonomy":"product_brand","embeddable":true,"href":"https:\/\/aventura-excursions.com\/es\/wp-json\/wp\/v2\/product_brand?post=970"},{"taxonomy":"product_cat","embeddable":true,"href":"https:\/\/aventura-excursions.com\/es\/wp-json\/wp\/v2\/product_cat?post=970"},{"taxonomy":"product_tag","embeddable":true,"href":"https:\/\/aventura-excursions.com\/es\/wp-json\/wp\/v2\/product_tag?post=970"}],"curies":[{"name":"wp","href":"https:\/\/api.w.org\/{rel}","templated":true}]}}