{"id":10,"date":"2023-06-16T06:14:49","date_gmt":"2023-06-16T06:14:49","guid":{"rendered":"https:\/\/aventura-excursions.com\/?page_id=10"},"modified":"2025-09-16T14:01:37","modified_gmt":"2025-09-16T11:01:37","slug":"about","status":"publish","type":"page","link":"https:\/\/aventura-excursions.com\/fr\/about\/","title":{"rendered":"About"},"content":{"rendered":"<div class=\"about_text_img__text\">\n<p style=\"text-align: left;\">Bienvenue chez Aventura Excursions, votre porte d'entr\u00e9e vers des aventures inoubliables et des exp\u00e9riences enrichissantes ! Notre mission est de vous proposer des excursions uniques et personnalis\u00e9es qui mettent en valeur le meilleur de notre belle \u00eele. Que vous soyez amateur de sensations fortes, passionn\u00e9 de culture ou simplement d\u00e9sireux d'explorer de nouveaux endroits, nous avons quelque chose de sp\u00e9cial pour chacun.<\/p>\n<p>&nbsp;<\/p>\n<h2>Notre histoire<\/h2>\n<p><\/p>\n<p style=\"text-align: left;\">Fond\u00e9e en 2014, Aventura Excutrsions est n\u00e9e d'une passion pour les voyages et d'un amour profond pour notre r\u00e9gion. Nos fondateurs, Marcin Glowacki et Ekaterina Lavrentyeva, ont imagin\u00e9 cr\u00e9er une agence qui non seulement propose des circuits exceptionnels, mais favorise \u00e9galement une v\u00e9ritable connexion entre les voyageurs et les destinations qu'ils visitent. Au fil des ann\u00e9es, nous sommes pass\u00e9s d\u2019une petite op\u00e9ration locale \u00e0 une agence renomm\u00e9e connue pour notre souci du d\u00e9tail et la satisfaction de nos clients.<\/p>\n<p>&nbsp;<\/p>\n<h2>Notre \u00e9quipe<\/h2>\n<p><\/p>\n<p style=\"text-align: left;\" class=\" translation-block\">Notre \u00e9quipe de consultants exp\u00e9riment\u00e9s et d'experts en voyages se consacre \u00e0 vous garantir une exp\u00e9rience incroyable du d\u00e9but \u00e0 la fin. Nous avons s\u00e9lectionn\u00e9 les meilleurs voyagistes de Tenerife et rassembl\u00e9 pour vous quelques conseils utiles que vous pouvez retrouver sur notre <strong><em><a href=\"https:\/\/aventura-excursions.com\/fr\/tips\/\" target=\"_self\">blog<\/a><\/em><\/strong>. Nous sommes fiers de notre professionnalisme, de notre convivialit\u00e9 et de notre engagement \u00e0 rendre vos vacances \u00e0 Tenerife m\u00e9morables.<\/p>\n<p>&nbsp;<\/p>\n<h2>Notre engagement<\/h2>\n<p><\/p>\n<p style=\"text-align: left;\">Nous nous engageons \u00e0 fournir un service de haute qualit\u00e9, \u00e0 garantir la s\u00e9curit\u00e9 et \u00e0 promouvoir un tourisme durable. Nos excursions sont con\u00e7ues pour minimiser l'impact environnemental et soutenir les communaut\u00e9s locales, garantissant que les g\u00e9n\u00e9rations futures puissent continuer \u00e0 profiter de ces merveilleuses destinations.<\/p>\n<p>&nbsp;<\/p>\n<h2>Pourquoi nous choisir?<\/h2>\n<p><\/p>\n<p style=\"text-align: left;\">\u2022 Service personnalis\u00e9\u00a0: nous prenons le temps de comprendre vos pr\u00e9f\u00e9rences et d'adapter nos circuits en cons\u00e9quence.<\/p>\n<p style=\"text-align: left;\">\u2022 Guides exp\u00e9riment\u00e9s\u00a0: nos guides comp\u00e9tents et passionn\u00e9s am\u00e9liorent votre exp\u00e9rience gr\u00e2ce \u00e0 leur expertise et leur enthousiasme.<\/p>\n<p style=\"text-align: left;\">\u2022 Satisfaction du client : Nous nous effor\u00e7ons de d\u00e9passer vos attentes et de rendre votre excursion vraiment inoubliable.<\/p>\n<p style=\"text-align: left;\">\u2022 Durabilit\u00e9\u00a0: nous accordons la priorit\u00e9 aux pratiques respectueuses de l'environnement et soutenons les entreprises locales pour promouvoir un tourisme responsable.<\/p>\n<p>&nbsp;<\/p>\n<p style=\"text-align: left;\">Join us on an adventure and create lasting memories with Aventura Excursions! Let\u2019s explore the world together!<br \/>\nFeel free to contact us for more information or to book your next excursion.<\/p>\n<\/div>\n<div class=\"about_text_img__img\"><img decoding=\"async\" src=\"\/wp-content\/uploads\/2024\/05\/about_img.jpg\" alt=\"\" \/><\/div>","protected":false},"excerpt":{"rendered":"<p>Welcome to Aventura Excursions, your gateway to unforgettable adventures and enriching experiences! Our mission is to provide you with unique and personalized excursions that showcase the best our beautiful island has to offer. Whether you\u2019re a thrill-seeker, a culture enthusiast, or simply looking to explore new places, we have something special for everyone. &nbsp; Our [&hellip;]<\/p>","protected":false},"author":1,"featured_media":0,"parent":0,"menu_order":0,"comment_status":"closed","ping_status":"closed","template":"pages\/about.php","meta":{"_acf_changed":false,"footnotes":""},"class_list":["post-10","page","type-page","status-publish","hentry"],"acf":[],"yoast_head":"<!-- This site is optimized with the Yoast SEO plugin v25.6 - https:\/\/yoast.com\/wordpress\/plugins\/seo\/ -->\n<title>Unforgettable Tenerife Excursions - Aventura Excursions - Book Online for 10% Off<\/title>\n<meta name=\"description\" content=\"Discover personalized tours in Tenerife with Aventura Excursions. We organize tours in Tenerife. Our team speaks English, Spanish, German, French, Polish, and Italian.\" \/>\n<meta name=\"robots\" content=\"index, follow, max-snippet:-1, max-image-preview:large, max-video-preview:-1\" \/>\n<link rel=\"canonical\" href=\"https:\/\/aventura-excursions.com\/fr\/about\/\" \/>\n<meta property=\"og:locale\" content=\"fr_FR\" \/>\n<meta property=\"og:type\" content=\"article\" \/>\n<meta property=\"og:title\" content=\"Unforgettable Tenerife Excursions - Aventura Excursions - Book Online for 10% Off\" \/>\n<meta property=\"og:description\" content=\"Discover personalized tours in Tenerife with Aventura Excursions. We organize tours in Tenerife. Our team speaks English, Spanish, German, French, Polish, and Italian.\" \/>\n<meta property=\"og:url\" content=\"https:\/\/aventura-excursions.com\/fr\/about\/\" \/>\n<meta property=\"og:site_name\" content=\"Aventura Excursions\" \/>\n<meta property=\"article:modified_time\" content=\"2025-09-16T11:01:37+00:00\" \/>\n<meta name=\"twitter:card\" content=\"summary_large_image\" \/>\n<meta name=\"twitter:label1\" content=\"Dur\u00e9e de lecture estim\u00e9e\" \/>\n\t<meta name=\"twitter:data1\" content=\"2 minutes\" \/>\n<!-- \/ Yoast SEO plugin. -->","yoast_head_json":{"title":"Unforgettable Tenerife Excursions - Aventura Excursions - Book Online for 10% Off","description":"Discover personalized tours in Tenerife with Aventura Excursions. We organize tours in Tenerife. Our team speaks English, Spanish, German, French, Polish, and Italian.","robots":{"index":"index","follow":"follow","max-snippet":"max-snippet:-1","max-image-preview":"max-image-preview:large","max-video-preview":"max-video-preview:-1"},"canonical":"https:\/\/aventura-excursions.com\/fr\/about\/","og_locale":"fr_FR","og_type":"article","og_title":"Unforgettable Tenerife Excursions - Aventura Excursions - Book Online for 10% Off","og_description":"Discover personalized tours in Tenerife with Aventura Excursions. We organize tours in Tenerife. Our team speaks English, Spanish, German, French, Polish, and Italian.","og_url":"https:\/\/aventura-excursions.com\/fr\/about\/","og_site_name":"Aventura Excursions","article_modified_time":"2025-09-16T11:01:37+00:00","twitter_card":"summary_large_image","twitter_misc":{"Dur\u00e9e de lecture estim\u00e9e":"2 minutes"},"schema":{"@context":"https:\/\/schema.org","@graph":[{"@type":"WebPage","@id":"https:\/\/aventura-excursions.com\/about\/","url":"https:\/\/aventura-excursions.com\/about\/","name":"Unforgettable Tenerife Excursions - Aventura Excursions - Book Online for 10% Off","isPartOf":{"@id":"https:\/\/aventura-excursions.com\/#website"},"datePublished":"2023-06-16T06:14:49+00:00","dateModified":"2025-09-16T11:01:37+00:00","description":"Discover personalized tours in Tenerife with Aventura Excursions. We organize tours in Tenerife. Our team speaks English, Spanish, German, French, Polish, and Italian.","inLanguage":"fr-FR","potentialAction":[{"@type":"ReadAction","target":["https:\/\/aventura-excursions.com\/about\/"]}]},{"@type":"WebSite","@id":"https:\/\/aventura-excursions.com\/#website","url":"https:\/\/aventura-excursions.com\/","name":"Aventura Excursions","description":"Aventura Excursions","potentialAction":[{"@type":"SearchAction","target":{"@type":"EntryPoint","urlTemplate":"https:\/\/aventura-excursions.com\/?s={search_term_string}"},"query-input":{"@type":"PropertyValueSpecification","valueRequired":true,"valueName":"search_term_string"}}],"inLanguage":"fr-FR"}]}},"_links":{"self":[{"href":"https:\/\/aventura-excursions.com\/fr\/wp-json\/wp\/v2\/pages\/10","targetHints":{"allow":["GET"]}}],"collection":[{"href":"https:\/\/aventura-excursions.com\/fr\/wp-json\/wp\/v2\/pages"}],"about":[{"href":"https:\/\/aventura-excursions.com\/fr\/wp-json\/wp\/v2\/types\/page"}],"author":[{"embeddable":true,"href":"https:\/\/aventura-excursions.com\/fr\/wp-json\/wp\/v2\/users\/1"}],"replies":[{"embeddable":true,"href":"https:\/\/aventura-excursions.com\/fr\/wp-json\/wp\/v2\/comments?post=10"}],"version-history":[{"count":23,"href":"https:\/\/aventura-excursions.com\/fr\/wp-json\/wp\/v2\/pages\/10\/revisions"}],"predecessor-version":[{"id":1746,"href":"https:\/\/aventura-excursions.com\/fr\/wp-json\/wp\/v2\/pages\/10\/revisions\/1746"}],"wp:attachment":[{"href":"https:\/\/aventura-excursions.com\/fr\/wp-json\/wp\/v2\/media?parent=10"}],"curies":[{"name":"wp","href":"https:\/\/api.w.org\/{rel}","templated":true}]}}