{"id":14,"date":"2023-06-16T06:15:49","date_gmt":"2023-06-16T06:15:49","guid":{"rendered":"https:\/\/aventura-excursions.com\/?page_id=14"},"modified":"2024-05-29T18:36:05","modified_gmt":"2024-05-29T15:36:05","slug":"rentals","status":"publish","type":"page","link":"https:\/\/aventura-excursions.com\/fr\/rentals\/","title":{"rendered":"Location"},"content":{"rendered":"<h2 class=\"h2_title reviews__title\">Comment r\u00e9server une voiture et d'autres v\u00e9hicules sur notre site Internet ?<\/h2>\n<div class=\"reviews__text\">\nApr\u00e8s avoir cliqu\u00e9 sur le bouton bleu \u00ab Louer une voiture \u00bb ou similaire pour d'autres v\u00e9hicules, vous serez sur la page o\u00f9 vous pourrez lire plus de d\u00e9tails sur les proc\u00e9dures de location \u00e0 Tenerife. Sur le c\u00f4t\u00e9 droit, veuillez choisir le mod\u00e8le que vous souhaitez louer et le nombre de jours (ce sera la dur\u00e9e de la location). Ensuite, dans le calendrier, vous choisissez le jour o\u00f9 vous souhaitez commencer \u00e0 louer le v\u00e9hicule. Cela fait, cliquez sur le bouton \u00ab Ajouter au panier \u00bb et proc\u00e9dez au paiement. Nous vous contacterons par email pour confirmer la disponibilit\u00e9 ainsi que l'heure de rendez-vous.\n<\/div>","protected":false},"excerpt":{"rendered":"<p>How to book a car and other vehicles on our website? After you click the blue button &#8220;Rent a car&#8221; or similar for other vehicles, you will be on the page where you can read more details about the procedures of rental in Tenerife. On the right side, please, choose the model that you wish [&hellip;]<\/p>","protected":false},"author":1,"featured_media":0,"parent":0,"menu_order":0,"comment_status":"closed","ping_status":"closed","template":"pages\/rentals.php","meta":{"_acf_changed":false,"footnotes":""},"class_list":["post-14","page","type-page","status-publish","hentry"],"acf":[],"yoast_head":"<!-- This site is optimized with the Yoast SEO plugin v25.6 - https:\/\/yoast.com\/wordpress\/plugins\/seo\/ -->\n<title>Cars, Scooters, Bikes Rentals in Tenerife - Aventura Excursions - Book with 10% discount!<\/title>\n<meta name=\"description\" content=\"Rent cars, scooters, bicycles, and quad bikes in Tenerife. Check reviews and prices. One of the oldest excursion agencies in the Canaries.\" \/>\n<meta name=\"robots\" content=\"index, follow, max-snippet:-1, max-image-preview:large, max-video-preview:-1\" \/>\n<link rel=\"canonical\" href=\"https:\/\/aventura-excursions.com\/fr\/rentals\/\" \/>\n<meta property=\"og:locale\" content=\"fr_FR\" \/>\n<meta property=\"og:type\" content=\"article\" \/>\n<meta property=\"og:title\" content=\"Cars, Scooters, Bikes Rentals in Tenerife - Aventura Excursions - Book with 10% discount!\" \/>\n<meta property=\"og:description\" content=\"Rent cars, scooters, bicycles, and quad bikes in Tenerife. Check reviews and prices. One of the oldest excursion agencies in the Canaries.\" \/>\n<meta property=\"og:url\" content=\"https:\/\/aventura-excursions.com\/fr\/rentals\/\" \/>\n<meta property=\"og:site_name\" content=\"Aventura Excursions\" \/>\n<meta property=\"article:modified_time\" content=\"2024-05-29T15:36:05+00:00\" \/>\n<meta name=\"twitter:card\" content=\"summary_large_image\" \/>\n<meta name=\"twitter:label1\" content=\"Dur\u00e9e de lecture estim\u00e9e\" \/>\n\t<meta name=\"twitter:data1\" content=\"1 minute\" \/>\n<!-- \/ Yoast SEO plugin. -->","yoast_head_json":{"title":"Cars, Scooters, Bikes Rentals in Tenerife - Aventura Excursions - Book with 10% discount!","description":"Rent cars, scooters, bicycles, and quad bikes in Tenerife. Check reviews and prices. One of the oldest excursion agencies in the Canaries.","robots":{"index":"index","follow":"follow","max-snippet":"max-snippet:-1","max-image-preview":"max-image-preview:large","max-video-preview":"max-video-preview:-1"},"canonical":"https:\/\/aventura-excursions.com\/fr\/rentals\/","og_locale":"fr_FR","og_type":"article","og_title":"Cars, Scooters, Bikes Rentals in Tenerife - Aventura Excursions - Book with 10% discount!","og_description":"Rent cars, scooters, bicycles, and quad bikes in Tenerife. Check reviews and prices. One of the oldest excursion agencies in the Canaries.","og_url":"https:\/\/aventura-excursions.com\/fr\/rentals\/","og_site_name":"Aventura Excursions","article_modified_time":"2024-05-29T15:36:05+00:00","twitter_card":"summary_large_image","twitter_misc":{"Dur\u00e9e de lecture estim\u00e9e":"1 minute"},"schema":{"@context":"https:\/\/schema.org","@graph":[{"@type":"WebPage","@id":"https:\/\/aventura-excursions.com\/rentals\/","url":"https:\/\/aventura-excursions.com\/rentals\/","name":"Cars, Scooters, Bikes Rentals in Tenerife - Aventura Excursions - Book with 10% discount!","isPartOf":{"@id":"https:\/\/aventura-excursions.com\/#website"},"datePublished":"2023-06-16T06:15:49+00:00","dateModified":"2024-05-29T15:36:05+00:00","description":"Rent cars, scooters, bicycles, and quad bikes in Tenerife. Check reviews and prices. One of the oldest excursion agencies in the Canaries.","inLanguage":"fr-FR","potentialAction":[{"@type":"ReadAction","target":["https:\/\/aventura-excursions.com\/rentals\/"]}]},{"@type":"WebSite","@id":"https:\/\/aventura-excursions.com\/#website","url":"https:\/\/aventura-excursions.com\/","name":"Aventura Excursions","description":"Aventura Excursions","potentialAction":[{"@type":"SearchAction","target":{"@type":"EntryPoint","urlTemplate":"https:\/\/aventura-excursions.com\/?s={search_term_string}"},"query-input":{"@type":"PropertyValueSpecification","valueRequired":true,"valueName":"search_term_string"}}],"inLanguage":"fr-FR"}]}},"_links":{"self":[{"href":"https:\/\/aventura-excursions.com\/fr\/wp-json\/wp\/v2\/pages\/14","targetHints":{"allow":["GET"]}}],"collection":[{"href":"https:\/\/aventura-excursions.com\/fr\/wp-json\/wp\/v2\/pages"}],"about":[{"href":"https:\/\/aventura-excursions.com\/fr\/wp-json\/wp\/v2\/types\/page"}],"author":[{"embeddable":true,"href":"https:\/\/aventura-excursions.com\/fr\/wp-json\/wp\/v2\/users\/1"}],"replies":[{"embeddable":true,"href":"https:\/\/aventura-excursions.com\/fr\/wp-json\/wp\/v2\/comments?post=14"}],"version-history":[{"count":13,"href":"https:\/\/aventura-excursions.com\/fr\/wp-json\/wp\/v2\/pages\/14\/revisions"}],"predecessor-version":[{"id":1152,"href":"https:\/\/aventura-excursions.com\/fr\/wp-json\/wp\/v2\/pages\/14\/revisions\/1152"}],"wp:attachment":[{"href":"https:\/\/aventura-excursions.com\/fr\/wp-json\/wp\/v2\/media?parent=14"}],"curies":[{"name":"wp","href":"https:\/\/api.w.org\/{rel}","templated":true}]}}