{"id":1111,"date":"2024-03-27T01:24:04","date_gmt":"2024-03-26T22:24:04","guid":{"rendered":"https:\/\/aventura-excursions.com\/?post_type=product&#038;p=1111"},"modified":"2024-10-22T15:20:32","modified_gmt":"2024-10-22T12:20:32","slug":"loro-park","status":"publish","type":"product","link":"https:\/\/aventura-excursions.com\/fr\/produit\/loro-park\/","title":{"rendered":"Loro Park"},"content":{"rendered":"<h3>Description<\/h3>\n<p>\nVisit one of the most famous zoos in the world!<br \/>\nLoro Park is a beautifully decorated theme park where you can have a great time with your family or friends. It offers you a full day of excitement watching animals and discovering Thai architecture and exotic plants. One of the highlights of the visit to Loro park is its shows that have brought it a world-wide fame. Orca show is number one for its popularity. People of all countries come to Tenerife to see it with their own eyes. The other 3 shows can&#8217;t be overpraised neither: sea lions, parrots and dolphins make a great impression on each visitor of their performance.<\/p>\n<p>\nN'oubliez pas de visiter <strong><em>Planet Penguin<\/em><\/strong>, a place with a real iceberg that has become a home for hundreds of penguins. It is considered to be the best representation of penguins&#8217; natural habitat in the world.<\/p>\n<p>\n<strong><em>La Gruta<\/em><\/strong> vous emm\u00e8ne dans le monde secret des chauves-souris. Ces cr\u00e9atures nocturnes vivent dans une grotte reconstitu\u00e9e, enti\u00e8rement insonoris\u00e9e en raison de leur nature sensible.<\/p>\n<p>\nLes plus jeunes visiteurs peuvent \u00e9galement profiter de leur s\u00e9jour \u00e0 <strong><em>Kinderlandia<\/em><\/strong>, un lieu ressemblant \u00e0 un village africain o\u00f9 les enfants peuvent grimper dans des cabanes et des arbres, s'\u00e9quilibrer sur des ponts suspendus et jouer dans la jungle.<\/p>\n<h3><\/h3>\n<h3>Points d'inter\u00eats<\/h3>\n<ul>\n<li>Spectacles animaliers : orques, dauphins, otaries, perroquets<\/li>\n<li>Planet Penguin<\/li>\n<li>Plus de 100 esp\u00e8ces de plantes exotiques<\/li>\n<li>Aquarium avec 12 expositions diff\u00e9rentes et tunnel avec des requins<\/li>\n<li>La plus grande collection de perroquets au monde<\/li>\n<\/ul>\n<h3>D\u00e9tails<\/h3>\n<p>\n<em><strong>Horaires d'ouvertures:<\/strong><\/em> 09h30 \u2013 17h30<\/p>\n<p>\n <em><strong>Emplacement:<\/strong><\/em> Puerto de la Cruz (Nord de Tenerife)<\/p>\n<h3>Transport<\/h3>\n<p>Si vous \u00eates dans le sud de Tenerife, vous pouvez r\u00e9server un transfert qui r\u00e9cup\u00e8re les touristes dans les h\u00f4tels et se rend directement au parc Loro. Il existe deux types de bus : \u00e0 transfert r\u00e9gulier et express.<\/p>\n<p><em><strong>L'express<\/strong> <\/em>L'express s'arr\u00eate \u00e0 : H10 Costa Adeje, The Duke Shop, Bahia Fa\u00f1abe Suits, CC Fa\u00f1abe Plaza, Allsun Hibiscos, Ole Tropical Playa, Best Tenerife, Columbus, Sol Tenerife, Paradise Park. Il r\u00e9cup\u00e8re les passagers uniquement \u00e0 partir de 2 \u00e0 4 arr\u00eats et se dirige vers Puerto de La Cruz. Si vous constatez que votre h\u00f4tel est proche de l\u2019un de ces arr\u00eats de bus, mieux vaut choisir cette option.<\/p>\n<p>Le reste du sud de Tenerife (de Los Gigantes \u00e0 El Medano) est pris en charge par un <em><strong>transfert r\u00e9gulier,<\/strong><\/em> \u00e0 la seule diff\u00e9rence que la r\u00e9cup\u00e9ration de tous les clients peut prendre plus de temps.<\/p>\n<p>Il faut environ 1h30 pour arriver \u00e0 Puerto de La Cruz. L'heure de retour sera pr\u00e9cis\u00e9e dans le bus. Habituellement, il est environ 16h30, vous pouvez donc passer toute la journ\u00e9e au Loro Park et voir tous les spectacles.<\/p>\n<p>Si vous <a href=\"https:\/\/aventura-excursions.com\/fr\/produit\/rent-a-car\/\"><strong>louez une voiture<\/strong><\/a>, vous pouvez vous rendre au parc Loro par vos propres moyens. Il y a un parking payant \u00e0 l'entr\u00e9e du parc. Attention, en haute saison, il est g\u00e9n\u00e9ralement complet vers 10h00.<\/p>\n<h3>Twin ticket: deux parcs avec r\u00e9duction<\/h3>\n<p>Vous souhaitez visiter \u00e0 la fois Loro Park et <a href=\"https:\/\/aventura-excursions.com\/fr\/produit\/siam-park\/\"><strong>Siam Park,<\/strong><\/a> l\u2019un des parcs aquatiques les plus c\u00e9l\u00e8bres au monde ? B\u00e9n\u00e9ficiez d'un billet double \u00e0 prix r\u00e9duit !<br \/>\n<br \/>Voir plus d'informations ici: <a href=\"https:\/\/aventura-excursions.com\/fr\/produit\/twin-ticket\/\"><strong>Twin ticket<\/strong><\/a><\/p>","protected":false},"excerpt":{"rendered":"<p>A visit to this world-wide famous zoo is a captivating experience to discover its lovely animals, entertaining shows and exuberant tropical vegetation. It&#8217;s a must for anyone interested in wildlife and nature.<\/p>\n<p>S\u00e9lectionnez d'abord l'une des options : billet seul ou billet + transfert depuis le sud de Tenerife.<br \/>S\u00e9lectionnez ensuite le nombre d'adultes et d'enfants (3-11 ans).\nL'entr\u00e9e pour les b\u00e9b\u00e9s (0-2 ans) est gratuite.<\/p>","protected":false},"featured_media":429,"template":"","meta":{"_acf_changed":false},"product_brand":[],"product_cat":[20],"product_tag":[],"class_list":{"0":"post-1111","1":"product","2":"type-product","3":"status-publish","4":"has-post-thumbnail","6":"product_cat-parks","8":"first","9":"instock","10":"shipping-taxable","11":"product-type-grouped"},"acf":[],"yoast_head":"<!-- This site is optimized with the Yoast SEO plugin v25.6 - https:\/\/yoast.com\/wordpress\/plugins\/seo\/ -->\n<title>Visit Loro Park in Tenerife - Aventura Excursions - Book Tickets Now for Best Experience!<\/title>\n<meta name=\"description\" content=\"Explore Loro Park: Check reviews, prices, and ratings. Enjoy exciting animal shows, beautiful Thai architecture, and lush tropical vegetation. Book now!\" \/>\n<meta name=\"robots\" content=\"index, follow, max-snippet:-1, max-image-preview:large, max-video-preview:-1\" \/>\n<link rel=\"canonical\" href=\"https:\/\/aventura-excursions.com\/fr\/produit\/loro-park\/\" \/>\n<meta property=\"og:locale\" content=\"fr_FR\" \/>\n<meta property=\"og:type\" content=\"article\" \/>\n<meta property=\"og:title\" content=\"Visit Loro Park in Tenerife - Aventura Excursions - Book Tickets Now for Best Experience!\" \/>\n<meta property=\"og:description\" content=\"Explore Loro Park: Check reviews, prices, and ratings. Enjoy exciting animal shows, beautiful Thai architecture, and lush tropical vegetation. Book now!\" \/>\n<meta property=\"og:url\" content=\"https:\/\/aventura-excursions.com\/fr\/produit\/loro-park\/\" \/>\n<meta property=\"og:site_name\" content=\"Aventura Excursions\" \/>\n<meta property=\"article:modified_time\" content=\"2024-10-22T12:20:32+00:00\" \/>\n<meta property=\"og:image\" content=\"https:\/\/aventura-excursions.com\/wp-content\/uploads\/2023\/08\/poster-cabecera-min1.jpg\" \/>\n\t<meta property=\"og:image:width\" content=\"889\" \/>\n\t<meta property=\"og:image:height\" content=\"500\" \/>\n\t<meta property=\"og:image:type\" content=\"image\/jpeg\" \/>\n<meta name=\"twitter:card\" content=\"summary_large_image\" \/>\n<meta name=\"twitter:label1\" content=\"Dur\u00e9e de lecture estim\u00e9e\" \/>\n\t<meta name=\"twitter:data1\" content=\"3 minutes\" \/>\n<!-- \/ Yoast SEO plugin. -->","yoast_head_json":{"title":"Visit Loro Park in Tenerife - Aventura Excursions - Book Tickets Now for Best Experience!","description":"Explore Loro Park: Check reviews, prices, and ratings. Enjoy exciting animal shows, beautiful Thai architecture, and lush tropical vegetation. Book now!","robots":{"index":"index","follow":"follow","max-snippet":"max-snippet:-1","max-image-preview":"max-image-preview:large","max-video-preview":"max-video-preview:-1"},"canonical":"https:\/\/aventura-excursions.com\/fr\/produit\/loro-park\/","og_locale":"fr_FR","og_type":"article","og_title":"Visit Loro Park in Tenerife - Aventura Excursions - Book Tickets Now for Best Experience!","og_description":"Explore Loro Park: Check reviews, prices, and ratings. Enjoy exciting animal shows, beautiful Thai architecture, and lush tropical vegetation. Book now!","og_url":"https:\/\/aventura-excursions.com\/fr\/produit\/loro-park\/","og_site_name":"Aventura Excursions","article_modified_time":"2024-10-22T12:20:32+00:00","og_image":[{"width":889,"height":500,"url":"https:\/\/aventura-excursions.com\/wp-content\/uploads\/2023\/08\/poster-cabecera-min1.jpg","type":"image\/jpeg"}],"twitter_card":"summary_large_image","twitter_misc":{"Dur\u00e9e de lecture estim\u00e9e":"3 minutes"},"schema":{"@context":"https:\/\/schema.org","@graph":[{"@type":"WebPage","@id":"https:\/\/aventura-excursions.com\/product\/loro-park\/","url":"https:\/\/aventura-excursions.com\/product\/loro-park\/","name":"Visit Loro Park in Tenerife - Aventura Excursions - Book Tickets Now for Best Experience!","isPartOf":{"@id":"https:\/\/aventura-excursions.com\/#website"},"primaryImageOfPage":{"@id":"https:\/\/aventura-excursions.com\/product\/loro-park\/#primaryimage"},"image":{"@id":"https:\/\/aventura-excursions.com\/product\/loro-park\/#primaryimage"},"thumbnailUrl":"https:\/\/aventura-excursions.com\/wp-content\/uploads\/2023\/08\/poster-cabecera-min1.jpg","datePublished":"2024-03-26T22:24:04+00:00","dateModified":"2024-10-22T12:20:32+00:00","description":"Explore Loro Park: Check reviews, prices, and ratings. Enjoy exciting animal shows, beautiful Thai architecture, and lush tropical vegetation. Book now!","breadcrumb":{"@id":"https:\/\/aventura-excursions.com\/product\/loro-park\/#breadcrumb"},"inLanguage":"fr-FR","potentialAction":[{"@type":"ReadAction","target":["https:\/\/aventura-excursions.com\/product\/loro-park\/"]}]},{"@type":"ImageObject","inLanguage":"fr-FR","@id":"https:\/\/aventura-excursions.com\/product\/loro-park\/#primaryimage","url":"https:\/\/aventura-excursions.com\/wp-content\/uploads\/2023\/08\/poster-cabecera-min1.jpg","contentUrl":"https:\/\/aventura-excursions.com\/wp-content\/uploads\/2023\/08\/poster-cabecera-min1.jpg","width":889,"height":500},{"@type":"BreadcrumbList","@id":"https:\/\/aventura-excursions.com\/product\/loro-park\/#breadcrumb","itemListElement":[{"@type":"ListItem","position":1,"name":"Tours","item":"https:\/\/aventura-excursions.com\/tours\/"},{"@type":"ListItem","position":2,"name":"Loro Park"}]},{"@type":"WebSite","@id":"https:\/\/aventura-excursions.com\/#website","url":"https:\/\/aventura-excursions.com\/","name":"Aventura Excursions","description":"Aventura Excursions","potentialAction":[{"@type":"SearchAction","target":{"@type":"EntryPoint","urlTemplate":"https:\/\/aventura-excursions.com\/?s={search_term_string}"},"query-input":{"@type":"PropertyValueSpecification","valueRequired":true,"valueName":"search_term_string"}}],"inLanguage":"fr-FR"}]}},"_links":{"self":[{"href":"https:\/\/aventura-excursions.com\/fr\/wp-json\/wp\/v2\/product\/1111","targetHints":{"allow":["GET"]}}],"collection":[{"href":"https:\/\/aventura-excursions.com\/fr\/wp-json\/wp\/v2\/product"}],"about":[{"href":"https:\/\/aventura-excursions.com\/fr\/wp-json\/wp\/v2\/types\/product"}],"wp:featuredmedia":[{"embeddable":true,"href":"https:\/\/aventura-excursions.com\/fr\/wp-json\/wp\/v2\/media\/429"}],"wp:attachment":[{"href":"https:\/\/aventura-excursions.com\/fr\/wp-json\/wp\/v2\/media?parent=1111"}],"wp:term":[{"taxonomy":"product_brand","embeddable":true,"href":"https:\/\/aventura-excursions.com\/fr\/wp-json\/wp\/v2\/product_brand?post=1111"},{"taxonomy":"product_cat","embeddable":true,"href":"https:\/\/aventura-excursions.com\/fr\/wp-json\/wp\/v2\/product_cat?post=1111"},{"taxonomy":"product_tag","embeddable":true,"href":"https:\/\/aventura-excursions.com\/fr\/wp-json\/wp\/v2\/product_tag?post=1111"}],"curies":[{"name":"wp","href":"https:\/\/api.w.org\/{rel}","templated":true}]}}