{"id":1113,"date":"2024-03-27T01:41:48","date_gmt":"2024-03-26T22:41:48","guid":{"rendered":"https:\/\/aventura-excursions.com\/?post_type=product&#038;p=1113"},"modified":"2025-10-19T00:04:03","modified_gmt":"2025-10-18T21:04:03","slug":"teide-masca","status":"publish","type":"product","link":"https:\/\/aventura-excursions.com\/fr\/produit\/teide-masca\/","title":{"rendered":"Teide Masca"},"content":{"rendered":"<h3>Description<\/h3>\n<p>\nD\u00e9couvrez les vues les plus \u00e9poustouflantes de Tenerife et visitez les villages traditionnels des Canaries.<\/p>\n<p>First, we head to the volcano Teide, the tallest mount in Spain, and enjoy a walk in the Teide National<br \/>\nPark.<\/p>\n<p>\nEnsuite, nous descendons vers la c\u00f4te nord en passant par la vall\u00e9e de La Orotava et visitons Icod de Los Vinos avec son l\u00e9gendaire Dragonnier, vieux d'environ 800 ans.<\/p>\n<p>\nNotre prochain arr\u00eat est \u00e0 Garachico, une petite ville pittoresque sur la c\u00f4te qui \u00e9tait autrefois un port important et la premi\u00e8re capitale de Tenerife. Mais malheureusement, elle fut d\u00e9truite \u00e0 deux reprises par des \u00e9ruptions volcaniques. Ici, vous pourrez vous promener dans le centre historique et admirer des piscines naturelles form\u00e9es de lave s\u00e9ch\u00e9e. <\/p>\n<p>\nEnfin, nous partons pour une exp\u00e9rience magique dans la vall\u00e9e de Masca, qui \u00e9tait autrefois une cachette pour les pirates. Route \u00e0 couper le souffle, petit village miraculeusement construit entre les rochers et la v\u00e9g\u00e9tation abondante laisseront certainement les souvenirs les plus forts de votre s\u00e9jour \u00e0 Tenerife.<\/p>\n<p>\n<\/p>\n<h3><\/h3>\n<h3>Points d'inter\u00eats<\/h3>\n<ul>\n<li>Parc national du Teide<\/li>\n<li>Icod de Los Vinos<\/li>\n<li>Garachico<\/li>\n<li>Vall\u00e9e de Masca<\/li>\n<\/ul>\n<p>\n<\/p>\n<h3>D\u00e9tails<\/h3>\n<p>\n<strong><em>Rendez-vous:<\/em><\/strong> vers 08:00<\/p>\n<p>\n<strong><em>Dur\u00e9e:<\/em><\/strong> 9 heures<\/p>\n<p>\n<strong><em>Inclus:<\/em><\/strong> <\/p>\n<ul>\n<li>pick up in the South from Los Gigantes to Los Cristianos and in the North from Puerto de la Cruz<\/li>\n<li>guide professionnel<\/li>\n<\/ul>\n<p>\n<br \/><strong><em>Non inclus:<\/em><\/strong> d\u00e9jeuner (il y aura un arr\u00eat dans un restaurant traditionnel) <\/p>\n<p>\n<br \/>\n<strong><em>Remarque:<\/em><\/strong> l'horaire affich\u00e9 sur cette page s'applique exclusivement aux visites effectu\u00e9es en anglais et en espagnol.<\/p>\n<p>\nPour les visites dans d'autres langues, ou si vous avez besoin d'une prise en charge \u00e0 partir d'une zone non r\u00e9pertori\u00e9e, veuillez nous contacter par courriel \u00e0 <a href=\"mailto:info@aventura-excursions.com\" target=\"ask__mail\">info@aventura-excursions.com<\/a> ou par t\u00e9l\u00e9phone au <a href=\"tel: 34647676812\" target=\"_blank\">+34 647 67 68 12<\/a>. Notre \u00e9quipe se fera un plaisir de vous aider.<\/p>","protected":false},"excerpt":{"rendered":"<div>\nThe Teide Masca tour reveals breathtaking views of Mount Teide, the volcanic landscape, and the charming village of Masca, nestled amidst dramatic cliffs and known as a great example of traditional Canarian life. It is one of the &#8220;musts&#8221; of Tenerife and a memorable experience for the whole family not to be missed.<\/p>\n<p>\nChoisissez d'abord si vous \u00eates dans le Sud (prise en charge disponible de Los Gigantes \u00e0 Los Cristianos) ou \u00e0 Puerto de la Cruz. S\u00e9lectionnez le nombre d'adultes, d'enfants (2-11 ans) et de b\u00e9b\u00e9s (0-1 an) puis la date de l'excursion.\n<\/div>","protected":false},"featured_media":432,"template":"","meta":{"_acf_changed":false},"product_brand":[],"product_cat":[19],"product_tag":[],"class_list":{"0":"post-1113","1":"product","2":"type-product","3":"status-publish","4":"has-post-thumbnail","6":"product_cat-bus-excursions","8":"first","9":"instock","10":"sale","11":"shipping-taxable","12":"product-type-grouped"},"acf":[],"yoast_head":"<!-- This site is optimized with the Yoast SEO plugin v25.6 - https:\/\/yoast.com\/wordpress\/plugins\/seo\/ -->\n<title>Teide Masca Tours in Tenerife - Aventura Excursions - Book Now for Unforgettable Views!<\/title>\n<meta name=\"description\" content=\"Explore Teide Masca tours in Tenerife. Check reviews, prices, ratings. Discover stunning landscapes, traditional villages, and volcanic scenery with family\" \/>\n<meta name=\"robots\" content=\"index, follow, max-snippet:-1, max-image-preview:large, max-video-preview:-1\" \/>\n<link rel=\"canonical\" href=\"https:\/\/aventura-excursions.com\/fr\/produit\/teide-masca\/\" \/>\n<meta property=\"og:locale\" content=\"fr_FR\" \/>\n<meta property=\"og:type\" content=\"article\" \/>\n<meta property=\"og:title\" content=\"Teide Masca Tours in Tenerife - Aventura Excursions - Book Now for Unforgettable Views!\" \/>\n<meta property=\"og:description\" content=\"Explore Teide Masca tours in Tenerife. Check reviews, prices, ratings. Discover stunning landscapes, traditional villages, and volcanic scenery with family\" \/>\n<meta property=\"og:url\" content=\"https:\/\/aventura-excursions.com\/fr\/produit\/teide-masca\/\" \/>\n<meta property=\"og:site_name\" content=\"Aventura Excursions\" \/>\n<meta property=\"article:modified_time\" content=\"2025-10-18T21:04:03+00:00\" \/>\n<meta property=\"og:image\" content=\"https:\/\/aventura-excursions.com\/wp-content\/uploads\/2024\/02\/el-parque-nacional-del-teide-floracion-del-tajinaste-t.jpg.webp\" \/>\n\t<meta property=\"og:image:width\" content=\"680\" \/>\n\t<meta property=\"og:image:height\" content=\"408\" \/>\n\t<meta property=\"og:image:type\" content=\"image\/webp\" \/>\n<meta name=\"twitter:card\" content=\"summary_large_image\" \/>\n<meta name=\"twitter:label1\" content=\"Dur\u00e9e de lecture estim\u00e9e\" \/>\n\t<meta name=\"twitter:data1\" content=\"2 minutes\" \/>\n<!-- \/ Yoast SEO plugin. -->","yoast_head_json":{"title":"Teide Masca Tours in Tenerife - Aventura Excursions - Book Now for Unforgettable Views!","description":"Explore Teide Masca tours in Tenerife. Check reviews, prices, ratings. Discover stunning landscapes, traditional villages, and volcanic scenery with family","robots":{"index":"index","follow":"follow","max-snippet":"max-snippet:-1","max-image-preview":"max-image-preview:large","max-video-preview":"max-video-preview:-1"},"canonical":"https:\/\/aventura-excursions.com\/fr\/produit\/teide-masca\/","og_locale":"fr_FR","og_type":"article","og_title":"Teide Masca Tours in Tenerife - Aventura Excursions - Book Now for Unforgettable Views!","og_description":"Explore Teide Masca tours in Tenerife. Check reviews, prices, ratings. Discover stunning landscapes, traditional villages, and volcanic scenery with family","og_url":"https:\/\/aventura-excursions.com\/fr\/produit\/teide-masca\/","og_site_name":"Aventura Excursions","article_modified_time":"2025-10-18T21:04:03+00:00","og_image":[{"width":680,"height":408,"url":"https:\/\/aventura-excursions.com\/wp-content\/uploads\/2024\/02\/el-parque-nacional-del-teide-floracion-del-tajinaste-t.jpg.webp","type":"image\/webp"}],"twitter_card":"summary_large_image","twitter_misc":{"Dur\u00e9e de lecture estim\u00e9e":"2 minutes"},"schema":{"@context":"https:\/\/schema.org","@graph":[{"@type":"WebPage","@id":"https:\/\/aventura-excursions.com\/product\/teide-masca\/","url":"https:\/\/aventura-excursions.com\/product\/teide-masca\/","name":"Teide Masca Tours in Tenerife - Aventura Excursions - Book Now for Unforgettable Views!","isPartOf":{"@id":"https:\/\/aventura-excursions.com\/#website"},"primaryImageOfPage":{"@id":"https:\/\/aventura-excursions.com\/product\/teide-masca\/#primaryimage"},"image":{"@id":"https:\/\/aventura-excursions.com\/product\/teide-masca\/#primaryimage"},"thumbnailUrl":"https:\/\/aventura-excursions.com\/wp-content\/uploads\/2024\/02\/el-parque-nacional-del-teide-floracion-del-tajinaste-t.jpg.webp","datePublished":"2024-03-26T22:41:48+00:00","dateModified":"2025-10-18T21:04:03+00:00","description":"Explore Teide Masca tours in Tenerife. Check reviews, prices, ratings. Discover stunning landscapes, traditional villages, and volcanic scenery with family","breadcrumb":{"@id":"https:\/\/aventura-excursions.com\/product\/teide-masca\/#breadcrumb"},"inLanguage":"fr-FR","potentialAction":[{"@type":"ReadAction","target":["https:\/\/aventura-excursions.com\/product\/teide-masca\/"]}]},{"@type":"ImageObject","inLanguage":"fr-FR","@id":"https:\/\/aventura-excursions.com\/product\/teide-masca\/#primaryimage","url":"https:\/\/aventura-excursions.com\/wp-content\/uploads\/2024\/02\/el-parque-nacional-del-teide-floracion-del-tajinaste-t.jpg.webp","contentUrl":"https:\/\/aventura-excursions.com\/wp-content\/uploads\/2024\/02\/el-parque-nacional-del-teide-floracion-del-tajinaste-t.jpg.webp","width":680,"height":408},{"@type":"BreadcrumbList","@id":"https:\/\/aventura-excursions.com\/product\/teide-masca\/#breadcrumb","itemListElement":[{"@type":"ListItem","position":1,"name":"Tours","item":"https:\/\/aventura-excursions.com\/tours\/"},{"@type":"ListItem","position":2,"name":"Teide Masca"}]},{"@type":"WebSite","@id":"https:\/\/aventura-excursions.com\/#website","url":"https:\/\/aventura-excursions.com\/","name":"Aventura Excursions","description":"Aventura Excursions","potentialAction":[{"@type":"SearchAction","target":{"@type":"EntryPoint","urlTemplate":"https:\/\/aventura-excursions.com\/?s={search_term_string}"},"query-input":{"@type":"PropertyValueSpecification","valueRequired":true,"valueName":"search_term_string"}}],"inLanguage":"fr-FR"}]}},"_links":{"self":[{"href":"https:\/\/aventura-excursions.com\/fr\/wp-json\/wp\/v2\/product\/1113","targetHints":{"allow":["GET"]}}],"collection":[{"href":"https:\/\/aventura-excursions.com\/fr\/wp-json\/wp\/v2\/product"}],"about":[{"href":"https:\/\/aventura-excursions.com\/fr\/wp-json\/wp\/v2\/types\/product"}],"wp:featuredmedia":[{"embeddable":true,"href":"https:\/\/aventura-excursions.com\/fr\/wp-json\/wp\/v2\/media\/432"}],"wp:attachment":[{"href":"https:\/\/aventura-excursions.com\/fr\/wp-json\/wp\/v2\/media?parent=1113"}],"wp:term":[{"taxonomy":"product_brand","embeddable":true,"href":"https:\/\/aventura-excursions.com\/fr\/wp-json\/wp\/v2\/product_brand?post=1113"},{"taxonomy":"product_cat","embeddable":true,"href":"https:\/\/aventura-excursions.com\/fr\/wp-json\/wp\/v2\/product_cat?post=1113"},{"taxonomy":"product_tag","embeddable":true,"href":"https:\/\/aventura-excursions.com\/fr\/wp-json\/wp\/v2\/product_tag?post=1113"}],"curies":[{"name":"wp","href":"https:\/\/api.w.org\/{rel}","templated":true}]}}