{"id":1153,"date":"2024-03-30T23:16:04","date_gmt":"2024-03-30T20:16:04","guid":{"rendered":"https:\/\/aventura-excursions.com\/?post_type=product&#038;p=1153"},"modified":"2024-05-28T18:56:09","modified_gmt":"2024-05-28T15:56:09","slug":"kayaking-snorkeling","status":"publish","type":"product","link":"https:\/\/aventura-excursions.com\/fr\/produit\/kayaking-snorkeling\/","title":{"rendered":"Kayaking &#038; Snorkeling"},"content":{"rendered":"<h3>Description<\/h3>\n<p>\nD\u00e9couvrez les sensations du kayak \u00e0 Tenerife, o\u00f9 des eaux cristallines, des c\u00f4tes volcaniques spectaculaires et une vie marine \u00e0 couper le souffle vous attendent ! La visite part de la plage de Rays Bay \u00e0 Los Cristianos et se dirige vers les majestueuses falaises de Palm Mar. Nous nous y arr\u00eaterons pendant une demi-heure pour faire du snorkeling dans l'endroit o\u00f9 vivent les magnifiques tortues canariennes. Nous aurons une excellente occasion d\u2019observer le monde sous-marin et de rencontrer une vari\u00e9t\u00e9 de vie marine. Si nous avons de la chance, nous rencontrerons \u00e9galement des dauphins sur le chemin du retour vers Los Cristianos.<\/p>\n<p>Le kayak est une bonne fa\u00e7on de passer une journ\u00e9e en famille, \u00e0 d\u00e9couvrir le plaisir de ce merveilleux sport et la beaut\u00e9 de Tenerife. C'est \u00e9galement une exp\u00e9rience utile pour les enfants qui d\u00e9couvrent la vie marine et l'oc\u00e9an.<\/p>\n<p>\n<\/p>\n<h3>Points d'inter\u00eats<\/h3>\n<ul>\n<li>Tortues et dauphins<\/li>\n<li>Vues spectaculaires sur l'oc\u00e9an<\/li>\n<li>Un \u00e9quipage expert<\/li>\n<li>Snorkeling guid\u00e9 par un instructeur exp\u00e9riment\u00e9<\/li>\n<\/ul>\n<p>\n<\/p>\n<h3>D\u00e9tails<\/h3>\n<p>\nDeux types de circuits : kayak uniquement (sans snorkeling) et kayak + snorkeling<br \/>\nPoint de d\u00e9part : Los Cristianos<br \/>\nHeure de d\u00e9part : 10h00, 12h30, 14h00<br \/>\nDur\u00e9e : 2 heures dans l'eau \/ 3 heures au total<br \/>\nCapacit\u00e9 maximale d'un kayak : 2 adultes et 2 enfants<br \/>\nCombinaison n\u00e9opr\u00e8ne, bottes, gilet de sauvetage, kit de snorkeling inclus<br \/>\nNourriture non incluse<\/p>\n<p>\n<\/p>\n<h3>Rendez-vous<\/h3>\n<p>\nPrise en charge dans le sud de Tenerife : 2 euros par personne<br \/>\n<br \/>A l'ouest de Tenerife 15 euros par voiture (aller-retour, jusqu'\u00e0 8 personnes) : Puerto Santiago, Playa la Arena, Alcal\u00e1 et Playa San Juan.<\/p>\n<p>\n<\/p>\n<h3>Forfait \u00e0 prix r\u00e9duit\u00a0: Pour les Familles avec Enfants <\/h3>\n<p>\nBook a kayak tour together with a boat trip and Twin ticket to Loro and Siam parks and get a special discount for the package. It&#8217;s a perfect combination to spend your vacations in Tenerife with your family. Read more information here: <a href=\"https:\/\/aventura-excursions.com\/fr\/produit\/for-families-with-kids\/\"><strong><em>Pour les familles avec enfants<\/em><\/strong><\/a><\/p>","protected":false},"excerpt":{"rendered":"<div>\nJoin us for an unforgettable kayak tour along the island&#8217;s breathtaking coastline, where you might even spot dolphins and sea turtles.<\/p>\n<p>Choisissez une balade en kayak avec ou sans snorkeling, le nombre d'adultes et d'enfants (6-10 ans) et la date. Merci de choisir le transport si vous devez \u00eatre r\u00e9cup\u00e9r\u00e9.\n<\/div>","protected":false},"featured_media":1156,"template":"","meta":{"_acf_changed":false},"product_brand":[],"product_cat":[21],"product_tag":[124,128,127,130,122,125,129,123,126],"class_list":{"0":"post-1153","1":"product","2":"type-product","3":"status-publish","4":"has-post-thumbnail","6":"product_cat-activities","7":"product_tag-canoe-tenerife","8":"product_tag-kayak-excursion-tenerife","9":"product_tag-kayak-palmmar","10":"product_tag-kayak-school-los-cristianos","11":"product_tag-kayak-tenerife","12":"product_tag-kayak-tours-los-cristianos","13":"product_tag-kayak-with-kids-tenerife","14":"product_tag-kayaking-tenerife","15":"product_tag-snorkeling-with-turtles","17":"first","18":"instock","19":"sale","20":"shipping-taxable","21":"product-type-grouped"},"acf":[],"yoast_head":"<!-- This site is optimized with the Yoast SEO plugin v25.6 - https:\/\/yoast.com\/wordpress\/plugins\/seo\/ -->\n<title>Kayaking &amp; Snorkeling in Tenerife - Aventura Excursions | Book Your Adventure Today!<\/title>\n<meta name=\"description\" content=\"Join our Kayaking &amp; Snorkeling tour in Tenerife! Check reviews, prices, and ratings. Spot dolphins and turtles. Book now for an unforgettable experience!\" \/>\n<meta name=\"robots\" content=\"index, follow, max-snippet:-1, max-image-preview:large, max-video-preview:-1\" \/>\n<link rel=\"canonical\" href=\"https:\/\/aventura-excursions.com\/fr\/produit\/kayaking-snorkeling\/\" \/>\n<meta property=\"og:locale\" content=\"fr_FR\" \/>\n<meta property=\"og:type\" content=\"article\" \/>\n<meta property=\"og:title\" content=\"Kayaking &amp; Snorkeling in Tenerife - Aventura Excursions | Book Your Adventure Today!\" \/>\n<meta property=\"og:description\" content=\"Join our Kayaking &amp; Snorkeling tour in Tenerife! Check reviews, prices, and ratings. Spot dolphins and turtles. Book now for an unforgettable experience!\" \/>\n<meta property=\"og:url\" content=\"https:\/\/aventura-excursions.com\/fr\/produit\/kayaking-snorkeling\/\" \/>\n<meta property=\"og:site_name\" content=\"Aventura Excursions\" \/>\n<meta property=\"article:modified_time\" content=\"2024-05-28T15:56:09+00:00\" \/>\n<meta property=\"og:image\" content=\"https:\/\/aventura-excursions.com\/wp-content\/uploads\/2024\/03\/1T0A0418.jpg\" \/>\n\t<meta property=\"og:image:width\" content=\"960\" \/>\n\t<meta property=\"og:image:height\" content=\"640\" \/>\n\t<meta property=\"og:image:type\" content=\"image\/jpeg\" \/>\n<meta name=\"twitter:card\" content=\"summary_large_image\" \/>\n<meta name=\"twitter:label1\" content=\"Dur\u00e9e de lecture estim\u00e9e\" \/>\n\t<meta name=\"twitter:data1\" content=\"2 minutes\" \/>\n<!-- \/ Yoast SEO plugin. -->","yoast_head_json":{"title":"Kayaking & Snorkeling in Tenerife - Aventura Excursions | Book Your Adventure Today!","description":"Join our Kayaking & Snorkeling tour in Tenerife! Check reviews, prices, and ratings. Spot dolphins and turtles. Book now for an unforgettable experience!","robots":{"index":"index","follow":"follow","max-snippet":"max-snippet:-1","max-image-preview":"max-image-preview:large","max-video-preview":"max-video-preview:-1"},"canonical":"https:\/\/aventura-excursions.com\/fr\/produit\/kayaking-snorkeling\/","og_locale":"fr_FR","og_type":"article","og_title":"Kayaking & Snorkeling in Tenerife - Aventura Excursions | Book Your Adventure Today!","og_description":"Join our Kayaking & Snorkeling tour in Tenerife! Check reviews, prices, and ratings. Spot dolphins and turtles. Book now for an unforgettable experience!","og_url":"https:\/\/aventura-excursions.com\/fr\/produit\/kayaking-snorkeling\/","og_site_name":"Aventura Excursions","article_modified_time":"2024-05-28T15:56:09+00:00","og_image":[{"width":960,"height":640,"url":"https:\/\/aventura-excursions.com\/wp-content\/uploads\/2024\/03\/1T0A0418.jpg","type":"image\/jpeg"}],"twitter_card":"summary_large_image","twitter_misc":{"Dur\u00e9e de lecture estim\u00e9e":"2 minutes"},"schema":{"@context":"https:\/\/schema.org","@graph":[{"@type":"WebPage","@id":"https:\/\/aventura-excursions.com\/product\/kayaking-snorkeling\/","url":"https:\/\/aventura-excursions.com\/product\/kayaking-snorkeling\/","name":"Kayaking & Snorkeling in Tenerife - Aventura Excursions | Book Your Adventure Today!","isPartOf":{"@id":"https:\/\/aventura-excursions.com\/#website"},"primaryImageOfPage":{"@id":"https:\/\/aventura-excursions.com\/product\/kayaking-snorkeling\/#primaryimage"},"image":{"@id":"https:\/\/aventura-excursions.com\/product\/kayaking-snorkeling\/#primaryimage"},"thumbnailUrl":"https:\/\/aventura-excursions.com\/wp-content\/uploads\/2024\/03\/1T0A0418.jpg","datePublished":"2024-03-30T20:16:04+00:00","dateModified":"2024-05-28T15:56:09+00:00","description":"Join our Kayaking & Snorkeling tour in Tenerife! Check reviews, prices, and ratings. Spot dolphins and turtles. Book now for an unforgettable experience!","breadcrumb":{"@id":"https:\/\/aventura-excursions.com\/product\/kayaking-snorkeling\/#breadcrumb"},"inLanguage":"fr-FR","potentialAction":[{"@type":"ReadAction","target":["https:\/\/aventura-excursions.com\/product\/kayaking-snorkeling\/"]}]},{"@type":"ImageObject","inLanguage":"fr-FR","@id":"https:\/\/aventura-excursions.com\/product\/kayaking-snorkeling\/#primaryimage","url":"https:\/\/aventura-excursions.com\/wp-content\/uploads\/2024\/03\/1T0A0418.jpg","contentUrl":"https:\/\/aventura-excursions.com\/wp-content\/uploads\/2024\/03\/1T0A0418.jpg","width":960,"height":640},{"@type":"BreadcrumbList","@id":"https:\/\/aventura-excursions.com\/product\/kayaking-snorkeling\/#breadcrumb","itemListElement":[{"@type":"ListItem","position":1,"name":"Tours","item":"https:\/\/aventura-excursions.com\/tours\/"},{"@type":"ListItem","position":2,"name":"Kayaking &#038; Snorkeling"}]},{"@type":"WebSite","@id":"https:\/\/aventura-excursions.com\/#website","url":"https:\/\/aventura-excursions.com\/","name":"Aventura Excursions","description":"Aventura Excursions","potentialAction":[{"@type":"SearchAction","target":{"@type":"EntryPoint","urlTemplate":"https:\/\/aventura-excursions.com\/?s={search_term_string}"},"query-input":{"@type":"PropertyValueSpecification","valueRequired":true,"valueName":"search_term_string"}}],"inLanguage":"fr-FR"}]}},"_links":{"self":[{"href":"https:\/\/aventura-excursions.com\/fr\/wp-json\/wp\/v2\/product\/1153","targetHints":{"allow":["GET"]}}],"collection":[{"href":"https:\/\/aventura-excursions.com\/fr\/wp-json\/wp\/v2\/product"}],"about":[{"href":"https:\/\/aventura-excursions.com\/fr\/wp-json\/wp\/v2\/types\/product"}],"wp:featuredmedia":[{"embeddable":true,"href":"https:\/\/aventura-excursions.com\/fr\/wp-json\/wp\/v2\/media\/1156"}],"wp:attachment":[{"href":"https:\/\/aventura-excursions.com\/fr\/wp-json\/wp\/v2\/media?parent=1153"}],"wp:term":[{"taxonomy":"product_brand","embeddable":true,"href":"https:\/\/aventura-excursions.com\/fr\/wp-json\/wp\/v2\/product_brand?post=1153"},{"taxonomy":"product_cat","embeddable":true,"href":"https:\/\/aventura-excursions.com\/fr\/wp-json\/wp\/v2\/product_cat?post=1153"},{"taxonomy":"product_tag","embeddable":true,"href":"https:\/\/aventura-excursions.com\/fr\/wp-json\/wp\/v2\/product_tag?post=1153"}],"curies":[{"name":"wp","href":"https:\/\/api.w.org\/{rel}","templated":true}]}}