{"id":1166,"date":"2024-03-31T02:04:40","date_gmt":"2024-03-30T23:04:40","guid":{"rendered":"https:\/\/aventura-excursions.com\/?post_type=product&#038;p=1166"},"modified":"2024-05-29T16:52:10","modified_gmt":"2024-05-29T13:52:10","slug":"stand-up-paddle","status":"publish","type":"product","link":"https:\/\/aventura-excursions.com\/fr\/produit\/stand-up-paddle\/","title":{"rendered":"Stand Up Paddle"},"content":{"rendered":"<h3>Description<\/h3>\n<p>\nBienvenue dans une nouvelle \u00e8re de sports nautiques avec le STANDUP PADDLE ! Nous vous proposons une aventure unique sur la c\u00f4te de Los Cristianos. Ce sport passionnant a conquis le c\u0153ur des gens du monde entier et vous avez d\u00e9sormais l'opportunit\u00e9 de nous rejoindre dans ce voyage passionnant. Le paddleboard peut se faire debout, \u00e0 genoux ou assis. Pendant le voyage en paddleboard, nous observons le magnifique littoral de Tenerife.<\/p>\n<p>\nUn cours de SUP dure 2 heures : une heure avec un moniteur qui vous apprend les techniques de pagayage, et une heure de temps libre pendant laquelle vous pratiquez vos nouvelles comp\u00e9tences tout en profitant des belles vues. Une r\u00e9duction sp\u00e9ciale est offerte aux couples. Les surfeurs avanc\u00e9s ou les invit\u00e9s ayant suivi notre formation peuvent louer une planche.<\/p>\n<p>\n<\/p>\n<h3>Points d'inter\u00eats<\/h3>\n<ul>\n<li>Pour tous les niveaux<\/li>\n<li>L'un des meilleurs spots pour le SUP<\/li>\n<li>Vues spectaculaires sur l'oc\u00e9an<\/li>\n<\/ul>\n<p>\n<\/p>\n<h3>D\u00e9tails<\/h3>\n<p>\nPoint de d\u00e9part : Los Cristianos<br \/>\nHeure de d\u00e9part : 10h00, 12h30, 15h00<br \/>\nDur\u00e9e : 2 heures<br \/>\nOptions : cours pour d\u00e9butants et location de la planche pour les paddlers confirm\u00e9s<\/p>\n<p>\n<\/p>\n<h3>Transport<\/h3>\n<p>\nLa prise en charge dans le sud de Tenerife co\u00fbte 2 euros par personne : de Callao Salvaje \u00e0 el M\u00e9dano.<br \/>\nPrise en charge \u00e0 Puerto Santiago, Playa la Arena : 15 euros pour la voiture (max 8 personnes). <\/p>","protected":false},"excerpt":{"rendered":"<div>\nCette aventure passionnante au large de Los Cristianos a conquis le c\u0153ur de nombreux invit\u00e9s de l'\u00eele. Et maintenant, vous avez la possibilit\u00e9 de participer \u00e0 un cours de SUP avec nous. Pas d'exp\u00e9rience? Aucun probl\u00e8me! Nos instructeurs experts fournissent des conseils faciles \u00e0 suivre, garantissant que vous vous sentez en confiance et \u00e0 l'aise sur l'eau.<\/p>\n<p>\n<br \/>\nSi vous n'avez pas\/peu d'exp\u00e9rience, veuillez choisir un cours pour 1 ou 2 personnes.<br \/>\nSi vous \u00eates avanc\u00e9 en SUP et que vous vous sentez en confiance dans l'oc\u00e9an, vous pouvez choisir la location de la planche pendant 2 heures.\n<\/div>","protected":false},"featured_media":1171,"template":"","meta":{"_acf_changed":false},"product_brand":[],"product_cat":[21],"product_tag":[],"class_list":{"0":"post-1166","1":"product","2":"type-product","3":"status-publish","4":"has-post-thumbnail","6":"product_cat-activities","8":"first","9":"instock","10":"sale","11":"shipping-taxable","12":"product-type-grouped"},"acf":[],"yoast_head":"<!-- This site is optimized with the Yoast SEO plugin v25.6 - https:\/\/yoast.com\/wordpress\/plugins\/seo\/ -->\n<title>Stand Up Paddle in Tenerife - Aventura Excursions Book Your SUP Adventure Today!<\/title>\n<meta name=\"description\" content=\"Join our Stand Up Paddle tours in Tenerife. Check reviews, prices, and ratings for the best SUP lessons and rentals. Perfect for all skill levels.\" \/>\n<meta name=\"robots\" content=\"index, follow, max-snippet:-1, max-image-preview:large, max-video-preview:-1\" \/>\n<link rel=\"canonical\" href=\"https:\/\/aventura-excursions.com\/fr\/produit\/stand-up-paddle\/\" \/>\n<meta property=\"og:locale\" content=\"fr_FR\" \/>\n<meta property=\"og:type\" content=\"article\" \/>\n<meta property=\"og:title\" content=\"Stand Up Paddle in Tenerife - Aventura Excursions Book Your SUP Adventure Today!\" \/>\n<meta property=\"og:description\" content=\"Join our Stand Up Paddle tours in Tenerife. Check reviews, prices, and ratings for the best SUP lessons and rentals. Perfect for all skill levels.\" \/>\n<meta property=\"og:url\" content=\"https:\/\/aventura-excursions.com\/fr\/produit\/stand-up-paddle\/\" \/>\n<meta property=\"og:site_name\" content=\"Aventura Excursions\" \/>\n<meta property=\"article:modified_time\" content=\"2024-05-29T13:52:10+00:00\" \/>\n<meta property=\"og:image\" content=\"https:\/\/aventura-excursions.com\/wp-content\/uploads\/2024\/03\/IMG_221577.jpg\" \/>\n\t<meta property=\"og:image:width\" content=\"930\" \/>\n\t<meta property=\"og:image:height\" content=\"692\" \/>\n\t<meta property=\"og:image:type\" content=\"image\/jpeg\" \/>\n<meta name=\"twitter:card\" content=\"summary_large_image\" \/>\n<meta name=\"twitter:label1\" content=\"Dur\u00e9e de lecture estim\u00e9e\" \/>\n\t<meta name=\"twitter:data1\" content=\"2 minutes\" \/>\n<!-- \/ Yoast SEO plugin. -->","yoast_head_json":{"title":"Stand Up Paddle in Tenerife - Aventura Excursions Book Your SUP Adventure Today!","description":"Join our Stand Up Paddle tours in Tenerife. Check reviews, prices, and ratings for the best SUP lessons and rentals. Perfect for all skill levels.","robots":{"index":"index","follow":"follow","max-snippet":"max-snippet:-1","max-image-preview":"max-image-preview:large","max-video-preview":"max-video-preview:-1"},"canonical":"https:\/\/aventura-excursions.com\/fr\/produit\/stand-up-paddle\/","og_locale":"fr_FR","og_type":"article","og_title":"Stand Up Paddle in Tenerife - Aventura Excursions Book Your SUP Adventure Today!","og_description":"Join our Stand Up Paddle tours in Tenerife. Check reviews, prices, and ratings for the best SUP lessons and rentals. Perfect for all skill levels.","og_url":"https:\/\/aventura-excursions.com\/fr\/produit\/stand-up-paddle\/","og_site_name":"Aventura Excursions","article_modified_time":"2024-05-29T13:52:10+00:00","og_image":[{"width":930,"height":692,"url":"https:\/\/aventura-excursions.com\/wp-content\/uploads\/2024\/03\/IMG_221577.jpg","type":"image\/jpeg"}],"twitter_card":"summary_large_image","twitter_misc":{"Dur\u00e9e de lecture estim\u00e9e":"2 minutes"},"schema":{"@context":"https:\/\/schema.org","@graph":[{"@type":"WebPage","@id":"https:\/\/aventura-excursions.com\/product\/stand-up-paddle\/","url":"https:\/\/aventura-excursions.com\/product\/stand-up-paddle\/","name":"Stand Up Paddle in Tenerife - Aventura Excursions Book Your SUP Adventure Today!","isPartOf":{"@id":"https:\/\/aventura-excursions.com\/#website"},"primaryImageOfPage":{"@id":"https:\/\/aventura-excursions.com\/product\/stand-up-paddle\/#primaryimage"},"image":{"@id":"https:\/\/aventura-excursions.com\/product\/stand-up-paddle\/#primaryimage"},"thumbnailUrl":"https:\/\/aventura-excursions.com\/wp-content\/uploads\/2024\/03\/IMG_221577.jpg","datePublished":"2024-03-30T23:04:40+00:00","dateModified":"2024-05-29T13:52:10+00:00","description":"Join our Stand Up Paddle tours in Tenerife. Check reviews, prices, and ratings for the best SUP lessons and rentals. Perfect for all skill levels.","breadcrumb":{"@id":"https:\/\/aventura-excursions.com\/product\/stand-up-paddle\/#breadcrumb"},"inLanguage":"fr-FR","potentialAction":[{"@type":"ReadAction","target":["https:\/\/aventura-excursions.com\/product\/stand-up-paddle\/"]}]},{"@type":"ImageObject","inLanguage":"fr-FR","@id":"https:\/\/aventura-excursions.com\/product\/stand-up-paddle\/#primaryimage","url":"https:\/\/aventura-excursions.com\/wp-content\/uploads\/2024\/03\/IMG_221577.jpg","contentUrl":"https:\/\/aventura-excursions.com\/wp-content\/uploads\/2024\/03\/IMG_221577.jpg","width":930,"height":692},{"@type":"BreadcrumbList","@id":"https:\/\/aventura-excursions.com\/product\/stand-up-paddle\/#breadcrumb","itemListElement":[{"@type":"ListItem","position":1,"name":"Tours","item":"https:\/\/aventura-excursions.com\/tours\/"},{"@type":"ListItem","position":2,"name":"Stand Up Paddle"}]},{"@type":"WebSite","@id":"https:\/\/aventura-excursions.com\/#website","url":"https:\/\/aventura-excursions.com\/","name":"Aventura Excursions","description":"Aventura Excursions","potentialAction":[{"@type":"SearchAction","target":{"@type":"EntryPoint","urlTemplate":"https:\/\/aventura-excursions.com\/?s={search_term_string}"},"query-input":{"@type":"PropertyValueSpecification","valueRequired":true,"valueName":"search_term_string"}}],"inLanguage":"fr-FR"}]}},"_links":{"self":[{"href":"https:\/\/aventura-excursions.com\/fr\/wp-json\/wp\/v2\/product\/1166","targetHints":{"allow":["GET"]}}],"collection":[{"href":"https:\/\/aventura-excursions.com\/fr\/wp-json\/wp\/v2\/product"}],"about":[{"href":"https:\/\/aventura-excursions.com\/fr\/wp-json\/wp\/v2\/types\/product"}],"wp:featuredmedia":[{"embeddable":true,"href":"https:\/\/aventura-excursions.com\/fr\/wp-json\/wp\/v2\/media\/1171"}],"wp:attachment":[{"href":"https:\/\/aventura-excursions.com\/fr\/wp-json\/wp\/v2\/media?parent=1166"}],"wp:term":[{"taxonomy":"product_brand","embeddable":true,"href":"https:\/\/aventura-excursions.com\/fr\/wp-json\/wp\/v2\/product_brand?post=1166"},{"taxonomy":"product_cat","embeddable":true,"href":"https:\/\/aventura-excursions.com\/fr\/wp-json\/wp\/v2\/product_cat?post=1166"},{"taxonomy":"product_tag","embeddable":true,"href":"https:\/\/aventura-excursions.com\/fr\/wp-json\/wp\/v2\/product_tag?post=1166"}],"curies":[{"name":"wp","href":"https:\/\/api.w.org\/{rel}","templated":true}]}}