{"id":1210,"date":"2024-04-01T17:01:05","date_gmt":"2024-04-01T14:01:05","guid":{"rendered":"https:\/\/aventura-excursions.com\/?post_type=product&#038;p=1210"},"modified":"2024-07-24T16:30:11","modified_gmt":"2024-07-24T13:30:11","slug":"diving-courses","status":"publish","type":"product","link":"https:\/\/aventura-excursions.com\/fr\/produit\/diving-courses\/","title":{"rendered":"Cours de plong\u00e9e"},"content":{"rendered":"<div>\n<p><h3>Description<\/h3>\n<p>\nNotre \u00e9cole de plong\u00e9e travaille avec les f\u00e9d\u00e9rations de plong\u00e9e les plus grandes et les plus connues SSI et PADI. En suivant un cours avec nous, vous recevrez un certificat qui sera facilement reconnu dans n'importe quel centre de plong\u00e9e du monde, o\u00f9 que vous choisissiez de plonger. Un cours de plong\u00e9e est une aventure passionnante qui vous aidera \u00e0 ouvrir la porte \u00e0 un autre monde.<\/p>\n<p><\/p>\n<h3>Points d'inter\u00eats<\/h3>\n<ul>\n<li>Cours et sp\u00e9cialit\u00e9s jusqu'au Divemaster<\/li>\n<li>Instructeurs professionnels<\/li>\n<li>Elearning et formation pratique<\/li>\n<li>\u00c9quipement moderne et bien entretenu<\/li>\n<\/ul>\n<p><\/p>\n<h3>D\u00e9tails<\/h3>\n<p>\nLieu : Los Cristianos \/ Puerto Col\u00f3n<br \/>\nHeure de d\u00e9part : 09h00<br \/>\n\u00c9quipement, assurance, certification inclus<br \/>\nCours SSI et PADI<\/p>\n<p>\nLa prise en charge dans le sud de Tenerife co\u00fbte 2 euros par personne : de Callao Salvaje \u00e0 el M\u00e9dano.<br \/>\nPrise en charge \u00e0 Puerto Santiago, Playa la Arena : 15 euros pour la voiture (max 8 personnes).<\/p>\n<p><\/p>\n<h3>Open Water Diver<\/h3>\n<p>\nCe cours est la premi\u00e8re \u00e9tape et le cours de plong\u00e9e le plus connu au monde. Le certificat OWD vous permet de plonger avec un partenaire jusqu'\u00e0 18 m\u00e8tres de profondeur partout dans le monde. Le cours se d\u00e9roule sur 2 jours et se compose de 3 parties :<\/p>\n<p>\n&#8211; Theory (elearning): you will learn the equipment, safety basics and basic rules on how to move underwater. You can comfortably complete this part at home a few days before the course starts, from your computer.<\/p>\n<p>\n&#8211; Underwater and surface exercises: these exercises will help you to feel confident underwater and to cope with the different types of problems that can occur during a dive.<\/p>\n<p>\n&#8211; Once we have finished the exercises, we will make 4 dives, during which we will continue to practice everything we have learned before.<\/p>\n<p class=\" translation-block\"><strong>Dur\u00e9e:<\/strong> 2-3 jours<br>\n<strong>Exigences:<\/strong> aucune<br>\n<strong>\u00c2ge minimum:<\/strong> 10 ans<\/p>\n<p><\/p>\n<h3>Scuba Diver<\/h3>\n<p>\nIf you don&#8217;t have enough time to complete the full Open Water course, you can opt for the PADI\/SSI Scuba Diver course, which is a shortened version of the OWD course and only takes 1 day. You can then upgrade your license to Open Water Diver at any PADI dive center in the world. The Scuba Diver license allows you to dive to depths of up to 12 meters.<\/p>\n<p>\n<strong>Dur\u00e9e:<\/strong> 1-2 jours<br \/>\n<strong>Exigences:<\/strong> aucune<br \/>\n<strong>\u00c2ge minimum:<\/strong> 10 ans<\/p>\n<p><\/p>\n<h3>Advanced Open Water Diver<\/h3>\n<p>\nIl s'agit d'un cours avanc\u00e9 destin\u00e9 \u00e0 ceux qui poss\u00e8dent d\u00e9j\u00e0 un OWD ou un certificat \u00e9quivalent. Pendant le cours, 5 plong\u00e9es sont effectu\u00e9es, au cours desquelles nous pratiquons diverses comp\u00e9tences. \u00c0 la fin du cours AOWD, un plongeur est autoris\u00e9 \u00e0 plonger jusqu'\u00e0 30 m\u00e8tres. Vous pouvez combiner ce cours avec d'autres plong\u00e9es programm\u00e9es, pour am\u00e9liorer vos comp\u00e9tences. Vous pouvez vous inscrire au cours d\u00e8s que vous avez termin\u00e9 le cours OWD.<\/p>\n<p>\n<strong>Dur\u00e9e:<\/strong> 2-3 jours<br \/>\n<strong>Exigences:<\/strong> Certificat OWD<br \/>\n<strong>\u00c2ge minimum:<\/strong> 10 ans<\/p>\n<p><\/p>\n<h3>Night Diver<\/h3>\n<p>\nLa nuit, les plongeurs peuvent voir ce qui est cach\u00e9 \u00e0 leurs yeux \u00e0 la lumi\u00e8re du jour. Lors des plong\u00e9es de nuit, nous observons le comportement des animaux, qui change \u00e0 mesure que la nuit tombe. Dans le cours Night Diver, nous vous apprendrons \u00e0 plonger en toute s\u00e9curit\u00e9 et confortablement dans des conditions de visibilit\u00e9 limit\u00e9e. Le cours comprend une s\u00e9ance th\u00e9orique et 3 plong\u00e9es de nuit dans l'oc\u00e9an.<\/p>\n<p>\n<strong>Dur\u00e9e:<\/strong> 3 jours<br \/>\n<strong>Exigences:<\/strong> Certificat OWD<br \/>\n<strong>\u00c2ge minimum:<\/strong> 18 ans<\/p>\n<p><\/p>\n<h3>Wreck Diver<\/h3>\n<p>\nLa plong\u00e9e sur \u00e9pave est devenue une passion pour de nombreux plongeurs \u00e0 travers le monde. Sous l'eau, nous pouvons explorer des navires, des avions, des chars, des voitures et des excavatrices. Dans ce cours, vous apprendrez \u00e0 plonger et \u00e0 p\u00e9n\u00e9trer en toute s\u00e9curit\u00e9 dans des \u00e9paves. La formation comprend de la th\u00e9orie et 4 plong\u00e9es \u00e0 proximit\u00e9 de l'\u00e9pave.<\/p>\n<p>\n<strong>Dur\u00e9e:<\/strong> 2 jours<br \/>\n<strong>Exigences:<\/strong> Certificat OWD<br \/>\n<strong>\u00c2ge minimum:<\/strong> 15 ans<\/p>\n<p><\/p>\n<h3>Deep Diver<\/h3>\n<p>\nDeep Diver est une sp\u00e9cialit\u00e9 des plongeurs AOWD, qui permet de se perfectionner et de plonger jusqu'\u00e0 40 m\u00e8tres. C'est la profondeur maximale autoris\u00e9e pour la plong\u00e9e r\u00e9cr\u00e9ative. Au cours du cours Deep Diver, vous d\u00e9couvrirez les effets physiologiques, les proc\u00e9dures de planification et les sp\u00e9cificit\u00e9s de l'\u00e9quipement. Vous apprendrez les techniques de gestion des gaz, la gestion des dangers potentiels et des urgences. Le prix du cours comprend 4 plong\u00e9es en mer.<\/p>\n<p>\n<strong>Dur\u00e9e:<\/strong> 2 jours<br \/>\n<strong>Exigences: <\/strong>Certificat AOWD<br \/>\n<strong>\u00c2ge minimum:<\/strong> 15 ans\n<\/div>","protected":false},"excerpt":{"rendered":"<div>\n<p>\nEntrez dans le monde de la plong\u00e9e sous-marine et suivez un cours avec nous. Nos programmes d'enseignement couvrent tous les niveaux, depuis les comp\u00e9tences de base en plong\u00e9e sous-marine jusqu'aux techniques sp\u00e9cialis\u00e9es comme la plong\u00e9e de nuit et sur \u00e9pave, en passant par le niveau professionnel de divemaster.<\/p>\n<p><\/p>\n<p>S\u00e9lectionnez le cours et les options suppl\u00e9mentaires si n\u00e9cessaire : photos, prise en charge au sud de Tenerife ou \u00e0 Playa la Arena. S\u00e9lectionnez ensuite la date de d\u00e9but du cours.<\/p>\n<\/div>","protected":false},"featured_media":1213,"template":"","meta":{"_acf_changed":false},"product_brand":[],"product_cat":[21],"product_tag":[],"class_list":{"0":"post-1210","1":"product","2":"type-product","3":"status-publish","4":"has-post-thumbnail","6":"product_cat-activities","8":"first","9":"instock","10":"sale","11":"shipping-taxable","12":"product-type-grouped"},"acf":[],"yoast_head":"<!-- This site is optimized with the Yoast SEO plugin v25.6 - https:\/\/yoast.com\/wordpress\/plugins\/seo\/ -->\n<title>Diving Courses - Aventura Excursions in Tenerife | Learn to Dive | PADI or SSI | Book now<\/title>\n<meta name=\"description\" content=\"Discover scuba diving in Tenerife! From basic skills to advanced PADI and SSI certifications. Check prices, reviews, and book your diving course today!\" \/>\n<meta name=\"robots\" content=\"index, follow, max-snippet:-1, max-image-preview:large, max-video-preview:-1\" \/>\n<link rel=\"canonical\" href=\"https:\/\/aventura-excursions.com\/fr\/produit\/diving-courses\/\" \/>\n<meta property=\"og:locale\" content=\"fr_FR\" \/>\n<meta property=\"og:type\" content=\"article\" \/>\n<meta property=\"og:title\" content=\"Diving Courses - Aventura Excursions in Tenerife | Learn to Dive | PADI or SSI | Book now\" \/>\n<meta property=\"og:description\" content=\"Discover scuba diving in Tenerife! From basic skills to advanced PADI and SSI certifications. Check prices, reviews, and book your diving course today!\" \/>\n<meta property=\"og:url\" content=\"https:\/\/aventura-excursions.com\/fr\/produit\/diving-courses\/\" \/>\n<meta property=\"og:site_name\" content=\"Aventura Excursions\" \/>\n<meta property=\"article:modified_time\" content=\"2024-07-24T13:30:11+00:00\" \/>\n<meta property=\"og:image\" content=\"https:\/\/aventura-excursions.com\/wp-content\/uploads\/2024\/04\/21106856_737374579784137_766626476876553897_n.jpg\" \/>\n\t<meta property=\"og:image:width\" content=\"960\" \/>\n\t<meta property=\"og:image:height\" content=\"640\" \/>\n\t<meta property=\"og:image:type\" content=\"image\/jpeg\" \/>\n<meta name=\"twitter:card\" content=\"summary_large_image\" \/>\n<meta name=\"twitter:label1\" content=\"Dur\u00e9e de lecture estim\u00e9e\" \/>\n\t<meta name=\"twitter:data1\" content=\"4 minutes\" \/>\n<!-- \/ Yoast SEO plugin. -->","yoast_head_json":{"title":"Diving Courses - Aventura Excursions in Tenerife | Learn to Dive | PADI or SSI | Book now","description":"Discover scuba diving in Tenerife! From basic skills to advanced PADI and SSI certifications. Check prices, reviews, and book your diving course today!","robots":{"index":"index","follow":"follow","max-snippet":"max-snippet:-1","max-image-preview":"max-image-preview:large","max-video-preview":"max-video-preview:-1"},"canonical":"https:\/\/aventura-excursions.com\/fr\/produit\/diving-courses\/","og_locale":"fr_FR","og_type":"article","og_title":"Diving Courses - Aventura Excursions in Tenerife | Learn to Dive | PADI or SSI | Book now","og_description":"Discover scuba diving in Tenerife! From basic skills to advanced PADI and SSI certifications. Check prices, reviews, and book your diving course today!","og_url":"https:\/\/aventura-excursions.com\/fr\/produit\/diving-courses\/","og_site_name":"Aventura Excursions","article_modified_time":"2024-07-24T13:30:11+00:00","og_image":[{"width":960,"height":640,"url":"https:\/\/aventura-excursions.com\/wp-content\/uploads\/2024\/04\/21106856_737374579784137_766626476876553897_n.jpg","type":"image\/jpeg"}],"twitter_card":"summary_large_image","twitter_misc":{"Dur\u00e9e de lecture estim\u00e9e":"4 minutes"},"schema":{"@context":"https:\/\/schema.org","@graph":[{"@type":"WebPage","@id":"https:\/\/aventura-excursions.com\/product\/diving-courses\/","url":"https:\/\/aventura-excursions.com\/product\/diving-courses\/","name":"Diving Courses - Aventura Excursions in Tenerife | Learn to Dive | PADI or SSI | Book now","isPartOf":{"@id":"https:\/\/aventura-excursions.com\/#website"},"primaryImageOfPage":{"@id":"https:\/\/aventura-excursions.com\/product\/diving-courses\/#primaryimage"},"image":{"@id":"https:\/\/aventura-excursions.com\/product\/diving-courses\/#primaryimage"},"thumbnailUrl":"https:\/\/aventura-excursions.com\/wp-content\/uploads\/2024\/04\/21106856_737374579784137_766626476876553897_n.jpg","datePublished":"2024-04-01T14:01:05+00:00","dateModified":"2024-07-24T13:30:11+00:00","description":"Discover scuba diving in Tenerife! From basic skills to advanced PADI and SSI certifications. Check prices, reviews, and book your diving course today!","breadcrumb":{"@id":"https:\/\/aventura-excursions.com\/product\/diving-courses\/#breadcrumb"},"inLanguage":"fr-FR","potentialAction":[{"@type":"ReadAction","target":["https:\/\/aventura-excursions.com\/product\/diving-courses\/"]}]},{"@type":"ImageObject","inLanguage":"fr-FR","@id":"https:\/\/aventura-excursions.com\/product\/diving-courses\/#primaryimage","url":"https:\/\/aventura-excursions.com\/wp-content\/uploads\/2024\/04\/21106856_737374579784137_766626476876553897_n.jpg","contentUrl":"https:\/\/aventura-excursions.com\/wp-content\/uploads\/2024\/04\/21106856_737374579784137_766626476876553897_n.jpg","width":960,"height":640},{"@type":"BreadcrumbList","@id":"https:\/\/aventura-excursions.com\/product\/diving-courses\/#breadcrumb","itemListElement":[{"@type":"ListItem","position":1,"name":"Tours","item":"https:\/\/aventura-excursions.com\/tours\/"},{"@type":"ListItem","position":2,"name":"Diving Courses"}]},{"@type":"WebSite","@id":"https:\/\/aventura-excursions.com\/#website","url":"https:\/\/aventura-excursions.com\/","name":"Aventura Excursions","description":"Aventura Excursions","potentialAction":[{"@type":"SearchAction","target":{"@type":"EntryPoint","urlTemplate":"https:\/\/aventura-excursions.com\/?s={search_term_string}"},"query-input":{"@type":"PropertyValueSpecification","valueRequired":true,"valueName":"search_term_string"}}],"inLanguage":"fr-FR"}]}},"_links":{"self":[{"href":"https:\/\/aventura-excursions.com\/fr\/wp-json\/wp\/v2\/product\/1210","targetHints":{"allow":["GET"]}}],"collection":[{"href":"https:\/\/aventura-excursions.com\/fr\/wp-json\/wp\/v2\/product"}],"about":[{"href":"https:\/\/aventura-excursions.com\/fr\/wp-json\/wp\/v2\/types\/product"}],"wp:featuredmedia":[{"embeddable":true,"href":"https:\/\/aventura-excursions.com\/fr\/wp-json\/wp\/v2\/media\/1213"}],"wp:attachment":[{"href":"https:\/\/aventura-excursions.com\/fr\/wp-json\/wp\/v2\/media?parent=1210"}],"wp:term":[{"taxonomy":"product_brand","embeddable":true,"href":"https:\/\/aventura-excursions.com\/fr\/wp-json\/wp\/v2\/product_brand?post=1210"},{"taxonomy":"product_cat","embeddable":true,"href":"https:\/\/aventura-excursions.com\/fr\/wp-json\/wp\/v2\/product_cat?post=1210"},{"taxonomy":"product_tag","embeddable":true,"href":"https:\/\/aventura-excursions.com\/fr\/wp-json\/wp\/v2\/product_tag?post=1210"}],"curies":[{"name":"wp","href":"https:\/\/api.w.org\/{rel}","templated":true}]}}