{"id":1247,"date":"2024-04-02T19:18:36","date_gmt":"2024-04-02T16:18:36","guid":{"rendered":"https:\/\/aventura-excursions.com\/?post_type=product&#038;p=1247"},"modified":"2024-06-19T19:35:48","modified_gmt":"2024-06-19T16:35:48","slug":"snorkeling","status":"publish","type":"product","link":"https:\/\/aventura-excursions.com\/fr\/produit\/snorkeling\/","title":{"rendered":"Snorkeling"},"content":{"rendered":"<h3>Description<\/h3>\n<p>\nA great way of introduction to the underwater world for anyone interested. We will take you to a shallow place that is home to a huge variety of fish and underwater animals. The program lasts 50 minutes and is always led by an experienced instructor that guides and assists you during the whole excursion.  You don&#8217;t have to be able to swim! You can snorkel while wearing a life jacket.<\/p>\n<p>\nIl existe deux types de visites :<br \/>\n&#8211; in Rays Bay (Los Cristianos) where you enter the water from the beach<br \/>\n&#8211; a boat trip from Las Galletas and Puerto Colon<\/p>\n<p>\n<\/p>\n<h3>Points d'inter\u00eats<\/h3>\n<ul>\n<li>Snorkeling en bateau ou depuis la plage<\/li>\n<li>Une activit\u00e9 maritime passionnante<\/li>\n<li>Chance quotidienne de voir des tortues lors d'une excursion en bateau et des raies lors d'une plong\u00e9e en apn\u00e9e \u00e0 Rays Bay<\/li>\n<li>Guides professionnels parlant plusieurs langues<\/li>\n<\/ul>\n<p>\n<\/p>\n<h3>D\u00e9tails<\/h3>\n<p>\nDur\u00e9e : 50 min de snorkeling \/ 1h30 au total<br \/>\nHeure de d\u00e9part : 10h00, 12h30, 15h00 <br \/>\n\u00c2ge minimum : 6 ans <br \/>\n\u00c9quipement inclus : kits de snorkeling, combinaisons et bottes n\u00e9opr\u00e8ne, gilets si besoin, planche de natation pour un support suppl\u00e9mentaire<\/p>\n<p>\n<\/p>\n<h3>Transport<\/h3>\n<p>\nLa prise en charge dans le sud de Tenerife co\u00fbte 2 euros par personne : de Callao Salvaje \u00e0 el M\u00e9dano.<br \/>\nPrise en charge \u00e0 Puerto Santiago, Playa la Arena : 15 euros pour la voiture (max 8 personnes). <\/p>","protected":false},"excerpt":{"rendered":"<div>\n<p>Rejoignez-nous lors d'une de nos sorties snorkeling pour d\u00e9couvrir les habitants de l'oc\u00e9an Atlantique ! Nous donnons un briefing complet, enfilons des combinaisons chaudes, prenons des masques, des palmes et des tubas et entrons dans l'eau depuis la plage ou partons en bateau. <\/p>\n<p>\n<br \/>\nS\u00e9lectionnez la plong\u00e9e en apn\u00e9e depuis la plage ou en bateau. Veuillez choisir le transfert si vous en avez besoin.\n<\/div>","protected":false},"featured_media":1248,"template":"","meta":{"_acf_changed":false},"product_brand":[],"product_cat":[21],"product_tag":[],"class_list":{"0":"post-1247","1":"product","2":"type-product","3":"status-publish","4":"has-post-thumbnail","6":"product_cat-activities","8":"first","9":"instock","10":"sale","11":"shipping-taxable","12":"product-type-grouped"},"acf":[],"yoast_head":"<!-- This site is optimized with the Yoast SEO plugin v25.6 - https:\/\/yoast.com\/wordpress\/plugins\/seo\/ -->\n<title>Book Snorkeling tour in Tenerife - Aventura Excursions \u2013 See Turtles and Rays!<\/title>\n<meta name=\"description\" content=\"Enjoy snorkeling trip in Tenerife: see turtles and rays, and explore the underwater world with professional guides. Check reviews and prices. Book now!\" \/>\n<meta name=\"robots\" content=\"index, follow, max-snippet:-1, max-image-preview:large, max-video-preview:-1\" \/>\n<link rel=\"canonical\" href=\"https:\/\/aventura-excursions.com\/fr\/produit\/snorkeling\/\" \/>\n<meta property=\"og:locale\" content=\"fr_FR\" \/>\n<meta property=\"og:type\" content=\"article\" \/>\n<meta property=\"og:title\" content=\"Book Snorkeling tour in Tenerife - Aventura Excursions \u2013 See Turtles and Rays!\" \/>\n<meta property=\"og:description\" content=\"Enjoy snorkeling trip in Tenerife: see turtles and rays, and explore the underwater world with professional guides. Check reviews and prices. Book now!\" \/>\n<meta property=\"og:url\" content=\"https:\/\/aventura-excursions.com\/fr\/produit\/snorkeling\/\" \/>\n<meta property=\"og:site_name\" content=\"Aventura Excursions\" \/>\n<meta property=\"article:modified_time\" content=\"2024-06-19T16:35:48+00:00\" \/>\n<meta property=\"og:image\" content=\"https:\/\/aventura-excursions.com\/wp-content\/uploads\/2024\/04\/snorkeling_TQBhM.jpeg\" \/>\n\t<meta property=\"og:image:width\" content=\"1600\" \/>\n\t<meta property=\"og:image:height\" content=\"800\" \/>\n\t<meta property=\"og:image:type\" content=\"image\/jpeg\" \/>\n<meta name=\"twitter:card\" content=\"summary_large_image\" \/>\n<meta name=\"twitter:label1\" content=\"Dur\u00e9e de lecture estim\u00e9e\" \/>\n\t<meta name=\"twitter:data1\" content=\"2 minutes\" \/>\n<!-- \/ Yoast SEO plugin. -->","yoast_head_json":{"title":"Book Snorkeling tour in Tenerife - Aventura Excursions \u2013 See Turtles and Rays!","description":"Enjoy snorkeling trip in Tenerife: see turtles and rays, and explore the underwater world with professional guides. Check reviews and prices. Book now!","robots":{"index":"index","follow":"follow","max-snippet":"max-snippet:-1","max-image-preview":"max-image-preview:large","max-video-preview":"max-video-preview:-1"},"canonical":"https:\/\/aventura-excursions.com\/fr\/produit\/snorkeling\/","og_locale":"fr_FR","og_type":"article","og_title":"Book Snorkeling tour in Tenerife - Aventura Excursions \u2013 See Turtles and Rays!","og_description":"Enjoy snorkeling trip in Tenerife: see turtles and rays, and explore the underwater world with professional guides. Check reviews and prices. Book now!","og_url":"https:\/\/aventura-excursions.com\/fr\/produit\/snorkeling\/","og_site_name":"Aventura Excursions","article_modified_time":"2024-06-19T16:35:48+00:00","og_image":[{"width":1600,"height":800,"url":"https:\/\/aventura-excursions.com\/wp-content\/uploads\/2024\/04\/snorkeling_TQBhM.jpeg","type":"image\/jpeg"}],"twitter_card":"summary_large_image","twitter_misc":{"Dur\u00e9e de lecture estim\u00e9e":"2 minutes"},"schema":{"@context":"https:\/\/schema.org","@graph":[{"@type":"WebPage","@id":"https:\/\/aventura-excursions.com\/product\/snorkeling\/","url":"https:\/\/aventura-excursions.com\/product\/snorkeling\/","name":"Book Snorkeling tour in Tenerife - Aventura Excursions \u2013 See Turtles and Rays!","isPartOf":{"@id":"https:\/\/aventura-excursions.com\/#website"},"primaryImageOfPage":{"@id":"https:\/\/aventura-excursions.com\/product\/snorkeling\/#primaryimage"},"image":{"@id":"https:\/\/aventura-excursions.com\/product\/snorkeling\/#primaryimage"},"thumbnailUrl":"https:\/\/aventura-excursions.com\/wp-content\/uploads\/2024\/04\/snorkeling_TQBhM.jpeg","datePublished":"2024-04-02T16:18:36+00:00","dateModified":"2024-06-19T16:35:48+00:00","description":"Enjoy snorkeling trip in Tenerife: see turtles and rays, and explore the underwater world with professional guides. Check reviews and prices. Book now!","breadcrumb":{"@id":"https:\/\/aventura-excursions.com\/product\/snorkeling\/#breadcrumb"},"inLanguage":"fr-FR","potentialAction":[{"@type":"ReadAction","target":["https:\/\/aventura-excursions.com\/product\/snorkeling\/"]}]},{"@type":"ImageObject","inLanguage":"fr-FR","@id":"https:\/\/aventura-excursions.com\/product\/snorkeling\/#primaryimage","url":"https:\/\/aventura-excursions.com\/wp-content\/uploads\/2024\/04\/snorkeling_TQBhM.jpeg","contentUrl":"https:\/\/aventura-excursions.com\/wp-content\/uploads\/2024\/04\/snorkeling_TQBhM.jpeg","width":1600,"height":800},{"@type":"BreadcrumbList","@id":"https:\/\/aventura-excursions.com\/product\/snorkeling\/#breadcrumb","itemListElement":[{"@type":"ListItem","position":1,"name":"Tours","item":"https:\/\/aventura-excursions.com\/tours\/"},{"@type":"ListItem","position":2,"name":"Snorkeling"}]},{"@type":"WebSite","@id":"https:\/\/aventura-excursions.com\/#website","url":"https:\/\/aventura-excursions.com\/","name":"Aventura Excursions","description":"Aventura Excursions","potentialAction":[{"@type":"SearchAction","target":{"@type":"EntryPoint","urlTemplate":"https:\/\/aventura-excursions.com\/?s={search_term_string}"},"query-input":{"@type":"PropertyValueSpecification","valueRequired":true,"valueName":"search_term_string"}}],"inLanguage":"fr-FR"}]}},"_links":{"self":[{"href":"https:\/\/aventura-excursions.com\/fr\/wp-json\/wp\/v2\/product\/1247","targetHints":{"allow":["GET"]}}],"collection":[{"href":"https:\/\/aventura-excursions.com\/fr\/wp-json\/wp\/v2\/product"}],"about":[{"href":"https:\/\/aventura-excursions.com\/fr\/wp-json\/wp\/v2\/types\/product"}],"wp:featuredmedia":[{"embeddable":true,"href":"https:\/\/aventura-excursions.com\/fr\/wp-json\/wp\/v2\/media\/1248"}],"wp:attachment":[{"href":"https:\/\/aventura-excursions.com\/fr\/wp-json\/wp\/v2\/media?parent=1247"}],"wp:term":[{"taxonomy":"product_brand","embeddable":true,"href":"https:\/\/aventura-excursions.com\/fr\/wp-json\/wp\/v2\/product_brand?post=1247"},{"taxonomy":"product_cat","embeddable":true,"href":"https:\/\/aventura-excursions.com\/fr\/wp-json\/wp\/v2\/product_cat?post=1247"},{"taxonomy":"product_tag","embeddable":true,"href":"https:\/\/aventura-excursions.com\/fr\/wp-json\/wp\/v2\/product_tag?post=1247"}],"curies":[{"name":"wp","href":"https:\/\/api.w.org\/{rel}","templated":true}]}}