{"id":1407,"date":"2024-04-20T18:50:37","date_gmt":"2024-04-20T15:50:37","guid":{"rendered":"https:\/\/aventura-excursions.com\/?post_type=product&#038;p=1407"},"modified":"2025-09-10T15:53:34","modified_gmt":"2025-09-10T12:53:34","slug":"musts-of-tenerife","status":"publish","type":"product","link":"https:\/\/aventura-excursions.com\/fr\/produit\/musts-of-tenerife\/","title":{"rendered":"Les incontournables de Tenerife"},"content":{"rendered":"<h3>Visites incluses dans le forfait<\/h3>\n<ul>\n<li><strong><em><a href=\"https:\/\/aventura-excursions.com\/fr\/produit\/twin-ticket\/\">Billet double:<\/a><\/em><\/strong> Loro Park (parc animalier) + Siam Park (parc aquatique)<\/li>\n<li><strong><em><a href=\"https:\/\/aventura-excursions.com\/fr\/produit\/teide-masca\/\">Teide Masca:<\/a><\/em><\/strong> visite guid\u00e9e en bus (volcan Teide, vall\u00e9e de Masca)<\/li>\n<li><strong><em><a href=\"https:\/\/aventura-excursions.com\/fr\/produit\/snorkeling\/\">Snorkeling 50 min:<\/a><\/em><\/strong> excursion en bateau<\/li>\n<p>\n<\/p>\n<h3>Description<\/h3>\n<p>\nExperience the ultimate Tenerife adventure! Visit <strong><em><a href=\"https:\/\/aventura-excursions.com\/fr\/produit\/siam-park\/\">Siam Park<\/a><\/em><\/strong> et <strong><em><a href=\"https:\/\/aventura-excursions.com\/fr\/produit\/loro-park\/\">Loro Park<\/a><\/em><\/strong> (Europe&#8217;s most famous attractions), go on a <strong><em><a href=\"https:\/\/aventura-excursions.com\/fr\/produit\/teide-masca\/\">Teide Masca<\/a><\/em><\/strong> tour (majestic heights of Teide, the National Park, breathtaking Masca valley) and do <strong><em><a href=\"https:\/\/aventura-excursions.com\/fr\/produit\/snorkeling\/\">snorkeling by boat<\/a><\/em><\/strong> . These are a very popular choice of tours to do in Tenerife and we have joined them into this fantastic package so that you could explore Tenerife at a better price and visit the must-see places.<\/p>\n<p>\nVous pouvez r\u00e9partir ce forfait sur 4 jours diff\u00e9rents dans l'ordre que vous souhaitez. Lors de la r\u00e9servation, vous s\u00e9lectionnez le jour de d\u00e9but du forfait et plus tard, nous convenirons avec vous des jours de toutes les visites incluses dans le pack.<\/p>\n<p>\nBook this package and do the &#8220;musts&#8221; of Tenerife!<\/p>\n<p>\n<\/p>\n<h3>D\u00e9tails<\/h3>\n<p>\n<strong><em>Siam Park<\/em><\/strong><\/p>\n<p>\nHoraires d'ouverture en \u00e9t\u00e9 : 10h00 \u2013 18h00<br \/>\nWinter opening hours: 10:00 &#8211; 17:00<br \/>\nLocalisation : Sud de Tenerife<\/p>\n<p>\n<strong><em>Loro Park<\/em><\/strong><\/p>\n<p>\nHoraires d'ouverture : 09h30 \u2013 17h30 <br \/>\nLocalisation : Nord de Tenerife<\/p>\n<p>\n<strong><em>Teide Masca<\/em><\/strong><\/p>\n<p>\nHeure de d\u00e9part : vers 08h00<br \/>\nDur\u00e9e : 9 heures <br \/>\nIl y aura un arr\u00eat dans un restaurant traditionnel<br \/>\nNourriture non incluse<\/p>\n<p>\n<strong><em>Snorkeling depuis un bateau<\/em><\/strong><\/p>\n<p>\nDur\u00e9e : 2 heures (snorkeling 50 minutes) <br \/>\nHeure de d\u00e9part : 09h00, 12h00 <br \/>\n\u00c2ge minimum : 6 ans <br \/>\n\u00c9quipement inclus : kits de snorkeling, combinaisons et bottes n\u00e9opr\u00e8ne, gilets si besoin<br \/>\nLocalisation : Puerto Colon, au sud de Tenerife<\/p>\n<h3>Transport<\/h3>\n<p>\n<strong><em>Parcs Loro et Siam<\/em><\/strong><\/p>\n<p>Pour vous faciliter la planification de votre visite, nous vous proposons un bus Siam depuis Puerto de la Cruz et un bus Loro depuis les villages touristiques du Sud (Las Americas, Los Cristianos etc.).<\/p>\n<p>R\u00e9servez <strong>Forfait Incontournables de Tenerife + Bus Siam<\/strong>, si vous restez \u00e0 Puerto de La Cruz.<br \/>\n<br \/>R\u00e9servez <strong>Forfait Incontournables de Tenerife + Bus Loro<\/strong>, si vous restez dans le Sud.<\/p>\n<p> Il existe une navette gratuite Siam dans le sud.<\/p>\n<p class=\" translation-block\">Vous pouvez \u00e9galement <a href=\"https:\/\/aventura-excursions.com\/fr\/produit\/rent-a-car\/\" target=\"_self\"><strong><em>louer une voiture<\/em><\/strong><\/a> chez nous et vous rendre seul dans les parcs. Le seul inconv\u00e9nient pourrait \u00eatre un parking plein en raison de la grande popularit\u00e9 des deux parcs.<\/p>\n<p>\n<strong><em>Teide Masca<\/em><\/strong><\/p>\n<p>\nLe bus viendra vous chercher dans n'importe quelle zone touristique de Tenerife (au sud et au nord).<\/p>\n<p>\n<strong><em>Snorkeling depuis un bateau<\/em><\/strong><\/p>\n<p>\nLa prise en charge est de 4 euros par personne dans le sud de Tenerife.<\/p>","protected":false},"excerpt":{"rendered":"<div>\n<p>\nVisitez le parc Loro et le parc Siam, explorez le l\u00e9gendaire mont Teide avec la vall\u00e9e de Masca et observez la vie sous-marine en snorkeling depuis un bateau\u00a0! Une combinaison parfaite pour d\u00e9couvrir Tenerife ! <\/p>\n<p>\n<br \/>\nTout d\u2019abord, choisissez si vous souhaitez acheter un billet uniquement ou si vous avez besoin d\u2019un transfert vers l\u2019un des parcs. Si vous \u00eates dans le nord, choisissez le forfait Les incontournables de Tenerife  + Siam bus. Si vous \u00eates dans le sud, choisissez le forfait Les incontournables de Tenerife  + bus Loro.<\/p>\n<p>Ensuite, choisissez le nombre d'adultes et d'enfants. Et enfin, s\u00e9lectionnez le jour o\u00f9 vous souhaitez d\u00e9marrer le forfait. Nous vous contacterons pour convenir des jours et horaires de chaque visite.\n<\/p><\/div>","protected":false},"featured_media":1557,"template":"","meta":{"_acf_changed":false},"product_brand":[],"product_cat":[142],"product_tag":[],"class_list":{"0":"post-1407","1":"product","2":"type-product","3":"status-publish","4":"has-post-thumbnail","6":"product_cat-special-offers","8":"first","9":"instock","10":"sale","11":"shipping-taxable","12":"product-type-grouped"},"acf":[],"yoast_head":"<!-- This site is optimized with the Yoast SEO plugin v25.6 - https:\/\/yoast.com\/wordpress\/plugins\/seo\/ -->\n<title>Musts of Tenerife with Aventura Excursions - Best Tours and activities<\/title>\n<meta name=\"description\" content=\"Explore Tenerife: visit Loro Park, Siam Park, Teide Masca, and snorkel with turtles. Check reviews, prices, and ratings. Book now for the best experience!\" \/>\n<meta name=\"robots\" content=\"index, follow, max-snippet:-1, max-image-preview:large, max-video-preview:-1\" \/>\n<link rel=\"canonical\" href=\"https:\/\/aventura-excursions.com\/fr\/produit\/musts-of-tenerife\/\" \/>\n<meta property=\"og:locale\" content=\"fr_FR\" \/>\n<meta property=\"og:type\" content=\"article\" \/>\n<meta property=\"og:title\" content=\"Musts of Tenerife with Aventura Excursions - Best Tours and activities\" \/>\n<meta property=\"og:description\" content=\"Explore Tenerife: visit Loro Park, Siam Park, Teide Masca, and snorkel with turtles. Check reviews, prices, and ratings. Book now for the best experience!\" \/>\n<meta property=\"og:url\" content=\"https:\/\/aventura-excursions.com\/fr\/produit\/musts-of-tenerife\/\" \/>\n<meta property=\"og:site_name\" content=\"Aventura Excursions\" \/>\n<meta property=\"article:modified_time\" content=\"2025-09-10T12:53:34+00:00\" \/>\n<meta property=\"og:image\" content=\"https:\/\/aventura-excursions.com\/wp-content\/uploads\/2024\/04\/mot2.jpg\" \/>\n\t<meta property=\"og:image:width\" content=\"980\" \/>\n\t<meta property=\"og:image:height\" content=\"760\" \/>\n\t<meta property=\"og:image:type\" content=\"image\/jpeg\" \/>\n<meta name=\"twitter:card\" content=\"summary_large_image\" \/>\n<meta name=\"twitter:label1\" content=\"Dur\u00e9e de lecture estim\u00e9e\" \/>\n\t<meta name=\"twitter:data1\" content=\"2 minutes\" \/>\n<!-- \/ Yoast SEO plugin. -->","yoast_head_json":{"title":"Musts of Tenerife with Aventura Excursions - Best Tours and activities","description":"Explore Tenerife: visit Loro Park, Siam Park, Teide Masca, and snorkel with turtles. Check reviews, prices, and ratings. Book now for the best experience!","robots":{"index":"index","follow":"follow","max-snippet":"max-snippet:-1","max-image-preview":"max-image-preview:large","max-video-preview":"max-video-preview:-1"},"canonical":"https:\/\/aventura-excursions.com\/fr\/produit\/musts-of-tenerife\/","og_locale":"fr_FR","og_type":"article","og_title":"Musts of Tenerife with Aventura Excursions - Best Tours and activities","og_description":"Explore Tenerife: visit Loro Park, Siam Park, Teide Masca, and snorkel with turtles. Check reviews, prices, and ratings. Book now for the best experience!","og_url":"https:\/\/aventura-excursions.com\/fr\/produit\/musts-of-tenerife\/","og_site_name":"Aventura Excursions","article_modified_time":"2025-09-10T12:53:34+00:00","og_image":[{"width":980,"height":760,"url":"https:\/\/aventura-excursions.com\/wp-content\/uploads\/2024\/04\/mot2.jpg","type":"image\/jpeg"}],"twitter_card":"summary_large_image","twitter_misc":{"Dur\u00e9e de lecture estim\u00e9e":"2 minutes"},"schema":{"@context":"https:\/\/schema.org","@graph":[{"@type":"WebPage","@id":"https:\/\/aventura-excursions.com\/product\/musts-of-tenerife\/","url":"https:\/\/aventura-excursions.com\/product\/musts-of-tenerife\/","name":"Musts of Tenerife with Aventura Excursions - Best Tours and activities","isPartOf":{"@id":"https:\/\/aventura-excursions.com\/#website"},"primaryImageOfPage":{"@id":"https:\/\/aventura-excursions.com\/product\/musts-of-tenerife\/#primaryimage"},"image":{"@id":"https:\/\/aventura-excursions.com\/product\/musts-of-tenerife\/#primaryimage"},"thumbnailUrl":"https:\/\/aventura-excursions.com\/wp-content\/uploads\/2024\/04\/mot2.jpg","datePublished":"2024-04-20T15:50:37+00:00","dateModified":"2025-09-10T12:53:34+00:00","description":"Explore Tenerife: visit Loro Park, Siam Park, Teide Masca, and snorkel with turtles. Check reviews, prices, and ratings. Book now for the best experience!","breadcrumb":{"@id":"https:\/\/aventura-excursions.com\/product\/musts-of-tenerife\/#breadcrumb"},"inLanguage":"fr-FR","potentialAction":[{"@type":"ReadAction","target":["https:\/\/aventura-excursions.com\/product\/musts-of-tenerife\/"]}]},{"@type":"ImageObject","inLanguage":"fr-FR","@id":"https:\/\/aventura-excursions.com\/product\/musts-of-tenerife\/#primaryimage","url":"https:\/\/aventura-excursions.com\/wp-content\/uploads\/2024\/04\/mot2.jpg","contentUrl":"https:\/\/aventura-excursions.com\/wp-content\/uploads\/2024\/04\/mot2.jpg","width":980,"height":760},{"@type":"BreadcrumbList","@id":"https:\/\/aventura-excursions.com\/product\/musts-of-tenerife\/#breadcrumb","itemListElement":[{"@type":"ListItem","position":1,"name":"Tours","item":"https:\/\/aventura-excursions.com\/tours\/"},{"@type":"ListItem","position":2,"name":"Musts of Tenerife"}]},{"@type":"WebSite","@id":"https:\/\/aventura-excursions.com\/#website","url":"https:\/\/aventura-excursions.com\/","name":"Aventura Excursions","description":"Aventura Excursions","potentialAction":[{"@type":"SearchAction","target":{"@type":"EntryPoint","urlTemplate":"https:\/\/aventura-excursions.com\/?s={search_term_string}"},"query-input":{"@type":"PropertyValueSpecification","valueRequired":true,"valueName":"search_term_string"}}],"inLanguage":"fr-FR"}]}},"_links":{"self":[{"href":"https:\/\/aventura-excursions.com\/fr\/wp-json\/wp\/v2\/product\/1407","targetHints":{"allow":["GET"]}}],"collection":[{"href":"https:\/\/aventura-excursions.com\/fr\/wp-json\/wp\/v2\/product"}],"about":[{"href":"https:\/\/aventura-excursions.com\/fr\/wp-json\/wp\/v2\/types\/product"}],"wp:featuredmedia":[{"embeddable":true,"href":"https:\/\/aventura-excursions.com\/fr\/wp-json\/wp\/v2\/media\/1557"}],"wp:attachment":[{"href":"https:\/\/aventura-excursions.com\/fr\/wp-json\/wp\/v2\/media?parent=1407"}],"wp:term":[{"taxonomy":"product_brand","embeddable":true,"href":"https:\/\/aventura-excursions.com\/fr\/wp-json\/wp\/v2\/product_brand?post=1407"},{"taxonomy":"product_cat","embeddable":true,"href":"https:\/\/aventura-excursions.com\/fr\/wp-json\/wp\/v2\/product_cat?post=1407"},{"taxonomy":"product_tag","embeddable":true,"href":"https:\/\/aventura-excursions.com\/fr\/wp-json\/wp\/v2\/product_tag?post=1407"}],"curies":[{"name":"wp","href":"https:\/\/api.w.org\/{rel}","templated":true}]}}