{"id":1438,"date":"2024-04-23T01:22:51","date_gmt":"2024-04-22T22:22:51","guid":{"rendered":"https:\/\/aventura-excursions.com\/?post_type=product&#038;p=1438"},"modified":"2025-09-10T15:37:55","modified_gmt":"2025-09-10T12:37:55","slug":"adrenaline-pack","status":"publish","type":"product","link":"https:\/\/aventura-excursions.com\/fr\/produit\/adrenaline-pack\/","title":{"rendered":"Pack Adr\u00e9naline"},"content":{"rendered":"<h3>Visites incluses dans le forfait<\/h3>\n<ul>\n<li><a href=\"https:\/\/aventura-excursions.com\/fr\/produit\/diving-for-beginners\/\"><strong><em>Bapt\u00eame de plong\u00e9e 40 minutes<\/em><\/strong><\/a><\/li>\n<li><a href=\"https:\/\/aventura-excursions.com\/fr\/produit\/kayaking-snorkeling\/\"><strong><em>Kayak + snorkeling<\/em><\/strong><\/a><\/li>\n<li><a href=\"https:\/\/aventura-excursions.com\/fr\/produit\/paragliding\/\"><strong><em>Vols en parapente:<\/em><\/strong><\/a> Vol de bronze\/d'or\/platine<\/li>\n<\/ul>\n<p>\n<\/p>\n<h3>Description<\/h3>\n<p class=\" translation-block\">Envie de vacances actives \u00e0 Tenerife ? Vous \u00eates sur la bonne page ! Ce pack d'adr\u00e9naline vous procurera les \u00e9motions que vous recherchez. <strong><em><a href=\"https:\/\/aventura-excursions.com\/fr\/produit\/try-dive\/\" target=\"_self\">La plong\u00e9e sous-marine<\/a><\/em><\/strong>, <strong><em><a href=\"https:\/\/aventura-excursions.com\/fr\/produit\/kayaking-snorkeling\/\" target=\"_self\">le kayak<\/a><\/em><\/strong> et <strong><em><a href=\"https:\/\/aventura-excursions.com\/fr\/produit\/paragliding\/\" target=\"_self\">le parapente<\/a><\/em><\/strong> sont les activit\u00e9s les plus populaires sur notre \u00eele et nous sommes heureux de vous annoncer que vous pouvez toutes les r\u00e9server avec une r\u00e9duction. Il existe 3 options de vols en parapente que vous pouvez choisir pour former le forfait adr\u00e9naline avec un bapt\u00eame de plong\u00e9e de 40 minutes et une excursion en kayak + snorkeling.<\/p>\n<p>\nVous pouvez choisir de faire le pack en 2 ou 3 jours (vous pouvez faire du kayak et de la plong\u00e9e sous-marine le m\u00eame jour si vous le souhaitez). Les dates sont totalement flexibles, nous nous adapterons \u00e0 vos besoins.<\/p>\n<p>\nObtenez votre adr\u00e9naline et des souvenirs sympas de vos aventures \u00e0 Tenerife\u00a0!<\/p>\n<p>\n<\/p>\n<h3>D\u00e9tails<\/h3>\n<p>\n<strong>Bapt\u00eame de plong\u00e9e 40 min<\/strong><br \/>\nDur\u00e9e : 2,5 heures au total<br \/>\nHoraires de d\u00e9part : 10h00, 12h30, 15h00<br \/>\n\u00c2ge minimum : 8 ans<br \/>\nLieu : Los Cristianos<\/p>\n<p>\n<strong>Kayak + snorkeling<\/strong><br \/>\nDur\u00e9e : 1h30 de kayak + 30 min de snorkeling<br \/>\nHoraires de d\u00e9part : 10h00, 12h30, 14h00<br \/>\n\u00c2ge minimum : 6 ans<br \/>\nLieu : Los Cristianos<\/p>\n<p>\n<strong>Vols en parapente<\/strong><br \/>\nDur\u00e9e : 2 heures au total<br \/>\nSilver Flight &#8211; 10-20 min<br \/>\nGolden Flight &#8211; 20-25 min<br \/>\nPlatinum Flight &#8211; 25-30 min (also includes acrobatic maneuvers)<br \/>\nHoraires de d\u00e9part : 10h00, 12h00, 14h00, 16h00<br \/>\nPoids maximum : 110 kg<br \/>\nLocalisation : Au sud de Tenerife, l'atterrissage sur  la plage de La Caleta<\/p>\n<p>\n<\/p>\n<h3>Transport<\/h3>\n<p>\nLe transfert pour la plong\u00e9e sous-marine et le kayak co\u00fbte 4 euros par personne : de Callao Salvaje \u00e0 Golf del Sur.<br \/>\nPrise en charge \u00e0 Puerto Santiago, Playa la Arena, El Medano : 15 euros pour la voiture (max 8 personnes). <\/p>\n<p>\nLa prise en charge du parapente est gratuite dans le sud de Tenerife.<\/p>","protected":false},"excerpt":{"rendered":"<div>\n<p>Une belle aventure pour tous les amateurs de sensations fortes ! Bapt\u00eame de plong\u00e9e 40 minutes, kayak avec snorkeling et vol en parapente vous attendent.<\/p>\n<p>\n\u00c2ge minimum : 8 ans<\/p>\n<p>\nS\u00e9lectionnez le forfait en fonction du vol que vous souhaitez : Bronze, Or ou Platine.<br \/>\nS\u00e9lectionnez ensuite le premier jour du forfait.<br \/>D\u00e8s r\u00e9ception de votre r\u00e9servation, nous vous contacterons et d\u00e9finirins des horaires des trois visites.\n<\/div>","protected":false},"featured_media":1594,"template":"","meta":{"_acf_changed":false},"product_brand":[],"product_cat":[142],"product_tag":[],"class_list":{"0":"post-1438","1":"product","2":"type-product","3":"status-publish","4":"has-post-thumbnail","6":"product_cat-special-offers","8":"first","9":"instock","10":"sale","11":"shipping-taxable","12":"product-type-grouped"},"acf":[],"yoast_head":"<!-- This site is optimized with the Yoast SEO plugin v25.6 - https:\/\/yoast.com\/wordpress\/plugins\/seo\/ -->\n<title>Adrenaline Pack in Tenerife | Diving, Kayaking &amp; Paragliding - Book<\/title>\n<meta name=\"description\" content=\"Book the Adrenaline Pack in Tenerife! Includes diving, kayaking, and paragliding. Check prices and book now for an unforgettable adventure!\" \/>\n<meta name=\"robots\" content=\"index, follow, max-snippet:-1, max-image-preview:large, max-video-preview:-1\" \/>\n<link rel=\"canonical\" href=\"https:\/\/aventura-excursions.com\/fr\/produit\/adrenaline-pack\/\" \/>\n<meta property=\"og:locale\" content=\"fr_FR\" \/>\n<meta property=\"og:type\" content=\"article\" \/>\n<meta property=\"og:title\" content=\"Adrenaline Pack in Tenerife | Diving, Kayaking &amp; Paragliding - Book\" \/>\n<meta property=\"og:description\" content=\"Book the Adrenaline Pack in Tenerife! Includes diving, kayaking, and paragliding. Check prices and book now for an unforgettable adventure!\" \/>\n<meta property=\"og:url\" content=\"https:\/\/aventura-excursions.com\/fr\/produit\/adrenaline-pack\/\" \/>\n<meta property=\"og:site_name\" content=\"Aventura Excursions\" \/>\n<meta property=\"article:modified_time\" content=\"2025-09-10T12:37:55+00:00\" \/>\n<meta property=\"og:image\" content=\"https:\/\/aventura-excursions.com\/wp-content\/uploads\/2024\/04\/pack.jpg\" \/>\n\t<meta property=\"og:image:width\" content=\"800\" \/>\n\t<meta property=\"og:image:height\" content=\"600\" \/>\n\t<meta property=\"og:image:type\" content=\"image\/jpeg\" \/>\n<meta name=\"twitter:card\" content=\"summary_large_image\" \/>\n<meta name=\"twitter:label1\" content=\"Dur\u00e9e de lecture estim\u00e9e\" \/>\n\t<meta name=\"twitter:data1\" content=\"2 minutes\" \/>\n<!-- \/ Yoast SEO plugin. -->","yoast_head_json":{"title":"Adrenaline Pack in Tenerife | Diving, Kayaking & Paragliding - Book","description":"Book the Adrenaline Pack in Tenerife! Includes diving, kayaking, and paragliding. Check prices and book now for an unforgettable adventure!","robots":{"index":"index","follow":"follow","max-snippet":"max-snippet:-1","max-image-preview":"max-image-preview:large","max-video-preview":"max-video-preview:-1"},"canonical":"https:\/\/aventura-excursions.com\/fr\/produit\/adrenaline-pack\/","og_locale":"fr_FR","og_type":"article","og_title":"Adrenaline Pack in Tenerife | Diving, Kayaking & Paragliding - Book","og_description":"Book the Adrenaline Pack in Tenerife! Includes diving, kayaking, and paragliding. Check prices and book now for an unforgettable adventure!","og_url":"https:\/\/aventura-excursions.com\/fr\/produit\/adrenaline-pack\/","og_site_name":"Aventura Excursions","article_modified_time":"2025-09-10T12:37:55+00:00","og_image":[{"width":800,"height":600,"url":"https:\/\/aventura-excursions.com\/wp-content\/uploads\/2024\/04\/pack.jpg","type":"image\/jpeg"}],"twitter_card":"summary_large_image","twitter_misc":{"Dur\u00e9e de lecture estim\u00e9e":"2 minutes"},"schema":{"@context":"https:\/\/schema.org","@graph":[{"@type":"WebPage","@id":"https:\/\/aventura-excursions.com\/product\/adrenaline-pack\/","url":"https:\/\/aventura-excursions.com\/product\/adrenaline-pack\/","name":"Adrenaline Pack in Tenerife | Diving, Kayaking & Paragliding - Book","isPartOf":{"@id":"https:\/\/aventura-excursions.com\/#website"},"primaryImageOfPage":{"@id":"https:\/\/aventura-excursions.com\/product\/adrenaline-pack\/#primaryimage"},"image":{"@id":"https:\/\/aventura-excursions.com\/product\/adrenaline-pack\/#primaryimage"},"thumbnailUrl":"https:\/\/aventura-excursions.com\/wp-content\/uploads\/2024\/04\/pack.jpg","datePublished":"2024-04-22T22:22:51+00:00","dateModified":"2025-09-10T12:37:55+00:00","description":"Book the Adrenaline Pack in Tenerife! Includes diving, kayaking, and paragliding. Check prices and book now for an unforgettable adventure!","breadcrumb":{"@id":"https:\/\/aventura-excursions.com\/product\/adrenaline-pack\/#breadcrumb"},"inLanguage":"fr-FR","potentialAction":[{"@type":"ReadAction","target":["https:\/\/aventura-excursions.com\/product\/adrenaline-pack\/"]}]},{"@type":"ImageObject","inLanguage":"fr-FR","@id":"https:\/\/aventura-excursions.com\/product\/adrenaline-pack\/#primaryimage","url":"https:\/\/aventura-excursions.com\/wp-content\/uploads\/2024\/04\/pack.jpg","contentUrl":"https:\/\/aventura-excursions.com\/wp-content\/uploads\/2024\/04\/pack.jpg","width":800,"height":600},{"@type":"BreadcrumbList","@id":"https:\/\/aventura-excursions.com\/product\/adrenaline-pack\/#breadcrumb","itemListElement":[{"@type":"ListItem","position":1,"name":"Tours","item":"https:\/\/aventura-excursions.com\/tours\/"},{"@type":"ListItem","position":2,"name":"Adrenaline Pack"}]},{"@type":"WebSite","@id":"https:\/\/aventura-excursions.com\/#website","url":"https:\/\/aventura-excursions.com\/","name":"Aventura Excursions","description":"Aventura Excursions","potentialAction":[{"@type":"SearchAction","target":{"@type":"EntryPoint","urlTemplate":"https:\/\/aventura-excursions.com\/?s={search_term_string}"},"query-input":{"@type":"PropertyValueSpecification","valueRequired":true,"valueName":"search_term_string"}}],"inLanguage":"fr-FR"}]}},"_links":{"self":[{"href":"https:\/\/aventura-excursions.com\/fr\/wp-json\/wp\/v2\/product\/1438","targetHints":{"allow":["GET"]}}],"collection":[{"href":"https:\/\/aventura-excursions.com\/fr\/wp-json\/wp\/v2\/product"}],"about":[{"href":"https:\/\/aventura-excursions.com\/fr\/wp-json\/wp\/v2\/types\/product"}],"wp:featuredmedia":[{"embeddable":true,"href":"https:\/\/aventura-excursions.com\/fr\/wp-json\/wp\/v2\/media\/1594"}],"wp:attachment":[{"href":"https:\/\/aventura-excursions.com\/fr\/wp-json\/wp\/v2\/media?parent=1438"}],"wp:term":[{"taxonomy":"product_brand","embeddable":true,"href":"https:\/\/aventura-excursions.com\/fr\/wp-json\/wp\/v2\/product_brand?post=1438"},{"taxonomy":"product_cat","embeddable":true,"href":"https:\/\/aventura-excursions.com\/fr\/wp-json\/wp\/v2\/product_cat?post=1438"},{"taxonomy":"product_tag","embeddable":true,"href":"https:\/\/aventura-excursions.com\/fr\/wp-json\/wp\/v2\/product_tag?post=1438"}],"curies":[{"name":"wp","href":"https:\/\/api.w.org\/{rel}","templated":true}]}}