{"id":1439,"date":"2024-04-23T01:25:32","date_gmt":"2024-04-22T22:25:32","guid":{"rendered":"https:\/\/aventura-excursions.com\/?post_type=product&#038;p=1439"},"modified":"2025-09-16T15:45:21","modified_gmt":"2025-09-16T12:45:21","slug":"water-package","status":"publish","type":"product","link":"https:\/\/aventura-excursions.com\/fr\/produit\/water-package\/","title":{"rendered":"Forfait Eau pour 2"},"content":{"rendered":"<h3>Visites incluses dans le forfait<\/h3>\n<ul>\n<li><a href=\"https:\/\/aventura-excursions.com\/fr\/produit\/jet-ski-safari\/\"><strong><em>Safari en Jet Ski :<\/em><\/strong><\/a> visite guid\u00e9e<\/li>\n<li><a href=\"https:\/\/aventura-excursions.com\/fr\/produit\/stand-up-paddle\/\"><strong><em>Stand Up Paddle :<\/em><\/strong><\/a> cours avec un instructeur<\/li>\n<\/ul>\n<p>\n<\/p>\n<h3>Description<\/h3>\n<p class=\" translation-block\">Un forfait pour les explorateurs de la mer ! Nous proposons une offre sp\u00e9ciale de <strong><em><a href=\"https:\/\/aventura-excursions.com\/fr\/produit\/jet-ski-safari\/\" target=\"_self\">Jet Ski Safari<\/a><\/em><\/strong> et <strong><em><a href=\"https:\/\/aventura-excursions.com\/fr\/produit\/stand-up-paddle\/\" target=\"_self\">Stand Up Paddle<\/a><\/em><\/strong> pour deux personnes. Profitez de deux activit\u00e9s populaires \u00e0 Tenerife et r\u00e9servez-les avec une r\u00e9duction.<\/p>\n<p>Vous pouvez faire les deux activit\u00e9s en une journ\u00e9e ou deux jours diff\u00e9rents. Les dates et horaires sont flexibles. Apr\u00e8s avoir effectu\u00e9 la r\u00e9servation, nous vous contacterons pour convenir des dates et horaires du safari en Jet Ski et du Stand-Up paddle.<\/p>\n<p>Plongez-vous dans la beaut\u00e9 de la nature ! <\/p>\n<p>\n<\/p>\n<h3>D\u00e9tails<\/h3>\n<p>\n<strong>Jet ski<\/strong><\/p>\n<p>\nDur\u00e9e : 1 ou 2 heures<br \/>\nHoraires de d\u00e9part : 10h00, 12h00, 14h00, 16h00 <br \/>\nHauteur minimale : 120 cm <br \/>\nMaximum weight: single jet ski &#8211; 120 kg, double jet ski &#8211; 160 kg <br \/>\nPort : Las Galletas<\/p>\n<p>\n<br \/>\n<strong>Stand Up Paddle<\/strong><\/p>\n<p>\nDur\u00e9e : 2 heures<br \/>\nHoraires de d\u00e9part : 10h00, 12h00, 14h00 <br \/>\n\u00c2ge minimum : 10 ans <br \/>\nLieu : Los Cristianos<\/p>\n<h3>Transport<\/h3>\n<p>\n<strong>Jet ski<\/strong>: prise en charge gratuite depuis Los Cristianos, Las Americas, Costa Adeje<\/p>\n<p>\n<strong>Stand Up Paddle<\/strong>: la prise en charge est de 4 euros par personne dans le sud de Tenerife<\/p>\n<p>\nSi vous s\u00e9journez \u00e0 Puerto de la Cruz, nous pouvons organiser une prise en charge \u00e0 votre h\u00f4tel moyennant des frais suppl\u00e9mentaires.<\/p>","protected":false},"excerpt":{"rendered":"<div>\n<p>Profitez de sensations fortes en jet ski et en paddleboard dans l'oc\u00e9an\u00a0! R\u00e9servez notre Forfait Eau pour deux personnes et payez moins cher !  <\/p>\n<p>\n<br \/>\nS\u00e9lectionnez votre option pr\u00e9f\u00e9r\u00e9e, puis la date de la premi\u00e8re visite. D\u00e8s r\u00e9ception de la r\u00e9servation, nous convenirons avec vous des dates et horaires des deux visites.<\/p>\n<\/div>","protected":false},"featured_media":1442,"template":"","meta":{"_acf_changed":false},"product_brand":[],"product_cat":[142],"product_tag":[],"class_list":{"0":"post-1439","1":"product","2":"type-product","3":"status-publish","4":"has-post-thumbnail","6":"product_cat-special-offers","8":"first","9":"instock","10":"sale","11":"shipping-taxable","12":"product-type-grouped"},"acf":[],"yoast_head":"<!-- This site is optimized with the Yoast SEO plugin v25.6 - https:\/\/yoast.com\/wordpress\/plugins\/seo\/ -->\n<title>Water Package for 2 : Jet Ski &amp; SUP in Tenerife - Aventura Excursions - Book Now!<\/title>\n<meta name=\"description\" content=\"Book our Water Package for 2 in Tenerife. Check reviews, prices, and ratings. Enjoy thrilling jet ski rides and stand up paddle board with a discount.\" \/>\n<meta name=\"robots\" content=\"index, follow, max-snippet:-1, max-image-preview:large, max-video-preview:-1\" \/>\n<link rel=\"canonical\" href=\"https:\/\/aventura-excursions.com\/fr\/produit\/water-package\/\" \/>\n<meta property=\"og:locale\" content=\"fr_FR\" \/>\n<meta property=\"og:type\" content=\"article\" \/>\n<meta property=\"og:title\" content=\"Water Package for 2 : Jet Ski &amp; SUP in Tenerife - Aventura Excursions - Book Now!\" \/>\n<meta property=\"og:description\" content=\"Book our Water Package for 2 in Tenerife. Check reviews, prices, and ratings. Enjoy thrilling jet ski rides and stand up paddle board with a discount.\" \/>\n<meta property=\"og:url\" content=\"https:\/\/aventura-excursions.com\/fr\/produit\/water-package\/\" \/>\n<meta property=\"og:site_name\" content=\"Aventura Excursions\" \/>\n<meta property=\"article:modified_time\" content=\"2025-09-16T12:45:21+00:00\" \/>\n<meta property=\"og:image\" content=\"https:\/\/aventura-excursions.com\/wp-content\/uploads\/2024\/04\/water-pack.jpg\" \/>\n\t<meta property=\"og:image:width\" content=\"950\" \/>\n\t<meta property=\"og:image:height\" content=\"676\" \/>\n\t<meta property=\"og:image:type\" content=\"image\/jpeg\" \/>\n<meta name=\"twitter:card\" content=\"summary_large_image\" \/>\n<meta name=\"twitter:label1\" content=\"Dur\u00e9e de lecture estim\u00e9e\" \/>\n\t<meta name=\"twitter:data1\" content=\"2 minutes\" \/>\n<!-- \/ Yoast SEO plugin. -->","yoast_head_json":{"title":"Water Package for 2 : Jet Ski & SUP in Tenerife - Aventura Excursions - Book Now!","description":"Book our Water Package for 2 in Tenerife. Check reviews, prices, and ratings. Enjoy thrilling jet ski rides and stand up paddle board with a discount.","robots":{"index":"index","follow":"follow","max-snippet":"max-snippet:-1","max-image-preview":"max-image-preview:large","max-video-preview":"max-video-preview:-1"},"canonical":"https:\/\/aventura-excursions.com\/fr\/produit\/water-package\/","og_locale":"fr_FR","og_type":"article","og_title":"Water Package for 2 : Jet Ski & SUP in Tenerife - Aventura Excursions - Book Now!","og_description":"Book our Water Package for 2 in Tenerife. Check reviews, prices, and ratings. Enjoy thrilling jet ski rides and stand up paddle board with a discount.","og_url":"https:\/\/aventura-excursions.com\/fr\/produit\/water-package\/","og_site_name":"Aventura Excursions","article_modified_time":"2025-09-16T12:45:21+00:00","og_image":[{"width":950,"height":676,"url":"https:\/\/aventura-excursions.com\/wp-content\/uploads\/2024\/04\/water-pack.jpg","type":"image\/jpeg"}],"twitter_card":"summary_large_image","twitter_misc":{"Dur\u00e9e de lecture estim\u00e9e":"2 minutes"},"schema":{"@context":"https:\/\/schema.org","@graph":[{"@type":"WebPage","@id":"https:\/\/aventura-excursions.com\/product\/water-package\/","url":"https:\/\/aventura-excursions.com\/product\/water-package\/","name":"Water Package for 2 : Jet Ski & SUP in Tenerife - Aventura Excursions - Book Now!","isPartOf":{"@id":"https:\/\/aventura-excursions.com\/#website"},"primaryImageOfPage":{"@id":"https:\/\/aventura-excursions.com\/product\/water-package\/#primaryimage"},"image":{"@id":"https:\/\/aventura-excursions.com\/product\/water-package\/#primaryimage"},"thumbnailUrl":"https:\/\/aventura-excursions.com\/wp-content\/uploads\/2024\/04\/water-pack.jpg","datePublished":"2024-04-22T22:25:32+00:00","dateModified":"2025-09-16T12:45:21+00:00","description":"Book our Water Package for 2 in Tenerife. Check reviews, prices, and ratings. Enjoy thrilling jet ski rides and stand up paddle board with a discount.","breadcrumb":{"@id":"https:\/\/aventura-excursions.com\/product\/water-package\/#breadcrumb"},"inLanguage":"fr-FR","potentialAction":[{"@type":"ReadAction","target":["https:\/\/aventura-excursions.com\/product\/water-package\/"]}]},{"@type":"ImageObject","inLanguage":"fr-FR","@id":"https:\/\/aventura-excursions.com\/product\/water-package\/#primaryimage","url":"https:\/\/aventura-excursions.com\/wp-content\/uploads\/2024\/04\/water-pack.jpg","contentUrl":"https:\/\/aventura-excursions.com\/wp-content\/uploads\/2024\/04\/water-pack.jpg","width":950,"height":676},{"@type":"BreadcrumbList","@id":"https:\/\/aventura-excursions.com\/product\/water-package\/#breadcrumb","itemListElement":[{"@type":"ListItem","position":1,"name":"Tours","item":"https:\/\/aventura-excursions.com\/tours\/"},{"@type":"ListItem","position":2,"name":"Water Package for 2"}]},{"@type":"WebSite","@id":"https:\/\/aventura-excursions.com\/#website","url":"https:\/\/aventura-excursions.com\/","name":"Aventura Excursions","description":"Aventura Excursions","potentialAction":[{"@type":"SearchAction","target":{"@type":"EntryPoint","urlTemplate":"https:\/\/aventura-excursions.com\/?s={search_term_string}"},"query-input":{"@type":"PropertyValueSpecification","valueRequired":true,"valueName":"search_term_string"}}],"inLanguage":"fr-FR"}]}},"_links":{"self":[{"href":"https:\/\/aventura-excursions.com\/fr\/wp-json\/wp\/v2\/product\/1439","targetHints":{"allow":["GET"]}}],"collection":[{"href":"https:\/\/aventura-excursions.com\/fr\/wp-json\/wp\/v2\/product"}],"about":[{"href":"https:\/\/aventura-excursions.com\/fr\/wp-json\/wp\/v2\/types\/product"}],"wp:featuredmedia":[{"embeddable":true,"href":"https:\/\/aventura-excursions.com\/fr\/wp-json\/wp\/v2\/media\/1442"}],"wp:attachment":[{"href":"https:\/\/aventura-excursions.com\/fr\/wp-json\/wp\/v2\/media?parent=1439"}],"wp:term":[{"taxonomy":"product_brand","embeddable":true,"href":"https:\/\/aventura-excursions.com\/fr\/wp-json\/wp\/v2\/product_brand?post=1439"},{"taxonomy":"product_cat","embeddable":true,"href":"https:\/\/aventura-excursions.com\/fr\/wp-json\/wp\/v2\/product_cat?post=1439"},{"taxonomy":"product_tag","embeddable":true,"href":"https:\/\/aventura-excursions.com\/fr\/wp-json\/wp\/v2\/product_tag?post=1439"}],"curies":[{"name":"wp","href":"https:\/\/api.w.org\/{rel}","templated":true}]}}