{"id":1448,"date":"2024-04-23T18:43:06","date_gmt":"2024-04-23T15:43:06","guid":{"rendered":"https:\/\/aventura-excursions.com\/?post_type=product&#038;p=1448"},"modified":"2025-09-10T15:48:36","modified_gmt":"2025-09-10T12:48:36","slug":"for-families-with-kids","status":"publish","type":"product","link":"https:\/\/aventura-excursions.com\/fr\/produit\/for-families-with-kids\/","title":{"rendered":"Pour les familles avec enfants"},"content":{"rendered":"<div>\n<h3>Visites incluses dans le forfait<\/h3>\n<ul>\n<li><a href=\"https:\/\/aventura-excursions.com\/fr\/produit\/siam-park\/\"><strong><em>Siam Park:<\/em><\/strong><\/a> parc aquatique N\u00b01 en Europe<\/li>\n<li><strong><em><a href=\"https:\/\/aventura-excursions.com\/fr\/produit\/loro-park\/\">Loro Park:<\/a><\/em><\/strong> c\u00e9l\u00e8bre zoo avec spectacle d'orques<\/li>\n<li><strong><em><a href=\"https:\/\/aventura-excursions.com\/fr\/produit\/kayaking-snorkeling\/\">Kayak et snorkeling:<\/a><\/em><\/strong> apprendre aux enfants \u00e0 faire de la plong\u00e9e avec tuba<\/li>\n<li><strong><em><a href=\"https:\/\/aventura-excursions.com\/fr\/produit\/boat-trip-whale-watching\/\">Excursion en bateau Viking:<\/a><\/em><\/strong> observer les dauphins ; la meilleure animation pour enfants<\/li>\n<\/ul>\n<p><\/p>\n<h3>Description<\/h3>\n<p class=\" translation-block\">Partagez vos vacances passionnantes avec toute la famille ! Nous avons s\u00e9lectionn\u00e9 pour vous les circuits les plus populaires r\u00e9serv\u00e9s par les familles avec enfants \u00e0 Tenerife et les avons combin\u00e9s dans un forfait \u00e0 prix r\u00e9duit. Cette offre sp\u00e9ciale comprend un <a href=\"https:\/\/aventura-excursions.com\/fr\/produit\/twin-ticket\/\" target=\"_self\"><em><strong>Twin Ticket<\/strong><\/em><\/a> (Siam + Loro), une excursion en <a href=\"https:\/\/aventura-excursions.com\/fr\/produit\/kayaking-snorkeling\/\" target=\"_self\"><strong><em>kayak + snorkeling<\/em><\/strong><\/a> et un voyage unique \u00e0 bord du <a href=\"https:\/\/aventura-excursions.com\/fr\/produit\/boat-trip-whale-watching\/\" target=\"_self\"><strong><em>bateau Viking<\/em><\/strong><\/a> avec une animation spectaculaire.<\/p>\n<p>Vous pouvez choisir le jour et l'ordre de votre choix pour chaque activit\u00e9. D\u00e8s r\u00e9ception de votre r\u00e9servation, nous vous contacterons pour convenir des jours et des horaires des visites.<\/p>\n<p>Facile \u00e0 planifier, moins cher \u00e0 payer\u00a0!<\/p>\n<p>\n<\/p>\n<h3>D\u00e9tails<\/h3>\n<p>\n<strong><em>Siam Park<\/em><\/strong><\/p>\n<p>Horaires d'ouverture en \u00e9t\u00e9 : 10h00 \u2013 18h00<br \/>\nWinter opening hours: 10:00 &#8211; 17:00<br \/>\nLocalisation : Sud de Tenerife<\/p>\n<p><strong><em>Loro Park<\/em><\/strong><\/p>\n<p>Horaires d'ouverture : 09h30 \u2013 17h30<br \/>\nLocalisation : Nord de Tenerife<\/p>\n<p><strong><em>Excursion en kayak<\/em><\/strong><\/p>\n<p>Horaires de d\u00e9part : 10h00, 12h30, 14h00<br \/>\nLocalisation : Los Cristianos, au sud de Tenerife<\/p>\n<p><strong><em>Excursion en bateau Viking<\/em><\/strong><\/p>\n<p>Horaires de d\u00e9part : 11h00, 13h30<br \/>\nLocalisation : Los Cristianos, au sud de Tenerife<\/p>\n<p>\n<\/p>\n<h3>Transport<\/h3>\n<p>\nPour vous faciliter la planification de votre visite, nous vous proposons un bus Siam depuis Puerto de la Cruz et un bus Loro depuis les villages touristiques du Sud (Las Americas, Los Cristianos etc.).<\/p>\n<p class=\" translation-block\">R\u00e9servez le <strong>forfait famille + Bus Siam<\/strong>, si vous s\u00e9journez \u00e0 Puerto de La Cruz.\n<br>R\u00e9servez le <strong>Forfait Famille + Bus Loro<\/strong>, si vous s\u00e9journez dans le Sud.<\/p>\n<p>Il existe une navette gratuite Siam dans le sud.<\/p>\n<p class=\" translation-block\">Vous pouvez \u00e9galement <a href=\"https:\/\/aventura-excursions.com\/fr\/produit\/rent-a-car\/\" target=\"_self\"><strong><em>louer une voiture<\/em><\/strong><\/a> chez nous et vous rendre seul dans les parcs. Le seul inconv\u00e9nient pourrait \u00eatre un parking plein en raison de la grande popularit\u00e9 des deux parcs.<\/p>\n<p>Pour le tour en kayak, la prise en charge dans le Sud co\u00fbte 4 euros par personne. Vous payez les frais \u00e0 l'\u00e9cole de kayak.<\/p>\n<p>La prise en charge pour l'excursion en bateau Viking est gratuite dans le sud de Tenerife.\n<\/p><\/div>","protected":false},"excerpt":{"rendered":"<div>\n<p>Le choix le plus populaire des familles avec enfants : Twin Ticket (Siam Park et Loro Park), excursion en kayak+snorkeling et excursion en bateau Viking.<\/p>\n<p>\nTout d\u2019abord, choisissez si vous avez besoin ou non d\u2019un transfert vers l\u2019un des parcs.<\/p>\n<p>\nSi vous \u00eates dans le Nord et avez besoin d'un transport jusqu'\u00e0 Siam Park, choisissez Forfait Famille + Bus Siam.<\/p>\n<p>\nSi vous \u00eates dans le Sud et avez besoin d'un transport jusqu'au parc Loro, choisissez le forfait famille + Bus Loro.<\/p>\n<p>\nChoisissez le nombre d'adultes et d'enfants puis la date de la premi\u00e8re visite. D\u00e8s r\u00e9ception de la r\u00e9servation, nous convenirons avec vous des dates et horaires de toutes les visites.\n<\/p><\/div>","protected":false},"featured_media":1620,"template":"","meta":{"_acf_changed":false},"product_brand":[],"product_cat":[142],"product_tag":[],"class_list":{"0":"post-1448","1":"product","2":"type-product","3":"status-publish","4":"has-post-thumbnail","6":"product_cat-special-offers","8":"first","9":"instock","10":"sale","11":"shipping-taxable","12":"product-type-grouped"},"acf":[],"yoast_head":"<!-- This site is optimized with the Yoast SEO plugin v25.6 - https:\/\/yoast.com\/wordpress\/plugins\/seo\/ -->\n<title>Tenerife Family Fun Package - Aventura Excursions | Book and Save 10%!<\/title>\n<meta name=\"description\" content=\"Book the best family tours in Tenerife! Get the Twin Ticket for Siam &amp; Loro Parks, kayaking, snorkeling, and Viking boat trip. Reserve your adventure now!\" \/>\n<meta name=\"robots\" content=\"index, follow, max-snippet:-1, max-image-preview:large, max-video-preview:-1\" \/>\n<link rel=\"canonical\" href=\"https:\/\/aventura-excursions.com\/fr\/produit\/for-families-with-kids\/\" \/>\n<meta property=\"og:locale\" content=\"fr_FR\" \/>\n<meta property=\"og:type\" content=\"article\" \/>\n<meta property=\"og:title\" content=\"Tenerife Family Fun Package - Aventura Excursions | Book and Save 10%!\" \/>\n<meta property=\"og:description\" content=\"Book the best family tours in Tenerife! Get the Twin Ticket for Siam &amp; Loro Parks, kayaking, snorkeling, and Viking boat trip. Reserve your adventure now!\" \/>\n<meta property=\"og:url\" content=\"https:\/\/aventura-excursions.com\/fr\/produit\/for-families-with-kids\/\" \/>\n<meta property=\"og:site_name\" content=\"Aventura Excursions\" \/>\n<meta property=\"article:modified_time\" content=\"2025-09-10T12:48:36+00:00\" \/>\n<meta property=\"og:image\" content=\"https:\/\/aventura-excursions.com\/wp-content\/uploads\/2024\/04\/\u0414\u0438\u0437\u0430\u0439\u043d-\u0431\u0435\u0437-\u043d\u0430\u0437\u0432\u0430\u043d\u0438\u044f.jpg\" \/>\n\t<meta property=\"og:image:width\" content=\"800\" \/>\n\t<meta property=\"og:image:height\" content=\"600\" \/>\n\t<meta property=\"og:image:type\" content=\"image\/jpeg\" \/>\n<meta name=\"twitter:card\" content=\"summary_large_image\" \/>\n<meta name=\"twitter:label1\" content=\"Dur\u00e9e de lecture estim\u00e9e\" \/>\n\t<meta name=\"twitter:data1\" content=\"2 minutes\" \/>\n<!-- \/ Yoast SEO plugin. -->","yoast_head_json":{"title":"Tenerife Family Fun Package - Aventura Excursions | Book and Save 10%!","description":"Book the best family tours in Tenerife! Get the Twin Ticket for Siam & Loro Parks, kayaking, snorkeling, and Viking boat trip. Reserve your adventure now!","robots":{"index":"index","follow":"follow","max-snippet":"max-snippet:-1","max-image-preview":"max-image-preview:large","max-video-preview":"max-video-preview:-1"},"canonical":"https:\/\/aventura-excursions.com\/fr\/produit\/for-families-with-kids\/","og_locale":"fr_FR","og_type":"article","og_title":"Tenerife Family Fun Package - Aventura Excursions | Book and Save 10%!","og_description":"Book the best family tours in Tenerife! Get the Twin Ticket for Siam & Loro Parks, kayaking, snorkeling, and Viking boat trip. Reserve your adventure now!","og_url":"https:\/\/aventura-excursions.com\/fr\/produit\/for-families-with-kids\/","og_site_name":"Aventura Excursions","article_modified_time":"2025-09-10T12:48:36+00:00","og_image":[{"width":800,"height":600,"url":"https:\/\/aventura-excursions.com\/wp-content\/uploads\/2024\/04\/\u0414\u0438\u0437\u0430\u0439\u043d-\u0431\u0435\u0437-\u043d\u0430\u0437\u0432\u0430\u043d\u0438\u044f.jpg","type":"image\/jpeg"}],"twitter_card":"summary_large_image","twitter_misc":{"Dur\u00e9e de lecture estim\u00e9e":"2 minutes"},"schema":{"@context":"https:\/\/schema.org","@graph":[{"@type":"WebPage","@id":"https:\/\/aventura-excursions.com\/product\/for-families-with-kids\/","url":"https:\/\/aventura-excursions.com\/product\/for-families-with-kids\/","name":"Tenerife Family Fun Package - Aventura Excursions | Book and Save 10%!","isPartOf":{"@id":"https:\/\/aventura-excursions.com\/#website"},"primaryImageOfPage":{"@id":"https:\/\/aventura-excursions.com\/product\/for-families-with-kids\/#primaryimage"},"image":{"@id":"https:\/\/aventura-excursions.com\/product\/for-families-with-kids\/#primaryimage"},"thumbnailUrl":"https:\/\/aventura-excursions.com\/wp-content\/uploads\/2024\/04\/\u0414\u0438\u0437\u0430\u0439\u043d-\u0431\u0435\u0437-\u043d\u0430\u0437\u0432\u0430\u043d\u0438\u044f.jpg","datePublished":"2024-04-23T15:43:06+00:00","dateModified":"2025-09-10T12:48:36+00:00","description":"Book the best family tours in Tenerife! Get the Twin Ticket for Siam & Loro Parks, kayaking, snorkeling, and Viking boat trip. Reserve your adventure now!","breadcrumb":{"@id":"https:\/\/aventura-excursions.com\/product\/for-families-with-kids\/#breadcrumb"},"inLanguage":"fr-FR","potentialAction":[{"@type":"ReadAction","target":["https:\/\/aventura-excursions.com\/product\/for-families-with-kids\/"]}]},{"@type":"ImageObject","inLanguage":"fr-FR","@id":"https:\/\/aventura-excursions.com\/product\/for-families-with-kids\/#primaryimage","url":"https:\/\/aventura-excursions.com\/wp-content\/uploads\/2024\/04\/\u0414\u0438\u0437\u0430\u0439\u043d-\u0431\u0435\u0437-\u043d\u0430\u0437\u0432\u0430\u043d\u0438\u044f.jpg","contentUrl":"https:\/\/aventura-excursions.com\/wp-content\/uploads\/2024\/04\/\u0414\u0438\u0437\u0430\u0439\u043d-\u0431\u0435\u0437-\u043d\u0430\u0437\u0432\u0430\u043d\u0438\u044f.jpg","width":800,"height":600},{"@type":"BreadcrumbList","@id":"https:\/\/aventura-excursions.com\/product\/for-families-with-kids\/#breadcrumb","itemListElement":[{"@type":"ListItem","position":1,"name":"Tours","item":"https:\/\/aventura-excursions.com\/tours\/"},{"@type":"ListItem","position":2,"name":"For Families with Kids"}]},{"@type":"WebSite","@id":"https:\/\/aventura-excursions.com\/#website","url":"https:\/\/aventura-excursions.com\/","name":"Aventura Excursions","description":"Aventura Excursions","potentialAction":[{"@type":"SearchAction","target":{"@type":"EntryPoint","urlTemplate":"https:\/\/aventura-excursions.com\/?s={search_term_string}"},"query-input":{"@type":"PropertyValueSpecification","valueRequired":true,"valueName":"search_term_string"}}],"inLanguage":"fr-FR"}]}},"_links":{"self":[{"href":"https:\/\/aventura-excursions.com\/fr\/wp-json\/wp\/v2\/product\/1448","targetHints":{"allow":["GET"]}}],"collection":[{"href":"https:\/\/aventura-excursions.com\/fr\/wp-json\/wp\/v2\/product"}],"about":[{"href":"https:\/\/aventura-excursions.com\/fr\/wp-json\/wp\/v2\/types\/product"}],"wp:featuredmedia":[{"embeddable":true,"href":"https:\/\/aventura-excursions.com\/fr\/wp-json\/wp\/v2\/media\/1620"}],"wp:attachment":[{"href":"https:\/\/aventura-excursions.com\/fr\/wp-json\/wp\/v2\/media?parent=1448"}],"wp:term":[{"taxonomy":"product_brand","embeddable":true,"href":"https:\/\/aventura-excursions.com\/fr\/wp-json\/wp\/v2\/product_brand?post=1448"},{"taxonomy":"product_cat","embeddable":true,"href":"https:\/\/aventura-excursions.com\/fr\/wp-json\/wp\/v2\/product_cat?post=1448"},{"taxonomy":"product_tag","embeddable":true,"href":"https:\/\/aventura-excursions.com\/fr\/wp-json\/wp\/v2\/product_tag?post=1448"}],"curies":[{"name":"wp","href":"https:\/\/api.w.org\/{rel}","templated":true}]}}