{"id":1579,"date":"2024-05-15T14:35:55","date_gmt":"2024-05-15T11:35:55","guid":{"rendered":"https:\/\/aventura-excursions.com\/?post_type=product&#038;p=1579"},"modified":"2025-09-10T15:36:06","modified_gmt":"2025-09-10T12:36:06","slug":"diving-for-beginners","status":"publish","type":"product","link":"https:\/\/aventura-excursions.com\/fr\/produit\/diving-for-beginners\/","title":{"rendered":"Plong\u00e9e pour d\u00e9butants"},"content":{"rendered":"<h3>Description<\/h3>\n<p>\nEver wondered what it&#8217;s like to breathe underwater and explore the magical world beneath the waves? Join us for a try dive or DSD program and discover the thrill of scuba diving! Perfect for beginners, our expert instructors will guide you through every step, ensuring a safe and unforgettable experience. No prior experience needed\u2014just bring your sense of adventure!<\/p>\n<p>\nIl existe deux programmes pour d\u00e9butants\u00a0: un bapt\u00eame de plong\u00e9e, qui constitue l'introduction la plus \u00e9l\u00e9mentaire \u00e0 la plong\u00e9e sous-marine, et un DSD, qui est un programme plus \u00e9tendu et comprend un apprentissage online (elearning), des entretiens plus longs avec l'instructeur et une s\u00e9rie de exercices dans l'eau. DSD vous d\u00e9livrera \u00e9galement un permis temporaire pour plonger jusqu'\u00e0 12 m\u00e8tres de profondeur avec un instructeur.<\/p>\n<p>\nYou can choose to dive from the beach or by boat. In both cases you will dive in a beautiful dive spot, rich of marine life. Guided by our experienced instructors, you&#8217;ll experience the beauty and thrill of scuba diving in one of the world&#8217;s top diving destinations.<\/p>\n<p>\nR\u00e9servez votre plong\u00e9e aujourd'hui et cr\u00e9ez des souvenirs qui dureront toute une vie !<\/p>\n<p>\n<\/p>\n<h3>Points d'inter\u00eats<\/h3>\n<ul>\n<li>Plong\u00e9e pour d\u00e9butants (aucune exp\u00e9rience requise)<\/li>\n<li>Les meilleurs spots de plong\u00e9e \u00e0 Tenerife<\/li>\n<li>Plong\u00e9e depuis la plage et bateau<\/li>\n<li>Une vie marine abondante<\/li>\n<li>Paysages volcaniques<\/li>\n<li>Instructeurs exp\u00e9riment\u00e9s<\/li>\n<\/ul>\n<p><\/p>\n<h3>Exigences<\/h3>\n<p>\u00c2ge minimum : 8 ans<\/p>\n<p><\/p>\n<h3>D\u00e9tails<\/h3>\n<p>\nDur\u00e9e : 3 heures<br \/>\nHeure de d\u00e9part de la plage : 10h00, 12h30, 15h00<br \/>\nHeure de d\u00e9part du bateau : 09h00, 13h00<br \/>\nMat\u00e9riel et assurance inclus<\/p>\n<p>La prise en charge dans le sud de Tenerife co\u00fbte 4 euros par personne : de Callao Salvaje \u00e0 Golf del Sur.<br \/>\nPrise en charge \u00e0 Puerto Santiago, Playa la Arena, El Medano : 15 euros pour la voiture (max 8 personnes). <\/p>\n<p><\/p>\n<h3>S'inscrire \u00e0 un cours<\/h3>\n<p>\nVous pouvez sauter un bapt\u00eame de plong\u00e9e et vous inscrire directement \u00e0 un cours de plong\u00e9e sous-marine et obtenir une licence en seulement 1 ou 2 jours ! Voir plus d'informations ici: <strong><em><a href=\"https:\/\/aventura-excursions.com\/fr\/produit\/diving-courses\/\">Cours de plong\u00e9e<\/a><\/em><\/strong><\/p>","protected":false},"excerpt":{"rendered":"<div>\n<p>Curieux de d\u00e9couvrir la plong\u00e9e sous-marine ? Notre bapt\u00eame de plong\u00e9e est le moyen id\u00e9al pour commencer\u00a0! Plongez dans un nouveau monde avec les conseils de nos instructeurs experts \u2013 aucune exp\u00e9rience n'est requise.<\/p>\n<p>\nChoisissez un bapt\u00eame de plong\u00e9e ou DSD avec elearning, et si besoin des options suppl\u00e9mentaires : photos, prise en charge au sud de Tenerife ou \u00e0 Playa la Arena. S\u00e9lectionnez ensuite la date de votre premi\u00e8re exp\u00e9rience de plong\u00e9e.<\/p>\n<\/div>","protected":false},"featured_media":1611,"template":"","meta":{"_acf_changed":false},"product_brand":[],"product_cat":[21],"product_tag":[],"class_list":{"0":"post-1579","1":"product","2":"type-product","3":"status-publish","4":"has-post-thumbnail","6":"product_cat-activities","8":"first","9":"instock","10":"sale","11":"shipping-taxable","12":"product-type-grouped"},"acf":[],"yoast_head":"<!-- This site is optimized with the Yoast SEO plugin v25.6 - https:\/\/yoast.com\/wordpress\/plugins\/seo\/ -->\n<title>Diving for Beginners in Tenerife - Aventura Excursions | Book Your Try Dive Now!<\/title>\n<meta name=\"description\" content=\"Start scuba diving in Tenerife! Perfect for beginners, our try dive and DSD programs offer expert guidance. Check prices, reviews, and book now!\" \/>\n<meta name=\"robots\" content=\"index, follow, max-snippet:-1, max-image-preview:large, max-video-preview:-1\" \/>\n<link rel=\"canonical\" href=\"https:\/\/aventura-excursions.com\/fr\/produit\/diving-for-beginners\/\" \/>\n<meta property=\"og:locale\" content=\"fr_FR\" \/>\n<meta property=\"og:type\" content=\"article\" \/>\n<meta property=\"og:title\" content=\"Diving for Beginners in Tenerife - Aventura Excursions | Book Your Try Dive Now!\" \/>\n<meta property=\"og:description\" content=\"Start scuba diving in Tenerife! Perfect for beginners, our try dive and DSD programs offer expert guidance. Check prices, reviews, and book now!\" \/>\n<meta property=\"og:url\" content=\"https:\/\/aventura-excursions.com\/fr\/produit\/diving-for-beginners\/\" \/>\n<meta property=\"og:site_name\" content=\"Aventura Excursions\" \/>\n<meta property=\"article:modified_time\" content=\"2025-09-10T12:36:06+00:00\" \/>\n<meta property=\"og:image\" content=\"https:\/\/aventura-excursions.com\/wp-content\/uploads\/2024\/05\/caption.jpg\" \/>\n\t<meta property=\"og:image:width\" content=\"500\" \/>\n\t<meta property=\"og:image:height\" content=\"400\" \/>\n\t<meta property=\"og:image:type\" content=\"image\/jpeg\" \/>\n<meta name=\"twitter:card\" content=\"summary_large_image\" \/>\n<meta name=\"twitter:label1\" content=\"Dur\u00e9e de lecture estim\u00e9e\" \/>\n\t<meta name=\"twitter:data1\" content=\"2 minutes\" \/>\n<!-- \/ Yoast SEO plugin. -->","yoast_head_json":{"title":"Diving for Beginners in Tenerife - Aventura Excursions | Book Your Try Dive Now!","description":"Start scuba diving in Tenerife! Perfect for beginners, our try dive and DSD programs offer expert guidance. Check prices, reviews, and book now!","robots":{"index":"index","follow":"follow","max-snippet":"max-snippet:-1","max-image-preview":"max-image-preview:large","max-video-preview":"max-video-preview:-1"},"canonical":"https:\/\/aventura-excursions.com\/fr\/produit\/diving-for-beginners\/","og_locale":"fr_FR","og_type":"article","og_title":"Diving for Beginners in Tenerife - Aventura Excursions | Book Your Try Dive Now!","og_description":"Start scuba diving in Tenerife! Perfect for beginners, our try dive and DSD programs offer expert guidance. Check prices, reviews, and book now!","og_url":"https:\/\/aventura-excursions.com\/fr\/produit\/diving-for-beginners\/","og_site_name":"Aventura Excursions","article_modified_time":"2025-09-10T12:36:06+00:00","og_image":[{"width":500,"height":400,"url":"https:\/\/aventura-excursions.com\/wp-content\/uploads\/2024\/05\/caption.jpg","type":"image\/jpeg"}],"twitter_card":"summary_large_image","twitter_misc":{"Dur\u00e9e de lecture estim\u00e9e":"2 minutes"},"schema":{"@context":"https:\/\/schema.org","@graph":[{"@type":"WebPage","@id":"https:\/\/aventura-excursions.com\/product\/diving-for-beginners\/","url":"https:\/\/aventura-excursions.com\/product\/diving-for-beginners\/","name":"Diving for Beginners in Tenerife - Aventura Excursions | Book Your Try Dive Now!","isPartOf":{"@id":"https:\/\/aventura-excursions.com\/#website"},"primaryImageOfPage":{"@id":"https:\/\/aventura-excursions.com\/product\/diving-for-beginners\/#primaryimage"},"image":{"@id":"https:\/\/aventura-excursions.com\/product\/diving-for-beginners\/#primaryimage"},"thumbnailUrl":"https:\/\/aventura-excursions.com\/wp-content\/uploads\/2024\/05\/caption.jpg","datePublished":"2024-05-15T11:35:55+00:00","dateModified":"2025-09-10T12:36:06+00:00","description":"Start scuba diving in Tenerife! Perfect for beginners, our try dive and DSD programs offer expert guidance. Check prices, reviews, and book now!","breadcrumb":{"@id":"https:\/\/aventura-excursions.com\/product\/diving-for-beginners\/#breadcrumb"},"inLanguage":"fr-FR","potentialAction":[{"@type":"ReadAction","target":["https:\/\/aventura-excursions.com\/product\/diving-for-beginners\/"]}]},{"@type":"ImageObject","inLanguage":"fr-FR","@id":"https:\/\/aventura-excursions.com\/product\/diving-for-beginners\/#primaryimage","url":"https:\/\/aventura-excursions.com\/wp-content\/uploads\/2024\/05\/caption.jpg","contentUrl":"https:\/\/aventura-excursions.com\/wp-content\/uploads\/2024\/05\/caption.jpg","width":500,"height":400},{"@type":"BreadcrumbList","@id":"https:\/\/aventura-excursions.com\/product\/diving-for-beginners\/#breadcrumb","itemListElement":[{"@type":"ListItem","position":1,"name":"Tours","item":"https:\/\/aventura-excursions.com\/tours\/"},{"@type":"ListItem","position":2,"name":"Diving for Beginners"}]},{"@type":"WebSite","@id":"https:\/\/aventura-excursions.com\/#website","url":"https:\/\/aventura-excursions.com\/","name":"Aventura Excursions","description":"Aventura Excursions","potentialAction":[{"@type":"SearchAction","target":{"@type":"EntryPoint","urlTemplate":"https:\/\/aventura-excursions.com\/?s={search_term_string}"},"query-input":{"@type":"PropertyValueSpecification","valueRequired":true,"valueName":"search_term_string"}}],"inLanguage":"fr-FR"}]}},"_links":{"self":[{"href":"https:\/\/aventura-excursions.com\/fr\/wp-json\/wp\/v2\/product\/1579","targetHints":{"allow":["GET"]}}],"collection":[{"href":"https:\/\/aventura-excursions.com\/fr\/wp-json\/wp\/v2\/product"}],"about":[{"href":"https:\/\/aventura-excursions.com\/fr\/wp-json\/wp\/v2\/types\/product"}],"wp:featuredmedia":[{"embeddable":true,"href":"https:\/\/aventura-excursions.com\/fr\/wp-json\/wp\/v2\/media\/1611"}],"wp:attachment":[{"href":"https:\/\/aventura-excursions.com\/fr\/wp-json\/wp\/v2\/media?parent=1579"}],"wp:term":[{"taxonomy":"product_brand","embeddable":true,"href":"https:\/\/aventura-excursions.com\/fr\/wp-json\/wp\/v2\/product_brand?post=1579"},{"taxonomy":"product_cat","embeddable":true,"href":"https:\/\/aventura-excursions.com\/fr\/wp-json\/wp\/v2\/product_cat?post=1579"},{"taxonomy":"product_tag","embeddable":true,"href":"https:\/\/aventura-excursions.com\/fr\/wp-json\/wp\/v2\/product_tag?post=1579"}],"curies":[{"name":"wp","href":"https:\/\/api.w.org\/{rel}","templated":true}]}}