{"id":1829,"date":"2024-06-01T06:18:54","date_gmt":"2024-06-01T03:18:54","guid":{"rendered":"https:\/\/aventura-excursions.com\/?post_type=product&#038;p=1829"},"modified":"2025-06-04T18:36:37","modified_gmt":"2025-06-04T15:36:37","slug":"teide-cable-car","status":"publish","type":"product","link":"https:\/\/aventura-excursions.com\/fr\/produit\/teide-cable-car\/","title":{"rendered":"Teide + T\u00e9l\u00e9ph\u00e9rique"},"content":{"rendered":"<h3>Description<\/h3>\n<p>\nExplorez les paysages lunaires qui font du parc national du Teide le plus visit\u00e9 d'Europe. D\u00e9connectez-vous des vues habituelles de la Terre et croyez que vous \u00eates sur une autre plan\u00e8te. Montez en t\u00e9l\u00e9ph\u00e9rique jusqu'au mont le plus haut et le plus impressionnant d'Espagne, le Teide (3 718 m), et retrouvez-vous au-dessus des nuages, en admirant des vues fantastiques tout autour de vous : rochers de Garc\u00eda, immenses coul\u00e9es de lave, vastes d\u00e9serts et montagnes color\u00e9es contenant toutes sortes de min\u00e9raux.<\/p>\n<h3>Points d'inter\u00eats<\/h3>\n<ul>\n<li>Parc national du Teide<\/li>\n<li>Rochers de Garc\u00eda<\/li>\n<li>t\u00e9l\u00e9ph\u00e9rique jusqu'au Teide (jusqu'\u00e0 3550 m !)<\/li>\n<\/ul>\n<p>\n<\/p>\n<h3>D\u00e9tails<\/h3>\n<p>\n<strong><em>Rendez-vous:<\/em><\/strong> vers 11h00 <\/p>\n<p>\n<strong><em>Dur\u00e9e:<\/em><\/strong> 7-8 heures <\/p>\n<p>\n<strong><em>Inclus:<\/em><\/strong> <\/p>\n<ul>\n<li>prise en charge dans le sud de Costa Adeje \u00e0 Los Cristianos et dans le nord de Puerto de la Cruz<\/li>\n<li>billet pour le t\u00e9l\u00e9ph\u00e9rique<\/li>\n<li>guide professionnel<\/li>\n<\/ul>\n<p>\n<strong><em>Non inclus:<\/em><\/strong> d\u00e9jeuner (arr\u00eat dans un restaurant-snack bar) <\/p>\n<p>\n<br \/>\n<strong><em>Remarque:<\/em><\/strong> l'horaire affich\u00e9 sur cette page s'applique exclusivement aux visites effectu\u00e9es en anglais et en espagnol.<\/p>\n<p>\nPour les visites dans d'autres langues, ou si vous avez besoin d'une prise en charge \u00e0 partir d'une zone non r\u00e9pertori\u00e9e, veuillez nous contacter par courriel \u00e0 <a href=\"mailto:info@aventura-excursions.com\" target=\"ask__mail\">info@aventura-excursions.com<\/a> ou par t\u00e9l\u00e9phone au <a href=\"tel: 34647676812\" target=\"_blank\">+34 647 67 68 12<\/a>. Notre \u00e9quipe se fera un plaisir de vous aider.<\/p>","protected":false},"excerpt":{"rendered":"<div>\nParticipez \u00e0 l'une des visites guid\u00e9es les plus populaires de Tenerife et d\u00e9couvrez le parc national du Teide sous un angle particulier en montant au plus haut sommet d'Espagne en t\u00e9l\u00e9ph\u00e9rique. <\/p>\n<p>\nChoisissez d'abord si vous \u00eates dans le Sud (prise en charge disponible de Costa Adeje \u00e0 Los Cristianos) ou \u00e0 Puerto de la Cruz. S\u00e9lectionnez le nombre d'adultes, d'enfants (3-13 ans) et de b\u00e9b\u00e9s (0-2 ans) puis la date de l'excursion.\n<\/div>","protected":false},"featured_media":440,"template":"","meta":{"_acf_changed":false},"product_brand":[],"product_cat":[19],"product_tag":[],"class_list":{"0":"post-1829","1":"product","2":"type-product","3":"status-publish","4":"has-post-thumbnail","6":"product_cat-bus-excursions","8":"first","9":"instock","10":"shipping-taxable","11":"product-type-grouped"},"acf":[],"yoast_head":"<!-- This site is optimized with the Yoast SEO plugin v25.6 - https:\/\/yoast.com\/wordpress\/plugins\/seo\/ -->\n<title>Teide Cable Car Tours in Tenerife - Aventura Excursions - Book Your Adventure Now!<\/title>\n<meta name=\"description\" content=\"Explore the Teide National Park and climb to an altitude of 3,550m by cable car. Check reviews, prices. Experience stunning views from Spain&#039;s highest peak.\" \/>\n<meta name=\"robots\" content=\"index, follow, max-snippet:-1, max-image-preview:large, max-video-preview:-1\" \/>\n<link rel=\"canonical\" href=\"https:\/\/aventura-excursions.com\/fr\/produit\/teide-cable-car\/\" \/>\n<meta property=\"og:locale\" content=\"fr_FR\" \/>\n<meta property=\"og:type\" content=\"article\" \/>\n<meta property=\"og:title\" content=\"Teide Cable Car Tours in Tenerife - Aventura Excursions - Book Your Adventure Now!\" \/>\n<meta property=\"og:description\" content=\"Explore the Teide National Park and climb to an altitude of 3,550m by cable car. Check reviews, prices. Experience stunning views from Spain&#039;s highest peak.\" \/>\n<meta property=\"og:url\" content=\"https:\/\/aventura-excursions.com\/fr\/produit\/teide-cable-car\/\" \/>\n<meta property=\"og:site_name\" content=\"Aventura Excursions\" \/>\n<meta property=\"article:modified_time\" content=\"2025-06-04T15:36:37+00:00\" \/>\n<meta property=\"og:image\" content=\"https:\/\/aventura-excursions.com\/wp-content\/uploads\/2024\/02\/parque-nacional-teide-teleferico-02.jpg\" \/>\n\t<meta property=\"og:image:width\" content=\"1024\" \/>\n\t<meta property=\"og:image:height\" content=\"682\" \/>\n\t<meta property=\"og:image:type\" content=\"image\/jpeg\" \/>\n<meta name=\"twitter:card\" content=\"summary_large_image\" \/>\n<meta name=\"twitter:label1\" content=\"Dur\u00e9e de lecture estim\u00e9e\" \/>\n\t<meta name=\"twitter:data1\" content=\"2 minutes\" \/>\n<!-- \/ Yoast SEO plugin. -->","yoast_head_json":{"title":"Teide Cable Car Tours in Tenerife - Aventura Excursions - Book Your Adventure Now!","description":"Explore the Teide National Park and climb to an altitude of 3,550m by cable car. Check reviews, prices. Experience stunning views from Spain's highest peak.","robots":{"index":"index","follow":"follow","max-snippet":"max-snippet:-1","max-image-preview":"max-image-preview:large","max-video-preview":"max-video-preview:-1"},"canonical":"https:\/\/aventura-excursions.com\/fr\/produit\/teide-cable-car\/","og_locale":"fr_FR","og_type":"article","og_title":"Teide Cable Car Tours in Tenerife - Aventura Excursions - Book Your Adventure Now!","og_description":"Explore the Teide National Park and climb to an altitude of 3,550m by cable car. Check reviews, prices. Experience stunning views from Spain's highest peak.","og_url":"https:\/\/aventura-excursions.com\/fr\/produit\/teide-cable-car\/","og_site_name":"Aventura Excursions","article_modified_time":"2025-06-04T15:36:37+00:00","og_image":[{"width":1024,"height":682,"url":"https:\/\/aventura-excursions.com\/wp-content\/uploads\/2024\/02\/parque-nacional-teide-teleferico-02.jpg","type":"image\/jpeg"}],"twitter_card":"summary_large_image","twitter_misc":{"Dur\u00e9e de lecture estim\u00e9e":"2 minutes"},"schema":{"@context":"https:\/\/schema.org","@graph":[{"@type":"WebPage","@id":"https:\/\/aventura-excursions.com\/product\/teide-cable-car\/","url":"https:\/\/aventura-excursions.com\/product\/teide-cable-car\/","name":"Teide Cable Car Tours in Tenerife - Aventura Excursions - Book Your Adventure Now!","isPartOf":{"@id":"https:\/\/aventura-excursions.com\/#website"},"primaryImageOfPage":{"@id":"https:\/\/aventura-excursions.com\/product\/teide-cable-car\/#primaryimage"},"image":{"@id":"https:\/\/aventura-excursions.com\/product\/teide-cable-car\/#primaryimage"},"thumbnailUrl":"https:\/\/aventura-excursions.com\/wp-content\/uploads\/2024\/02\/parque-nacional-teide-teleferico-02.jpg","datePublished":"2024-06-01T03:18:54+00:00","dateModified":"2025-06-04T15:36:37+00:00","description":"Explore the Teide National Park and climb to an altitude of 3,550m by cable car. Check reviews, prices. Experience stunning views from Spain's highest peak.","breadcrumb":{"@id":"https:\/\/aventura-excursions.com\/product\/teide-cable-car\/#breadcrumb"},"inLanguage":"fr-FR","potentialAction":[{"@type":"ReadAction","target":["https:\/\/aventura-excursions.com\/product\/teide-cable-car\/"]}]},{"@type":"ImageObject","inLanguage":"fr-FR","@id":"https:\/\/aventura-excursions.com\/product\/teide-cable-car\/#primaryimage","url":"https:\/\/aventura-excursions.com\/wp-content\/uploads\/2024\/02\/parque-nacional-teide-teleferico-02.jpg","contentUrl":"https:\/\/aventura-excursions.com\/wp-content\/uploads\/2024\/02\/parque-nacional-teide-teleferico-02.jpg","width":1024,"height":682},{"@type":"BreadcrumbList","@id":"https:\/\/aventura-excursions.com\/product\/teide-cable-car\/#breadcrumb","itemListElement":[{"@type":"ListItem","position":1,"name":"Tours","item":"https:\/\/aventura-excursions.com\/tours\/"},{"@type":"ListItem","position":2,"name":"Teide + Cable Car"}]},{"@type":"WebSite","@id":"https:\/\/aventura-excursions.com\/#website","url":"https:\/\/aventura-excursions.com\/","name":"Aventura Excursions","description":"Aventura Excursions","potentialAction":[{"@type":"SearchAction","target":{"@type":"EntryPoint","urlTemplate":"https:\/\/aventura-excursions.com\/?s={search_term_string}"},"query-input":{"@type":"PropertyValueSpecification","valueRequired":true,"valueName":"search_term_string"}}],"inLanguage":"fr-FR"}]}},"_links":{"self":[{"href":"https:\/\/aventura-excursions.com\/fr\/wp-json\/wp\/v2\/product\/1829","targetHints":{"allow":["GET"]}}],"collection":[{"href":"https:\/\/aventura-excursions.com\/fr\/wp-json\/wp\/v2\/product"}],"about":[{"href":"https:\/\/aventura-excursions.com\/fr\/wp-json\/wp\/v2\/types\/product"}],"wp:featuredmedia":[{"embeddable":true,"href":"https:\/\/aventura-excursions.com\/fr\/wp-json\/wp\/v2\/media\/440"}],"wp:attachment":[{"href":"https:\/\/aventura-excursions.com\/fr\/wp-json\/wp\/v2\/media?parent=1829"}],"wp:term":[{"taxonomy":"product_brand","embeddable":true,"href":"https:\/\/aventura-excursions.com\/fr\/wp-json\/wp\/v2\/product_brand?post=1829"},{"taxonomy":"product_cat","embeddable":true,"href":"https:\/\/aventura-excursions.com\/fr\/wp-json\/wp\/v2\/product_cat?post=1829"},{"taxonomy":"product_tag","embeddable":true,"href":"https:\/\/aventura-excursions.com\/fr\/wp-json\/wp\/v2\/product_tag?post=1829"}],"curies":[{"name":"wp","href":"https:\/\/api.w.org\/{rel}","templated":true}]}}