{"id":1879,"date":"2024-06-15T00:32:04","date_gmt":"2024-06-14T21:32:04","guid":{"rendered":"https:\/\/aventura-excursions.com\/?post_type=product&#038;p=1879"},"modified":"2025-10-19T00:15:30","modified_gmt":"2025-10-18T21:15:30","slug":"la-gomera","status":"publish","type":"product","link":"https:\/\/aventura-excursions.com\/fr\/produit\/la-gomera\/","title":{"rendered":"La Gomera"},"content":{"rendered":"<h3>Description<\/h3>\n<p>\nLa Gomera, la plus verte des \u00eeles Canaries, vous propose un voyage \u00e0 travers une for\u00eat de lauriers magique, des vall\u00e9es et des paysages spectaculaires. \u00c0 votre arriv\u00e9e sur l'\u00eele, vous visiterez Saint-S\u00e9bastien, la capitale de l'\u00eele, avec son joli centre-ville historique, o\u00f9 Colomb a fait escale il y a plus de 500 ans alors qu'il se dirigeait vers les c\u00f4tes orientales de l'Asie. Ensuite, vous vous dirigerez vers le c\u0153ur de La Gomera, le parc national de Garajonay. Vous vous prom\u00e8nerez dans la charmante for\u00eat de lauriers qui, avec ses branches fris\u00e9es fantaisistes, vous plonge dans l'atmosph\u00e8re d'un film fantastique. Apr\u00e8s avoir appris l'histoire des aborig\u00e8nes de La Gomera gr\u00e2ce \u00e0 votre guide, vous prendrez un d\u00e9jeuner traditionnel au cours duquel les habitants vous feront d\u00e9couvrir leur langue siffl\u00e9e gom\u00e9rane unique, \u00e9galement connue sous le nom de Silbo Gomero.<\/p>\n<h3><\/h3>\n<h3>Points d'inter\u00eats<\/h3>\n<ul>\n<li>Centre historique de Saint-S\u00e9bastien<\/li>\n<li>Maison de Colomb<\/li>\n<li>Parc national Garajonay : for\u00eat de lauriers<\/li>\n<li>Spectacle de sifflet<\/li>\n<\/ul>\n<p><h3>D\u00e9tails<\/h3>\n<p>\n<strong>Il est obligatoire d'apporter sa pi\u00e8ce d'identit\u00e9 pour le ferry !!<\/strong><\/p>\n<p>\n<em><strong>Rendez-vous:<\/strong><\/em> vers 08:00<\/p>\n<p>\n<em><strong>Dur\u00e9e:<\/strong><\/em> 10 heures<\/p>\n<p>\n<strong><em>Inclus:<\/em><\/strong> <\/p>\n<ul>\n<li>prise en charge dans le sud de La Caleta \u00e0 Los Cristianos et dans le nord de Puerto de la Cruz<\/li>\n<li>le billet pour le ferry (30 min)<\/li>\n<li>d\u00e9jeuner dans un restaurant traditionnel<\/li>\n<li>guide professionnel<\/li>\n<\/ul>\n<p>\n<br \/> <br \/>\n<strong>There&#8217;s no pick up for the tour in Polish language<\/strong><\/p>\n<p>\n<br \/>\n<strong><em>Remarque:<\/em><\/strong> l'horaire affich\u00e9 sur cette page s'applique exclusivement aux visites effectu\u00e9es en anglais et en espagnol.<\/p>\n<p>\nPour les visites dans d'autres langues, ou si vous avez besoin d'une prise en charge \u00e0 partir d'une zone non r\u00e9pertori\u00e9e, veuillez nous contacter par courriel \u00e0 <a href=\"mailto:info@aventura-excursions.com\" target=\"ask__mail\">info@aventura-excursions.com<\/a> ou par t\u00e9l\u00e9phone au <a href=\"tel: 34647676812\" target=\"_blank\">+34 647 67 68 12<\/a>. Notre \u00e9quipe se fera un plaisir de vous aider.<\/p>","protected":false},"excerpt":{"rendered":"<div>\nVisitez la magnifique \u00eele de La Gomera avec un arr\u00eat dans le parc national de Garajonay, les for\u00eats de lauriers et la ville de Saint-S\u00e9bastien. Rencontrez la population locale et d\u00e9couvrez leur langue siffl\u00e9e unique.<\/p>\n<p>\n<br \/>\nChoisissez d'abord si vous \u00eates dans le Sud (lu-sa) ou \u00e0 Puerto de la Cruz (me, je, sa). S\u00e9lectionnez le nombre d'adultes, d'enfants (2-13 ans) et de b\u00e9b\u00e9s (0-1 an) puis la date de l'excursion.\n<\/div>","protected":false},"featured_media":513,"template":"","meta":{"_acf_changed":false},"product_brand":[],"product_cat":[19],"product_tag":[],"class_list":{"0":"post-1879","1":"product","2":"type-product","3":"status-publish","4":"has-post-thumbnail","6":"product_cat-bus-excursions","8":"first","9":"instock","10":"shipping-taxable","11":"product-type-grouped"},"acf":[],"yoast_head":"<!-- This site is optimized with the Yoast SEO plugin v25.6 - https:\/\/yoast.com\/wordpress\/plugins\/seo\/ -->\n<title>Explore La Gomera from Tenerife - Aventura Excursions | Book Your Trip Now!<\/title>\n<meta name=\"description\" content=\"Visit La Gomera and discover its wonders! Check reviews, prices, and ratings. Book your adventure today for an unforgettable experience!\" \/>\n<meta name=\"robots\" content=\"index, follow, max-snippet:-1, max-image-preview:large, max-video-preview:-1\" \/>\n<link rel=\"canonical\" href=\"https:\/\/aventura-excursions.com\/fr\/produit\/la-gomera\/\" \/>\n<meta property=\"og:locale\" content=\"fr_FR\" \/>\n<meta property=\"og:type\" content=\"article\" \/>\n<meta property=\"og:title\" content=\"Explore La Gomera from Tenerife - Aventura Excursions | Book Your Trip Now!\" \/>\n<meta property=\"og:description\" content=\"Visit La Gomera and discover its wonders! Check reviews, prices, and ratings. Book your adventure today for an unforgettable experience!\" \/>\n<meta property=\"og:url\" content=\"https:\/\/aventura-excursions.com\/fr\/produit\/la-gomera\/\" \/>\n<meta property=\"og:site_name\" content=\"Aventura Excursions\" \/>\n<meta property=\"article:modified_time\" content=\"2025-10-18T21:15:30+00:00\" \/>\n<meta property=\"og:image\" content=\"https:\/\/aventura-excursions.com\/wp-content\/uploads\/2024\/03\/245251-La-Gomera889-e1717292970876.png\" \/>\n\t<meta property=\"og:image:width\" content=\"496\" \/>\n\t<meta property=\"og:image:height\" content=\"241\" \/>\n\t<meta property=\"og:image:type\" content=\"image\/png\" \/>\n<meta name=\"twitter:card\" content=\"summary_large_image\" \/>\n<meta name=\"twitter:label1\" content=\"Dur\u00e9e de lecture estim\u00e9e\" \/>\n\t<meta name=\"twitter:data1\" content=\"2 minutes\" \/>\n<!-- \/ Yoast SEO plugin. -->","yoast_head_json":{"title":"Explore La Gomera from Tenerife - Aventura Excursions | Book Your Trip Now!","description":"Visit La Gomera and discover its wonders! Check reviews, prices, and ratings. Book your adventure today for an unforgettable experience!","robots":{"index":"index","follow":"follow","max-snippet":"max-snippet:-1","max-image-preview":"max-image-preview:large","max-video-preview":"max-video-preview:-1"},"canonical":"https:\/\/aventura-excursions.com\/fr\/produit\/la-gomera\/","og_locale":"fr_FR","og_type":"article","og_title":"Explore La Gomera from Tenerife - Aventura Excursions | Book Your Trip Now!","og_description":"Visit La Gomera and discover its wonders! Check reviews, prices, and ratings. Book your adventure today for an unforgettable experience!","og_url":"https:\/\/aventura-excursions.com\/fr\/produit\/la-gomera\/","og_site_name":"Aventura Excursions","article_modified_time":"2025-10-18T21:15:30+00:00","og_image":[{"width":496,"height":241,"url":"https:\/\/aventura-excursions.com\/wp-content\/uploads\/2024\/03\/245251-La-Gomera889-e1717292970876.png","type":"image\/png"}],"twitter_card":"summary_large_image","twitter_misc":{"Dur\u00e9e de lecture estim\u00e9e":"2 minutes"},"schema":{"@context":"https:\/\/schema.org","@graph":[{"@type":"WebPage","@id":"https:\/\/aventura-excursions.com\/product\/la-gomera\/","url":"https:\/\/aventura-excursions.com\/product\/la-gomera\/","name":"Explore La Gomera from Tenerife - Aventura Excursions | Book Your Trip Now!","isPartOf":{"@id":"https:\/\/aventura-excursions.com\/#website"},"primaryImageOfPage":{"@id":"https:\/\/aventura-excursions.com\/product\/la-gomera\/#primaryimage"},"image":{"@id":"https:\/\/aventura-excursions.com\/product\/la-gomera\/#primaryimage"},"thumbnailUrl":"https:\/\/aventura-excursions.com\/wp-content\/uploads\/2024\/03\/245251-La-Gomera889-e1717292970876.png","datePublished":"2024-06-14T21:32:04+00:00","dateModified":"2025-10-18T21:15:30+00:00","description":"Visit La Gomera and discover its wonders! Check reviews, prices, and ratings. Book your adventure today for an unforgettable experience!","breadcrumb":{"@id":"https:\/\/aventura-excursions.com\/product\/la-gomera\/#breadcrumb"},"inLanguage":"fr-FR","potentialAction":[{"@type":"ReadAction","target":["https:\/\/aventura-excursions.com\/product\/la-gomera\/"]}]},{"@type":"ImageObject","inLanguage":"fr-FR","@id":"https:\/\/aventura-excursions.com\/product\/la-gomera\/#primaryimage","url":"https:\/\/aventura-excursions.com\/wp-content\/uploads\/2024\/03\/245251-La-Gomera889-e1717292970876.png","contentUrl":"https:\/\/aventura-excursions.com\/wp-content\/uploads\/2024\/03\/245251-La-Gomera889-e1717292970876.png","width":496,"height":241},{"@type":"BreadcrumbList","@id":"https:\/\/aventura-excursions.com\/product\/la-gomera\/#breadcrumb","itemListElement":[{"@type":"ListItem","position":1,"name":"Tours","item":"https:\/\/aventura-excursions.com\/tours\/"},{"@type":"ListItem","position":2,"name":"La Gomera"}]},{"@type":"WebSite","@id":"https:\/\/aventura-excursions.com\/#website","url":"https:\/\/aventura-excursions.com\/","name":"Aventura Excursions","description":"Aventura Excursions","potentialAction":[{"@type":"SearchAction","target":{"@type":"EntryPoint","urlTemplate":"https:\/\/aventura-excursions.com\/?s={search_term_string}"},"query-input":{"@type":"PropertyValueSpecification","valueRequired":true,"valueName":"search_term_string"}}],"inLanguage":"fr-FR"}]}},"_links":{"self":[{"href":"https:\/\/aventura-excursions.com\/fr\/wp-json\/wp\/v2\/product\/1879","targetHints":{"allow":["GET"]}}],"collection":[{"href":"https:\/\/aventura-excursions.com\/fr\/wp-json\/wp\/v2\/product"}],"about":[{"href":"https:\/\/aventura-excursions.com\/fr\/wp-json\/wp\/v2\/types\/product"}],"wp:featuredmedia":[{"embeddable":true,"href":"https:\/\/aventura-excursions.com\/fr\/wp-json\/wp\/v2\/media\/513"}],"wp:attachment":[{"href":"https:\/\/aventura-excursions.com\/fr\/wp-json\/wp\/v2\/media?parent=1879"}],"wp:term":[{"taxonomy":"product_brand","embeddable":true,"href":"https:\/\/aventura-excursions.com\/fr\/wp-json\/wp\/v2\/product_brand?post=1879"},{"taxonomy":"product_cat","embeddable":true,"href":"https:\/\/aventura-excursions.com\/fr\/wp-json\/wp\/v2\/product_cat?post=1879"},{"taxonomy":"product_tag","embeddable":true,"href":"https:\/\/aventura-excursions.com\/fr\/wp-json\/wp\/v2\/product_tag?post=1879"}],"curies":[{"name":"wp","href":"https:\/\/api.w.org\/{rel}","templated":true}]}}