{"id":2281,"date":"2024-10-04T18:56:53","date_gmt":"2024-10-04T15:56:53","guid":{"rendered":"https:\/\/aventura-excursions.com\/?post_type=product&#038;p=2281"},"modified":"2024-10-28T14:41:41","modified_gmt":"2024-10-28T11:41:41","slug":"fishing-2","status":"publish","type":"product","link":"https:\/\/aventura-excursions.com\/fr\/produit\/fishing-2\/","title":{"rendered":"Tour de p\u00eache"},"content":{"rendered":"<h3>Description<\/h3>\n<p>\nEmbarquez pour un merveilleux voyage o\u00f9 le frisson de la p\u00eache rencontre la beaut\u00e9 de l'Atlantique ! Les bateaux sont con\u00e7us pour l'aventure de p\u00eache ultime, \u00e9quip\u00e9s de la technologie et des commodit\u00e9s n\u00e9cessaires. Notre \u00e9quipage qualifi\u00e9 partagera ses connaissances ainsi que les meilleurs spots de p\u00eache. Sous la chaude lueur du soleil des Canaries, vous profiterez de la partie de p\u00eache avec votre famille m\u00eame si elle ne p\u00eache pas. Ils peuvent vous accompagner et admirer la beaut\u00e9 de l'oc\u00e9an au large de Tenerife.<\/p>\n<p>Au cours de nos sorties de 4 heures, nous capturons fr\u00e9quemment des marlins, des thons, des bonites, des dorades, etc.<\/p>\n<p>Il y a aussi une grande chance de rencontrer des dauphins et des globic\u00e9phales qui habitent les eaux de Tenerife.<\/p>\n<p><\/p>\n<h3>Points d'inter\u00eats<\/h3>\n<ul>\n<li>P\u00eache au gros<\/li>\n<li>Jusqu'\u00e0 25 milles au large<\/li>\n<li>Un \u00e9quipage expert<\/li>\n<li>Les meilleurs spots de p\u00eache de Tenerife<\/li>\n<li>Une grande vari\u00e9t\u00e9 de vie marine<\/li>\n<li>Vues spectaculaires sur l'oc\u00e9an<\/li>\n<\/ul>\n<p><\/p>\n<h3>D\u00e9tails<\/h3>\n<p>\nPort : Puerto Col\u00f3n \/ Las Galletas <br \/>\nDur\u00e9e : 4 heures<br \/>\n2 cannes pour chaque p\u00eacheur<br \/>\nLe prix comprend la nourriture et les boissons, telles que les sandwichs, l'eau, la bi\u00e8re et les boissons non alcoolis\u00e9es.<\/p>","protected":false},"excerpt":{"rendered":"<div>Consacrez votre journ\u00e9e \u00e0 un voyage de p\u00eache inspirant ! Emmenez toute votre famille avec vous sur un bateau confortable, explorez les eaux profondes au large de Tenerife et p\u00eachez dans la zone offrant les plus grandes chances de faire de belles prises.<\/p>\n<p>\nS\u00e9lectionnez le nombre de p\u00eacheurs et d'accompagnateurs, la date de la visite.\n<\/div>","protected":false},"featured_media":1034,"template":"","meta":{"_acf_changed":false},"product_brand":[],"product_cat":[21],"product_tag":[],"class_list":{"0":"post-2281","1":"product","2":"type-product","3":"status-publish","4":"has-post-thumbnail","6":"product_cat-activities","8":"first","9":"instock","10":"sale","11":"shipping-taxable","12":"product-type-grouped"},"acf":[],"yoast_head":"<!-- This site is optimized with the Yoast SEO plugin v25.6 - https:\/\/yoast.com\/wordpress\/plugins\/seo\/ -->\n<title>Fishing tour - Aventura Excursions<\/title>\n<meta name=\"description\" content=\"Experience thrilling fishing in Tenerife! Book now for big game and deep sea fishing. Best spots, expert crew, great prices. Secure your adventure today!\" \/>\n<meta name=\"robots\" content=\"index, follow, max-snippet:-1, max-image-preview:large, max-video-preview:-1\" \/>\n<link rel=\"canonical\" href=\"https:\/\/aventura-excursions.com\/fr\/produit\/fishing-2\/\" \/>\n<meta property=\"og:locale\" content=\"fr_FR\" \/>\n<meta property=\"og:type\" content=\"article\" \/>\n<meta property=\"og:title\" content=\"Fishing tour - Aventura Excursions\" \/>\n<meta property=\"og:description\" content=\"Experience thrilling fishing in Tenerife! Book now for big game and deep sea fishing. Best spots, expert crew, great prices. Secure your adventure today!\" \/>\n<meta property=\"og:url\" content=\"https:\/\/aventura-excursions.com\/fr\/produit\/fishing-2\/\" \/>\n<meta property=\"og:site_name\" content=\"Aventura Excursions\" \/>\n<meta property=\"article:modified_time\" content=\"2024-10-28T11:41:41+00:00\" \/>\n<meta property=\"og:image\" content=\"https:\/\/aventura-excursions.com\/wp-content\/uploads\/2024\/03\/pexels-william-mcallister-3793366.jpg\" \/>\n\t<meta property=\"og:image:width\" content=\"988\" \/>\n\t<meta property=\"og:image:height\" content=\"656\" \/>\n\t<meta property=\"og:image:type\" content=\"image\/jpeg\" \/>\n<meta name=\"twitter:card\" content=\"summary_large_image\" \/>\n<meta name=\"twitter:label1\" content=\"Dur\u00e9e de lecture estim\u00e9e\" \/>\n\t<meta name=\"twitter:data1\" content=\"1 minute\" \/>\n<!-- \/ Yoast SEO plugin. -->","yoast_head_json":{"title":"Fishing tour - Aventura Excursions","description":"Experience thrilling fishing in Tenerife! Book now for big game and deep sea fishing. Best spots, expert crew, great prices. Secure your adventure today!","robots":{"index":"index","follow":"follow","max-snippet":"max-snippet:-1","max-image-preview":"max-image-preview:large","max-video-preview":"max-video-preview:-1"},"canonical":"https:\/\/aventura-excursions.com\/fr\/produit\/fishing-2\/","og_locale":"fr_FR","og_type":"article","og_title":"Fishing tour - Aventura Excursions","og_description":"Experience thrilling fishing in Tenerife! Book now for big game and deep sea fishing. Best spots, expert crew, great prices. Secure your adventure today!","og_url":"https:\/\/aventura-excursions.com\/fr\/produit\/fishing-2\/","og_site_name":"Aventura Excursions","article_modified_time":"2024-10-28T11:41:41+00:00","og_image":[{"width":988,"height":656,"url":"https:\/\/aventura-excursions.com\/wp-content\/uploads\/2024\/03\/pexels-william-mcallister-3793366.jpg","type":"image\/jpeg"}],"twitter_card":"summary_large_image","twitter_misc":{"Dur\u00e9e de lecture estim\u00e9e":"1 minute"},"schema":{"@context":"https:\/\/schema.org","@graph":[{"@type":"WebPage","@id":"https:\/\/aventura-excursions.com\/product\/fishing-2\/","url":"https:\/\/aventura-excursions.com\/product\/fishing-2\/","name":"Fishing tour - Aventura Excursions","isPartOf":{"@id":"https:\/\/aventura-excursions.com\/#website"},"primaryImageOfPage":{"@id":"https:\/\/aventura-excursions.com\/product\/fishing-2\/#primaryimage"},"image":{"@id":"https:\/\/aventura-excursions.com\/product\/fishing-2\/#primaryimage"},"thumbnailUrl":"https:\/\/aventura-excursions.com\/wp-content\/uploads\/2024\/03\/pexels-william-mcallister-3793366.jpg","datePublished":"2024-10-04T15:56:53+00:00","dateModified":"2024-10-28T11:41:41+00:00","description":"Experience thrilling fishing in Tenerife! Book now for big game and deep sea fishing. Best spots, expert crew, great prices. Secure your adventure today!","breadcrumb":{"@id":"https:\/\/aventura-excursions.com\/product\/fishing-2\/#breadcrumb"},"inLanguage":"fr-FR","potentialAction":[{"@type":"ReadAction","target":["https:\/\/aventura-excursions.com\/product\/fishing-2\/"]}]},{"@type":"ImageObject","inLanguage":"fr-FR","@id":"https:\/\/aventura-excursions.com\/product\/fishing-2\/#primaryimage","url":"https:\/\/aventura-excursions.com\/wp-content\/uploads\/2024\/03\/pexels-william-mcallister-3793366.jpg","contentUrl":"https:\/\/aventura-excursions.com\/wp-content\/uploads\/2024\/03\/pexels-william-mcallister-3793366.jpg","width":988,"height":656},{"@type":"BreadcrumbList","@id":"https:\/\/aventura-excursions.com\/product\/fishing-2\/#breadcrumb","itemListElement":[{"@type":"ListItem","position":1,"name":"Tours","item":"https:\/\/aventura-excursions.com\/tours\/"},{"@type":"ListItem","position":2,"name":"Fishing tour"}]},{"@type":"WebSite","@id":"https:\/\/aventura-excursions.com\/#website","url":"https:\/\/aventura-excursions.com\/","name":"Aventura Excursions","description":"Aventura Excursions","potentialAction":[{"@type":"SearchAction","target":{"@type":"EntryPoint","urlTemplate":"https:\/\/aventura-excursions.com\/?s={search_term_string}"},"query-input":{"@type":"PropertyValueSpecification","valueRequired":true,"valueName":"search_term_string"}}],"inLanguage":"fr-FR"}]}},"_links":{"self":[{"href":"https:\/\/aventura-excursions.com\/fr\/wp-json\/wp\/v2\/product\/2281","targetHints":{"allow":["GET"]}}],"collection":[{"href":"https:\/\/aventura-excursions.com\/fr\/wp-json\/wp\/v2\/product"}],"about":[{"href":"https:\/\/aventura-excursions.com\/fr\/wp-json\/wp\/v2\/types\/product"}],"wp:featuredmedia":[{"embeddable":true,"href":"https:\/\/aventura-excursions.com\/fr\/wp-json\/wp\/v2\/media\/1034"}],"wp:attachment":[{"href":"https:\/\/aventura-excursions.com\/fr\/wp-json\/wp\/v2\/media?parent=2281"}],"wp:term":[{"taxonomy":"product_brand","embeddable":true,"href":"https:\/\/aventura-excursions.com\/fr\/wp-json\/wp\/v2\/product_brand?post=2281"},{"taxonomy":"product_cat","embeddable":true,"href":"https:\/\/aventura-excursions.com\/fr\/wp-json\/wp\/v2\/product_cat?post=2281"},{"taxonomy":"product_tag","embeddable":true,"href":"https:\/\/aventura-excursions.com\/fr\/wp-json\/wp\/v2\/product_tag?post=2281"}],"curies":[{"name":"wp","href":"https:\/\/api.w.org\/{rel}","templated":true}]}}