{"id":2664,"date":"2025-07-26T14:34:48","date_gmt":"2025-07-26T11:34:48","guid":{"rendered":"https:\/\/aventura-excursions.com\/?post_type=product&#038;p=2664"},"modified":"2025-09-10T16:01:14","modified_gmt":"2025-09-10T13:01:14","slug":"siam-night","status":"publish","type":"product","link":"https:\/\/aventura-excursions.com\/fr\/produit\/siam-night\/","title":{"rendered":"Nuit du Siam"},"content":{"rendered":"<h3>Description<\/h3>\n<p>\nLa nuit du Siam est l\u00e0 pour vous \u00e9poustoufler dans l'un des meilleurs parcs aquatiques du monde, Siam Park. Du 1er juillet au 31 ao\u00fbt, ce paradis tropical se transforme en un spectacle nocturne de musique DJ, de rayons laser, d'effets de feu et de lumi\u00e8res dansantes. Glissez dans des tubes tortueux, d\u00e9rivez le long de la rivi\u00e8re paresseuse ou d\u00e9tendez-vous sur la plage de sable, sous les palmiers et \u00e0 la lumi\u00e8re des \u00e9toiles.<\/p>\n<p>\nUne fois la nuit tomb\u00e9e, le parc se transforme en un pays des merveilles onirique, avec le Palais des vagues qui s'\u00e9crase et l'\u00e9nergie qui se d\u00e9gage de chaque vague. C'est une symphonie de sons et d'images qui laisse des souvenirs inoubliables.<\/p>\n<h3><\/h3>\n<h3>Points d'inter\u00eats<\/h3>\n<ul>\n<li>DJ Party : DJ en direct avec des lasers, des lumi\u00e8res et du brouillard au-dessus des vagues.<\/li>\n<li>Spectacle de feu : Des effets de feu \u00e9poustouflants et des images nocturnes lumineuses<\/li>\n<li>Palais des vagues : Nager dans les vagues sous les \u00e9toiles<\/li>\n<li>Night Slides &#038; River: Glow-in-the-dark slides and a dreamy lazy river<\/li>\n<li>Bars and Restaurants: All facilities remain open during Siam Night (except the children&#8217;s attractions)<\/li>\n<\/ul>\n<p><h3>D\u00e9tails<\/h3>\n<p>\n<em><strong>Horaires d'ouvertures<\/strong><\/em>: 20:00 \u2013 00:00<\/p>\n<p>\n <strong><em>Emplacement:<\/em><\/strong>Las Americas (Sud de Tenerife)<\/p>\n<p>\nLes enfants de moins de 16 ans doivent \u00eatre accompagn\u00e9s d'un adulte pour entrer dans la Siam Night.<\/p>\n<h3>Transport<\/h3>\n<p>Il n'y a pas de transfert depuis le sud, mais pour ceux qui s\u00e9journent dans le nord de l'\u00eele, nous proposons un transfert payant. Cette navette prend les touristes dans les h\u00f4tels de Puerto de la Cruz et les am\u00e8ne directement au parc Siam. La nuit, \u00e0 l'heure pr\u00e9vue, elle retourne \u00e0 Puerto de la Cruz.<\/p>\n<p>Si vous <strong><em><a href=\"https:\/\/aventura-excursions.com\/fr\/produit\/rent-a-car\/\">louez une voiture<\/a><\/em><\/strong>, vous pouvez vous rendre seul au Siam Park et laisser votre voiture dans le parking payant. N'oubliez pas d'arriver t\u00f4t, car Siam Park est l'un des endroits les plus visit\u00e9s de Tenerife et le parking est plein 1 \u00e0 2 heures apr\u00e8s l'ouverture.<\/p>","protected":false},"excerpt":{"rendered":"<div>\n<p>Siam Nuit transforme Siam Park en une f\u00eate tropicale magique avec des DJ en direct, des lumi\u00e8res laser, des effets de feu, des toboggans aquatiques lumineux, du surf sur les vagues et une rivi\u00e8re paresseuse relaxante, le tout sous un ciel \u00e9toil\u00e9. <\/p>\n<p>\n<br \/>\nS\u00e9lectionnez d'abord l'une des options : billet seul ou billet + transfert depuis Puerto de la Cruz.<br \/>\n<br \/> S\u00e9lectionnez ensuite le nombre d'adultes et d'enfants (3-11 ans).\nL'entr\u00e9e pour les b\u00e9b\u00e9s (0-2 ans) est gratuite.\n<\/div>","protected":false},"featured_media":2665,"template":"","meta":{"_acf_changed":false},"product_brand":[],"product_cat":[20],"product_tag":[],"class_list":{"0":"post-2664","1":"product","2":"type-product","3":"status-publish","4":"has-post-thumbnail","6":"product_cat-parks","8":"first","9":"instock","10":"shipping-taxable","11":"product-type-grouped"},"acf":[],"yoast_head":"<!-- This site is optimized with the Yoast SEO plugin v25.6 - https:\/\/yoast.com\/wordpress\/plugins\/seo\/ -->\n<title>Siam Night Tenerife \u2013 Night Experience at Siam Park<\/title>\n<meta name=\"description\" content=\"Discover Siam Night in Tenerife: thrilling rides, live shows, and exotic atmosphere at Siam Park after dark. Book your night adventure today!\" \/>\n<meta name=\"robots\" content=\"index, follow, max-snippet:-1, max-image-preview:large, max-video-preview:-1\" \/>\n<link rel=\"canonical\" href=\"https:\/\/aventura-excursions.com\/fr\/produit\/siam-night\/\" \/>\n<meta property=\"og:locale\" content=\"fr_FR\" \/>\n<meta property=\"og:type\" content=\"article\" \/>\n<meta property=\"og:title\" content=\"Siam Night Tenerife \u2013 Night Experience at Siam Park\" \/>\n<meta property=\"og:description\" content=\"Discover Siam Night in Tenerife: thrilling rides, live shows, and exotic atmosphere at Siam Park after dark. Book your night adventure today!\" \/>\n<meta property=\"og:url\" content=\"https:\/\/aventura-excursions.com\/fr\/produit\/siam-night\/\" \/>\n<meta property=\"og:site_name\" content=\"Aventura Excursions\" \/>\n<meta property=\"article:modified_time\" content=\"2025-09-10T13:01:14+00:00\" \/>\n<meta property=\"og:image\" content=\"https:\/\/aventura-excursions.com\/wp-content\/uploads\/2025\/07\/SIAM-NIGHT-EN-132a898a.png\" \/>\n\t<meta property=\"og:image:width\" content=\"720\" \/>\n\t<meta property=\"og:image:height\" content=\"720\" \/>\n\t<meta property=\"og:image:type\" content=\"image\/png\" \/>\n<meta name=\"twitter:card\" content=\"summary_large_image\" \/>\n<meta name=\"twitter:label1\" content=\"Dur\u00e9e de lecture estim\u00e9e\" \/>\n\t<meta name=\"twitter:data1\" content=\"2 minutes\" \/>\n<!-- \/ Yoast SEO plugin. -->","yoast_head_json":{"title":"Siam Night Tenerife \u2013 Night Experience at Siam Park","description":"Discover Siam Night in Tenerife: thrilling rides, live shows, and exotic atmosphere at Siam Park after dark. Book your night adventure today!","robots":{"index":"index","follow":"follow","max-snippet":"max-snippet:-1","max-image-preview":"max-image-preview:large","max-video-preview":"max-video-preview:-1"},"canonical":"https:\/\/aventura-excursions.com\/fr\/produit\/siam-night\/","og_locale":"fr_FR","og_type":"article","og_title":"Siam Night Tenerife \u2013 Night Experience at Siam Park","og_description":"Discover Siam Night in Tenerife: thrilling rides, live shows, and exotic atmosphere at Siam Park after dark. Book your night adventure today!","og_url":"https:\/\/aventura-excursions.com\/fr\/produit\/siam-night\/","og_site_name":"Aventura Excursions","article_modified_time":"2025-09-10T13:01:14+00:00","og_image":[{"width":720,"height":720,"url":"https:\/\/aventura-excursions.com\/wp-content\/uploads\/2025\/07\/SIAM-NIGHT-EN-132a898a.png","type":"image\/png"}],"twitter_card":"summary_large_image","twitter_misc":{"Dur\u00e9e de lecture estim\u00e9e":"2 minutes"},"schema":{"@context":"https:\/\/schema.org","@graph":[{"@type":"WebPage","@id":"https:\/\/aventura-excursions.com\/product\/siam-night\/","url":"https:\/\/aventura-excursions.com\/product\/siam-night\/","name":"Siam Night Tenerife \u2013 Night Experience at Siam Park","isPartOf":{"@id":"https:\/\/aventura-excursions.com\/#website"},"primaryImageOfPage":{"@id":"https:\/\/aventura-excursions.com\/product\/siam-night\/#primaryimage"},"image":{"@id":"https:\/\/aventura-excursions.com\/product\/siam-night\/#primaryimage"},"thumbnailUrl":"https:\/\/aventura-excursions.com\/wp-content\/uploads\/2025\/07\/SIAM-NIGHT-EN-132a898a.png","datePublished":"2025-07-26T11:34:48+00:00","dateModified":"2025-09-10T13:01:14+00:00","description":"Discover Siam Night in Tenerife: thrilling rides, live shows, and exotic atmosphere at Siam Park after dark. Book your night adventure today!","breadcrumb":{"@id":"https:\/\/aventura-excursions.com\/product\/siam-night\/#breadcrumb"},"inLanguage":"fr-FR","potentialAction":[{"@type":"ReadAction","target":["https:\/\/aventura-excursions.com\/product\/siam-night\/"]}]},{"@type":"ImageObject","inLanguage":"fr-FR","@id":"https:\/\/aventura-excursions.com\/product\/siam-night\/#primaryimage","url":"https:\/\/aventura-excursions.com\/wp-content\/uploads\/2025\/07\/SIAM-NIGHT-EN-132a898a.png","contentUrl":"https:\/\/aventura-excursions.com\/wp-content\/uploads\/2025\/07\/SIAM-NIGHT-EN-132a898a.png","width":720,"height":720,"caption":"Siam Night in Tenerife"},{"@type":"BreadcrumbList","@id":"https:\/\/aventura-excursions.com\/product\/siam-night\/#breadcrumb","itemListElement":[{"@type":"ListItem","position":1,"name":"Tours","item":"https:\/\/aventura-excursions.com\/tours\/"},{"@type":"ListItem","position":2,"name":"Siam Night"}]},{"@type":"WebSite","@id":"https:\/\/aventura-excursions.com\/#website","url":"https:\/\/aventura-excursions.com\/","name":"Aventura Excursions","description":"Aventura Excursions","potentialAction":[{"@type":"SearchAction","target":{"@type":"EntryPoint","urlTemplate":"https:\/\/aventura-excursions.com\/?s={search_term_string}"},"query-input":{"@type":"PropertyValueSpecification","valueRequired":true,"valueName":"search_term_string"}}],"inLanguage":"fr-FR"}]}},"_links":{"self":[{"href":"https:\/\/aventura-excursions.com\/fr\/wp-json\/wp\/v2\/product\/2664","targetHints":{"allow":["GET"]}}],"collection":[{"href":"https:\/\/aventura-excursions.com\/fr\/wp-json\/wp\/v2\/product"}],"about":[{"href":"https:\/\/aventura-excursions.com\/fr\/wp-json\/wp\/v2\/types\/product"}],"wp:featuredmedia":[{"embeddable":true,"href":"https:\/\/aventura-excursions.com\/fr\/wp-json\/wp\/v2\/media\/2665"}],"wp:attachment":[{"href":"https:\/\/aventura-excursions.com\/fr\/wp-json\/wp\/v2\/media?parent=2664"}],"wp:term":[{"taxonomy":"product_brand","embeddable":true,"href":"https:\/\/aventura-excursions.com\/fr\/wp-json\/wp\/v2\/product_brand?post=2664"},{"taxonomy":"product_cat","embeddable":true,"href":"https:\/\/aventura-excursions.com\/fr\/wp-json\/wp\/v2\/product_cat?post=2664"},{"taxonomy":"product_tag","embeddable":true,"href":"https:\/\/aventura-excursions.com\/fr\/wp-json\/wp\/v2\/product_tag?post=2664"}],"curies":[{"name":"wp","href":"https:\/\/api.w.org\/{rel}","templated":true}]}}