{"id":447,"date":"2024-02-26T18:22:24","date_gmt":"2024-02-26T15:22:24","guid":{"rendered":"https:\/\/aventura-excursions.com\/?post_type=product&#038;p=447"},"modified":"2024-05-29T18:39:31","modified_gmt":"2024-05-29T15:39:31","slug":"rent-a-car","status":"publish","type":"product","link":"https:\/\/aventura-excursions.com\/fr\/produit\/rent-a-car\/","title":{"rendered":"Louer une voiture"},"content":{"rendered":"<h3>Groupes de voitures<\/h3>\n<p>\nLors de la r\u00e9servation d'une voiture, vous choisissez un groupe contenant plusieurs mod\u00e8les. Nous ne pouvons pas garantir un mod\u00e8le exact. Si vous pr\u00e9f\u00e9rez un mod\u00e8le sp\u00e9cifique, veuillez l'\u00e9crire dans les commentaires, nous ferons de notre mieux pour prendre en compte vos pr\u00e9f\u00e9rences. Voici la liste compl\u00e8te des voitures avec le nombre de places indiqu\u00e9 entre parenth\u00e8ses.<\/p>\n<p><strong>Groupe A:<\/strong> Fiat Panda (5)<\/p>\n<p><strong>Groupe B:<\/strong> Seat Ibiza (5), Opel Corsa (5)<\/p>\n<p><strong>Groupe C:<\/strong> VW Polo (5), Citroen C3 (5), Fiat 500 Hybrido (4), Smart\/Skoda Fabia (4)<\/p>\n<p><strong>Groupe D:<\/strong> Smart cabrio (4), Fiat 500 cabrio (4), Seat Ibiza Familiar (5)<\/p>\n<p><strong>Groupe E:<\/strong> Seat Ibiza automatic (5), Skoda Fabia automatic (5), Skoda Scala (5)<\/p>\n<p><strong>Groupe E1:<\/strong> VW Caddy (5)<\/p>\n<p><strong>Groupe F:<\/strong> VW Beetle cabrio (4), VW Caddy automatic (7), VW Caddy (7)<\/p>\n<p><strong>Groupe G:<\/strong> VW Transporter (9)<\/p>\n<p><h3>Que souhaitez-vous savoir<\/h3>\n<p>Toutes les voitures de notre flotte sont assur\u00e9es tous risques. Vous n\u2019avez pas besoin de laisser de caution.<\/p>\n<p>\u00c0 l'heure convenue, nous vous am\u00e8nerons la voiture \u00e0 votre h\u00f4tel et signerons le contrat. Vous devrez pr\u00e9senter votre pi\u00e8ce d'identit\u00e9 et votre permis de conduire B. Le dernier jour de location de la voiture, vous laisserez la cl\u00e9 \u00e0 la r\u00e9ception de votre h\u00f4tel.<\/p>\n<p>L'heure de d\u00e9part est g\u00e9n\u00e9ralement le matin. Le dernier jour, la cl\u00e9 doit \u00eatre d\u00e9pos\u00e9e \u00e0 la r\u00e9ception avant 8h00 du matin (m\u00eame si vous avez pris la voiture l'apr\u00e8s-midi du premier jour).<\/p>\n<p>Toutes les voitures ont la climatisation et la radio.<\/p>\n<p>Le premier jour, nous enregistrerons dans le contrat la quantit\u00e9 d\u2019essence contenue dans la voiture. Vous devrez faire le plein de la voiture jusqu'au m\u00eame niveau d'essence avant de la restituer.<\/p>\n<p><h3>Suppl\u00e9ments:<\/h3>\n<p>S'il vous pla\u00eet, faites-nous savoir dans un commentaire lors de la r\u00e9servation, si vous souhaitez ajouter l'un des extras \u00e0 votre voiture.<\/p>\n<p>Si vous souhaitez louer une voiture \u00e0 <strong>l'a\u00e9roport<\/strong> additional fee is to be paid: 15 euros if it&#8217;s the Southern Airport, 25 euros if it&#8217;s the Northern Airport.<\/p>\n<p>Vous pouvez louer un <strong>GPS <\/strong>pour 5 euros par jour, en laissant 70 euros de caution qui vous seront restitu\u00e9s apr\u00e8s avoir restitu\u00e9 la voiture.<\/p>\n<p>Si vous avez des enfants mesurant moins de 135 cm, la loi espagnole vous oblige \u00e0 avoir des <strong>si\u00e8ges b\u00e9b\u00e9\/rehausseurs<\/strong> dans la voiture. S'il vous pla\u00eet, faites-nous savoir si vous devez ajouter cette option et quelle est la taille de vos enfants.<\/p>\n<p>Si vous pr\u00e9voyez plusieurs conducteurs pour une m\u00eame voiture, veuillez choisir une option pour ajouter un <strong>conducteur suppl\u00e9mentaire<\/strong>: 3 euros pour chaque conducteur suppl\u00e9mentaire.<\/p>\n<p>","protected":false},"excerpt":{"rendered":"<div>\n<p>Choisissez le groupe de la voiture et le nombre de jours\n<\/p><\/div>","protected":false},"featured_media":548,"template":"","meta":{"_acf_changed":false},"product_brand":[],"product_cat":[23],"product_tag":[113,112,111,114],"class_list":{"0":"post-447","1":"product","2":"type-product","3":"status-publish","4":"has-post-thumbnail","6":"product_cat-rentals","7":"product_tag-all-risk-insurance-car-tenerife","8":"product_tag-rent-a-cabrio-tenerife","9":"product_tag-rent-a-car-tenerife","10":"product_tag-rent-an-automatic-car-tenerife","12":"first","13":"instock","14":"shipping-taxable","15":"purchasable","16":"product-type-simple"},"acf":[],"yoast_head":"<!-- This site is optimized with the Yoast SEO plugin v25.6 - https:\/\/yoast.com\/wordpress\/plugins\/seo\/ -->\n<title>Rent a car in Tenerife - Aventura Excursions - Book Online for Best Deals and Choices!<\/title>\n<meta name=\"description\" content=\"Rent a car in Tenerife with full insurance and no deposit. Check reviews and prices. Choose from various models and enjoy delivery to your hotel or airport.\" \/>\n<meta name=\"robots\" content=\"index, follow, max-snippet:-1, max-image-preview:large, max-video-preview:-1\" \/>\n<link rel=\"canonical\" href=\"https:\/\/aventura-excursions.com\/fr\/produit\/rent-a-car\/\" \/>\n<meta property=\"og:locale\" content=\"fr_FR\" \/>\n<meta property=\"og:type\" content=\"article\" \/>\n<meta property=\"og:title\" content=\"Rent a car in Tenerife - Aventura Excursions - Book Online for Best Deals and Choices!\" \/>\n<meta property=\"og:description\" content=\"Rent a car in Tenerife with full insurance and no deposit. Check reviews and prices. Choose from various models and enjoy delivery to your hotel or airport.\" \/>\n<meta property=\"og:url\" content=\"https:\/\/aventura-excursions.com\/fr\/produit\/rent-a-car\/\" \/>\n<meta property=\"og:site_name\" content=\"Aventura Excursions\" \/>\n<meta property=\"article:modified_time\" content=\"2024-05-29T15:39:31+00:00\" \/>\n<meta property=\"og:image\" content=\"https:\/\/aventura-excursions.com\/wp-content\/uploads\/2024\/03\/car.jpg\" \/>\n\t<meta property=\"og:image:width\" content=\"500\" \/>\n\t<meta property=\"og:image:height\" content=\"760\" \/>\n\t<meta property=\"og:image:type\" content=\"image\/jpeg\" \/>\n<meta name=\"twitter:card\" content=\"summary_large_image\" \/>\n<meta name=\"twitter:label1\" content=\"Dur\u00e9e de lecture estim\u00e9e\" \/>\n\t<meta name=\"twitter:data1\" content=\"3 minutes\" \/>\n<!-- \/ Yoast SEO plugin. -->","yoast_head_json":{"title":"Rent a car in Tenerife - Aventura Excursions - Book Online for Best Deals and Choices!","description":"Rent a car in Tenerife with full insurance and no deposit. Check reviews and prices. Choose from various models and enjoy delivery to your hotel or airport.","robots":{"index":"index","follow":"follow","max-snippet":"max-snippet:-1","max-image-preview":"max-image-preview:large","max-video-preview":"max-video-preview:-1"},"canonical":"https:\/\/aventura-excursions.com\/fr\/produit\/rent-a-car\/","og_locale":"fr_FR","og_type":"article","og_title":"Rent a car in Tenerife - Aventura Excursions - Book Online for Best Deals and Choices!","og_description":"Rent a car in Tenerife with full insurance and no deposit. Check reviews and prices. Choose from various models and enjoy delivery to your hotel or airport.","og_url":"https:\/\/aventura-excursions.com\/fr\/produit\/rent-a-car\/","og_site_name":"Aventura Excursions","article_modified_time":"2024-05-29T15:39:31+00:00","og_image":[{"width":500,"height":760,"url":"https:\/\/aventura-excursions.com\/wp-content\/uploads\/2024\/03\/car.jpg","type":"image\/jpeg"}],"twitter_card":"summary_large_image","twitter_misc":{"Dur\u00e9e de lecture estim\u00e9e":"3 minutes"},"schema":{"@context":"https:\/\/schema.org","@graph":[{"@type":"WebPage","@id":"https:\/\/aventura-excursions.com\/product\/rent-a-car\/","url":"https:\/\/aventura-excursions.com\/product\/rent-a-car\/","name":"Rent a car in Tenerife - Aventura Excursions - Book Online for Best Deals and Choices!","isPartOf":{"@id":"https:\/\/aventura-excursions.com\/#website"},"primaryImageOfPage":{"@id":"https:\/\/aventura-excursions.com\/product\/rent-a-car\/#primaryimage"},"image":{"@id":"https:\/\/aventura-excursions.com\/product\/rent-a-car\/#primaryimage"},"thumbnailUrl":"https:\/\/aventura-excursions.com\/wp-content\/uploads\/2024\/03\/car.jpg","datePublished":"2024-02-26T15:22:24+00:00","dateModified":"2024-05-29T15:39:31+00:00","description":"Rent a car in Tenerife with full insurance and no deposit. Check reviews and prices. Choose from various models and enjoy delivery to your hotel or airport.","breadcrumb":{"@id":"https:\/\/aventura-excursions.com\/product\/rent-a-car\/#breadcrumb"},"inLanguage":"fr-FR","potentialAction":[{"@type":"ReadAction","target":["https:\/\/aventura-excursions.com\/product\/rent-a-car\/"]}]},{"@type":"ImageObject","inLanguage":"fr-FR","@id":"https:\/\/aventura-excursions.com\/product\/rent-a-car\/#primaryimage","url":"https:\/\/aventura-excursions.com\/wp-content\/uploads\/2024\/03\/car.jpg","contentUrl":"https:\/\/aventura-excursions.com\/wp-content\/uploads\/2024\/03\/car.jpg","width":500,"height":760},{"@type":"BreadcrumbList","@id":"https:\/\/aventura-excursions.com\/product\/rent-a-car\/#breadcrumb","itemListElement":[{"@type":"ListItem","position":1,"name":"Tours","item":"https:\/\/aventura-excursions.com\/tours\/"},{"@type":"ListItem","position":2,"name":"Rent a car"}]},{"@type":"WebSite","@id":"https:\/\/aventura-excursions.com\/#website","url":"https:\/\/aventura-excursions.com\/","name":"Aventura Excursions","description":"Aventura Excursions","potentialAction":[{"@type":"SearchAction","target":{"@type":"EntryPoint","urlTemplate":"https:\/\/aventura-excursions.com\/?s={search_term_string}"},"query-input":{"@type":"PropertyValueSpecification","valueRequired":true,"valueName":"search_term_string"}}],"inLanguage":"fr-FR"}]}},"_links":{"self":[{"href":"https:\/\/aventura-excursions.com\/fr\/wp-json\/wp\/v2\/product\/447","targetHints":{"allow":["GET"]}}],"collection":[{"href":"https:\/\/aventura-excursions.com\/fr\/wp-json\/wp\/v2\/product"}],"about":[{"href":"https:\/\/aventura-excursions.com\/fr\/wp-json\/wp\/v2\/types\/product"}],"wp:featuredmedia":[{"embeddable":true,"href":"https:\/\/aventura-excursions.com\/fr\/wp-json\/wp\/v2\/media\/548"}],"wp:attachment":[{"href":"https:\/\/aventura-excursions.com\/fr\/wp-json\/wp\/v2\/media?parent=447"}],"wp:term":[{"taxonomy":"product_brand","embeddable":true,"href":"https:\/\/aventura-excursions.com\/fr\/wp-json\/wp\/v2\/product_brand?post=447"},{"taxonomy":"product_cat","embeddable":true,"href":"https:\/\/aventura-excursions.com\/fr\/wp-json\/wp\/v2\/product_cat?post=447"},{"taxonomy":"product_tag","embeddable":true,"href":"https:\/\/aventura-excursions.com\/fr\/wp-json\/wp\/v2\/product_tag?post=447"}],"curies":[{"name":"wp","href":"https:\/\/api.w.org\/{rel}","templated":true}]}}