{"id":525,"date":"2024-03-08T18:17:14","date_gmt":"2024-03-08T15:17:14","guid":{"rendered":"https:\/\/aventura-excursions.com\/?post_type=product&#038;p=525"},"modified":"2025-10-19T00:18:34","modified_gmt":"2025-10-18T21:18:34","slug":"santa-cruz-la-laguna-anaga","status":"publish","type":"product","link":"https:\/\/aventura-excursions.com\/fr\/produit\/santa-cruz-la-laguna-anaga\/","title":{"rendered":"Santa Cruz \u2013 La Laguna \u2013 Anaga"},"content":{"rendered":"<h3>Description<\/h3>\n<p>\nExplorez les capitales modernes et historiques de Tenerife, la for\u00eat ancienne et les villes traditionnelles des Canaries en une seule journ\u00e9e\u00a0! Nous commencerons notre voyage par la visite de Santa Cruz, la capitale de Tenerife, un port important des Canaries. Son architecture allie \u00e0 la fois style moderne et ancienne tradition coloniale. Le principal symbole de la ville est l\u2019op\u00e9ra Auditorio situ\u00e9 en bord de mer.<\/p>\n<p> La prochaine \u00e9tape de notre visite sera \u00e0 San Crist\u00f3bal de La Laguna, l'ancienne capitale de Tenerife. Vous y d\u00e9couvrirez la beaut\u00e9 de l'architecture de style colonial qui remonte \u00e0 plusieurs si\u00e8cles. La partie historique de la ville a \u00e9t\u00e9 d\u00e9clar\u00e9e site du patrimoine mondial par l'UNESCO en 1999. <\/p>\n<p> Enfin, nous entrerons dans la for\u00eat de laurisylve d'Anaga, l'un des tr\u00e9sors les plus pr\u00e9cieux de toute l'Europe, pr\u00e9serv\u00e9 de l'\u00e9poque tertiaire. Ce lieu a \u00e9t\u00e9 d\u00e9clar\u00e9 r\u00e9serve de biosph\u00e8re en 2015 par l'UNESCO pour sa grande vari\u00e9t\u00e9 de plantes end\u00e9miques.<\/p>\n<h3><\/h3>\n<h3>Points d'inter\u00eats<\/h3>\n<ul>\n<li>Santa Cruz, la capitale moderne<\/li>\n<li>La Laguna, la capitale historique<\/li>\n<li>Anaga, for\u00eat de lauriers<\/li>\n<li>Taganana, village de p\u00eacheurs<\/li>\n<\/ul>\n<p>\n                                              <\/p>\n<h3>D\u00e9tails<\/h3>\n<p>\n<strong><em>Rendez-vous:<\/em><\/strong> vers 08h30 <\/p>\n<p>\n<strong><em>Dur\u00e9e:<\/em><\/strong> 9 heures <\/p>\n<p>\n<strong><em>Inclus:<\/em><\/strong><\/p>\n<ul>\n<li>prise en charge dans le sud, de Los Cristianos \u00e0 Los Gigantes, et dans le nord, de Puerto de la Cruz \u00e0 Santa Cruz de Tenerife<\/li>\n<li>guide professionnel<\/li>\n<\/ul>\n<p>\n<strong><em>Non inclus:<\/em><\/strong> d\u00e9jeuner (il y aura un arr\u00eat dans un restaurant traditionnel) <\/p>\n<p><p>\n<br \/>\n<strong><em>Remarque:<\/em><\/strong> l'horaire affich\u00e9 sur cette page s'applique exclusivement aux visites effectu\u00e9es en anglais et en espagnol.<\/p>\n<p>\nPour les visites dans d'autres langues, ou si vous avez besoin d'une prise en charge \u00e0 partir d'une zone non r\u00e9pertori\u00e9e, veuillez nous contacter par courriel \u00e0 <a href=\"mailto:info@aventura-excursions.com\" target=\"ask__mail\">info@aventura-excursions.com<\/a> ou par t\u00e9l\u00e9phone au <a href=\"tel: 34647676812\" target=\"_blank\">+34 647 67 68 12<\/a>. Notre \u00e9quipe se fera un plaisir de vous aider.<\/p>","protected":false},"excerpt":{"rendered":"<div>\n<p>Visitez la ville de Santa Cruz, la capitale de Tenerife, qui allie b\u00e2timents historiques et agitation de la vie urbaine moderne. D\u00e9couvrez ensuite la vieille ville de San Crist\u00f3bal de La Laguna, un lieu charmant aux rues pav\u00e9es et aux b\u00e2timents coloniaux color\u00e9s. Et enfin visitez la r\u00e9serve naturelle de Taganana avec des villages traditionnels canariens et une ancienne for\u00eat de lauriers.<\/p>\n<p>\nChoisissez d\u2019abord le nombre d\u2019adultes, d\u2019enfants (2-11 ans) et de nourrissons (0-1 an), puis s\u00e9lectionnez la date du voyage.\n<\/div>","protected":false},"featured_media":537,"template":"","meta":{"_acf_changed":false},"product_brand":[],"product_cat":[19],"product_tag":[],"class_list":{"0":"post-525","1":"product","2":"type-product","3":"status-publish","4":"has-post-thumbnail","6":"product_cat-bus-excursions","8":"first","9":"instock","10":"shipping-taxable","11":"product-type-grouped"},"acf":[],"yoast_head":"<!-- This site is optimized with the Yoast SEO plugin v25.6 - https:\/\/yoast.com\/wordpress\/plugins\/seo\/ -->\n<title>Visit Santa Cruz \u2013 La Laguna \u2013 Anaga Tour - Aventura Excursions - Book Now!<\/title>\n<meta name=\"description\" content=\"Explore Santa Cruz, La Laguna, and Taganana in one day! Check reviews and prices. Discover Tenerife\u2019s capitals, laurel forests, and charming villages.\" \/>\n<meta name=\"robots\" content=\"index, follow, max-snippet:-1, max-image-preview:large, max-video-preview:-1\" \/>\n<link rel=\"canonical\" href=\"https:\/\/aventura-excursions.com\/fr\/produit\/santa-cruz-la-laguna-anaga\/\" \/>\n<meta property=\"og:locale\" content=\"fr_FR\" \/>\n<meta property=\"og:type\" content=\"article\" \/>\n<meta property=\"og:title\" content=\"Visit Santa Cruz \u2013 La Laguna \u2013 Anaga Tour - Aventura Excursions - Book Now!\" \/>\n<meta property=\"og:description\" content=\"Explore Santa Cruz, La Laguna, and Taganana in one day! Check reviews and prices. Discover Tenerife\u2019s capitals, laurel forests, and charming villages.\" \/>\n<meta property=\"og:url\" content=\"https:\/\/aventura-excursions.com\/fr\/produit\/santa-cruz-la-laguna-anaga\/\" \/>\n<meta property=\"og:site_name\" content=\"Aventura Excursions\" \/>\n<meta property=\"article:modified_time\" content=\"2025-10-18T21:18:34+00:00\" \/>\n<meta property=\"og:image\" content=\"https:\/\/aventura-excursions.com\/wp-content\/uploads\/2024\/03\/At_Palmetum_de_Santa_Cruz_de_Tenerife_2022_028.jpg\" \/>\n\t<meta property=\"og:image:width\" content=\"960\" \/>\n\t<meta property=\"og:image:height\" content=\"640\" \/>\n\t<meta property=\"og:image:type\" content=\"image\/jpeg\" \/>\n<meta name=\"twitter:card\" content=\"summary_large_image\" \/>\n<meta name=\"twitter:label1\" content=\"Dur\u00e9e de lecture estim\u00e9e\" \/>\n\t<meta name=\"twitter:data1\" content=\"2 minutes\" \/>\n<!-- \/ Yoast SEO plugin. -->","yoast_head_json":{"title":"Visit Santa Cruz \u2013 La Laguna \u2013 Anaga Tour - Aventura Excursions - Book Now!","description":"Explore Santa Cruz, La Laguna, and Taganana in one day! Check reviews and prices. Discover Tenerife\u2019s capitals, laurel forests, and charming villages.","robots":{"index":"index","follow":"follow","max-snippet":"max-snippet:-1","max-image-preview":"max-image-preview:large","max-video-preview":"max-video-preview:-1"},"canonical":"https:\/\/aventura-excursions.com\/fr\/produit\/santa-cruz-la-laguna-anaga\/","og_locale":"fr_FR","og_type":"article","og_title":"Visit Santa Cruz \u2013 La Laguna \u2013 Anaga Tour - Aventura Excursions - Book Now!","og_description":"Explore Santa Cruz, La Laguna, and Taganana in one day! Check reviews and prices. Discover Tenerife\u2019s capitals, laurel forests, and charming villages.","og_url":"https:\/\/aventura-excursions.com\/fr\/produit\/santa-cruz-la-laguna-anaga\/","og_site_name":"Aventura Excursions","article_modified_time":"2025-10-18T21:18:34+00:00","og_image":[{"width":960,"height":640,"url":"https:\/\/aventura-excursions.com\/wp-content\/uploads\/2024\/03\/At_Palmetum_de_Santa_Cruz_de_Tenerife_2022_028.jpg","type":"image\/jpeg"}],"twitter_card":"summary_large_image","twitter_misc":{"Dur\u00e9e de lecture estim\u00e9e":"2 minutes"},"schema":{"@context":"https:\/\/schema.org","@graph":[{"@type":"WebPage","@id":"https:\/\/aventura-excursions.com\/product\/santa-cruz-la-laguna-anaga\/","url":"https:\/\/aventura-excursions.com\/product\/santa-cruz-la-laguna-anaga\/","name":"Visit Santa Cruz \u2013 La Laguna \u2013 Anaga Tour - Aventura Excursions - Book Now!","isPartOf":{"@id":"https:\/\/aventura-excursions.com\/#website"},"primaryImageOfPage":{"@id":"https:\/\/aventura-excursions.com\/product\/santa-cruz-la-laguna-anaga\/#primaryimage"},"image":{"@id":"https:\/\/aventura-excursions.com\/product\/santa-cruz-la-laguna-anaga\/#primaryimage"},"thumbnailUrl":"https:\/\/aventura-excursions.com\/wp-content\/uploads\/2024\/03\/At_Palmetum_de_Santa_Cruz_de_Tenerife_2022_028.jpg","datePublished":"2024-03-08T15:17:14+00:00","dateModified":"2025-10-18T21:18:34+00:00","description":"Explore Santa Cruz, La Laguna, and Taganana in one day! Check reviews and prices. Discover Tenerife\u2019s capitals, laurel forests, and charming villages.","breadcrumb":{"@id":"https:\/\/aventura-excursions.com\/product\/santa-cruz-la-laguna-anaga\/#breadcrumb"},"inLanguage":"fr-FR","potentialAction":[{"@type":"ReadAction","target":["https:\/\/aventura-excursions.com\/product\/santa-cruz-la-laguna-anaga\/"]}]},{"@type":"ImageObject","inLanguage":"fr-FR","@id":"https:\/\/aventura-excursions.com\/product\/santa-cruz-la-laguna-anaga\/#primaryimage","url":"https:\/\/aventura-excursions.com\/wp-content\/uploads\/2024\/03\/At_Palmetum_de_Santa_Cruz_de_Tenerife_2022_028.jpg","contentUrl":"https:\/\/aventura-excursions.com\/wp-content\/uploads\/2024\/03\/At_Palmetum_de_Santa_Cruz_de_Tenerife_2022_028.jpg","width":960,"height":640},{"@type":"BreadcrumbList","@id":"https:\/\/aventura-excursions.com\/product\/santa-cruz-la-laguna-anaga\/#breadcrumb","itemListElement":[{"@type":"ListItem","position":1,"name":"Tours","item":"https:\/\/aventura-excursions.com\/tours\/"},{"@type":"ListItem","position":2,"name":"Santa Cruz \u2013 La Laguna \u2013 Anaga"}]},{"@type":"WebSite","@id":"https:\/\/aventura-excursions.com\/#website","url":"https:\/\/aventura-excursions.com\/","name":"Aventura Excursions","description":"Aventura Excursions","potentialAction":[{"@type":"SearchAction","target":{"@type":"EntryPoint","urlTemplate":"https:\/\/aventura-excursions.com\/?s={search_term_string}"},"query-input":{"@type":"PropertyValueSpecification","valueRequired":true,"valueName":"search_term_string"}}],"inLanguage":"fr-FR"}]}},"_links":{"self":[{"href":"https:\/\/aventura-excursions.com\/fr\/wp-json\/wp\/v2\/product\/525","targetHints":{"allow":["GET"]}}],"collection":[{"href":"https:\/\/aventura-excursions.com\/fr\/wp-json\/wp\/v2\/product"}],"about":[{"href":"https:\/\/aventura-excursions.com\/fr\/wp-json\/wp\/v2\/types\/product"}],"wp:featuredmedia":[{"embeddable":true,"href":"https:\/\/aventura-excursions.com\/fr\/wp-json\/wp\/v2\/media\/537"}],"wp:attachment":[{"href":"https:\/\/aventura-excursions.com\/fr\/wp-json\/wp\/v2\/media?parent=525"}],"wp:term":[{"taxonomy":"product_brand","embeddable":true,"href":"https:\/\/aventura-excursions.com\/fr\/wp-json\/wp\/v2\/product_brand?post=525"},{"taxonomy":"product_cat","embeddable":true,"href":"https:\/\/aventura-excursions.com\/fr\/wp-json\/wp\/v2\/product_cat?post=525"},{"taxonomy":"product_tag","embeddable":true,"href":"https:\/\/aventura-excursions.com\/fr\/wp-json\/wp\/v2\/product_tag?post=525"}],"curies":[{"name":"wp","href":"https:\/\/api.w.org\/{rel}","templated":true}]}}