{"id":588,"date":"2024-03-16T19:41:09","date_gmt":"2024-03-16T16:41:09","guid":{"rendered":"https:\/\/aventura-excursions.com\/?post_type=product&#038;p=588"},"modified":"2026-02-12T03:34:05","modified_gmt":"2026-02-12T00:34:05","slug":"la-palma","status":"publish","type":"product","link":"https:\/\/aventura-excursions.com\/fr\/produit\/la-palma\/","title":{"rendered":"La Palma"},"content":{"rendered":"<h3>Description<\/h3>\n<p>Spectacular excursion to discover the greenest island of the Canaries and the lava flows that appeared by the volcanoes&#8217; eruptions in 2021.<\/p>\n<p>\nA 2.5-hour trip on a ferry boat brings us to the capital of La Palma, where we enjoy traditional Canarian architecture with its gracious wooden balconies and learn the history of the Columbus trip to America that started from La Palma. You will see El Barco de la Virgen, a reproduction of the Columbus&#8217; ship Santa Maria.<\/p>\n<p>\nAfter the visit to the capital, we head to the inner part of the island to explore volcanoes. The unpredictable force of nature drastically changed the island&#8217;s landscape and there you can witness it with your own eyes. <\/p>\n<p>\nNotre dernier arr\u00eat sera les points de vue de Tajuya, Tazacorte et Concepci\u00f3n o\u00f9 vous pourrez \u00e0 nouveau observer les volcans en toute s\u00e9curit\u00e9, puis nous nous dirigerons vers le port et terminerons la journ\u00e9e pleine de grandes \u00e9motions par le retour en bateau \u00e0 Tenerife.<\/p>\n<h3><\/h3>\n<h3>Points d'inter\u00eats<\/h3>\n<ul>\n<li>Santa Cruz de La Palma : Colomb<\/li>\n<li>Volcans et coul\u00e9es de lave nouvellement n\u00e9s<\/li>\n<li>Parc National Caldeira de Taburiente<\/li>\n<\/ul>\n<p>\n<\/p>\n<h3>D\u00e9tails<\/h3>\n<p>\n<strong>Il est obligatoire d'apporter sa pi\u00e8ce d'identit\u00e9 pour le ferry !!<\/strong><\/p>\n<p>\n<strong><em>Rendez-vous:<\/em><\/strong> vers 07:30<\/p>\n<p>\n<strong><em>Dur\u00e9e:<\/em><\/strong> 12 heures<\/p>\n<p>\n<strong><em>Inclus:<\/em><\/strong><\/p>\n<ul>\n<li>billet pour le ferry (2,5 heures)<\/li>\n<li>guide professionnel<\/li>\n<\/ul>\n<p>\n<strong><em>Non inclus:<\/em><\/strong> <\/p>\n<ul>\n<li>prise en charge \u00e0 l'h\u00f4tel<\/li>\n<\/ul>\n<\/ul>\n<p>\n<br \/>\n<strong><em>Remarque:<\/em><\/strong> l'horaire affich\u00e9 sur cette page s'applique exclusivement aux visites effectu\u00e9es en anglais, allemand et en espagnol.<\/p>\n<p>\nPour des visites dans d'autres langues, veuillez nous contacter par courrier \u00e9lectronique <a href=\"mailto:info@aventura-excursions.com\" target=\"ask__mail\">info@aventura-excursions.com<\/a> ou par t\u00e9l\u00e9phone au <a href=\"tel: 34647676812\" target=\"_blank\">+34 647 67 68 12<\/a>. Notre \u00e9quipe se fera un plaisir de vous aider.<\/p>","protected":false},"excerpt":{"rendered":"<div>\nUne \u00eele qui frappe par le contraste de ses paysages, des for\u00eats anciennes les plus vertes aux coul\u00e9es de lave form\u00e9es anciennement dans le Parc National de la Caldera de Taburiente et de l'activit\u00e9 volcanique r\u00e9cente en 2021. Etant \u00e9galement l'un des points de d\u00e9part de Colomb pour son voyages vers les Am\u00e9riques, La Palma pr\u00e9sente non seulement un int\u00e9r\u00eat naturel, mais aussi historique.<\/p>\n<p>\n<br \/>\nChoisissez d\u2019abord le nombre d\u2019adultes, d\u2019enfants (4-11 ans) et de b\u00e9b\u00e9s (0-3 ans), puis s\u00e9lectionnez la date du voyage.\n<\/div>","protected":false},"featured_media":592,"template":"","meta":{"_acf_changed":false},"product_brand":[],"product_cat":[19],"product_tag":[],"class_list":{"0":"post-588","1":"product","2":"type-product","3":"status-publish","4":"has-post-thumbnail","6":"product_cat-bus-excursions","8":"first","9":"instock","10":"shipping-taxable","11":"product-type-grouped"},"acf":[],"yoast_head":"<!-- This site is optimized with the Yoast SEO plugin v25.6 - https:\/\/yoast.com\/wordpress\/plugins\/seo\/ -->\n<title>Explore La Palma from Tenerife - Aventura Excursions | Book Your Adventure Today!<\/title>\n<meta name=\"description\" content=\"Discover La Palma&#039;s landscapes and history on a ferry boat from Tenerife! Check reviews, prices, and ratings. Book now for an unforgettable journey!\" \/>\n<meta name=\"robots\" content=\"index, follow, max-snippet:-1, max-image-preview:large, max-video-preview:-1\" \/>\n<link rel=\"canonical\" href=\"https:\/\/aventura-excursions.com\/fr\/produit\/la-palma\/\" \/>\n<meta property=\"og:locale\" content=\"fr_FR\" \/>\n<meta property=\"og:type\" content=\"article\" \/>\n<meta property=\"og:title\" content=\"Explore La Palma from Tenerife - Aventura Excursions | Book Your Adventure Today!\" \/>\n<meta property=\"og:description\" content=\"Discover La Palma&#039;s landscapes and history on a ferry boat from Tenerife! Check reviews, prices, and ratings. Book now for an unforgettable journey!\" \/>\n<meta property=\"og:url\" content=\"https:\/\/aventura-excursions.com\/fr\/produit\/la-palma\/\" \/>\n<meta property=\"og:site_name\" content=\"Aventura Excursions\" \/>\n<meta property=\"article:modified_time\" content=\"2026-02-12T00:34:05+00:00\" \/>\n<meta property=\"og:image\" content=\"https:\/\/aventura-excursions.com\/wp-content\/uploads\/2024\/03\/HH_La_Palma_shutterstock_2125025831.png\" \/>\n\t<meta property=\"og:image:width\" content=\"1200\" \/>\n\t<meta property=\"og:image:height\" content=\"816\" \/>\n\t<meta property=\"og:image:type\" content=\"image\/png\" \/>\n<meta name=\"twitter:card\" content=\"summary_large_image\" \/>\n<meta name=\"twitter:label1\" content=\"Dur\u00e9e de lecture estim\u00e9e\" \/>\n\t<meta name=\"twitter:data1\" content=\"2 minutes\" \/>\n<!-- \/ Yoast SEO plugin. -->","yoast_head_json":{"title":"Explore La Palma from Tenerife - Aventura Excursions | Book Your Adventure Today!","description":"Discover La Palma's landscapes and history on a ferry boat from Tenerife! Check reviews, prices, and ratings. Book now for an unforgettable journey!","robots":{"index":"index","follow":"follow","max-snippet":"max-snippet:-1","max-image-preview":"max-image-preview:large","max-video-preview":"max-video-preview:-1"},"canonical":"https:\/\/aventura-excursions.com\/fr\/produit\/la-palma\/","og_locale":"fr_FR","og_type":"article","og_title":"Explore La Palma from Tenerife - Aventura Excursions | Book Your Adventure Today!","og_description":"Discover La Palma's landscapes and history on a ferry boat from Tenerife! Check reviews, prices, and ratings. Book now for an unforgettable journey!","og_url":"https:\/\/aventura-excursions.com\/fr\/produit\/la-palma\/","og_site_name":"Aventura Excursions","article_modified_time":"2026-02-12T00:34:05+00:00","og_image":[{"width":1200,"height":816,"url":"https:\/\/aventura-excursions.com\/wp-content\/uploads\/2024\/03\/HH_La_Palma_shutterstock_2125025831.png","type":"image\/png"}],"twitter_card":"summary_large_image","twitter_misc":{"Dur\u00e9e de lecture estim\u00e9e":"2 minutes"},"schema":{"@context":"https:\/\/schema.org","@graph":[{"@type":"WebPage","@id":"https:\/\/aventura-excursions.com\/product\/la-palma\/","url":"https:\/\/aventura-excursions.com\/product\/la-palma\/","name":"Explore La Palma from Tenerife - Aventura Excursions | Book Your Adventure Today!","isPartOf":{"@id":"https:\/\/aventura-excursions.com\/#website"},"primaryImageOfPage":{"@id":"https:\/\/aventura-excursions.com\/product\/la-palma\/#primaryimage"},"image":{"@id":"https:\/\/aventura-excursions.com\/product\/la-palma\/#primaryimage"},"thumbnailUrl":"https:\/\/aventura-excursions.com\/wp-content\/uploads\/2024\/03\/HH_La_Palma_shutterstock_2125025831.png","datePublished":"2024-03-16T16:41:09+00:00","dateModified":"2026-02-12T00:34:05+00:00","description":"Discover La Palma's landscapes and history on a ferry boat from Tenerife! Check reviews, prices, and ratings. Book now for an unforgettable journey!","breadcrumb":{"@id":"https:\/\/aventura-excursions.com\/product\/la-palma\/#breadcrumb"},"inLanguage":"fr-FR","potentialAction":[{"@type":"ReadAction","target":["https:\/\/aventura-excursions.com\/product\/la-palma\/"]}]},{"@type":"ImageObject","inLanguage":"fr-FR","@id":"https:\/\/aventura-excursions.com\/product\/la-palma\/#primaryimage","url":"https:\/\/aventura-excursions.com\/wp-content\/uploads\/2024\/03\/HH_La_Palma_shutterstock_2125025831.png","contentUrl":"https:\/\/aventura-excursions.com\/wp-content\/uploads\/2024\/03\/HH_La_Palma_shutterstock_2125025831.png","width":1200,"height":816},{"@type":"BreadcrumbList","@id":"https:\/\/aventura-excursions.com\/product\/la-palma\/#breadcrumb","itemListElement":[{"@type":"ListItem","position":1,"name":"Tours","item":"https:\/\/aventura-excursions.com\/tours\/"},{"@type":"ListItem","position":2,"name":"La Palma"}]},{"@type":"WebSite","@id":"https:\/\/aventura-excursions.com\/#website","url":"https:\/\/aventura-excursions.com\/","name":"Aventura Excursions","description":"Aventura Excursions","potentialAction":[{"@type":"SearchAction","target":{"@type":"EntryPoint","urlTemplate":"https:\/\/aventura-excursions.com\/?s={search_term_string}"},"query-input":{"@type":"PropertyValueSpecification","valueRequired":true,"valueName":"search_term_string"}}],"inLanguage":"fr-FR"}]}},"_links":{"self":[{"href":"https:\/\/aventura-excursions.com\/fr\/wp-json\/wp\/v2\/product\/588","targetHints":{"allow":["GET"]}}],"collection":[{"href":"https:\/\/aventura-excursions.com\/fr\/wp-json\/wp\/v2\/product"}],"about":[{"href":"https:\/\/aventura-excursions.com\/fr\/wp-json\/wp\/v2\/types\/product"}],"wp:featuredmedia":[{"embeddable":true,"href":"https:\/\/aventura-excursions.com\/fr\/wp-json\/wp\/v2\/media\/592"}],"wp:attachment":[{"href":"https:\/\/aventura-excursions.com\/fr\/wp-json\/wp\/v2\/media?parent=588"}],"wp:term":[{"taxonomy":"product_brand","embeddable":true,"href":"https:\/\/aventura-excursions.com\/fr\/wp-json\/wp\/v2\/product_brand?post=588"},{"taxonomy":"product_cat","embeddable":true,"href":"https:\/\/aventura-excursions.com\/fr\/wp-json\/wp\/v2\/product_cat?post=588"},{"taxonomy":"product_tag","embeddable":true,"href":"https:\/\/aventura-excursions.com\/fr\/wp-json\/wp\/v2\/product_tag?post=588"}],"curies":[{"name":"wp","href":"https:\/\/api.w.org\/{rel}","templated":true}]}}