{"id":599,"date":"2024-03-18T16:24:07","date_gmt":"2024-03-18T13:24:07","guid":{"rendered":"https:\/\/aventura-excursions.com\/?post_type=product&#038;p=599"},"modified":"2024-05-29T14:27:44","modified_gmt":"2024-05-29T11:27:44","slug":"siam-park","status":"publish","type":"product","link":"https:\/\/aventura-excursions.com\/fr\/produit\/siam-park\/","title":{"rendered":"Siam Park"},"content":{"rendered":"<h3>Description<\/h3>\n<p>\nSiam Park, named the best water park in the world by TripAdvisor users, is a place full of different fun activities to do. Crazy slides, the world&#8217;s largest artificial wave, a water castle for children, and a lazy river, are all surrounded by exotic vegetation and Thai-stylised architecture.<\/p>\n<p>\nLe parc propose diff\u00e9rents bars et restaurants o\u00f9 vous pourrez vous ressourcer et vous pr\u00e9parer pour vos prochaines aventures.<\/p>\n<h3><\/h3>\n<h3>Points d'inter\u00eats<\/h3>\n<ul>\n<li>Tower of Power:  toboggan vertical de 28 m\u00e8tres qui se termine par un tunnel \u00e0 travers la piscine aux requins<\/li>\n<li>White sand beach by the pool with the world&#8217;s biggest artificial waves<\/li>\n<li>Plage Coco avec piscine pour enfants et petites vagues artificielles ; Lost City avec attractions aquatiques pour enfants<\/li>\n<li>15 toboggans aquatiques palpitants<\/li>\n<li>Rivi\u00e8re paresseuse Mai Thai pour se d\u00e9tendre<\/li>\n<\/ul>\n<p><h3>D\u00e9tails<\/h3>\n<p>\n<em><strong>Horaires d'ouverture en \u00e9t\u00e9<\/strong><\/em>: 10h00 \u2013 18h00<\/p>\n<p>\n<strong><em>Horaires d'ouverture en hiver<\/em><\/strong>: 10:00 &#8211; 17:00<\/p>\n<p>\n<br \/>\n <strong><em>Emplacement:<\/em><\/strong>Las Americas (Sud de Tenerife)<\/p>\n<p><h3>Transport<\/h3>\n<p>Il y a une navette gratuite dans le Sud. Nous vous enverrons les arr\u00eats de bus et les horaires, accompagn\u00e9s de la confirmation de la r\u00e9servation.<\/p>\n<p>Pour ceux qui s\u00e9journent au Nord de l'\u00eele, nous proposons un transfert payant (19,50 euros). Cette navette r\u00e9cup\u00e8re les touristes dans les h\u00f4tels de Puerto de la Cruz et les am\u00e8ne directement au Siam Park. Dans l'apr\u00e8s-midi, \u00e0 l'heure convenue, nous retournerons \u00e0 Puerto de la Cruz.<\/p>\n<p>Si vous <strong><em><a href=\"https:\/\/aventura-excursions.com\/fr\/produit\/rent-a-car\/\">louez une voiture<\/a><\/em><\/strong>, vous pouvez vous rendre seul au Siam Park et laisser votre voiture dans le parking payant. N'oubliez pas d'arriver t\u00f4t, car Siam Park est l'un des endroits les plus visit\u00e9s de Tenerife et le parking est plein 1 \u00e0 2 heures apr\u00e8s l'ouverture.<\/p>\n<h3>Twin ticket: deux parcs avec r\u00e9duction<\/h3>\n<p>\nVous souhaitez visiter \u00e0 la fois Siam Park et <strong><em><a href=\"https:\/\/aventura-excursions.com\/fr\/produit\/loro-park\/\">Loro Park,<\/a><\/em><\/strong> le parc animalier le plus visit\u00e9 de Tenerife ? Obtenez un billet double et visitez les deux parcs \u00e0 prix r\u00e9duit !<br \/>\n<br \/>Voir plus d'informations ici: <strong><em><a href=\"https:\/\/aventura-excursions.com\/fr\/produit\/twin-ticket\/\">Twin ticket<\/a><\/em><\/strong><\/p>","protected":false},"excerpt":{"rendered":"<div>\n<p>Visitez le plus grand parc aquatique d'Europe avec ses toboggans aquatiques passionnants, ses magnifiques piscines et ses plages parfaites pour les adultes et les enfants. <\/p>\n<p>\n<br \/>\nS\u00e9lectionnez d'abord l'une des options : billet seul ou billet + transfert depuis Puerto de la Cruz.<br \/>\n<br \/> S\u00e9lectionnez ensuite le nombre d'adultes et d'enfants (3-11 ans).\nL'entr\u00e9e pour les b\u00e9b\u00e9s (0-2 ans) est gratuite.\n<\/div>","protected":false},"featured_media":607,"template":"","meta":{"_acf_changed":false},"product_brand":[],"product_cat":[20],"product_tag":[],"class_list":{"0":"post-599","1":"product","2":"type-product","3":"status-publish","4":"has-post-thumbnail","6":"product_cat-parks","8":"first","9":"instock","10":"shipping-taxable","11":"product-type-grouped"},"acf":[],"yoast_head":"<!-- This site is optimized with the Yoast SEO plugin v25.6 - https:\/\/yoast.com\/wordpress\/plugins\/seo\/ -->\n<title>Visit Siam Park in Tenerife - Aventura Excursions \u2013 Best Water Park in Europe! Book now<\/title>\n<meta name=\"description\" content=\"Enjoy thrilling water slides, a lazy river, and the world\u2019s largest artificial wave in Siam Park. Check reviews, prices, and ratings. Perfect for families!\" \/>\n<meta name=\"robots\" content=\"index, follow, max-snippet:-1, max-image-preview:large, max-video-preview:-1\" \/>\n<link rel=\"canonical\" href=\"https:\/\/aventura-excursions.com\/fr\/produit\/siam-park\/\" \/>\n<meta property=\"og:locale\" content=\"fr_FR\" \/>\n<meta property=\"og:type\" content=\"article\" \/>\n<meta property=\"og:title\" content=\"Visit Siam Park in Tenerife - Aventura Excursions \u2013 Best Water Park in Europe! Book now\" \/>\n<meta property=\"og:description\" content=\"Enjoy thrilling water slides, a lazy river, and the world\u2019s largest artificial wave in Siam Park. Check reviews, prices, and ratings. Perfect for families!\" \/>\n<meta property=\"og:url\" content=\"https:\/\/aventura-excursions.com\/fr\/produit\/siam-park\/\" \/>\n<meta property=\"og:site_name\" content=\"Aventura Excursions\" \/>\n<meta property=\"article:modified_time\" content=\"2024-05-29T11:27:44+00:00\" \/>\n<meta property=\"og:image\" content=\"https:\/\/aventura-excursions.com\/wp-content\/uploads\/2024\/03\/daysout_siampark_1_900x450-e1710773199258.jpg\" \/>\n\t<meta property=\"og:image:width\" content=\"472\" \/>\n\t<meta property=\"og:image:height\" content=\"240\" \/>\n\t<meta property=\"og:image:type\" content=\"image\/jpeg\" \/>\n<meta name=\"twitter:card\" content=\"summary_large_image\" \/>\n<meta name=\"twitter:label1\" content=\"Dur\u00e9e de lecture estim\u00e9e\" \/>\n\t<meta name=\"twitter:data1\" content=\"2 minutes\" \/>\n<!-- \/ Yoast SEO plugin. -->","yoast_head_json":{"title":"Visit Siam Park in Tenerife - Aventura Excursions \u2013 Best Water Park in Europe! Book now","description":"Enjoy thrilling water slides, a lazy river, and the world\u2019s largest artificial wave in Siam Park. Check reviews, prices, and ratings. Perfect for families!","robots":{"index":"index","follow":"follow","max-snippet":"max-snippet:-1","max-image-preview":"max-image-preview:large","max-video-preview":"max-video-preview:-1"},"canonical":"https:\/\/aventura-excursions.com\/fr\/produit\/siam-park\/","og_locale":"fr_FR","og_type":"article","og_title":"Visit Siam Park in Tenerife - Aventura Excursions \u2013 Best Water Park in Europe! Book now","og_description":"Enjoy thrilling water slides, a lazy river, and the world\u2019s largest artificial wave in Siam Park. Check reviews, prices, and ratings. Perfect for families!","og_url":"https:\/\/aventura-excursions.com\/fr\/produit\/siam-park\/","og_site_name":"Aventura Excursions","article_modified_time":"2024-05-29T11:27:44+00:00","og_image":[{"width":472,"height":240,"url":"https:\/\/aventura-excursions.com\/wp-content\/uploads\/2024\/03\/daysout_siampark_1_900x450-e1710773199258.jpg","type":"image\/jpeg"}],"twitter_card":"summary_large_image","twitter_misc":{"Dur\u00e9e de lecture estim\u00e9e":"2 minutes"},"schema":{"@context":"https:\/\/schema.org","@graph":[{"@type":"WebPage","@id":"https:\/\/aventura-excursions.com\/product\/siam-park\/","url":"https:\/\/aventura-excursions.com\/product\/siam-park\/","name":"Visit Siam Park in Tenerife - Aventura Excursions \u2013 Best Water Park in Europe! Book now","isPartOf":{"@id":"https:\/\/aventura-excursions.com\/#website"},"primaryImageOfPage":{"@id":"https:\/\/aventura-excursions.com\/product\/siam-park\/#primaryimage"},"image":{"@id":"https:\/\/aventura-excursions.com\/product\/siam-park\/#primaryimage"},"thumbnailUrl":"https:\/\/aventura-excursions.com\/wp-content\/uploads\/2024\/03\/daysout_siampark_1_900x450-e1710773199258.jpg","datePublished":"2024-03-18T13:24:07+00:00","dateModified":"2024-05-29T11:27:44+00:00","description":"Enjoy thrilling water slides, a lazy river, and the world\u2019s largest artificial wave in Siam Park. Check reviews, prices, and ratings. Perfect for families!","breadcrumb":{"@id":"https:\/\/aventura-excursions.com\/product\/siam-park\/#breadcrumb"},"inLanguage":"fr-FR","potentialAction":[{"@type":"ReadAction","target":["https:\/\/aventura-excursions.com\/product\/siam-park\/"]}]},{"@type":"ImageObject","inLanguage":"fr-FR","@id":"https:\/\/aventura-excursions.com\/product\/siam-park\/#primaryimage","url":"https:\/\/aventura-excursions.com\/wp-content\/uploads\/2024\/03\/daysout_siampark_1_900x450-e1710773199258.jpg","contentUrl":"https:\/\/aventura-excursions.com\/wp-content\/uploads\/2024\/03\/daysout_siampark_1_900x450-e1710773199258.jpg","width":472,"height":240},{"@type":"BreadcrumbList","@id":"https:\/\/aventura-excursions.com\/product\/siam-park\/#breadcrumb","itemListElement":[{"@type":"ListItem","position":1,"name":"Tours","item":"https:\/\/aventura-excursions.com\/tours\/"},{"@type":"ListItem","position":2,"name":"Siam Park"}]},{"@type":"WebSite","@id":"https:\/\/aventura-excursions.com\/#website","url":"https:\/\/aventura-excursions.com\/","name":"Aventura Excursions","description":"Aventura Excursions","potentialAction":[{"@type":"SearchAction","target":{"@type":"EntryPoint","urlTemplate":"https:\/\/aventura-excursions.com\/?s={search_term_string}"},"query-input":{"@type":"PropertyValueSpecification","valueRequired":true,"valueName":"search_term_string"}}],"inLanguage":"fr-FR"}]}},"_links":{"self":[{"href":"https:\/\/aventura-excursions.com\/fr\/wp-json\/wp\/v2\/product\/599","targetHints":{"allow":["GET"]}}],"collection":[{"href":"https:\/\/aventura-excursions.com\/fr\/wp-json\/wp\/v2\/product"}],"about":[{"href":"https:\/\/aventura-excursions.com\/fr\/wp-json\/wp\/v2\/types\/product"}],"wp:featuredmedia":[{"embeddable":true,"href":"https:\/\/aventura-excursions.com\/fr\/wp-json\/wp\/v2\/media\/607"}],"wp:attachment":[{"href":"https:\/\/aventura-excursions.com\/fr\/wp-json\/wp\/v2\/media?parent=599"}],"wp:term":[{"taxonomy":"product_brand","embeddable":true,"href":"https:\/\/aventura-excursions.com\/fr\/wp-json\/wp\/v2\/product_brand?post=599"},{"taxonomy":"product_cat","embeddable":true,"href":"https:\/\/aventura-excursions.com\/fr\/wp-json\/wp\/v2\/product_cat?post=599"},{"taxonomy":"product_tag","embeddable":true,"href":"https:\/\/aventura-excursions.com\/fr\/wp-json\/wp\/v2\/product_tag?post=599"}],"curies":[{"name":"wp","href":"https:\/\/api.w.org\/{rel}","templated":true}]}}