{"id":613,"date":"2024-03-18T19:50:56","date_gmt":"2024-03-18T16:50:56","guid":{"rendered":"https:\/\/aventura-excursions.com\/?post_type=product&#038;p=613"},"modified":"2025-06-14T01:39:14","modified_gmt":"2025-06-13T22:39:14","slug":"teide-by-night","status":"publish","type":"product","link":"https:\/\/aventura-excursions.com\/fr\/produit\/teide-by-night\/","title":{"rendered":"Teide de nuit"},"content":{"rendered":"<h3>Description<\/h3>\n<p>\nVous seriez \u00e9tonn\u00e9 de voir \u00e0 quel point le monde du Teide est diff\u00e9rent sous le couvert de la nuit. Vous pouvez ne faire qu'un avec la nature en vous approchant presque des \u00e9toiles et en \u00e9tant entour\u00e9 de peintures cosmiques du ciel. Un astronome professionnel vous montrera les constellations \u00e0 travers un t\u00e9lescope et vous racontera tout sur leur signification et leur histoire. <\/p>\n<p>\nNotre excursion commence par le sud et nous nous dirigeons ensuite vers le c\u0153ur de Tenerife, le grand volcan du Teide. L\u00e0, vous pourrez admirer l'\u00e9tonnant coucher de soleil avec un verre de vin, face \u00e0 l'oc\u00e9an Atlantique. Nous explorons le parc national du Teide puis, avec l'aide d'un guide professionnel, nous d\u00e9couvrons les \u00e9toiles, l'espace et l'univers \u00e0 l'aide de t\u00e9lescopes.<\/p>\n<p><\/p>\n<h3>Points d'inter\u00eats<\/h3>\n<ul>\n<li>Parc national du Teide<\/li>\n<li>Astronome professionnel<\/li>\n<li>Des t\u00e9lescopes puissants<\/li>\n<li>Coucher de soleil \u00e0 couper le souffle<\/li>\n<\/ul>\n<p>\n<\/p>\n<h3>D\u00e9tails<\/h3>\n<p>\n<strong><em>Rendez-vous:<\/em><\/strong> \u00e0 15h00 \u2013 16h00 <\/p>\n<p>\n<strong><em>Dur\u00e9e:<\/em><\/strong> 9 heures <\/p>\n<p>\n<strong><em>Inclus:<\/em><\/strong><\/p>\n<ul>\n<li>prise en charge dans le sud de Los Gigantes \u00e0 el Medano et dans le nord de Puerto de la Cruz<\/li>\n<li>couvertures et boissons chaudes<\/li>\n<li>t\u00e9lescopes<\/li>\n<li>astronome professionnel<\/li>\n<\/ul>\n<p><p>\n<br \/>\n<strong><em>Remarque:<\/em><\/strong> l'horaire affich\u00e9 sur cette page s'applique exclusivement aux visites effectu\u00e9es en anglais, allemand et en espagnol.<\/p>\n<p>\nPour des visites dans d'autres langues, veuillez nous contacter par courrier \u00e9lectronique <a href=\"mailto:info@aventura-excursions.com\" target=\"ask__mail\">info@aventura-excursions.com<\/a> ou par t\u00e9l\u00e9phone au <a href=\"tel: 34647676812\" target=\"_blank\">+34 647 67 68 12<\/a>. Notre \u00e9quipe se fera un plaisir de vous aider.<\/p>","protected":false},"excerpt":{"rendered":"<div>\nVivez un voyage inoubliable au c\u0153ur de Tenerife, sur le volcan Teide la nuit, en observant les \u00e9toiles \u00e0 travers les t\u00e9lescopes et en profitant de vues majestueuses sur l'oc\u00e9an Atlantique dans les lumi\u00e8res color\u00e9es du coucher de soleil avec un guide professionnel \u00e0 vos c\u00f4t\u00e9s.<\/p>\n<p>\n<br \/>\nChoisissez d\u2019abord le nombre d\u2019adultes et d\u2019enfants (8-13 ans), puis s\u00e9lectionnez la date du voyage.\n<\/div>","protected":false},"featured_media":614,"template":"","meta":{"_acf_changed":false},"product_brand":[],"product_cat":[19],"product_tag":[],"class_list":{"0":"post-613","1":"product","2":"type-product","3":"status-publish","4":"has-post-thumbnail","6":"product_cat-bus-excursions","8":"first","9":"instock","10":"shipping-taxable","11":"product-type-grouped"},"acf":[],"yoast_head":"<!-- This site is optimized with the Yoast SEO plugin v25.6 - https:\/\/yoast.com\/wordpress\/plugins\/seo\/ -->\n<title>Teide by Night Tours in Tenerife - Aventura Excursions - Book Your Stargazing Adventure!<\/title>\n<meta name=\"description\" content=\"Experience Teide by Night tours in Tenerife. Check reviews and prices. Enjoy stargazing with telescopes and breathtaking sunsets over the Atlantic.\" \/>\n<meta name=\"robots\" content=\"index, follow, max-snippet:-1, max-image-preview:large, max-video-preview:-1\" \/>\n<link rel=\"canonical\" href=\"https:\/\/aventura-excursions.com\/fr\/produit\/teide-by-night\/\" \/>\n<meta property=\"og:locale\" content=\"fr_FR\" \/>\n<meta property=\"og:type\" content=\"article\" \/>\n<meta property=\"og:title\" content=\"Teide by Night Tours in Tenerife - Aventura Excursions - Book Your Stargazing Adventure!\" \/>\n<meta property=\"og:description\" content=\"Experience Teide by Night tours in Tenerife. Check reviews and prices. Enjoy stargazing with telescopes and breathtaking sunsets over the Atlantic.\" \/>\n<meta property=\"og:url\" content=\"https:\/\/aventura-excursions.com\/fr\/produit\/teide-by-night\/\" \/>\n<meta property=\"og:site_name\" content=\"Aventura Excursions\" \/>\n<meta property=\"article:modified_time\" content=\"2025-06-13T22:39:14+00:00\" \/>\n<meta property=\"og:image\" content=\"https:\/\/aventura-excursions.com\/wp-content\/uploads\/2024\/03\/photo_2024-03-18_14-35-08-e1710781294954.jpg\" \/>\n\t<meta property=\"og:image:width\" content=\"748\" \/>\n\t<meta property=\"og:image:height\" content=\"701\" \/>\n\t<meta property=\"og:image:type\" content=\"image\/jpeg\" \/>\n<meta name=\"twitter:card\" content=\"summary_large_image\" \/>\n<meta name=\"twitter:label1\" content=\"Dur\u00e9e de lecture estim\u00e9e\" \/>\n\t<meta name=\"twitter:data1\" content=\"2 minutes\" \/>\n<!-- \/ Yoast SEO plugin. -->","yoast_head_json":{"title":"Teide by Night Tours in Tenerife - Aventura Excursions - Book Your Stargazing Adventure!","description":"Experience Teide by Night tours in Tenerife. Check reviews and prices. Enjoy stargazing with telescopes and breathtaking sunsets over the Atlantic.","robots":{"index":"index","follow":"follow","max-snippet":"max-snippet:-1","max-image-preview":"max-image-preview:large","max-video-preview":"max-video-preview:-1"},"canonical":"https:\/\/aventura-excursions.com\/fr\/produit\/teide-by-night\/","og_locale":"fr_FR","og_type":"article","og_title":"Teide by Night Tours in Tenerife - Aventura Excursions - Book Your Stargazing Adventure!","og_description":"Experience Teide by Night tours in Tenerife. Check reviews and prices. Enjoy stargazing with telescopes and breathtaking sunsets over the Atlantic.","og_url":"https:\/\/aventura-excursions.com\/fr\/produit\/teide-by-night\/","og_site_name":"Aventura Excursions","article_modified_time":"2025-06-13T22:39:14+00:00","og_image":[{"width":748,"height":701,"url":"https:\/\/aventura-excursions.com\/wp-content\/uploads\/2024\/03\/photo_2024-03-18_14-35-08-e1710781294954.jpg","type":"image\/jpeg"}],"twitter_card":"summary_large_image","twitter_misc":{"Dur\u00e9e de lecture estim\u00e9e":"2 minutes"},"schema":{"@context":"https:\/\/schema.org","@graph":[{"@type":"WebPage","@id":"https:\/\/aventura-excursions.com\/product\/teide-by-night\/","url":"https:\/\/aventura-excursions.com\/product\/teide-by-night\/","name":"Teide by Night Tours in Tenerife - Aventura Excursions - Book Your Stargazing Adventure!","isPartOf":{"@id":"https:\/\/aventura-excursions.com\/#website"},"primaryImageOfPage":{"@id":"https:\/\/aventura-excursions.com\/product\/teide-by-night\/#primaryimage"},"image":{"@id":"https:\/\/aventura-excursions.com\/product\/teide-by-night\/#primaryimage"},"thumbnailUrl":"https:\/\/aventura-excursions.com\/wp-content\/uploads\/2024\/03\/photo_2024-03-18_14-35-08-e1710781294954.jpg","datePublished":"2024-03-18T16:50:56+00:00","dateModified":"2025-06-13T22:39:14+00:00","description":"Experience Teide by Night tours in Tenerife. Check reviews and prices. Enjoy stargazing with telescopes and breathtaking sunsets over the Atlantic.","breadcrumb":{"@id":"https:\/\/aventura-excursions.com\/product\/teide-by-night\/#breadcrumb"},"inLanguage":"fr-FR","potentialAction":[{"@type":"ReadAction","target":["https:\/\/aventura-excursions.com\/product\/teide-by-night\/"]}]},{"@type":"ImageObject","inLanguage":"fr-FR","@id":"https:\/\/aventura-excursions.com\/product\/teide-by-night\/#primaryimage","url":"https:\/\/aventura-excursions.com\/wp-content\/uploads\/2024\/03\/photo_2024-03-18_14-35-08-e1710781294954.jpg","contentUrl":"https:\/\/aventura-excursions.com\/wp-content\/uploads\/2024\/03\/photo_2024-03-18_14-35-08-e1710781294954.jpg","width":748,"height":701},{"@type":"BreadcrumbList","@id":"https:\/\/aventura-excursions.com\/product\/teide-by-night\/#breadcrumb","itemListElement":[{"@type":"ListItem","position":1,"name":"Tours","item":"https:\/\/aventura-excursions.com\/tours\/"},{"@type":"ListItem","position":2,"name":"Teide by Night"}]},{"@type":"WebSite","@id":"https:\/\/aventura-excursions.com\/#website","url":"https:\/\/aventura-excursions.com\/","name":"Aventura Excursions","description":"Aventura Excursions","potentialAction":[{"@type":"SearchAction","target":{"@type":"EntryPoint","urlTemplate":"https:\/\/aventura-excursions.com\/?s={search_term_string}"},"query-input":{"@type":"PropertyValueSpecification","valueRequired":true,"valueName":"search_term_string"}}],"inLanguage":"fr-FR"}]}},"_links":{"self":[{"href":"https:\/\/aventura-excursions.com\/fr\/wp-json\/wp\/v2\/product\/613","targetHints":{"allow":["GET"]}}],"collection":[{"href":"https:\/\/aventura-excursions.com\/fr\/wp-json\/wp\/v2\/product"}],"about":[{"href":"https:\/\/aventura-excursions.com\/fr\/wp-json\/wp\/v2\/types\/product"}],"wp:featuredmedia":[{"embeddable":true,"href":"https:\/\/aventura-excursions.com\/fr\/wp-json\/wp\/v2\/media\/614"}],"wp:attachment":[{"href":"https:\/\/aventura-excursions.com\/fr\/wp-json\/wp\/v2\/media?parent=613"}],"wp:term":[{"taxonomy":"product_brand","embeddable":true,"href":"https:\/\/aventura-excursions.com\/fr\/wp-json\/wp\/v2\/product_brand?post=613"},{"taxonomy":"product_cat","embeddable":true,"href":"https:\/\/aventura-excursions.com\/fr\/wp-json\/wp\/v2\/product_cat?post=613"},{"taxonomy":"product_tag","embeddable":true,"href":"https:\/\/aventura-excursions.com\/fr\/wp-json\/wp\/v2\/product_tag?post=613"}],"curies":[{"name":"wp","href":"https:\/\/api.w.org\/{rel}","templated":true}]}}