{"id":620,"date":"2024-03-18T20:14:38","date_gmt":"2024-03-18T17:14:38","guid":{"rendered":"https:\/\/aventura-excursions.com\/?post_type=product&#038;p=620"},"modified":"2024-05-27T16:10:33","modified_gmt":"2024-05-27T13:10:33","slug":"aqualand","status":"publish","type":"product","link":"https:\/\/aventura-excursions.com\/fr\/produit\/aqualand\/","title":{"rendered":"Aqualand"},"content":{"rendered":"<h3>Description<\/h3>\n<p>\nAqualand is one of the most popular places to visit in Tenerife. Located in Costa Adeje, the aqua park is perfect to spend your time with the whole family. It offers not only a wide range of slides for adults but also a huge variety of attractions for kids of all ages. There is a big area, dedicated to the little ones in a shallow pool, so parents can relax while watching their children without worrying. This park also features one of Tenerife&#8217;s most popular pools with artificial waves. At last, a nice addition to the full day of excitement, there will be a dolphin show! You can enjoy the dolphin performance and even have a chance to interact with them. It&#8217;s an unforgettable experience for everyone!<\/p>\n<p>Le vaste espace du parc offre \u00e9galement une vari\u00e9t\u00e9 de bars, kiosques et casiers.<\/p>\n<h3><\/h3>\n<h3>Points d'inter\u00eats<\/h3>\n<ul>\n<li>Toboggans de tous niveaux<\/li>\n<li>Spectacle de dauphins<\/li>\n<li>Piscine \u00e0 vagues artificielles<\/li>\n<li>Piscine pour enfants<\/li>\n<\/ul>\n<p><h3>D\u00e9tails<\/h3>\n<p>\n<em><strong>Horaires d'ouvertures:<\/strong><\/em><br \/>10:00 \u2013 17:00 (September &#8211; June)<br \/>10:00 \u2013 18:00 (July &#8211; August)<\/p>\n<p>\n<em><strong>Emplacement:<\/strong><\/em><br \/>Costa Adeje (Sud de Tenerife)<\/p>\n<p><h3>Deux parcs avec r\u00e9duction<\/h3>\n<p class=\" translation-block\">Si vous pr\u00e9voyez de visiter \u00e0 la fois <a href=\"https:\/\/aventura-excursions.com\/fr\/produit\/jungle-park\/\" target=\"_self\"><strong>Jungle Park<\/strong><\/a> et Aqualand, vous pouvez acheter un forfait \u00e0 prix r\u00e9duit de deux billets et \u00e9conomiser 8 euros par personne\u00a0!<\/p>\n<p>Voir plus d'informations ici: <a href=\"https:\/\/aventura-excursions.com\/fr\/produit\/two-parks\/\"><strong>Deux parcs<\/strong><\/a><\/p>","protected":false},"excerpt":{"rendered":"<div>\n<p>Aqualand est un c\u00e9l\u00e8bre parc aquatique situ\u00e9 sur la Costa Adeje, qui propose un large \u00e9ventail d'activit\u00e9s pour les personnes de tous \u00e2ges et comprend un spectacle de dauphins ! <\/p>\n<p>\n<br \/>\nS\u00e9lectionnez le nombre d'adultes, d'enfants (5 \u00e0 10 ans), de b\u00e9b\u00e9s (3 \u00e0 4 ans) et de nourrissons (0 \u00e0 2 ans).\n<\/div>","protected":false},"featured_media":1219,"template":"","meta":{"_acf_changed":false},"product_brand":[],"product_cat":[20],"product_tag":[],"class_list":{"0":"post-620","1":"product","2":"type-product","3":"status-publish","4":"has-post-thumbnail","6":"product_cat-parks","8":"first","9":"instock","10":"shipping-taxable","11":"product-type-grouped"},"acf":[],"yoast_head":"<!-- This site is optimized with the Yoast SEO plugin v25.6 - https:\/\/yoast.com\/wordpress\/plugins\/seo\/ -->\n<title>Aqualand Costa Adeje Book Tickets for a Fun-Filled Day in Tenerife<\/title>\n<meta name=\"description\" content=\"Book your tickets for Aqualand in Costa Adeje! Enjoy slides, kids&#039; pools, and a dolphin show. Check prices and book now for a family adventure!\" \/>\n<meta name=\"robots\" content=\"index, follow, max-snippet:-1, max-image-preview:large, max-video-preview:-1\" \/>\n<link rel=\"canonical\" href=\"https:\/\/aventura-excursions.com\/fr\/produit\/aqualand\/\" \/>\n<meta property=\"og:locale\" content=\"fr_FR\" \/>\n<meta property=\"og:type\" content=\"article\" \/>\n<meta property=\"og:title\" content=\"Aqualand Costa Adeje Book Tickets for a Fun-Filled Day in Tenerife\" \/>\n<meta property=\"og:description\" content=\"Book your tickets for Aqualand in Costa Adeje! Enjoy slides, kids&#039; pools, and a dolphin show. Check prices and book now for a family adventure!\" \/>\n<meta property=\"og:url\" content=\"https:\/\/aventura-excursions.com\/fr\/produit\/aqualand\/\" \/>\n<meta property=\"og:site_name\" content=\"Aventura Excursions\" \/>\n<meta property=\"article:modified_time\" content=\"2024-05-27T13:10:33+00:00\" \/>\n<meta property=\"og:image\" content=\"https:\/\/aventura-excursions.com\/wp-content\/uploads\/2024\/03\/aqualand-1.jpg\" \/>\n\t<meta property=\"og:image:width\" content=\"1100\" \/>\n\t<meta property=\"og:image:height\" content=\"550\" \/>\n\t<meta property=\"og:image:type\" content=\"image\/jpeg\" \/>\n<meta name=\"twitter:card\" content=\"summary_large_image\" \/>\n<meta name=\"twitter:label1\" content=\"Dur\u00e9e de lecture estim\u00e9e\" \/>\n\t<meta name=\"twitter:data1\" content=\"2 minutes\" \/>\n<!-- \/ Yoast SEO plugin. -->","yoast_head_json":{"title":"Aqualand Costa Adeje Book Tickets for a Fun-Filled Day in Tenerife","description":"Book your tickets for Aqualand in Costa Adeje! Enjoy slides, kids' pools, and a dolphin show. Check prices and book now for a family adventure!","robots":{"index":"index","follow":"follow","max-snippet":"max-snippet:-1","max-image-preview":"max-image-preview:large","max-video-preview":"max-video-preview:-1"},"canonical":"https:\/\/aventura-excursions.com\/fr\/produit\/aqualand\/","og_locale":"fr_FR","og_type":"article","og_title":"Aqualand Costa Adeje Book Tickets for a Fun-Filled Day in Tenerife","og_description":"Book your tickets for Aqualand in Costa Adeje! Enjoy slides, kids' pools, and a dolphin show. Check prices and book now for a family adventure!","og_url":"https:\/\/aventura-excursions.com\/fr\/produit\/aqualand\/","og_site_name":"Aventura Excursions","article_modified_time":"2024-05-27T13:10:33+00:00","og_image":[{"width":1100,"height":550,"url":"https:\/\/aventura-excursions.com\/wp-content\/uploads\/2024\/03\/aqualand-1.jpg","type":"image\/jpeg"}],"twitter_card":"summary_large_image","twitter_misc":{"Dur\u00e9e de lecture estim\u00e9e":"2 minutes"},"schema":{"@context":"https:\/\/schema.org","@graph":[{"@type":"WebPage","@id":"https:\/\/aventura-excursions.com\/product\/aqualand\/","url":"https:\/\/aventura-excursions.com\/product\/aqualand\/","name":"Aqualand Costa Adeje Book Tickets for a Fun-Filled Day in Tenerife","isPartOf":{"@id":"https:\/\/aventura-excursions.com\/#website"},"primaryImageOfPage":{"@id":"https:\/\/aventura-excursions.com\/product\/aqualand\/#primaryimage"},"image":{"@id":"https:\/\/aventura-excursions.com\/product\/aqualand\/#primaryimage"},"thumbnailUrl":"https:\/\/aventura-excursions.com\/wp-content\/uploads\/2024\/03\/aqualand-1.jpg","datePublished":"2024-03-18T17:14:38+00:00","dateModified":"2024-05-27T13:10:33+00:00","description":"Book your tickets for Aqualand in Costa Adeje! Enjoy slides, kids' pools, and a dolphin show. Check prices and book now for a family adventure!","breadcrumb":{"@id":"https:\/\/aventura-excursions.com\/product\/aqualand\/#breadcrumb"},"inLanguage":"fr-FR","potentialAction":[{"@type":"ReadAction","target":["https:\/\/aventura-excursions.com\/product\/aqualand\/"]}]},{"@type":"ImageObject","inLanguage":"fr-FR","@id":"https:\/\/aventura-excursions.com\/product\/aqualand\/#primaryimage","url":"https:\/\/aventura-excursions.com\/wp-content\/uploads\/2024\/03\/aqualand-1.jpg","contentUrl":"https:\/\/aventura-excursions.com\/wp-content\/uploads\/2024\/03\/aqualand-1.jpg","width":1100,"height":550,"caption":"Aqualand costa adeje"},{"@type":"BreadcrumbList","@id":"https:\/\/aventura-excursions.com\/product\/aqualand\/#breadcrumb","itemListElement":[{"@type":"ListItem","position":1,"name":"Tours","item":"https:\/\/aventura-excursions.com\/tours\/"},{"@type":"ListItem","position":2,"name":"Aqualand"}]},{"@type":"WebSite","@id":"https:\/\/aventura-excursions.com\/#website","url":"https:\/\/aventura-excursions.com\/","name":"Aventura Excursions","description":"Aventura Excursions","potentialAction":[{"@type":"SearchAction","target":{"@type":"EntryPoint","urlTemplate":"https:\/\/aventura-excursions.com\/?s={search_term_string}"},"query-input":{"@type":"PropertyValueSpecification","valueRequired":true,"valueName":"search_term_string"}}],"inLanguage":"fr-FR"}]}},"_links":{"self":[{"href":"https:\/\/aventura-excursions.com\/fr\/wp-json\/wp\/v2\/product\/620","targetHints":{"allow":["GET"]}}],"collection":[{"href":"https:\/\/aventura-excursions.com\/fr\/wp-json\/wp\/v2\/product"}],"about":[{"href":"https:\/\/aventura-excursions.com\/fr\/wp-json\/wp\/v2\/types\/product"}],"wp:featuredmedia":[{"embeddable":true,"href":"https:\/\/aventura-excursions.com\/fr\/wp-json\/wp\/v2\/media\/1219"}],"wp:attachment":[{"href":"https:\/\/aventura-excursions.com\/fr\/wp-json\/wp\/v2\/media?parent=620"}],"wp:term":[{"taxonomy":"product_brand","embeddable":true,"href":"https:\/\/aventura-excursions.com\/fr\/wp-json\/wp\/v2\/product_brand?post=620"},{"taxonomy":"product_cat","embeddable":true,"href":"https:\/\/aventura-excursions.com\/fr\/wp-json\/wp\/v2\/product_cat?post=620"},{"taxonomy":"product_tag","embeddable":true,"href":"https:\/\/aventura-excursions.com\/fr\/wp-json\/wp\/v2\/product_tag?post=620"}],"curies":[{"name":"wp","href":"https:\/\/api.w.org\/{rel}","templated":true}]}}