{"id":631,"date":"2024-03-19T20:27:31","date_gmt":"2024-03-19T17:27:31","guid":{"rendered":"https:\/\/aventura-excursions.com\/?post_type=product&#038;p=631"},"modified":"2025-09-16T15:59:34","modified_gmt":"2025-09-16T12:59:34","slug":"jet-ski-safari","status":"publish","type":"product","link":"https:\/\/aventura-excursions.com\/fr\/produit\/jet-ski-safari\/","title":{"rendered":"Safari en Jet Ski"},"content":{"rendered":"<h3>Description<\/h3>\n<p>\nProfitez de l'excursion en jet ski qui vous offre une aventure pleine de plaisir et d'\u00e9motions. Vous explorerez l'oc\u00e9an \u00e0 grande vitesse, en d\u00e9couvrant les vues panoramiques sur la c\u00f4te rocheuse. Il est \u00e9galement possible que vous aperceviez des dauphins ou des baleines sur votre chemin. Gardez les yeux ouverts, on ne sait jamais ce qui vous attend dans la mer ! Il y a des excursion d'une ou deux heures, toutes guid\u00e9es par un instructeur professionnel qui vous accompagne en bateau. Le safari commence au port de Las Galletas et longe les magnifiques falaises de Palm-Mar. Le prix est le m\u00eame pour les jet skis simples et doubles.<\/p>\n<p>\n<\/p>\n<h3>Points d'inter\u00eats<\/h3>\n<ul>\n<li>Safari guid\u00e9<\/li>\n<li>Vues panoramiques<\/li>\n<li>Adr\u00e9naline<\/li>\n<li>Prise en charge \u00e0 l'h\u00f4tel<\/li>\n<\/ul>\n<p>\n<\/p>\n<h3>D\u00e9tails<\/h3>\n<p>\n<strong>Horaires de d\u00e9part :<\/strong> <br \/>\n10:00, 12:00, 14:00, 16:00 <\/p>\n<p>\n<strong>Hauteur minimale :<\/strong> <br \/>\n120 cm <\/p>\n<p>\n<strong>Poids maximum :<\/strong> <br \/>\nsingle jet ski &#8211; 120 kg,<br \/> <br \/>\ndouble jet ski &#8211; 160 kg <\/p>\n<p>\n<strong>Port :<\/strong><br \/>\nLas Galletas<\/p>\n<p>\n<strong>Transport:<\/strong><br \/>\nPrise en charge gratuite depuis Los Cristianos, Las Americas, Costa Adeje<\/p>\n<p><p>\n<\/p>\n<h3>Forfait \u00e0 prix r\u00e9duit Jet Ski + SUP<\/h3>\n<p>\nDoublez le plaisir avec notre forfait \u00e0 prix r\u00e9duit safari en jet ski + cours de SUP\u00a0! Vivez le frisson d'un safari en jet ski \u00e0 grande vitesse et ma\u00eetrisez l'art du stand-up paddle (SUP) gr\u00e2ce \u00e0 notre offre sp\u00e9ciale. Lire plus d'informations ici\u00a0: <a href=\"https:\/\/aventura-excursions.com\/fr\/produit\/water-package\/\"><strong><em>Forfait Eau pour 2<\/em><\/strong><\/a><\/p>","protected":false},"excerpt":{"rendered":"<div>\n<p>Vivez une aventure aquatique passionnante en conduisant un jet ski le long de la c\u00f4te sud de Tenerife. <\/p>\n<p>\n<br \/>\nS\u00e9lectionnez jet ski simple\/double et trajet de 1 ou 2 heures. S\u00e9lectionnez ensuite la date du safari en jet ski.\n<\/div>","protected":false},"featured_media":638,"template":"","meta":{"_acf_changed":false},"product_brand":[],"product_cat":[21],"product_tag":[],"class_list":{"0":"post-631","1":"product","2":"type-product","3":"status-publish","4":"has-post-thumbnail","6":"product_cat-activities","8":"first","9":"instock","10":"sale","11":"shipping-taxable","12":"product-type-grouped"},"acf":[],"yoast_head":"<!-- This site is optimized with the Yoast SEO plugin v25.6 - https:\/\/yoast.com\/wordpress\/plugins\/seo\/ -->\n<title>Jet Ski Safari in Tenerife - Aventura Excursions - Book Your Adventure<\/title>\n<meta name=\"description\" content=\"Exciting Jet Ski Safari in Tenerife! Check reviews, prices, and ratings on our website. Book now to see dolphins, whales, and sea turtles.\" \/>\n<meta name=\"robots\" content=\"index, follow, max-snippet:-1, max-image-preview:large, max-video-preview:-1\" \/>\n<link rel=\"canonical\" href=\"https:\/\/aventura-excursions.com\/fr\/produit\/jet-ski-safari\/\" \/>\n<meta property=\"og:locale\" content=\"fr_FR\" \/>\n<meta property=\"og:type\" content=\"article\" \/>\n<meta property=\"og:title\" content=\"Jet Ski Safari in Tenerife - Aventura Excursions - Book Your Adventure\" \/>\n<meta property=\"og:description\" content=\"Exciting Jet Ski Safari in Tenerife! Check reviews, prices, and ratings on our website. Book now to see dolphins, whales, and sea turtles.\" \/>\n<meta property=\"og:url\" content=\"https:\/\/aventura-excursions.com\/fr\/produit\/jet-ski-safari\/\" \/>\n<meta property=\"og:site_name\" content=\"Aventura Excursions\" \/>\n<meta property=\"article:modified_time\" content=\"2025-09-16T12:59:34+00:00\" \/>\n<meta property=\"og:image\" content=\"https:\/\/aventura-excursions.com\/wp-content\/uploads\/2024\/03\/pexels-pixabay-33046.jpg\" \/>\n\t<meta property=\"og:image:width\" content=\"1760\" \/>\n\t<meta property=\"og:image:height\" content=\"1173\" \/>\n\t<meta property=\"og:image:type\" content=\"image\/jpeg\" \/>\n<meta name=\"twitter:card\" content=\"summary_large_image\" \/>\n<meta name=\"twitter:label1\" content=\"Dur\u00e9e de lecture estim\u00e9e\" \/>\n\t<meta name=\"twitter:data1\" content=\"2 minutes\" \/>\n<!-- \/ Yoast SEO plugin. -->","yoast_head_json":{"title":"Jet Ski Safari in Tenerife - Aventura Excursions - Book Your Adventure","description":"Exciting Jet Ski Safari in Tenerife! Check reviews, prices, and ratings on our website. Book now to see dolphins, whales, and sea turtles.","robots":{"index":"index","follow":"follow","max-snippet":"max-snippet:-1","max-image-preview":"max-image-preview:large","max-video-preview":"max-video-preview:-1"},"canonical":"https:\/\/aventura-excursions.com\/fr\/produit\/jet-ski-safari\/","og_locale":"fr_FR","og_type":"article","og_title":"Jet Ski Safari in Tenerife - Aventura Excursions - Book Your Adventure","og_description":"Exciting Jet Ski Safari in Tenerife! Check reviews, prices, and ratings on our website. Book now to see dolphins, whales, and sea turtles.","og_url":"https:\/\/aventura-excursions.com\/fr\/produit\/jet-ski-safari\/","og_site_name":"Aventura Excursions","article_modified_time":"2025-09-16T12:59:34+00:00","og_image":[{"width":1760,"height":1173,"url":"https:\/\/aventura-excursions.com\/wp-content\/uploads\/2024\/03\/pexels-pixabay-33046.jpg","type":"image\/jpeg"}],"twitter_card":"summary_large_image","twitter_misc":{"Dur\u00e9e de lecture estim\u00e9e":"2 minutes"},"schema":{"@context":"https:\/\/schema.org","@graph":[{"@type":"WebPage","@id":"https:\/\/aventura-excursions.com\/product\/jet-ski-safari\/","url":"https:\/\/aventura-excursions.com\/product\/jet-ski-safari\/","name":"Jet Ski Safari in Tenerife - Aventura Excursions - Book Your Adventure","isPartOf":{"@id":"https:\/\/aventura-excursions.com\/#website"},"primaryImageOfPage":{"@id":"https:\/\/aventura-excursions.com\/product\/jet-ski-safari\/#primaryimage"},"image":{"@id":"https:\/\/aventura-excursions.com\/product\/jet-ski-safari\/#primaryimage"},"thumbnailUrl":"https:\/\/aventura-excursions.com\/wp-content\/uploads\/2024\/03\/pexels-pixabay-33046.jpg","datePublished":"2024-03-19T17:27:31+00:00","dateModified":"2025-09-16T12:59:34+00:00","description":"Exciting Jet Ski Safari in Tenerife! Check reviews, prices, and ratings on our website. Book now to see dolphins, whales, and sea turtles.","breadcrumb":{"@id":"https:\/\/aventura-excursions.com\/product\/jet-ski-safari\/#breadcrumb"},"inLanguage":"fr-FR","potentialAction":[{"@type":"ReadAction","target":["https:\/\/aventura-excursions.com\/product\/jet-ski-safari\/"]}]},{"@type":"ImageObject","inLanguage":"fr-FR","@id":"https:\/\/aventura-excursions.com\/product\/jet-ski-safari\/#primaryimage","url":"https:\/\/aventura-excursions.com\/wp-content\/uploads\/2024\/03\/pexels-pixabay-33046.jpg","contentUrl":"https:\/\/aventura-excursions.com\/wp-content\/uploads\/2024\/03\/pexels-pixabay-33046.jpg","width":1760,"height":1173},{"@type":"BreadcrumbList","@id":"https:\/\/aventura-excursions.com\/product\/jet-ski-safari\/#breadcrumb","itemListElement":[{"@type":"ListItem","position":1,"name":"Tours","item":"https:\/\/aventura-excursions.com\/tours\/"},{"@type":"ListItem","position":2,"name":"Jet Ski Safari"}]},{"@type":"WebSite","@id":"https:\/\/aventura-excursions.com\/#website","url":"https:\/\/aventura-excursions.com\/","name":"Aventura Excursions","description":"Aventura Excursions","potentialAction":[{"@type":"SearchAction","target":{"@type":"EntryPoint","urlTemplate":"https:\/\/aventura-excursions.com\/?s={search_term_string}"},"query-input":{"@type":"PropertyValueSpecification","valueRequired":true,"valueName":"search_term_string"}}],"inLanguage":"fr-FR"}]}},"_links":{"self":[{"href":"https:\/\/aventura-excursions.com\/fr\/wp-json\/wp\/v2\/product\/631","targetHints":{"allow":["GET"]}}],"collection":[{"href":"https:\/\/aventura-excursions.com\/fr\/wp-json\/wp\/v2\/product"}],"about":[{"href":"https:\/\/aventura-excursions.com\/fr\/wp-json\/wp\/v2\/types\/product"}],"wp:featuredmedia":[{"embeddable":true,"href":"https:\/\/aventura-excursions.com\/fr\/wp-json\/wp\/v2\/media\/638"}],"wp:attachment":[{"href":"https:\/\/aventura-excursions.com\/fr\/wp-json\/wp\/v2\/media?parent=631"}],"wp:term":[{"taxonomy":"product_brand","embeddable":true,"href":"https:\/\/aventura-excursions.com\/fr\/wp-json\/wp\/v2\/product_brand?post=631"},{"taxonomy":"product_cat","embeddable":true,"href":"https:\/\/aventura-excursions.com\/fr\/wp-json\/wp\/v2\/product_cat?post=631"},{"taxonomy":"product_tag","embeddable":true,"href":"https:\/\/aventura-excursions.com\/fr\/wp-json\/wp\/v2\/product_tag?post=631"}],"curies":[{"name":"wp","href":"https:\/\/api.w.org\/{rel}","templated":true}]}}