{"id":686,"date":"2024-03-21T18:48:03","date_gmt":"2024-03-21T15:48:03","guid":{"rendered":"https:\/\/aventura-excursions.com\/?post_type=product&#038;p=686"},"modified":"2024-05-28T18:44:20","modified_gmt":"2024-05-28T15:44:20","slug":"jungle-park","status":"publish","type":"product","link":"https:\/\/aventura-excursions.com\/fr\/produit\/jungle-park\/","title":{"rendered":"Jungle Park"},"content":{"rendered":"<h3>Description<\/h3>\n<p>\nVivez une aventure incroyable \u00e0 travers le parc de la jungle avec des animaux exotiques ! Traversez des ponts en bois suspendus, explorez des cascades et des tunnels, faites des promenades en bobsleigh, des spectacles captivants d'oiseaux et d'otaries et d'innombrables autres attractions tout au long de votre voyage. Vous pouvez passer toute la journ\u00e9e en famille \u00e0 parcourir les environs d'une superficie de 75 000 m\u00b2 et \u00e0 observer plus de 500 animaux. Vous avez m\u00eame la chance d'interagir avec eux !<\/p>\n<p>\nDon&#8217;t miss the park&#8217;s spectacular exhibitions and shows: <strong>oiseaux de proie<\/strong> parmi lesquels des faucons, des vautours et des aigles, des <strong>oiseaux exotiques<\/strong> avec une vari\u00e9t\u00e9 de perroquets color\u00e9s, des spectacles passionnants <strong>d'otaries<\/strong> et <strong>un d\u00e9jeuner de pingouins<\/strong> o\u00f9 vous pourrez nourrir ces adorables animaux. <\/p>\n<p>Un avantage suppl\u00e9mentaire de Jungle Park est son emplacement au sud, \u00e0 proximit\u00e9 des principales zones touristiques de Los Cristianos et de Las Americas.<\/p>\n<h3><\/h3>\n<h3>Points d'inter\u00eats<\/h3>\n<ul>\n<li>Spectacle d'oiseaux et d'otaries<\/li>\n<li>Parfait pour les familles avec enfants<\/li>\n<li>Ponts de singe et plantes exotiques<\/li>\n<li>Plus de 500 animaux<\/li>\n<li>Bars et restaurants sur le territoire du parc<\/li>\n<\/ul>\n<p><h3>D\u00e9tails<\/h3>\n<p>\n<em><strong>Horaires d'ouvertures:<\/strong><\/em> 10:00 &#8211; 17:30 <\/p>\n<p><em><strong>Emplacement:<\/strong><\/em> Arona (au sud de Tenerife)<\/p>\n<p>Vous pouvez nager avec les lions de mer moyennant des frais suppl\u00e9mentaires<\/p>\n<p><h3>Deux parcs avec r\u00e9duction<\/h3>\n<p class=\" translation-block\">Si vous pr\u00e9voyez de visiter \u00e0 la fois Jungle Park et <a href=\"https:\/\/aventura-excursions.com\/fr\/produit\/aqualand\/\" target=\"_self\"><strong>Aqualand<\/strong><\/a>, vous pouvez acheter un forfait \u00e0 prix r\u00e9duit de deux billets et \u00e9conomiser 8 euros par personne\u00a0!<\/p>\n<p>Voir plus d'informations ici: <a href=\"https:\/\/aventura-excursions.com\/fr\/produit\/two-parks\/\"><strong>Deux parcs<\/strong><\/a><\/p>","protected":false},"excerpt":{"rendered":"<div>\n<p>Explorez Jungle Park au sud de Tenerife, avec plus de 500 animaux, des spectacles passionnants d'oiseaux et d'otaries et une faune diversifi\u00e9e dans un d\u00e9cor de jungle, \u00e0 seulement 15 minutes des stations baln\u00e9aires de Los Cristianos et de Las Americas.<\/p>\n<p>\n<br \/>\nS\u00e9lectionnez le nombre d'adultes, d'enfants (5 \u00e0 10 ans), de b\u00e9b\u00e9s (3 \u00e0 4 ans) et de nourrissons (0 \u00e0 2 ans).<\/p>\n<\/div>","protected":false},"featured_media":710,"template":"","meta":{"_acf_changed":false},"product_brand":[],"product_cat":[20],"product_tag":[],"class_list":{"0":"post-686","1":"product","2":"type-product","3":"status-publish","4":"has-post-thumbnail","6":"product_cat-parks","8":"first","9":"instock","10":"shipping-taxable","11":"product-type-grouped"},"acf":[],"yoast_head":"<!-- This site is optimized with the Yoast SEO plugin v25.6 - https:\/\/yoast.com\/wordpress\/plugins\/seo\/ -->\n<title>Jungle Park in Tenerife - Aventura Excursions - Best Prices, Book Tickets Now<\/title>\n<meta name=\"description\" content=\"Explore Jungle Park Tenerife! Check reviews, prices, and ratings. Book your adventure today to see exotic animals, thrilling shows, and beautiful wildlife\" \/>\n<meta name=\"robots\" content=\"index, follow, max-snippet:-1, max-image-preview:large, max-video-preview:-1\" \/>\n<link rel=\"canonical\" href=\"https:\/\/aventura-excursions.com\/fr\/produit\/jungle-park\/\" \/>\n<meta property=\"og:locale\" content=\"fr_FR\" \/>\n<meta property=\"og:type\" content=\"article\" \/>\n<meta property=\"og:title\" content=\"Jungle Park in Tenerife - Aventura Excursions - Best Prices, Book Tickets Now\" \/>\n<meta property=\"og:description\" content=\"Explore Jungle Park Tenerife! Check reviews, prices, and ratings. Book your adventure today to see exotic animals, thrilling shows, and beautiful wildlife\" \/>\n<meta property=\"og:url\" content=\"https:\/\/aventura-excursions.com\/fr\/produit\/jungle-park\/\" \/>\n<meta property=\"og:site_name\" content=\"Aventura Excursions\" \/>\n<meta property=\"article:modified_time\" content=\"2024-05-28T15:44:20+00:00\" \/>\n<meta property=\"og:image\" content=\"https:\/\/aventura-excursions.com\/wp-content\/uploads\/2024\/03\/photo_1_2024-03-21_16-53-29-e1711041025371.jpg\" \/>\n\t<meta property=\"og:image:width\" content=\"920\" \/>\n\t<meta property=\"og:image:height\" content=\"495\" \/>\n\t<meta property=\"og:image:type\" content=\"image\/jpeg\" \/>\n<meta name=\"twitter:card\" content=\"summary_large_image\" \/>\n<meta name=\"twitter:label1\" content=\"Dur\u00e9e de lecture estim\u00e9e\" \/>\n\t<meta name=\"twitter:data1\" content=\"2 minutes\" \/>\n<!-- \/ Yoast SEO plugin. -->","yoast_head_json":{"title":"Jungle Park in Tenerife - Aventura Excursions - Best Prices, Book Tickets Now","description":"Explore Jungle Park Tenerife! Check reviews, prices, and ratings. Book your adventure today to see exotic animals, thrilling shows, and beautiful wildlife","robots":{"index":"index","follow":"follow","max-snippet":"max-snippet:-1","max-image-preview":"max-image-preview:large","max-video-preview":"max-video-preview:-1"},"canonical":"https:\/\/aventura-excursions.com\/fr\/produit\/jungle-park\/","og_locale":"fr_FR","og_type":"article","og_title":"Jungle Park in Tenerife - Aventura Excursions - Best Prices, Book Tickets Now","og_description":"Explore Jungle Park Tenerife! Check reviews, prices, and ratings. Book your adventure today to see exotic animals, thrilling shows, and beautiful wildlife","og_url":"https:\/\/aventura-excursions.com\/fr\/produit\/jungle-park\/","og_site_name":"Aventura Excursions","article_modified_time":"2024-05-28T15:44:20+00:00","og_image":[{"width":920,"height":495,"url":"https:\/\/aventura-excursions.com\/wp-content\/uploads\/2024\/03\/photo_1_2024-03-21_16-53-29-e1711041025371.jpg","type":"image\/jpeg"}],"twitter_card":"summary_large_image","twitter_misc":{"Dur\u00e9e de lecture estim\u00e9e":"2 minutes"},"schema":{"@context":"https:\/\/schema.org","@graph":[{"@type":"WebPage","@id":"https:\/\/aventura-excursions.com\/product\/jungle-park\/","url":"https:\/\/aventura-excursions.com\/product\/jungle-park\/","name":"Jungle Park in Tenerife - Aventura Excursions - Best Prices, Book Tickets Now","isPartOf":{"@id":"https:\/\/aventura-excursions.com\/#website"},"primaryImageOfPage":{"@id":"https:\/\/aventura-excursions.com\/product\/jungle-park\/#primaryimage"},"image":{"@id":"https:\/\/aventura-excursions.com\/product\/jungle-park\/#primaryimage"},"thumbnailUrl":"https:\/\/aventura-excursions.com\/wp-content\/uploads\/2024\/03\/photo_1_2024-03-21_16-53-29-e1711041025371.jpg","datePublished":"2024-03-21T15:48:03+00:00","dateModified":"2024-05-28T15:44:20+00:00","description":"Explore Jungle Park Tenerife! Check reviews, prices, and ratings. Book your adventure today to see exotic animals, thrilling shows, and beautiful wildlife","breadcrumb":{"@id":"https:\/\/aventura-excursions.com\/product\/jungle-park\/#breadcrumb"},"inLanguage":"fr-FR","potentialAction":[{"@type":"ReadAction","target":["https:\/\/aventura-excursions.com\/product\/jungle-park\/"]}]},{"@type":"ImageObject","inLanguage":"fr-FR","@id":"https:\/\/aventura-excursions.com\/product\/jungle-park\/#primaryimage","url":"https:\/\/aventura-excursions.com\/wp-content\/uploads\/2024\/03\/photo_1_2024-03-21_16-53-29-e1711041025371.jpg","contentUrl":"https:\/\/aventura-excursions.com\/wp-content\/uploads\/2024\/03\/photo_1_2024-03-21_16-53-29-e1711041025371.jpg","width":920,"height":495},{"@type":"BreadcrumbList","@id":"https:\/\/aventura-excursions.com\/product\/jungle-park\/#breadcrumb","itemListElement":[{"@type":"ListItem","position":1,"name":"Tours","item":"https:\/\/aventura-excursions.com\/tours\/"},{"@type":"ListItem","position":2,"name":"Jungle Park"}]},{"@type":"WebSite","@id":"https:\/\/aventura-excursions.com\/#website","url":"https:\/\/aventura-excursions.com\/","name":"Aventura Excursions","description":"Aventura Excursions","potentialAction":[{"@type":"SearchAction","target":{"@type":"EntryPoint","urlTemplate":"https:\/\/aventura-excursions.com\/?s={search_term_string}"},"query-input":{"@type":"PropertyValueSpecification","valueRequired":true,"valueName":"search_term_string"}}],"inLanguage":"fr-FR"}]}},"_links":{"self":[{"href":"https:\/\/aventura-excursions.com\/fr\/wp-json\/wp\/v2\/product\/686","targetHints":{"allow":["GET"]}}],"collection":[{"href":"https:\/\/aventura-excursions.com\/fr\/wp-json\/wp\/v2\/product"}],"about":[{"href":"https:\/\/aventura-excursions.com\/fr\/wp-json\/wp\/v2\/types\/product"}],"wp:featuredmedia":[{"embeddable":true,"href":"https:\/\/aventura-excursions.com\/fr\/wp-json\/wp\/v2\/media\/710"}],"wp:attachment":[{"href":"https:\/\/aventura-excursions.com\/fr\/wp-json\/wp\/v2\/media?parent=686"}],"wp:term":[{"taxonomy":"product_brand","embeddable":true,"href":"https:\/\/aventura-excursions.com\/fr\/wp-json\/wp\/v2\/product_brand?post=686"},{"taxonomy":"product_cat","embeddable":true,"href":"https:\/\/aventura-excursions.com\/fr\/wp-json\/wp\/v2\/product_cat?post=686"},{"taxonomy":"product_tag","embeddable":true,"href":"https:\/\/aventura-excursions.com\/fr\/wp-json\/wp\/v2\/product_tag?post=686"}],"curies":[{"name":"wp","href":"https:\/\/api.w.org\/{rel}","templated":true}]}}