{"id":759,"date":"2024-03-22T18:05:17","date_gmt":"2024-03-22T15:05:17","guid":{"rendered":"https:\/\/aventura-excursions.com\/?post_type=product&#038;p=759"},"modified":"2024-05-29T18:09:39","modified_gmt":"2024-05-29T15:09:39","slug":"two-parks","status":"publish","type":"product","link":"https:\/\/aventura-excursions.com\/fr\/produit\/two-parks\/","title":{"rendered":"Deux parcs"},"content":{"rendered":"<h3>Description<\/h3>\n<p class=\" translation-block\">Here you can buy a ticket for 2 parks, <a href=\"https:\/\/aventura-excursions.com\/product\/jungle-park\/\" target=\"_self\"><strong>Jungle Park<\/strong><\/a> and <a href=\"https:\/\/aventura-excursions.com\/product\/aqualand\/\" target=\"_self\"><strong>Aqualand<\/strong><\/a>, at a good discounted price. Jungle Park is an exotic zoo recreating jungles with hanging bridges, dense vegetation, and fascinating animal shows. Aqualand is a splendid water park, where you can spend a day with your family trying out different water activities.\r\nYou can choose any day for each of the parks. Both of them are located in the South and are easily reached from Los Cristianos, Las Americas, and their surroundings.\r\n\r\n<br>       \r\n<br><\/p>\n<h3><\/h3>\n<h3>Points d'inter\u00eats<\/h3>\n<ul>\n<li>1 journ\u00e9e au <a href=\"https:\/\/aventura-excursions.com\/fr\/produit\/jungle-park\/\"><strong>Jungle Park<\/strong><\/a> (zoo)<\/li>\n<li>1 journ\u00e9e au <a href=\"https:\/\/aventura-excursions.com\/fr\/produit\/aqualand\/\"><strong>Aqualand<\/strong><\/a> (parc aquatique)<\/li>\n<\/ul>\n<p><h3>D\u00e9tails<\/h3>\n<p>\n<strong><em>Horaires d'ouvertures:<\/em><\/strong> <\/p>\n<p>\nJungle Park 10:00 &#8211; 17:30 <\/p>\n<p>\nAqualand 10:00 &#8211; 17:00 <\/p>\n<p>\n<strong><em>Emplacement:<\/em><\/strong> <\/p>\n<p>\nLes deux parcs se trouvent au sud de Tenerife<\/p>","protected":false},"excerpt":{"rendered":"<div>\n<p>Amazing opportunity to buy combined entrance ticket to Aqualand and Jungle Park, one of the most visited theme parks in Tenerife. It&#8217;s a great way to enjoy time with your family.<\/p>\n<p>\n<br \/>\nS\u00e9lectionnez le nombre d'adultes, d'enfants (5 \u00e0 10 ans) et de b\u00e9b\u00e9s (3 \u00e0 4 ans).\n<\/div>","protected":false},"featured_media":1209,"template":"","meta":{"_acf_changed":false},"product_brand":[],"product_cat":[20],"product_tag":[132,134,135,136,131,133],"class_list":{"0":"post-759","1":"product","2":"type-product","3":"status-publish","4":"has-post-thumbnail","6":"product_cat-parks","7":"product_tag-aqualand-costa-adeje","8":"product_tag-best-water-park-with-kids","9":"product_tag-jungle-park","10":"product_tag-theme-parks-tenerife","11":"product_tag-two-parks-tenerife","12":"product_tag-vacations-with-kids-tenerife","14":"first","15":"instock","16":"shipping-taxable","17":"product-type-grouped"},"acf":[],"yoast_head":"<!-- This site is optimized with the Yoast SEO plugin v25.6 - https:\/\/yoast.com\/wordpress\/plugins\/seo\/ -->\n<title>Two Parks Ticket: Aqualand &amp; Jungle Park - Aventura Excursions - Book Now and Save!<\/title>\n<meta name=\"description\" content=\"Buy a combined ticket for Aqualand and Jungle Park in Tenerife. Check reviews, prices, ratings. Enjoy discounted entry to top water park and zoo attractions\" \/>\n<meta name=\"robots\" content=\"index, follow, max-snippet:-1, max-image-preview:large, max-video-preview:-1\" \/>\n<link rel=\"canonical\" href=\"https:\/\/aventura-excursions.com\/fr\/produit\/two-parks\/\" \/>\n<meta property=\"og:locale\" content=\"fr_FR\" \/>\n<meta property=\"og:type\" content=\"article\" \/>\n<meta property=\"og:title\" content=\"Two Parks Ticket: Aqualand &amp; Jungle Park - Aventura Excursions - Book Now and Save!\" \/>\n<meta property=\"og:description\" content=\"Buy a combined ticket for Aqualand and Jungle Park in Tenerife. Check reviews, prices, ratings. Enjoy discounted entry to top water park and zoo attractions\" \/>\n<meta property=\"og:url\" content=\"https:\/\/aventura-excursions.com\/fr\/produit\/two-parks\/\" \/>\n<meta property=\"og:site_name\" content=\"Aventura Excursions\" \/>\n<meta property=\"article:modified_time\" content=\"2024-05-29T15:09:39+00:00\" \/>\n<meta property=\"og:image\" content=\"https:\/\/aventura-excursions.com\/wp-content\/uploads\/2024\/03\/two-parks.jpg\" \/>\n\t<meta property=\"og:image:width\" content=\"800\" \/>\n\t<meta property=\"og:image:height\" content=\"600\" \/>\n\t<meta property=\"og:image:type\" content=\"image\/jpeg\" \/>\n<meta name=\"twitter:card\" content=\"summary_large_image\" \/>\n<meta name=\"twitter:label1\" content=\"Dur\u00e9e de lecture estim\u00e9e\" \/>\n\t<meta name=\"twitter:data1\" content=\"1 minute\" \/>\n<!-- \/ Yoast SEO plugin. -->","yoast_head_json":{"title":"Two Parks Ticket: Aqualand & Jungle Park - Aventura Excursions - Book Now and Save!","description":"Buy a combined ticket for Aqualand and Jungle Park in Tenerife. Check reviews, prices, ratings. Enjoy discounted entry to top water park and zoo attractions","robots":{"index":"index","follow":"follow","max-snippet":"max-snippet:-1","max-image-preview":"max-image-preview:large","max-video-preview":"max-video-preview:-1"},"canonical":"https:\/\/aventura-excursions.com\/fr\/produit\/two-parks\/","og_locale":"fr_FR","og_type":"article","og_title":"Two Parks Ticket: Aqualand & Jungle Park - Aventura Excursions - Book Now and Save!","og_description":"Buy a combined ticket for Aqualand and Jungle Park in Tenerife. Check reviews, prices, ratings. Enjoy discounted entry to top water park and zoo attractions","og_url":"https:\/\/aventura-excursions.com\/fr\/produit\/two-parks\/","og_site_name":"Aventura Excursions","article_modified_time":"2024-05-29T15:09:39+00:00","og_image":[{"width":800,"height":600,"url":"https:\/\/aventura-excursions.com\/wp-content\/uploads\/2024\/03\/two-parks.jpg","type":"image\/jpeg"}],"twitter_card":"summary_large_image","twitter_misc":{"Dur\u00e9e de lecture estim\u00e9e":"1 minute"},"schema":{"@context":"https:\/\/schema.org","@graph":[{"@type":"WebPage","@id":"https:\/\/aventura-excursions.com\/product\/two-parks\/","url":"https:\/\/aventura-excursions.com\/product\/two-parks\/","name":"Two Parks Ticket: Aqualand & Jungle Park - Aventura Excursions - Book Now and Save!","isPartOf":{"@id":"https:\/\/aventura-excursions.com\/#website"},"primaryImageOfPage":{"@id":"https:\/\/aventura-excursions.com\/product\/two-parks\/#primaryimage"},"image":{"@id":"https:\/\/aventura-excursions.com\/product\/two-parks\/#primaryimage"},"thumbnailUrl":"https:\/\/aventura-excursions.com\/wp-content\/uploads\/2024\/03\/two-parks.jpg","datePublished":"2024-03-22T15:05:17+00:00","dateModified":"2024-05-29T15:09:39+00:00","description":"Buy a combined ticket for Aqualand and Jungle Park in Tenerife. Check reviews, prices, ratings. Enjoy discounted entry to top water park and zoo attractions","breadcrumb":{"@id":"https:\/\/aventura-excursions.com\/product\/two-parks\/#breadcrumb"},"inLanguage":"fr-FR","potentialAction":[{"@type":"ReadAction","target":["https:\/\/aventura-excursions.com\/product\/two-parks\/"]}]},{"@type":"ImageObject","inLanguage":"fr-FR","@id":"https:\/\/aventura-excursions.com\/product\/two-parks\/#primaryimage","url":"https:\/\/aventura-excursions.com\/wp-content\/uploads\/2024\/03\/two-parks.jpg","contentUrl":"https:\/\/aventura-excursions.com\/wp-content\/uploads\/2024\/03\/two-parks.jpg","width":800,"height":600,"caption":"Jungle and Aqualand package"},{"@type":"BreadcrumbList","@id":"https:\/\/aventura-excursions.com\/product\/two-parks\/#breadcrumb","itemListElement":[{"@type":"ListItem","position":1,"name":"Tours","item":"https:\/\/aventura-excursions.com\/tours\/"},{"@type":"ListItem","position":2,"name":"Two Parks"}]},{"@type":"WebSite","@id":"https:\/\/aventura-excursions.com\/#website","url":"https:\/\/aventura-excursions.com\/","name":"Aventura Excursions","description":"Aventura Excursions","potentialAction":[{"@type":"SearchAction","target":{"@type":"EntryPoint","urlTemplate":"https:\/\/aventura-excursions.com\/?s={search_term_string}"},"query-input":{"@type":"PropertyValueSpecification","valueRequired":true,"valueName":"search_term_string"}}],"inLanguage":"fr-FR"}]}},"_links":{"self":[{"href":"https:\/\/aventura-excursions.com\/fr\/wp-json\/wp\/v2\/product\/759","targetHints":{"allow":["GET"]}}],"collection":[{"href":"https:\/\/aventura-excursions.com\/fr\/wp-json\/wp\/v2\/product"}],"about":[{"href":"https:\/\/aventura-excursions.com\/fr\/wp-json\/wp\/v2\/types\/product"}],"wp:featuredmedia":[{"embeddable":true,"href":"https:\/\/aventura-excursions.com\/fr\/wp-json\/wp\/v2\/media\/1209"}],"wp:attachment":[{"href":"https:\/\/aventura-excursions.com\/fr\/wp-json\/wp\/v2\/media?parent=759"}],"wp:term":[{"taxonomy":"product_brand","embeddable":true,"href":"https:\/\/aventura-excursions.com\/fr\/wp-json\/wp\/v2\/product_brand?post=759"},{"taxonomy":"product_cat","embeddable":true,"href":"https:\/\/aventura-excursions.com\/fr\/wp-json\/wp\/v2\/product_cat?post=759"},{"taxonomy":"product_tag","embeddable":true,"href":"https:\/\/aventura-excursions.com\/fr\/wp-json\/wp\/v2\/product_tag?post=759"}],"curies":[{"name":"wp","href":"https:\/\/api.w.org\/{rel}","templated":true}]}}