{"id":766,"date":"2024-03-22T19:36:00","date_gmt":"2024-03-22T16:36:00","guid":{"rendered":"https:\/\/aventura-excursions.com\/?post_type=product&#038;p=766"},"modified":"2026-01-03T17:27:11","modified_gmt":"2026-01-03T14:27:11","slug":"boat-trip-whale-watching","status":"publish","type":"product","link":"https:\/\/aventura-excursions.com\/fr\/produit\/boat-trip-whale-watching\/","title":{"rendered":"Excursion en bateau\u00a0: observation des baleines"},"content":{"rendered":"<p><em><\/em><\/p>\n<h3>Description<\/h3>\n<p>\nLes excursions en bateau sont l'une des activit\u00e9s les plus populaires de Tenerife. Elles vous permettent de vous \u00e9merveiller devant des vues magnifiques sur des c\u00f4tes avec de hautes falaises et de belles plages. Chaque fois que nous sortons vers l'oc\u00e9an, nous recherchons des dauphins et des globic\u00e9phales qui sont des r\u00e9sidents permanents des eaux canariennes et vous pourrez \u00e9prouver le grand plaisir de les observer dans leur habitat naturel. Pendant le voyage, nous ferons un arr\u00eat pour nager dans une eau cristalline afin d'observer encore plus d'animaux et de poissons \u00e0 travers un masque.<\/p>\n<p>\nVous pouvez choisir entre plusieurs bateaux. Le programme de la visite est le m\u00eame, mais la dur\u00e9e et la capacit\u00e9 du bateau peuvent diff\u00e9rer.<\/p>\n<p><\/p>\n<h3>Points d'inter\u00eats<\/h3>\n<ul>\n<li>Observation des baleines et des dauphins<\/li>\n<li>Vues spectaculaires<\/li>\n<li>Snorkeling<\/li>\n<li>Plusieurs bateaux \u00e0 choisir<\/li>\n<\/ul>\n<p><\/p>\n<p><h3>Bateaux<\/h3>\n<p>\n<strong>So\u00f1ador<\/strong><\/p>\n<p>\n<img loading=\"lazy\" decoding=\"async\" src=\"https:\/\/aventura-excursions.com\/wp-content\/uploads\/2024\/03\/Sonador-Tenerife-7-1-300x225.webp\" alt=\"\" width=\"300\" height=\"225\" class=\"alignnone size-medium wp-image-2208 right_content_img add_margin_bottom\" srcset=\"https:\/\/aventura-excursions.com\/wp-content\/uploads\/2024\/03\/Sonador-Tenerife-7-1-300x225.webp 300w, https:\/\/aventura-excursions.com\/wp-content\/uploads\/2024\/03\/Sonador-Tenerife-7-1-1024x768.webp 1024w, https:\/\/aventura-excursions.com\/wp-content\/uploads\/2024\/03\/Sonador-Tenerife-7-1-768x576.webp 768w, https:\/\/aventura-excursions.com\/wp-content\/uploads\/2024\/03\/Sonador-Tenerife-7-1-1536x1152.webp 1536w, https:\/\/aventura-excursions.com\/wp-content\/uploads\/2024\/03\/Sonador-Tenerife-7-1-16x12.webp 16w, https:\/\/aventura-excursions.com\/wp-content\/uploads\/2024\/03\/Sonador-Tenerife-7-1-600x450.webp 600w, https:\/\/aventura-excursions.com\/wp-content\/uploads\/2024\/03\/Sonador-Tenerife-7-1.webp 2048w\" sizes=\"auto, (max-width: 300px) 100vw, 300px\" \/><br \/>\nVoilier de 15 m\u00e8tres de long. Le pont est \u00e9l\u00e9gant et facile \u00e0 parcourir.<\/p>\n<p>\nCapacit\u00e9 : 25 personnes<br \/>\nDur\u00e9e : 3 heures<br \/>\nPort : Los Cristianos<br \/>\nPas de rendez'-vouz<br \/>\nNourriture et boissons, telles que sandwichs, fruits, collations, boissons gazeuses, bi\u00e8re, etc., incluses.<\/p>\n<p><\/p>\n<p>\n<strong>Freebird<\/strong><\/p>\n<p>\n<img loading=\"lazy\" decoding=\"async\" src=\"https:\/\/aventura-excursions.com\/wp-content\/uploads\/2024\/03\/freebird-catamarans-tenerife-f15-1d-300x200.png\"  alt=\"\" width=\"300\" height=\"200\" class=\"alignnone size-medium wp-image-2206 right_content_img add_margin_bottom\" srcset=\"https:\/\/aventura-excursions.com\/wp-content\/uploads\/2024\/03\/freebird-catamarans-tenerife-f15-1d-300x200.png 300w, https:\/\/aventura-excursions.com\/wp-content\/uploads\/2024\/03\/freebird-catamarans-tenerife-f15-1d-18x12.png 18w, https:\/\/aventura-excursions.com\/wp-content\/uploads\/2024\/03\/freebird-catamarans-tenerife-f15-1d-600x399.png 600w, https:\/\/aventura-excursions.com\/wp-content\/uploads\/2024\/03\/freebird-catamarans-tenerife-f15-1d.png 700w\" sizes=\"auto, (max-width: 300px) 100vw, 300px\" \/><br \/>\nUn catamaran spacieux, parfait pour se d\u00e9tendre et bronzer.<\/p>\n<p>\nCapacit\u00e9 : 50 personnes<br \/>\nDur\u00e9e : 3 et 4,5 heures<br \/>\nPort : Puerto Colon<br \/>\nPick up included in Los Gigantes, Costa Adeje, Los Cristianos, Playa de Las Americas and Golf del Sur.<br \/>\nLa visite de 3 heures propose des sandwichs, de l'eau, de la bi\u00e8re et des boissons non alcoolis\u00e9es.<br \/>\nLa visite de 4,5 heures propose des boulettes de poulet en sauce, du riz huertano, diff\u00e9rentes boissons, telles que de la bi\u00e8re, des boissons gazeuses, de l'eau, de la sangria et un menu sp\u00e9cial pour les coeliaques et les v\u00e9g\u00e9taliens (sur demande).<\/p>\n<p><p><\/p>\n<p><strong>Viking<\/strong><\/p>\n<p>\n<img loading=\"lazy\" decoding=\"async\" src=\"https:\/\/aventura-excursions.com\/wp-content\/uploads\/2024\/03\/146b-300x226.png\"  alt=\"\" width=\"300\" height=\"226\" class=\"alignnone size-medium wp-image-2205 right_content_img add_margin_bottom\" srcset=\"https:\/\/aventura-excursions.com\/wp-content\/uploads\/2024\/03\/146b-300x226.png 300w, https:\/\/aventura-excursions.com\/wp-content\/uploads\/2024\/03\/146b-16x12.png 16w, https:\/\/aventura-excursions.com\/wp-content\/uploads\/2024\/03\/146b.png 353w\" sizes=\"auto, (max-width: 300px) 100vw, 300px\" \/><br \/>\nUn grand bateau viking avec un spectacle et une animation spectaculaires.<\/p>\n<p>\nCapacit\u00e9 : 100 personnes<br \/>\nDur\u00e9e : 2 et 3 heures<br \/>\nHeure de d\u00e9part :<br \/>\n2 hours &#8211; 11:00<br \/>\n3 hours &#8211; 13:30<br \/>\nPort : Los Cristianos<br \/>\nPas de rendez'-vouz<br \/>\nDrinks, such as wine, local beer, water and soft drinks, included in 3-hours trip. Restaurant&#8217;s food is paid separately.<\/p>\n<p><\/p>\n<p><strong>Tonina<\/strong><\/p>\n<p>\n<img loading=\"lazy\" decoding=\"async\" src=\"https:\/\/aventura-excursions.com\/wp-content\/uploads\/2024\/03\/barco-300x200.png\" alt=\"\" width=\"300\" height=\"200\" class=\"alignnone size-medium wp-image-2203 right_content_img add_margin_bottom\" srcset=\"https:\/\/aventura-excursions.com\/wp-content\/uploads\/2024\/03\/barco-300x200.png 300w, https:\/\/aventura-excursions.com\/wp-content\/uploads\/2024\/03\/barco-18x12.png 18w, https:\/\/aventura-excursions.com\/wp-content\/uploads\/2024\/03\/barco.png 460w\" sizes=\"auto, (max-width: 300px) 100vw, 300px\" \/><br \/>\nBateau type yacht, id\u00e9al pour petit groupe, avec un pont spacieux<\/p>\n<p>\nCapacit\u00e9 : 11 personnes<br \/>\nDur\u00e9e : 3 heures<br \/>\nPort : Las Galletas<br \/>\nPrise en charge dans le Sud incluse<br \/>\nLe prix comprend \u00e9galement une vari\u00e9t\u00e9 de collations et de boissons.<\/p>\n<p><p><\/p>","protected":false},"excerpt":{"rendered":"<div>\n<p>Take a boat trip and don&#8217;t miss the opportunity to relax, enjoy the nature, do snorkeling in the ocean and, of course, see the whales and dolphins!<\/p>\n<p>\nCHOISIR UN BATEAU :\n<\/div>","protected":false},"featured_media":1601,"template":"","meta":{"_acf_changed":false},"product_brand":[],"product_cat":[21],"product_tag":[],"class_list":{"0":"post-766","1":"product","2":"type-product","3":"status-publish","4":"has-post-thumbnail","6":"product_cat-activities","8":"first","9":"instock","10":"sale","11":"shipping-taxable","12":"product-type-grouped"},"acf":[],"yoast_head":"<!-- This site is optimized with the Yoast SEO plugin v25.6 - https:\/\/yoast.com\/wordpress\/plugins\/seo\/ -->\n<title>Boat Trip: Whale Watching - Aventura Excursions in Tenerife | Book Tickets online<\/title>\n<meta name=\"description\" content=\"Book your whale watching boat trip in Tenerife! See dolphins, snorkel, and enjoy stunning views. Check prices, read reviews, and buy tickets now!\" \/>\n<meta name=\"robots\" content=\"index, follow, max-snippet:-1, max-image-preview:large, max-video-preview:-1\" \/>\n<link rel=\"canonical\" href=\"https:\/\/aventura-excursions.com\/fr\/produit\/boat-trip-whale-watching\/\" \/>\n<meta property=\"og:locale\" content=\"fr_FR\" \/>\n<meta property=\"og:type\" content=\"article\" \/>\n<meta property=\"og:title\" content=\"Boat Trip: Whale Watching - Aventura Excursions in Tenerife | Book Tickets online\" \/>\n<meta property=\"og:description\" content=\"Book your whale watching boat trip in Tenerife! See dolphins, snorkel, and enjoy stunning views. Check prices, read reviews, and buy tickets now!\" \/>\n<meta property=\"og:url\" content=\"https:\/\/aventura-excursions.com\/fr\/produit\/boat-trip-whale-watching\/\" \/>\n<meta property=\"og:site_name\" content=\"Aventura Excursions\" \/>\n<meta property=\"article:modified_time\" content=\"2026-01-03T14:27:11+00:00\" \/>\n<meta property=\"og:image\" content=\"https:\/\/aventura-excursions.com\/wp-content\/uploads\/2024\/03\/grinda09.jpg\" \/>\n\t<meta property=\"og:image:width\" content=\"1014\" \/>\n\t<meta property=\"og:image:height\" content=\"768\" \/>\n\t<meta property=\"og:image:type\" content=\"image\/jpeg\" \/>\n<meta name=\"twitter:card\" content=\"summary_large_image\" \/>\n<meta name=\"twitter:label1\" content=\"Dur\u00e9e de lecture estim\u00e9e\" \/>\n\t<meta name=\"twitter:data1\" content=\"3 minutes\" \/>\n<!-- \/ Yoast SEO plugin. -->","yoast_head_json":{"title":"Boat Trip: Whale Watching - Aventura Excursions in Tenerife | Book Tickets online","description":"Book your whale watching boat trip in Tenerife! See dolphins, snorkel, and enjoy stunning views. Check prices, read reviews, and buy tickets now!","robots":{"index":"index","follow":"follow","max-snippet":"max-snippet:-1","max-image-preview":"max-image-preview:large","max-video-preview":"max-video-preview:-1"},"canonical":"https:\/\/aventura-excursions.com\/fr\/produit\/boat-trip-whale-watching\/","og_locale":"fr_FR","og_type":"article","og_title":"Boat Trip: Whale Watching - Aventura Excursions in Tenerife | Book Tickets online","og_description":"Book your whale watching boat trip in Tenerife! See dolphins, snorkel, and enjoy stunning views. Check prices, read reviews, and buy tickets now!","og_url":"https:\/\/aventura-excursions.com\/fr\/produit\/boat-trip-whale-watching\/","og_site_name":"Aventura Excursions","article_modified_time":"2026-01-03T14:27:11+00:00","og_image":[{"width":1014,"height":768,"url":"https:\/\/aventura-excursions.com\/wp-content\/uploads\/2024\/03\/grinda09.jpg","type":"image\/jpeg"}],"twitter_card":"summary_large_image","twitter_misc":{"Dur\u00e9e de lecture estim\u00e9e":"3 minutes"},"schema":{"@context":"https:\/\/schema.org","@graph":[{"@type":"WebPage","@id":"https:\/\/aventura-excursions.com\/product\/boat-trip-whale-watching\/","url":"https:\/\/aventura-excursions.com\/product\/boat-trip-whale-watching\/","name":"Boat Trip: Whale Watching - Aventura Excursions in Tenerife | Book Tickets online","isPartOf":{"@id":"https:\/\/aventura-excursions.com\/#website"},"primaryImageOfPage":{"@id":"https:\/\/aventura-excursions.com\/product\/boat-trip-whale-watching\/#primaryimage"},"image":{"@id":"https:\/\/aventura-excursions.com\/product\/boat-trip-whale-watching\/#primaryimage"},"thumbnailUrl":"https:\/\/aventura-excursions.com\/wp-content\/uploads\/2024\/03\/grinda09.jpg","datePublished":"2024-03-22T16:36:00+00:00","dateModified":"2026-01-03T14:27:11+00:00","description":"Book your whale watching boat trip in Tenerife! See dolphins, snorkel, and enjoy stunning views. Check prices, read reviews, and buy tickets now!","breadcrumb":{"@id":"https:\/\/aventura-excursions.com\/product\/boat-trip-whale-watching\/#breadcrumb"},"inLanguage":"fr-FR","potentialAction":[{"@type":"ReadAction","target":["https:\/\/aventura-excursions.com\/product\/boat-trip-whale-watching\/"]}]},{"@type":"ImageObject","inLanguage":"fr-FR","@id":"https:\/\/aventura-excursions.com\/product\/boat-trip-whale-watching\/#primaryimage","url":"https:\/\/aventura-excursions.com\/wp-content\/uploads\/2024\/03\/grinda09.jpg","contentUrl":"https:\/\/aventura-excursions.com\/wp-content\/uploads\/2024\/03\/grinda09.jpg","width":1014,"height":768,"caption":"LEAD Technologies Inc. V1.01"},{"@type":"BreadcrumbList","@id":"https:\/\/aventura-excursions.com\/product\/boat-trip-whale-watching\/#breadcrumb","itemListElement":[{"@type":"ListItem","position":1,"name":"Tours","item":"https:\/\/aventura-excursions.com\/tours\/"},{"@type":"ListItem","position":2,"name":"Boat Trip: Whale Watching"}]},{"@type":"WebSite","@id":"https:\/\/aventura-excursions.com\/#website","url":"https:\/\/aventura-excursions.com\/","name":"Aventura Excursions","description":"Aventura Excursions","potentialAction":[{"@type":"SearchAction","target":{"@type":"EntryPoint","urlTemplate":"https:\/\/aventura-excursions.com\/?s={search_term_string}"},"query-input":{"@type":"PropertyValueSpecification","valueRequired":true,"valueName":"search_term_string"}}],"inLanguage":"fr-FR"}]}},"_links":{"self":[{"href":"https:\/\/aventura-excursions.com\/fr\/wp-json\/wp\/v2\/product\/766","targetHints":{"allow":["GET"]}}],"collection":[{"href":"https:\/\/aventura-excursions.com\/fr\/wp-json\/wp\/v2\/product"}],"about":[{"href":"https:\/\/aventura-excursions.com\/fr\/wp-json\/wp\/v2\/types\/product"}],"wp:featuredmedia":[{"embeddable":true,"href":"https:\/\/aventura-excursions.com\/fr\/wp-json\/wp\/v2\/media\/1601"}],"wp:attachment":[{"href":"https:\/\/aventura-excursions.com\/fr\/wp-json\/wp\/v2\/media?parent=766"}],"wp:term":[{"taxonomy":"product_brand","embeddable":true,"href":"https:\/\/aventura-excursions.com\/fr\/wp-json\/wp\/v2\/product_brand?post=766"},{"taxonomy":"product_cat","embeddable":true,"href":"https:\/\/aventura-excursions.com\/fr\/wp-json\/wp\/v2\/product_cat?post=766"},{"taxonomy":"product_tag","embeddable":true,"href":"https:\/\/aventura-excursions.com\/fr\/wp-json\/wp\/v2\/product_tag?post=766"}],"curies":[{"name":"wp","href":"https:\/\/api.w.org\/{rel}","templated":true}]}}