{"id":788,"date":"2024-03-23T01:12:29","date_gmt":"2024-03-22T22:12:29","guid":{"rendered":"https:\/\/aventura-excursions.com\/?post_type=product&#038;p=788"},"modified":"2024-06-27T22:44:59","modified_gmt":"2024-06-27T19:44:59","slug":"flamenco-show","status":"publish","type":"product","link":"https:\/\/aventura-excursions.com\/fr\/produit\/flamenco-show\/","title":{"rendered":"Spectacle de flamenco"},"content":{"rendered":"<div>\n<h3>Description<\/h3>\n<p>\nExperience the lively rhythms and dynamic atmosphere of Spain through the famous flamenco show Ole, created and directed by the dancer Fran Chafino. Talented dancers and musicians are pouring their heart and soul into every performance. Feel the raw emotion and intensity as they command the stage with their mesmerizing artistry. The soulful sounds of authentic flamenco guitar, rhythmic palmas (handclaps), and the melodies of traditional instruments create an unforgettable experience. You can enjoy the show every Thursday at 20:30 in &#8216;Las Olas Showroom&#8217; of\u00a0GF Victoria hotel.<\/p>\n<p><\/p>\n<h3>Points d'inter\u00eats<\/h3>\n<ul>\n<li>Spectaculaire spectacle de flamenco r\u00e9alis\u00e9 par Fran Chafino<\/li>\n<li>Groupe de danse professionnel<\/li>\n<li>Salle de concert confortable<\/li>\n<\/ul>\n<p><\/p>\n<h3>D\u00e9tails<\/h3>\n<p>\n<strong><em>Heure de d\u00e9but :<\/em><\/strong> 20:30<br \/>\n<strong><em>Emplacement:<\/em><\/strong> Costa Adeje, GF Victoria Hotel<br \/>\nLe billet Platinum comprend un verre de vin\/boisson gazeuse et des tapas.\n<\/div>","protected":false},"excerpt":{"rendered":"<div>\nSpectacle de flamenco color\u00e9 et dynamique interpr\u00e9t\u00e9 par des danseurs professionnels et accompagn\u00e9 d'instruments traditionnels.<\/p>\n<p>\nS\u00e9lectionnez Golden si vous souhaitez uniquement un billet.<br \/>\nSelect Platinum if you&#8217;d like to add drinks and tapas to the ticket.<br \/>\nS\u00e9lectionnez ensuite le nombre d'adultes et d'enfants (3-11 ans) et la date du spectacle.\n<\/div>","protected":false},"featured_media":794,"template":"","meta":{"_acf_changed":false},"product_brand":[],"product_cat":[22],"product_tag":[],"class_list":{"0":"post-788","1":"product","2":"type-product","3":"status-publish","4":"has-post-thumbnail","6":"product_cat-shows","8":"first","9":"instock","10":"shipping-taxable","11":"product-type-grouped"},"acf":[],"yoast_head":"<!-- This site is optimized with the Yoast SEO plugin v25.6 - https:\/\/yoast.com\/wordpress\/plugins\/seo\/ -->\n<title>Flamenco Show in Tenerife - Aventura Excursions | Book Tickets online!<\/title>\n<meta name=\"description\" content=\"Book now for the best flamenco show in Tenerife! Enjoy professional performances, great prices, drinks, and tapas. Secure your tickets today and experience the vibrant Spanish culture!\" \/>\n<meta name=\"robots\" content=\"index, follow, max-snippet:-1, max-image-preview:large, max-video-preview:-1\" \/>\n<link rel=\"canonical\" href=\"https:\/\/aventura-excursions.com\/fr\/produit\/flamenco-show\/\" \/>\n<meta property=\"og:locale\" content=\"fr_FR\" \/>\n<meta property=\"og:type\" content=\"article\" \/>\n<meta property=\"og:title\" content=\"Flamenco Show in Tenerife - Aventura Excursions | Book Tickets online!\" \/>\n<meta property=\"og:description\" content=\"Book now for the best flamenco show in Tenerife! Enjoy professional performances, great prices, drinks, and tapas. Secure your tickets today and experience the vibrant Spanish culture!\" \/>\n<meta property=\"og:url\" content=\"https:\/\/aventura-excursions.com\/fr\/produit\/flamenco-show\/\" \/>\n<meta property=\"og:site_name\" content=\"Aventura Excursions\" \/>\n<meta property=\"article:modified_time\" content=\"2024-06-27T19:44:59+00:00\" \/>\n<meta property=\"og:image\" content=\"https:\/\/aventura-excursions.com\/wp-content\/uploads\/2024\/03\/photo_2024-03-22_22-51-51.jpg\" \/>\n\t<meta property=\"og:image:width\" content=\"1024\" \/>\n\t<meta property=\"og:image:height\" content=\"1280\" \/>\n\t<meta property=\"og:image:type\" content=\"image\/jpeg\" \/>\n<meta name=\"twitter:card\" content=\"summary_large_image\" \/>\n<meta name=\"twitter:label1\" content=\"Dur\u00e9e de lecture estim\u00e9e\" \/>\n\t<meta name=\"twitter:data1\" content=\"1 minute\" \/>\n<!-- \/ Yoast SEO plugin. -->","yoast_head_json":{"title":"Flamenco Show in Tenerife - Aventura Excursions | Book Tickets online!","description":"Book now for the best flamenco show in Tenerife! Enjoy professional performances, great prices, drinks, and tapas. Secure your tickets today and experience the vibrant Spanish culture!","robots":{"index":"index","follow":"follow","max-snippet":"max-snippet:-1","max-image-preview":"max-image-preview:large","max-video-preview":"max-video-preview:-1"},"canonical":"https:\/\/aventura-excursions.com\/fr\/produit\/flamenco-show\/","og_locale":"fr_FR","og_type":"article","og_title":"Flamenco Show in Tenerife - Aventura Excursions | Book Tickets online!","og_description":"Book now for the best flamenco show in Tenerife! Enjoy professional performances, great prices, drinks, and tapas. Secure your tickets today and experience the vibrant Spanish culture!","og_url":"https:\/\/aventura-excursions.com\/fr\/produit\/flamenco-show\/","og_site_name":"Aventura Excursions","article_modified_time":"2024-06-27T19:44:59+00:00","og_image":[{"width":1024,"height":1280,"url":"https:\/\/aventura-excursions.com\/wp-content\/uploads\/2024\/03\/photo_2024-03-22_22-51-51.jpg","type":"image\/jpeg"}],"twitter_card":"summary_large_image","twitter_misc":{"Dur\u00e9e de lecture estim\u00e9e":"1 minute"},"schema":{"@context":"https:\/\/schema.org","@graph":[{"@type":"WebPage","@id":"https:\/\/aventura-excursions.com\/product\/flamenco-show\/","url":"https:\/\/aventura-excursions.com\/product\/flamenco-show\/","name":"Flamenco Show in Tenerife - Aventura Excursions | Book Tickets online!","isPartOf":{"@id":"https:\/\/aventura-excursions.com\/#website"},"primaryImageOfPage":{"@id":"https:\/\/aventura-excursions.com\/product\/flamenco-show\/#primaryimage"},"image":{"@id":"https:\/\/aventura-excursions.com\/product\/flamenco-show\/#primaryimage"},"thumbnailUrl":"https:\/\/aventura-excursions.com\/wp-content\/uploads\/2024\/03\/photo_2024-03-22_22-51-51.jpg","datePublished":"2024-03-22T22:12:29+00:00","dateModified":"2024-06-27T19:44:59+00:00","description":"Book now for the best flamenco show in Tenerife! Enjoy professional performances, great prices, drinks, and tapas. Secure your tickets today and experience the vibrant Spanish culture!","breadcrumb":{"@id":"https:\/\/aventura-excursions.com\/product\/flamenco-show\/#breadcrumb"},"inLanguage":"fr-FR","potentialAction":[{"@type":"ReadAction","target":["https:\/\/aventura-excursions.com\/product\/flamenco-show\/"]}]},{"@type":"ImageObject","inLanguage":"fr-FR","@id":"https:\/\/aventura-excursions.com\/product\/flamenco-show\/#primaryimage","url":"https:\/\/aventura-excursions.com\/wp-content\/uploads\/2024\/03\/photo_2024-03-22_22-51-51.jpg","contentUrl":"https:\/\/aventura-excursions.com\/wp-content\/uploads\/2024\/03\/photo_2024-03-22_22-51-51.jpg","width":1024,"height":1280},{"@type":"BreadcrumbList","@id":"https:\/\/aventura-excursions.com\/product\/flamenco-show\/#breadcrumb","itemListElement":[{"@type":"ListItem","position":1,"name":"Tours","item":"https:\/\/aventura-excursions.com\/tours\/"},{"@type":"ListItem","position":2,"name":"Flamenco Show"}]},{"@type":"WebSite","@id":"https:\/\/aventura-excursions.com\/#website","url":"https:\/\/aventura-excursions.com\/","name":"Aventura Excursions","description":"Aventura Excursions","potentialAction":[{"@type":"SearchAction","target":{"@type":"EntryPoint","urlTemplate":"https:\/\/aventura-excursions.com\/?s={search_term_string}"},"query-input":{"@type":"PropertyValueSpecification","valueRequired":true,"valueName":"search_term_string"}}],"inLanguage":"fr-FR"}]}},"_links":{"self":[{"href":"https:\/\/aventura-excursions.com\/fr\/wp-json\/wp\/v2\/product\/788","targetHints":{"allow":["GET"]}}],"collection":[{"href":"https:\/\/aventura-excursions.com\/fr\/wp-json\/wp\/v2\/product"}],"about":[{"href":"https:\/\/aventura-excursions.com\/fr\/wp-json\/wp\/v2\/types\/product"}],"wp:featuredmedia":[{"embeddable":true,"href":"https:\/\/aventura-excursions.com\/fr\/wp-json\/wp\/v2\/media\/794"}],"wp:attachment":[{"href":"https:\/\/aventura-excursions.com\/fr\/wp-json\/wp\/v2\/media?parent=788"}],"wp:term":[{"taxonomy":"product_brand","embeddable":true,"href":"https:\/\/aventura-excursions.com\/fr\/wp-json\/wp\/v2\/product_brand?post=788"},{"taxonomy":"product_cat","embeddable":true,"href":"https:\/\/aventura-excursions.com\/fr\/wp-json\/wp\/v2\/product_cat?post=788"},{"taxonomy":"product_tag","embeddable":true,"href":"https:\/\/aventura-excursions.com\/fr\/wp-json\/wp\/v2\/product_tag?post=788"}],"curies":[{"name":"wp","href":"https:\/\/api.w.org\/{rel}","templated":true}]}}