{"id":893,"date":"2024-03-23T18:17:29","date_gmt":"2024-03-23T15:17:29","guid":{"rendered":"https:\/\/aventura-excursions.com\/?post_type=product&#038;p=893"},"modified":"2024-05-29T14:07:16","modified_gmt":"2024-05-29T11:07:16","slug":"castillo-san-miguel","status":"publish","type":"product","link":"https:\/\/aventura-excursions.com\/fr\/produit\/castillo-san-miguel\/","title":{"rendered":"Ch\u00e2teau de San Miguel"},"content":{"rendered":"<h3>Description<\/h3>\n<p>\nPr\u00e9parez-vous pour un voyage dans le temps \u00e0 l'\u00e9poque des chevaliers, de la royaut\u00e9 et de l'enchantement au Castillo San Miguel Show \u00e0 Tenerife ! Construit en pierre canarienne, le ch\u00e2teau de San Miguel est c\u00e9l\u00e8bre pour ses tours qui plongent les visiteurs dans un environnement m\u00e9di\u00e9val authentique. Nich\u00e9e dans les murs d\u2019un majestueux ch\u00e2teau, cette exp\u00e9rience unique allie histoire, divertissement et gastronomie d\u00e9licieuse. Vous assisterez \u00e0 une performance \u00e9poustouflante de chevaliers en armure combattant dans des batailles \u00e9piques pour d\u00e9montrer leurs comp\u00e9tences et leur courage. Votre chevalier aura besoin de votre soutien pendant le tournoi, alors pensez \u00e0 lui remonter le moral. Un d\u00eener et du vin vous seront servis, tout en vous amusant en faisant partie de cette extravagance m\u00e9di\u00e9vale.<\/p>\n<h3><\/h3>\n<h3>Points d'inter\u00eats<\/h3>\n<ul>\n<li>Spectacle m\u00e9di\u00e9val<\/li>\n<li>D\u00eener m\u00e9di\u00e9val authentique<\/li>\n<li>Participation active au spectacle<\/li>\n<\/ul>\n<h3>D\u00e9tails<\/h3>\n<p>\n<strong><em>Heure de d\u00e9but :<\/em><\/strong> 18:30<\/p>\n<p>\n<strong><em>Emplacement:<\/em><\/strong> San Miguel (\u00e0 10 minutes de Los Cristianos)<\/p>\n<p>\n<strong><em>Inclus:<\/em><\/strong><\/p>\n<ul>\n<li>d\u00eener<\/li>\n<li>articles de v\u00eatements m\u00e9di\u00e9vaux<\/li>\n<\/ul>\n<p>\n<strong><em>Non inclus:<\/em><\/strong> prise en charge \u00e0 l'h\u00f4tel<\/p>\n<p>\n<\/p>\n<h3>Transport<\/h3>\n<p class=\" translation-block\">Vous pouvez soit <a href=\"https:\/\/aventura-excursions.com\/fr\/produit\/rent-a-car\/\" target=\"_self\"><strong><em>louer une voiture<\/em><\/strong><\/a> avec nous et vous rendre seul au ch\u00e2teau de San Miguel, soit r\u00e9server un transfert depuis votre h\u00f4tel. Vous verrez cette option lors de la r\u00e9servation du spectacle. Le transfert prend en charge toutes les zones touristiques de Tenerife, notamment Los Gigantes, Golf del Sur et Puerto de la Cruz.<\/p>","protected":false},"excerpt":{"rendered":"<div>\n<p>Plongez dans la splendeur m\u00e9di\u00e9vale au spectacle Castillo San Miguel \u00e0 Tenerife, o\u00f9 vous pourrez profiter de l'atmosph\u00e8re d'une f\u00eate m\u00e9di\u00e9vale et de tournois palpitants. <\/p>\n<p>\nS\u00e9lectionnez d\u2019abord l\u2019une des options : billet seul ou billet + transfert.<br \/>\nS\u00e9lectionnez ensuite le nombre d'adultes, d'enfants (3 \u00e0 13 ans) et de b\u00e9b\u00e9s (0 \u00e0 2 ans).\n<\/div>","protected":false},"featured_media":903,"template":"","meta":{"_acf_changed":false},"product_brand":[],"product_cat":[22],"product_tag":[],"class_list":{"0":"post-893","1":"product","2":"type-product","3":"status-publish","4":"has-post-thumbnail","6":"product_cat-shows","8":"first","9":"instock","10":"shipping-taxable","11":"product-type-grouped"},"acf":[],"yoast_head":"<!-- This site is optimized with the Yoast SEO plugin v25.6 - https:\/\/yoast.com\/wordpress\/plugins\/seo\/ -->\n<title>Visit San Miguel castle Show Tenerife - Aventura Excursions - Book a Knight Tournament!<\/title>\n<meta name=\"description\" content=\"Experience the San Miguel Castle Show in Tenerife! Check reviews, prices, and ratings. Enjoy thrilling knight tournaments and an authentic medieval feast.\" \/>\n<meta name=\"robots\" content=\"index, follow, max-snippet:-1, max-image-preview:large, max-video-preview:-1\" \/>\n<link rel=\"canonical\" href=\"https:\/\/aventura-excursions.com\/fr\/produit\/castillo-san-miguel\/\" \/>\n<meta property=\"og:locale\" content=\"fr_FR\" \/>\n<meta property=\"og:type\" content=\"article\" \/>\n<meta property=\"og:title\" content=\"Visit San Miguel castle Show Tenerife - Aventura Excursions - Book a Knight Tournament!\" \/>\n<meta property=\"og:description\" content=\"Experience the San Miguel Castle Show in Tenerife! Check reviews, prices, and ratings. Enjoy thrilling knight tournaments and an authentic medieval feast.\" \/>\n<meta property=\"og:url\" content=\"https:\/\/aventura-excursions.com\/fr\/produit\/castillo-san-miguel\/\" \/>\n<meta property=\"og:site_name\" content=\"Aventura Excursions\" \/>\n<meta property=\"article:modified_time\" content=\"2024-05-29T11:07:16+00:00\" \/>\n<meta property=\"og:image\" content=\"https:\/\/aventura-excursions.com\/wp-content\/uploads\/2024\/03\/photo_2024-03-23_17-35-54.jpg\" \/>\n\t<meta property=\"og:image:width\" content=\"1280\" \/>\n\t<meta property=\"og:image:height\" content=\"960\" \/>\n\t<meta property=\"og:image:type\" content=\"image\/jpeg\" \/>\n<meta name=\"twitter:card\" content=\"summary_large_image\" \/>\n<meta name=\"twitter:label1\" content=\"Dur\u00e9e de lecture estim\u00e9e\" \/>\n\t<meta name=\"twitter:data1\" content=\"2 minutes\" \/>\n<!-- \/ Yoast SEO plugin. -->","yoast_head_json":{"title":"Visit San Miguel castle Show Tenerife - Aventura Excursions - Book a Knight Tournament!","description":"Experience the San Miguel Castle Show in Tenerife! Check reviews, prices, and ratings. Enjoy thrilling knight tournaments and an authentic medieval feast.","robots":{"index":"index","follow":"follow","max-snippet":"max-snippet:-1","max-image-preview":"max-image-preview:large","max-video-preview":"max-video-preview:-1"},"canonical":"https:\/\/aventura-excursions.com\/fr\/produit\/castillo-san-miguel\/","og_locale":"fr_FR","og_type":"article","og_title":"Visit San Miguel castle Show Tenerife - Aventura Excursions - Book a Knight Tournament!","og_description":"Experience the San Miguel Castle Show in Tenerife! Check reviews, prices, and ratings. Enjoy thrilling knight tournaments and an authentic medieval feast.","og_url":"https:\/\/aventura-excursions.com\/fr\/produit\/castillo-san-miguel\/","og_site_name":"Aventura Excursions","article_modified_time":"2024-05-29T11:07:16+00:00","og_image":[{"width":1280,"height":960,"url":"https:\/\/aventura-excursions.com\/wp-content\/uploads\/2024\/03\/photo_2024-03-23_17-35-54.jpg","type":"image\/jpeg"}],"twitter_card":"summary_large_image","twitter_misc":{"Dur\u00e9e de lecture estim\u00e9e":"2 minutes"},"schema":{"@context":"https:\/\/schema.org","@graph":[{"@type":"WebPage","@id":"https:\/\/aventura-excursions.com\/product\/castillo-san-miguel\/","url":"https:\/\/aventura-excursions.com\/product\/castillo-san-miguel\/","name":"Visit San Miguel castle Show Tenerife - Aventura Excursions - Book a Knight Tournament!","isPartOf":{"@id":"https:\/\/aventura-excursions.com\/#website"},"primaryImageOfPage":{"@id":"https:\/\/aventura-excursions.com\/product\/castillo-san-miguel\/#primaryimage"},"image":{"@id":"https:\/\/aventura-excursions.com\/product\/castillo-san-miguel\/#primaryimage"},"thumbnailUrl":"https:\/\/aventura-excursions.com\/wp-content\/uploads\/2024\/03\/photo_2024-03-23_17-35-54.jpg","datePublished":"2024-03-23T15:17:29+00:00","dateModified":"2024-05-29T11:07:16+00:00","description":"Experience the San Miguel Castle Show in Tenerife! Check reviews, prices, and ratings. Enjoy thrilling knight tournaments and an authentic medieval feast.","breadcrumb":{"@id":"https:\/\/aventura-excursions.com\/product\/castillo-san-miguel\/#breadcrumb"},"inLanguage":"fr-FR","potentialAction":[{"@type":"ReadAction","target":["https:\/\/aventura-excursions.com\/product\/castillo-san-miguel\/"]}]},{"@type":"ImageObject","inLanguage":"fr-FR","@id":"https:\/\/aventura-excursions.com\/product\/castillo-san-miguel\/#primaryimage","url":"https:\/\/aventura-excursions.com\/wp-content\/uploads\/2024\/03\/photo_2024-03-23_17-35-54.jpg","contentUrl":"https:\/\/aventura-excursions.com\/wp-content\/uploads\/2024\/03\/photo_2024-03-23_17-35-54.jpg","width":1280,"height":960},{"@type":"BreadcrumbList","@id":"https:\/\/aventura-excursions.com\/product\/castillo-san-miguel\/#breadcrumb","itemListElement":[{"@type":"ListItem","position":1,"name":"Tours","item":"https:\/\/aventura-excursions.com\/tours\/"},{"@type":"ListItem","position":2,"name":"San Miguel castle"}]},{"@type":"WebSite","@id":"https:\/\/aventura-excursions.com\/#website","url":"https:\/\/aventura-excursions.com\/","name":"Aventura Excursions","description":"Aventura Excursions","potentialAction":[{"@type":"SearchAction","target":{"@type":"EntryPoint","urlTemplate":"https:\/\/aventura-excursions.com\/?s={search_term_string}"},"query-input":{"@type":"PropertyValueSpecification","valueRequired":true,"valueName":"search_term_string"}}],"inLanguage":"fr-FR"}]}},"_links":{"self":[{"href":"https:\/\/aventura-excursions.com\/fr\/wp-json\/wp\/v2\/product\/893","targetHints":{"allow":["GET"]}}],"collection":[{"href":"https:\/\/aventura-excursions.com\/fr\/wp-json\/wp\/v2\/product"}],"about":[{"href":"https:\/\/aventura-excursions.com\/fr\/wp-json\/wp\/v2\/types\/product"}],"wp:featuredmedia":[{"embeddable":true,"href":"https:\/\/aventura-excursions.com\/fr\/wp-json\/wp\/v2\/media\/903"}],"wp:attachment":[{"href":"https:\/\/aventura-excursions.com\/fr\/wp-json\/wp\/v2\/media?parent=893"}],"wp:term":[{"taxonomy":"product_brand","embeddable":true,"href":"https:\/\/aventura-excursions.com\/fr\/wp-json\/wp\/v2\/product_brand?post=893"},{"taxonomy":"product_cat","embeddable":true,"href":"https:\/\/aventura-excursions.com\/fr\/wp-json\/wp\/v2\/product_cat?post=893"},{"taxonomy":"product_tag","embeddable":true,"href":"https:\/\/aventura-excursions.com\/fr\/wp-json\/wp\/v2\/product_tag?post=893"}],"curies":[{"name":"wp","href":"https:\/\/api.w.org\/{rel}","templated":true}]}}