{"id":934,"date":"2024-03-24T20:18:47","date_gmt":"2024-03-24T17:18:47","guid":{"rendered":"https:\/\/aventura-excursions.com\/?post_type=product&#038;p=934"},"modified":"2025-05-24T16:55:19","modified_gmt":"2025-05-24T13:55:19","slug":"quad-safari","status":"publish","type":"product","link":"https:\/\/aventura-excursions.com\/fr\/produit\/quad-safari\/","title":{"rendered":"Jurassic Quad"},"content":{"rendered":"<h3>Description<\/h3>\n<p>\nIsn&#8217;t it a perfect way to discover Tenerife? Full of emotions and adrenaline, you move through the mountains and the endemic pine tree forest till you reach the National Park of Teide and find yourself surrounded by lava flows and sandy desert. In the middle of it rises the Mount Teide, like a silent giant. During this trip you will take on a challenge to drive your quad through all kinds of landscapes, feeling freedom and joy.<\/p>\n<p>\n<\/p>\n<h3>Points d'inter\u00eats<\/h3>\n<ul>\n<li>Excursion guid\u00e9e en quad<\/li>\n<li>Ascension \u00e0 2346 m<\/li>\n<li>Parc National du Teide<\/li>\n<li>De superbes opportunit\u00e9s de photos<\/li>\n<\/ul>\n<p><\/p>\n<h3>D\u00e9tails<\/h3>\n<p>\nDur\u00e9e : 4 heures <br \/>\nHeure de d\u00e9part : 10h00, 14h00 <br \/>\nLe prix comprend le transfert depuis l'h\u00f4tel au sud de Tenerife <\/p>\n<p>\n<\/p>\n<h3>Exigences:<\/h3>\n<p>\nPermis de conduire B <br \/>\nEnfants : \u00e2g\u00e9s de plus de 7 ans et mesurant plus de 130 cm<\/p>","protected":false},"excerpt":{"rendered":"<div>\nUne excursion en quad \u00e0 travers les montagnes et la for\u00eat de pins jusqu'au parc national du Teide. Ressentez la libert\u00e9 de la nature et profitez de la mont\u00e9e d'adr\u00e9naline. <\/p>\n<p>\n<br \/>\nS\u00e9lectionnez les quads simples ou doubles et la date de la visite.\n<\/div>","protected":false},"featured_media":937,"template":"","meta":{"_acf_changed":false},"product_brand":[],"product_cat":[21],"product_tag":[],"class_list":{"0":"post-934","1":"product","2":"type-product","3":"status-publish","4":"has-post-thumbnail","6":"product_cat-activities","8":"first","9":"instock","10":"sale","11":"shipping-taxable","12":"product-type-grouped"},"acf":[],"yoast_head":"<!-- This site is optimized with the Yoast SEO plugin v25.6 - https:\/\/yoast.com\/wordpress\/plugins\/seo\/ -->\n<title>Jurassic Quad in Tenerife - Aventura Excursions - Book Your Adventure Today!<\/title>\n<meta name=\"description\" content=\"Join a Quad Safari in Tenerife! Check reviews, prices, ratings. Experience the thrill of driving through mountains and pine forests to Teide National Park.\" \/>\n<meta name=\"robots\" content=\"index, follow, max-snippet:-1, max-image-preview:large, max-video-preview:-1\" \/>\n<link rel=\"canonical\" href=\"https:\/\/aventura-excursions.com\/fr\/produit\/quad-safari\/\" \/>\n<meta property=\"og:locale\" content=\"fr_FR\" \/>\n<meta property=\"og:type\" content=\"article\" \/>\n<meta property=\"og:title\" content=\"Jurassic Quad in Tenerife - Aventura Excursions - Book Your Adventure Today!\" \/>\n<meta property=\"og:description\" content=\"Join a Quad Safari in Tenerife! Check reviews, prices, ratings. Experience the thrill of driving through mountains and pine forests to Teide National Park.\" \/>\n<meta property=\"og:url\" content=\"https:\/\/aventura-excursions.com\/fr\/produit\/quad-safari\/\" \/>\n<meta property=\"og:site_name\" content=\"Aventura Excursions\" \/>\n<meta property=\"article:modified_time\" content=\"2025-05-24T13:55:19+00:00\" \/>\n<meta property=\"og:image\" content=\"https:\/\/aventura-excursions.com\/wp-content\/uploads\/2024\/03\/photo_2024-03-24_17-18-57.jpg\" \/>\n\t<meta property=\"og:image:width\" content=\"1280\" \/>\n\t<meta property=\"og:image:height\" content=\"1280\" \/>\n\t<meta property=\"og:image:type\" content=\"image\/jpeg\" \/>\n<meta name=\"twitter:card\" content=\"summary_large_image\" \/>\n<meta name=\"twitter:label1\" content=\"Dur\u00e9e de lecture estim\u00e9e\" \/>\n\t<meta name=\"twitter:data1\" content=\"1 minute\" \/>\n<!-- \/ Yoast SEO plugin. -->","yoast_head_json":{"title":"Jurassic Quad in Tenerife - Aventura Excursions - Book Your Adventure Today!","description":"Join a Quad Safari in Tenerife! Check reviews, prices, ratings. Experience the thrill of driving through mountains and pine forests to Teide National Park.","robots":{"index":"index","follow":"follow","max-snippet":"max-snippet:-1","max-image-preview":"max-image-preview:large","max-video-preview":"max-video-preview:-1"},"canonical":"https:\/\/aventura-excursions.com\/fr\/produit\/quad-safari\/","og_locale":"fr_FR","og_type":"article","og_title":"Jurassic Quad in Tenerife - Aventura Excursions - Book Your Adventure Today!","og_description":"Join a Quad Safari in Tenerife! Check reviews, prices, ratings. Experience the thrill of driving through mountains and pine forests to Teide National Park.","og_url":"https:\/\/aventura-excursions.com\/fr\/produit\/quad-safari\/","og_site_name":"Aventura Excursions","article_modified_time":"2025-05-24T13:55:19+00:00","og_image":[{"width":1280,"height":1280,"url":"https:\/\/aventura-excursions.com\/wp-content\/uploads\/2024\/03\/photo_2024-03-24_17-18-57.jpg","type":"image\/jpeg"}],"twitter_card":"summary_large_image","twitter_misc":{"Dur\u00e9e de lecture estim\u00e9e":"1 minute"},"schema":{"@context":"https:\/\/schema.org","@graph":[{"@type":"WebPage","@id":"https:\/\/aventura-excursions.com\/product\/quad-safari\/","url":"https:\/\/aventura-excursions.com\/product\/quad-safari\/","name":"Jurassic Quad in Tenerife - Aventura Excursions - Book Your Adventure Today!","isPartOf":{"@id":"https:\/\/aventura-excursions.com\/#website"},"primaryImageOfPage":{"@id":"https:\/\/aventura-excursions.com\/product\/quad-safari\/#primaryimage"},"image":{"@id":"https:\/\/aventura-excursions.com\/product\/quad-safari\/#primaryimage"},"thumbnailUrl":"https:\/\/aventura-excursions.com\/wp-content\/uploads\/2024\/03\/photo_2024-03-24_17-18-57.jpg","datePublished":"2024-03-24T17:18:47+00:00","dateModified":"2025-05-24T13:55:19+00:00","description":"Join a Quad Safari in Tenerife! Check reviews, prices, ratings. Experience the thrill of driving through mountains and pine forests to Teide National Park.","breadcrumb":{"@id":"https:\/\/aventura-excursions.com\/product\/quad-safari\/#breadcrumb"},"inLanguage":"fr-FR","potentialAction":[{"@type":"ReadAction","target":["https:\/\/aventura-excursions.com\/product\/quad-safari\/"]}]},{"@type":"ImageObject","inLanguage":"fr-FR","@id":"https:\/\/aventura-excursions.com\/product\/quad-safari\/#primaryimage","url":"https:\/\/aventura-excursions.com\/wp-content\/uploads\/2024\/03\/photo_2024-03-24_17-18-57.jpg","contentUrl":"https:\/\/aventura-excursions.com\/wp-content\/uploads\/2024\/03\/photo_2024-03-24_17-18-57.jpg","width":1280,"height":1280},{"@type":"BreadcrumbList","@id":"https:\/\/aventura-excursions.com\/product\/quad-safari\/#breadcrumb","itemListElement":[{"@type":"ListItem","position":1,"name":"Tours","item":"https:\/\/aventura-excursions.com\/tours\/"},{"@type":"ListItem","position":2,"name":"Jurassic Quad"}]},{"@type":"WebSite","@id":"https:\/\/aventura-excursions.com\/#website","url":"https:\/\/aventura-excursions.com\/","name":"Aventura Excursions","description":"Aventura Excursions","potentialAction":[{"@type":"SearchAction","target":{"@type":"EntryPoint","urlTemplate":"https:\/\/aventura-excursions.com\/?s={search_term_string}"},"query-input":{"@type":"PropertyValueSpecification","valueRequired":true,"valueName":"search_term_string"}}],"inLanguage":"fr-FR"}]}},"_links":{"self":[{"href":"https:\/\/aventura-excursions.com\/fr\/wp-json\/wp\/v2\/product\/934","targetHints":{"allow":["GET"]}}],"collection":[{"href":"https:\/\/aventura-excursions.com\/fr\/wp-json\/wp\/v2\/product"}],"about":[{"href":"https:\/\/aventura-excursions.com\/fr\/wp-json\/wp\/v2\/types\/product"}],"wp:featuredmedia":[{"embeddable":true,"href":"https:\/\/aventura-excursions.com\/fr\/wp-json\/wp\/v2\/media\/937"}],"wp:attachment":[{"href":"https:\/\/aventura-excursions.com\/fr\/wp-json\/wp\/v2\/media?parent=934"}],"wp:term":[{"taxonomy":"product_brand","embeddable":true,"href":"https:\/\/aventura-excursions.com\/fr\/wp-json\/wp\/v2\/product_brand?post=934"},{"taxonomy":"product_cat","embeddable":true,"href":"https:\/\/aventura-excursions.com\/fr\/wp-json\/wp\/v2\/product_cat?post=934"},{"taxonomy":"product_tag","embeddable":true,"href":"https:\/\/aventura-excursions.com\/fr\/wp-json\/wp\/v2\/product_tag?post=934"}],"curies":[{"name":"wp","href":"https:\/\/api.w.org\/{rel}","templated":true}]}}