{"id":942,"date":"2024-03-24T20:38:20","date_gmt":"2024-03-24T17:38:20","guid":{"rendered":"https:\/\/aventura-excursions.com\/?post_type=product&#038;p=942"},"modified":"2024-05-29T16:56:44","modified_gmt":"2024-05-29T13:56:44","slug":"surfing","status":"publish","type":"product","link":"https:\/\/aventura-excursions.com\/fr\/produit\/surfing\/","title":{"rendered":"Surf"},"content":{"rendered":"<h3>Description<\/h3>\n<p>\nParfaites pour tous les niveaux de comp\u00e9tence, nos le\u00e7ons sont con\u00e7ues pour vous aider \u00e0 ressentir le frisson du surf dans un environnement s\u00fbr et favorable. Nos instructeurs de surf certifi\u00e9s fournissent des conseils personnalis\u00e9s pour vous aider \u00e0 vous lever et \u00e0 surfer sur votre premi\u00e8re vague en un rien de temps.<\/p>\n<p>\nIl s\u2019agit d\u2019un cours de 2h30 compos\u00e9 de th\u00e9orie, de pratique aquatique et d\u2019analyse des erreurs \u00e0 l\u2019aide des images r\u00e9alis\u00e9es lors de la pratique. L'\u00e9cole de surf est situ\u00e9e au milieu de la zone touristique de Las Americas et dispose d'un acc\u00e8s facile \u00e0 l'eau. Un cadre magnifique, un moniteur sympathique et une belle aventure sur les vagues en feront une activit\u00e9 amusante et m\u00e9morable pour tous !<\/p>\n<p>\n<\/p>\n<h3>Points d'inter\u00eats<\/h3>\n<ul>\n<li>Meilleur spot de surf du Sud<\/li>\n<li>Des vagues toute l'ann\u00e9e<\/li>\n<li>Instructeur professionnel<\/li>\n<li>Mat\u00e9riel en parfait \u00e9tat<\/li>\n<\/ul>\n<p>\n<\/p>\n<h3>D\u00e9tails<\/h3>\n<p>\nPoint de rendez-vous \u00e0 Las Americas <br \/>\nHoraires de travail : de 07h00 \u00e0 16h00 <br \/>\nCombinaisons n\u00e9opr\u00e8ne et assurance incluses <\/p>","protected":false},"excerpt":{"rendered":"<div>\nSaisissez la vague avec nos cours de surf et d\u00e9couvrez les joies de ce sport exaltant ! Parfait pour tous les \u00e2ges et tous les niveaux de comp\u00e9tence.<\/p>\n<p>\n<br \/>\nS\u00e9lectionnez le nombre de cours et la date du premier cours.\n<\/div>","protected":false},"featured_media":948,"template":"","meta":{"_acf_changed":false},"product_brand":[],"product_cat":[21],"product_tag":[],"class_list":{"0":"post-942","1":"product","2":"type-product","3":"status-publish","4":"has-post-thumbnail","6":"product_cat-activities","8":"first","9":"instock","10":"sale","11":"shipping-taxable","12":"product-type-grouped"},"acf":[],"yoast_head":"<!-- This site is optimized with the Yoast SEO plugin v25.6 - https:\/\/yoast.com\/wordpress\/plugins\/seo\/ -->\n<title>Surfing Lessons in Tenerife - Aventura Excursions - Book Your Surf Adventure Now!<\/title>\n<meta name=\"description\" content=\"Join our surfing lessons in Tenerife. Check reviews and prices. Perfect for all ages and skill levels with professional instructors and year-round waves\" \/>\n<meta name=\"robots\" content=\"index, follow, max-snippet:-1, max-image-preview:large, max-video-preview:-1\" \/>\n<link rel=\"canonical\" href=\"https:\/\/aventura-excursions.com\/fr\/produit\/surfing\/\" \/>\n<meta property=\"og:locale\" content=\"fr_FR\" \/>\n<meta property=\"og:type\" content=\"article\" \/>\n<meta property=\"og:title\" content=\"Surfing Lessons in Tenerife - Aventura Excursions - Book Your Surf Adventure Now!\" \/>\n<meta property=\"og:description\" content=\"Join our surfing lessons in Tenerife. Check reviews and prices. Perfect for all ages and skill levels with professional instructors and year-round waves\" \/>\n<meta property=\"og:url\" content=\"https:\/\/aventura-excursions.com\/fr\/produit\/surfing\/\" \/>\n<meta property=\"og:site_name\" content=\"Aventura Excursions\" \/>\n<meta property=\"article:modified_time\" content=\"2024-05-29T13:56:44+00:00\" \/>\n<meta property=\"og:image\" content=\"https:\/\/aventura-excursions.com\/wp-content\/uploads\/2024\/03\/Image008f1.png\" \/>\n\t<meta property=\"og:image:width\" content=\"964\" \/>\n\t<meta property=\"og:image:height\" content=\"620\" \/>\n\t<meta property=\"og:image:type\" content=\"image\/png\" \/>\n<meta name=\"twitter:card\" content=\"summary_large_image\" \/>\n<meta name=\"twitter:label1\" content=\"Dur\u00e9e de lecture estim\u00e9e\" \/>\n\t<meta name=\"twitter:data1\" content=\"1 minute\" \/>\n<!-- \/ Yoast SEO plugin. -->","yoast_head_json":{"title":"Surfing Lessons in Tenerife - Aventura Excursions - Book Your Surf Adventure Now!","description":"Join our surfing lessons in Tenerife. Check reviews and prices. Perfect for all ages and skill levels with professional instructors and year-round waves","robots":{"index":"index","follow":"follow","max-snippet":"max-snippet:-1","max-image-preview":"max-image-preview:large","max-video-preview":"max-video-preview:-1"},"canonical":"https:\/\/aventura-excursions.com\/fr\/produit\/surfing\/","og_locale":"fr_FR","og_type":"article","og_title":"Surfing Lessons in Tenerife - Aventura Excursions - Book Your Surf Adventure Now!","og_description":"Join our surfing lessons in Tenerife. Check reviews and prices. Perfect for all ages and skill levels with professional instructors and year-round waves","og_url":"https:\/\/aventura-excursions.com\/fr\/produit\/surfing\/","og_site_name":"Aventura Excursions","article_modified_time":"2024-05-29T13:56:44+00:00","og_image":[{"width":964,"height":620,"url":"https:\/\/aventura-excursions.com\/wp-content\/uploads\/2024\/03\/Image008f1.png","type":"image\/png"}],"twitter_card":"summary_large_image","twitter_misc":{"Dur\u00e9e de lecture estim\u00e9e":"1 minute"},"schema":{"@context":"https:\/\/schema.org","@graph":[{"@type":"WebPage","@id":"https:\/\/aventura-excursions.com\/product\/surfing\/","url":"https:\/\/aventura-excursions.com\/product\/surfing\/","name":"Surfing Lessons in Tenerife - Aventura Excursions - Book Your Surf Adventure Now!","isPartOf":{"@id":"https:\/\/aventura-excursions.com\/#website"},"primaryImageOfPage":{"@id":"https:\/\/aventura-excursions.com\/product\/surfing\/#primaryimage"},"image":{"@id":"https:\/\/aventura-excursions.com\/product\/surfing\/#primaryimage"},"thumbnailUrl":"https:\/\/aventura-excursions.com\/wp-content\/uploads\/2024\/03\/Image008f1.png","datePublished":"2024-03-24T17:38:20+00:00","dateModified":"2024-05-29T13:56:44+00:00","description":"Join our surfing lessons in Tenerife. Check reviews and prices. Perfect for all ages and skill levels with professional instructors and year-round waves","breadcrumb":{"@id":"https:\/\/aventura-excursions.com\/product\/surfing\/#breadcrumb"},"inLanguage":"fr-FR","potentialAction":[{"@type":"ReadAction","target":["https:\/\/aventura-excursions.com\/product\/surfing\/"]}]},{"@type":"ImageObject","inLanguage":"fr-FR","@id":"https:\/\/aventura-excursions.com\/product\/surfing\/#primaryimage","url":"https:\/\/aventura-excursions.com\/wp-content\/uploads\/2024\/03\/Image008f1.png","contentUrl":"https:\/\/aventura-excursions.com\/wp-content\/uploads\/2024\/03\/Image008f1.png","width":964,"height":620},{"@type":"BreadcrumbList","@id":"https:\/\/aventura-excursions.com\/product\/surfing\/#breadcrumb","itemListElement":[{"@type":"ListItem","position":1,"name":"Tours","item":"https:\/\/aventura-excursions.com\/tours\/"},{"@type":"ListItem","position":2,"name":"Surfing"}]},{"@type":"WebSite","@id":"https:\/\/aventura-excursions.com\/#website","url":"https:\/\/aventura-excursions.com\/","name":"Aventura Excursions","description":"Aventura Excursions","potentialAction":[{"@type":"SearchAction","target":{"@type":"EntryPoint","urlTemplate":"https:\/\/aventura-excursions.com\/?s={search_term_string}"},"query-input":{"@type":"PropertyValueSpecification","valueRequired":true,"valueName":"search_term_string"}}],"inLanguage":"fr-FR"}]}},"_links":{"self":[{"href":"https:\/\/aventura-excursions.com\/fr\/wp-json\/wp\/v2\/product\/942","targetHints":{"allow":["GET"]}}],"collection":[{"href":"https:\/\/aventura-excursions.com\/fr\/wp-json\/wp\/v2\/product"}],"about":[{"href":"https:\/\/aventura-excursions.com\/fr\/wp-json\/wp\/v2\/types\/product"}],"wp:featuredmedia":[{"embeddable":true,"href":"https:\/\/aventura-excursions.com\/fr\/wp-json\/wp\/v2\/media\/948"}],"wp:attachment":[{"href":"https:\/\/aventura-excursions.com\/fr\/wp-json\/wp\/v2\/media?parent=942"}],"wp:term":[{"taxonomy":"product_brand","embeddable":true,"href":"https:\/\/aventura-excursions.com\/fr\/wp-json\/wp\/v2\/product_brand?post=942"},{"taxonomy":"product_cat","embeddable":true,"href":"https:\/\/aventura-excursions.com\/fr\/wp-json\/wp\/v2\/product_cat?post=942"},{"taxonomy":"product_tag","embeddable":true,"href":"https:\/\/aventura-excursions.com\/fr\/wp-json\/wp\/v2\/product_tag?post=942"}],"curies":[{"name":"wp","href":"https:\/\/api.w.org\/{rel}","templated":true}]}}