{"id":1210,"date":"2024-04-01T17:01:05","date_gmt":"2024-04-01T14:01:05","guid":{"rendered":"https:\/\/aventura-excursions.com\/?post_type=product&#038;p=1210"},"modified":"2024-07-24T16:30:11","modified_gmt":"2024-07-24T13:30:11","slug":"diving-courses","status":"publish","type":"product","link":"https:\/\/aventura-excursions.com\/it\/prodotto\/diving-courses\/","title":{"rendered":"Corsi di immersione"},"content":{"rendered":"<div>\n<p><h3>Descrizione<\/h3>\n<p>\nLa nostra scuola collabora con le pi\u00f9 grandi e conosciute federazioni subacquee, PADI e SSI. Completando un corso con noi, riceverete un certificato che sar\u00e0 facilmente riconosciuto in qualsiasi centro subacqueo del mondo, ovunque scegliate di immergervi. Un corso di immersione \u00e8 un'avventura emozionante che vi aiuter\u00e0 ad aprire le porte di un altro mondo.<\/p>\n<p><\/p>\n<h3>Punti di interesse<\/h3>\n<ul>\n<li>Corsi e specialit\u00e0 fino a Divemaster<\/li>\n<li>Istruttori professionisti<\/li>\n<li>E-learning e formazione pratica<\/li>\n<li>Attrezzature moderne e ben mantenute<\/li>\n<\/ul>\n<p><\/p>\n<h3>Dettagli<\/h3>\n<p>\nPosizione: Los Cristianos \/ Puerto Col\u00f3n<br \/>\nOrario di inizio: 09:00<br \/>\nAttrezzatura, assicurazione e certificazione incluse<br \/>\nCorsi SSI e PADI<\/p>\n<p>\nIl prelievo nel sud di Tenerife costa 2 euro a persona: da Callao Salvaje a El M\u00e9dano.<br \/>\nPick up a Puerto Santiago, Playa la Arena: 15 euro per auto (massimo 8 persone).<\/p>\n<p><\/p>\n<h3>Open Water Diver<\/h3>\n<p>\nQuesto corso \u00e8 il primo passo e il corso di immersione pi\u00f9 famoso al mondo. Il brevetto OWD consente di immergersi con un compagno fino a 18 metri di profondit\u00e0 in qualsiasi parte del mondo. Il corso si svolge nell'arco di 2 giorni ed \u00e8 composto da 3 parti:<\/p>\n<p>\n&#8211; Theory (elearning): you will learn the equipment, safety basics and basic rules on how to move underwater. You can comfortably complete this part at home a few days before the course starts, from your computer.<\/p>\n<p>\n&#8211; Underwater and surface exercises: these exercises will help you to feel confident underwater and to cope with the different types of problems that can occur during a dive.<\/p>\n<p>\n&#8211; Once we have finished the exercises, we will make 4 dives, during which we will continue to practice everything we have learned before.<\/p>\n<p class=\" translation-block\"><strong>Durata:<\/strong> 2-3 giorni<br>\n<strong>Requisiti:<\/strong> nessuno<br>\n<strong>Et\u00e0 minima:<\/strong> 10 anni<\/p>\n<p><\/p>\n<h3>Scuba Diver<\/h3>\n<p>\nIf you don&#8217;t have enough time to complete the full Open Water course, you can opt for the PADI\/SSI Scuba Diver course, which is a shortened version of the OWD course and only takes 1 day. You can then upgrade your license to Open Water Diver at any PADI dive center in the world. The Scuba Diver license allows you to dive to depths of up to 12 meters.<\/p>\n<p>\n<strong>Durata:<\/strong> 1-2 giorni<br \/>\n<strong>Requisiti:<\/strong> nessuno<br \/>\n<strong>Et\u00e0 minima:<\/strong> 10 anni<\/p>\n<p><\/p>\n<h3>Advanced Open Water Diver<\/h3>\n<p>\nSi tratta di un corso avanzato per chi ha gi\u00e0 un certificato OWD o equivalente. Durante il corso si effettuano 5 immersioni, durante le quali si praticano varie abilit\u00e0. Al termine del corso AOWD, il subacqueo pu\u00f2 immergersi fino a 30 metri. \u00c8 possibile combinare questo corso con altre immersioni programmate, per migliorare le proprie capacit\u00e0. \u00c8 possibile iscriversi al corso non appena si \u00e8 completato il corso OWD.<\/p>\n<p>\n<strong>Durata:<\/strong> 2-3 giorni<br \/>\n<strong>Requisiti:<\/strong> Certificato OWD<br \/>\n<strong>Et\u00e0 minima:<\/strong> 10 anni<\/p>\n<p><\/p>\n<h3>Night Diver<\/h3>\n<p>\nDi notte, i subacquei possono vedere ci\u00f2 che \u00e8 nascosto ai loro occhi durante il giorno. Durante le immersioni notturne osserviamo il comportamento degli animali, che cambia con il calare del buio. Nel corso Night Diver vi insegneremo a immergervi in modo sicuro e confortevole in condizioni di visibilit\u00e0 limitata. Il corso comprende una sessione teorica e 3 immersioni notturne nell'oceano.<\/p>\n<p>\n<strong>Durata:<\/strong> 3 giorni<br \/>\n<strong>Requisiti:<\/strong> Certificato OWD<br \/>\n<strong>Et\u00e0 minima:<\/strong> 18 anni<\/p>\n<p><\/p>\n<h3>Wreck Diver<\/h3>\n<p>\nLe immersioni sui relitti sono diventate una passione per molti subacquei di tutto il mondo. Sott'acqua possiamo esplorare navi, aerei, carri armati, automobili ed escavatori. In questo corso imparerete a immergervi e a penetrare nei relitti in tutta sicurezza. L'addestramento comprende la teoria e 4 immersioni vicino al relitto.<\/p>\n<p>\n<strong>Durata:<\/strong> 2 giorni<br \/>\n<strong>Requisiti:<\/strong> Certificato OWD<br \/>\n<strong>Et\u00e0 minima:<\/strong> 15 anni<\/p>\n<p><\/p>\n<h3>Deep Diver<\/h3>\n<p>\nDeep Diver \u00e8 una specialit\u00e0 per i subacquei AOWD che consente di migliorare le proprie capacit\u00e0 e di immergersi fino a 40 metri. Questa \u00e8 la profondit\u00e0 massima consentita per le immersioni ricreative. Durante il corso Deep Diver, imparerete a conoscere gli effetti fisiologici, le procedure di pianificazione e i dettagli dell'attrezzatura. Imparerete le tecniche di gestione dei gas, la gestione dei potenziali pericoli e delle emergenze. Il prezzo del corso comprende 4 immersioni nell'oceano.<\/p>\n<p>\n<strong>Durata:<\/strong> 2 giorni<br \/>\n<strong>Requisiti: <\/strong>Certificato AOWD<br \/>\n<strong>Et\u00e0 minima:<\/strong> 15 anni\n<\/div>","protected":false},"excerpt":{"rendered":"<div>\n<p>\nEntrate nel mondo delle immersioni e completate un corso con noi. I nostri programmi di insegnamento coprono tutti i livelli, dalle abilit\u00e0 subacquee di base alle tecniche specializzate come le immersioni notturne e sui relitti, fino al livello professionale di divemaster.<\/p>\n<p><\/p>\n<p>Selezionare il corso e le opzioni aggiuntive se richieste: foto, ritiro a Tenerife Sud o a Playa la Arena. Quindi selezionare la data di inizio del corso.<\/p>\n<\/div>","protected":false},"featured_media":1213,"template":"","meta":{"_acf_changed":false},"product_brand":[],"product_cat":[21],"product_tag":[],"class_list":{"0":"post-1210","1":"product","2":"type-product","3":"status-publish","4":"has-post-thumbnail","6":"product_cat-activities","8":"first","9":"instock","10":"sale","11":"shipping-taxable","12":"product-type-grouped"},"acf":[],"yoast_head":"<!-- This site is optimized with the Yoast SEO plugin v25.6 - https:\/\/yoast.com\/wordpress\/plugins\/seo\/ -->\n<title>Diving Courses - Aventura Excursions in Tenerife | Learn to Dive | PADI or SSI | Book now<\/title>\n<meta name=\"description\" content=\"Discover scuba diving in Tenerife! From basic skills to advanced PADI and SSI certifications. Check prices, reviews, and book your diving course today!\" \/>\n<meta name=\"robots\" content=\"index, follow, max-snippet:-1, max-image-preview:large, max-video-preview:-1\" \/>\n<link rel=\"canonical\" href=\"https:\/\/aventura-excursions.com\/it\/prodotto\/diving-courses\/\" \/>\n<meta property=\"og:locale\" content=\"it_IT\" \/>\n<meta property=\"og:type\" content=\"article\" \/>\n<meta property=\"og:title\" content=\"Diving Courses - Aventura Excursions in Tenerife | Learn to Dive | PADI or SSI | Book now\" \/>\n<meta property=\"og:description\" content=\"Discover scuba diving in Tenerife! From basic skills to advanced PADI and SSI certifications. Check prices, reviews, and book your diving course today!\" \/>\n<meta property=\"og:url\" content=\"https:\/\/aventura-excursions.com\/it\/prodotto\/diving-courses\/\" \/>\n<meta property=\"og:site_name\" content=\"Aventura Excursions\" \/>\n<meta property=\"article:modified_time\" content=\"2024-07-24T13:30:11+00:00\" \/>\n<meta property=\"og:image\" content=\"https:\/\/aventura-excursions.com\/wp-content\/uploads\/2024\/04\/21106856_737374579784137_766626476876553897_n.jpg\" \/>\n\t<meta property=\"og:image:width\" content=\"960\" \/>\n\t<meta property=\"og:image:height\" content=\"640\" \/>\n\t<meta property=\"og:image:type\" content=\"image\/jpeg\" \/>\n<meta name=\"twitter:card\" content=\"summary_large_image\" \/>\n<meta name=\"twitter:label1\" content=\"Tempo di lettura stimato\" \/>\n\t<meta name=\"twitter:data1\" content=\"4 minuti\" \/>\n<!-- \/ Yoast SEO plugin. -->","yoast_head_json":{"title":"Diving Courses - Aventura Excursions in Tenerife | Learn to Dive | PADI or SSI | Book now","description":"Discover scuba diving in Tenerife! From basic skills to advanced PADI and SSI certifications. Check prices, reviews, and book your diving course today!","robots":{"index":"index","follow":"follow","max-snippet":"max-snippet:-1","max-image-preview":"max-image-preview:large","max-video-preview":"max-video-preview:-1"},"canonical":"https:\/\/aventura-excursions.com\/it\/prodotto\/diving-courses\/","og_locale":"it_IT","og_type":"article","og_title":"Diving Courses - Aventura Excursions in Tenerife | Learn to Dive | PADI or SSI | Book now","og_description":"Discover scuba diving in Tenerife! From basic skills to advanced PADI and SSI certifications. Check prices, reviews, and book your diving course today!","og_url":"https:\/\/aventura-excursions.com\/it\/prodotto\/diving-courses\/","og_site_name":"Aventura Excursions","article_modified_time":"2024-07-24T13:30:11+00:00","og_image":[{"width":960,"height":640,"url":"https:\/\/aventura-excursions.com\/wp-content\/uploads\/2024\/04\/21106856_737374579784137_766626476876553897_n.jpg","type":"image\/jpeg"}],"twitter_card":"summary_large_image","twitter_misc":{"Tempo di lettura stimato":"4 minuti"},"schema":{"@context":"https:\/\/schema.org","@graph":[{"@type":"WebPage","@id":"https:\/\/aventura-excursions.com\/product\/diving-courses\/","url":"https:\/\/aventura-excursions.com\/product\/diving-courses\/","name":"Diving Courses - Aventura Excursions in Tenerife | Learn to Dive | PADI or SSI | Book now","isPartOf":{"@id":"https:\/\/aventura-excursions.com\/#website"},"primaryImageOfPage":{"@id":"https:\/\/aventura-excursions.com\/product\/diving-courses\/#primaryimage"},"image":{"@id":"https:\/\/aventura-excursions.com\/product\/diving-courses\/#primaryimage"},"thumbnailUrl":"https:\/\/aventura-excursions.com\/wp-content\/uploads\/2024\/04\/21106856_737374579784137_766626476876553897_n.jpg","datePublished":"2024-04-01T14:01:05+00:00","dateModified":"2024-07-24T13:30:11+00:00","description":"Discover scuba diving in Tenerife! From basic skills to advanced PADI and SSI certifications. Check prices, reviews, and book your diving course today!","breadcrumb":{"@id":"https:\/\/aventura-excursions.com\/product\/diving-courses\/#breadcrumb"},"inLanguage":"it-IT","potentialAction":[{"@type":"ReadAction","target":["https:\/\/aventura-excursions.com\/product\/diving-courses\/"]}]},{"@type":"ImageObject","inLanguage":"it-IT","@id":"https:\/\/aventura-excursions.com\/product\/diving-courses\/#primaryimage","url":"https:\/\/aventura-excursions.com\/wp-content\/uploads\/2024\/04\/21106856_737374579784137_766626476876553897_n.jpg","contentUrl":"https:\/\/aventura-excursions.com\/wp-content\/uploads\/2024\/04\/21106856_737374579784137_766626476876553897_n.jpg","width":960,"height":640},{"@type":"BreadcrumbList","@id":"https:\/\/aventura-excursions.com\/product\/diving-courses\/#breadcrumb","itemListElement":[{"@type":"ListItem","position":1,"name":"Tours","item":"https:\/\/aventura-excursions.com\/tours\/"},{"@type":"ListItem","position":2,"name":"Diving Courses"}]},{"@type":"WebSite","@id":"https:\/\/aventura-excursions.com\/#website","url":"https:\/\/aventura-excursions.com\/","name":"Aventura Excursions","description":"Aventura Excursions","potentialAction":[{"@type":"SearchAction","target":{"@type":"EntryPoint","urlTemplate":"https:\/\/aventura-excursions.com\/?s={search_term_string}"},"query-input":{"@type":"PropertyValueSpecification","valueRequired":true,"valueName":"search_term_string"}}],"inLanguage":"it-IT"}]}},"_links":{"self":[{"href":"https:\/\/aventura-excursions.com\/it\/wp-json\/wp\/v2\/product\/1210","targetHints":{"allow":["GET"]}}],"collection":[{"href":"https:\/\/aventura-excursions.com\/it\/wp-json\/wp\/v2\/product"}],"about":[{"href":"https:\/\/aventura-excursions.com\/it\/wp-json\/wp\/v2\/types\/product"}],"wp:featuredmedia":[{"embeddable":true,"href":"https:\/\/aventura-excursions.com\/it\/wp-json\/wp\/v2\/media\/1213"}],"wp:attachment":[{"href":"https:\/\/aventura-excursions.com\/it\/wp-json\/wp\/v2\/media?parent=1210"}],"wp:term":[{"taxonomy":"product_brand","embeddable":true,"href":"https:\/\/aventura-excursions.com\/it\/wp-json\/wp\/v2\/product_brand?post=1210"},{"taxonomy":"product_cat","embeddable":true,"href":"https:\/\/aventura-excursions.com\/it\/wp-json\/wp\/v2\/product_cat?post=1210"},{"taxonomy":"product_tag","embeddable":true,"href":"https:\/\/aventura-excursions.com\/it\/wp-json\/wp\/v2\/product_tag?post=1210"}],"curies":[{"name":"wp","href":"https:\/\/api.w.org\/{rel}","templated":true}]}}