{"id":1579,"date":"2024-05-15T14:35:55","date_gmt":"2024-05-15T11:35:55","guid":{"rendered":"https:\/\/aventura-excursions.com\/?post_type=product&#038;p=1579"},"modified":"2025-09-10T15:36:06","modified_gmt":"2025-09-10T12:36:06","slug":"diving-for-beginners","status":"publish","type":"product","link":"https:\/\/aventura-excursions.com\/it\/prodotto\/diving-for-beginners\/","title":{"rendered":"Immersioni per principianti"},"content":{"rendered":"<h3>Descrizione<\/h3>\n<p>\nEver wondered what it&#8217;s like to breathe underwater and explore the magical world beneath the waves? Join us for a try dive or DSD program and discover the thrill of scuba diving! Perfect for beginners, our expert instructors will guide you through every step, ensuring a safe and unforgettable experience. No prior experience needed\u2014just bring your sense of adventure!<\/p>\n<p>\nEsistono due programmi per i principianti: un'immersione di battesimo, che \u00e8 l'introduzione pi\u00f9 elementare all'immersione subacquea, e un DSD, che \u00e8 un programma pi\u00f9 esteso e comprende l'apprendimento elettronico, lezioni pi\u00f9 lunghe con l'istruttore e una serie di esercizi in acqua. Il DSD vi dar\u00e0 anche un permesso temporaneo per immergervi fino a 12 metri di profondit\u00e0 con un istruttore.<\/p>\n<p>\nYou can choose to dive from the beach or by boat. In both cases you will dive in a beautiful dive spot, rich of marine life. Guided by our experienced instructors, you&#8217;ll experience the beauty and thrill of scuba diving in one of the world&#8217;s top diving destinations.<\/p>\n<p>\nPrenotate oggi stesso la vostra immersione e create ricordi che dureranno tutta la vita!<\/p>\n<p>\n<\/p>\n<h3>Punti di interesse<\/h3>\n<ul>\n<li>Immersioni per principianti assoluti (nessuna esperienza richiesta)<\/li>\n<li>I migliori siti di immersione a Tenerife<\/li>\n<li>Immersioni in spiaggia e in barca<\/li>\n<li>Abbondante vita marina<\/li>\n<li>Paesaggi vulcanici<\/li>\n<li>Istruttori esperti<\/li>\n<\/ul>\n<p><\/p>\n<h3>Requisiti<\/h3>\n<p>Et\u00e0 minima: 8 anni<\/p>\n<p><\/p>\n<h3>Dettagli<\/h3>\n<p>\nDurata: 3 ore<br \/>\nOrari di partenza dalla spiaggia: 10:00, 12:30, 15:00<br \/>\nOrario di partenza dalla nave: 09:00, 13:00<br \/>\nAttrezzatura e assicurazione incluse<\/p>\n<p>Il prelievo nel sud di Tenerife costa 4 euro a persona: da Callao Salvaje a Gold del Sur.<br \/>\nPick up a Puerto Santiago, Playa la Arena, El Medano: 15 euro per auto (massimo 8 persone). <\/p>\n<p><\/p>\n<h3>Iscriversi a un corso<\/h3>\n<p>\nPuoi saltare il battesimo subacqueo e iscriverti direttamente a un corso di immersione e ottenere il tuo brevetto in soli 1 o 2 giorni! Maggiori informazioni qui: <strong><em><a href=\"https:\/\/aventura-excursions.com\/it\/prodotto\/diving-courses\/\">Corsi di immersione<\/a><\/em><\/strong><\/p>","protected":false},"excerpt":{"rendered":"<div>\n<p>Se siete curiosi di immergervi, la nostra immersione di prova \u00e8 il modo perfetto per iniziare! Immergetevi in un mondo nuovo con uno dei nostri esperti istruttori, non \u00e8 necessaria alcuna esperienza.<\/p>\n<p>\nScegliete un'immersione di battesimo o un programma DSD con e-learning e, se richiesto, opzioni aggiuntive: foto, pick-up nel sud di Tenerife o a Playa la Arena. Quindi selezionate la data della vostra prima esperienza subacquea.<\/p>\n<\/div>","protected":false},"featured_media":1611,"template":"","meta":{"_acf_changed":false},"product_brand":[],"product_cat":[21],"product_tag":[],"class_list":{"0":"post-1579","1":"product","2":"type-product","3":"status-publish","4":"has-post-thumbnail","6":"product_cat-activities","8":"first","9":"instock","10":"sale","11":"shipping-taxable","12":"product-type-grouped"},"acf":[],"yoast_head":"<!-- This site is optimized with the Yoast SEO plugin v25.6 - https:\/\/yoast.com\/wordpress\/plugins\/seo\/ -->\n<title>Diving for Beginners in Tenerife - Aventura Excursions | Book Your Try Dive Now!<\/title>\n<meta name=\"description\" content=\"Start scuba diving in Tenerife! Perfect for beginners, our try dive and DSD programs offer expert guidance. Check prices, reviews, and book now!\" \/>\n<meta name=\"robots\" content=\"index, follow, max-snippet:-1, max-image-preview:large, max-video-preview:-1\" \/>\n<link rel=\"canonical\" href=\"https:\/\/aventura-excursions.com\/it\/prodotto\/diving-for-beginners\/\" \/>\n<meta property=\"og:locale\" content=\"it_IT\" \/>\n<meta property=\"og:type\" content=\"article\" \/>\n<meta property=\"og:title\" content=\"Diving for Beginners in Tenerife - Aventura Excursions | Book Your Try Dive Now!\" \/>\n<meta property=\"og:description\" content=\"Start scuba diving in Tenerife! Perfect for beginners, our try dive and DSD programs offer expert guidance. Check prices, reviews, and book now!\" \/>\n<meta property=\"og:url\" content=\"https:\/\/aventura-excursions.com\/it\/prodotto\/diving-for-beginners\/\" \/>\n<meta property=\"og:site_name\" content=\"Aventura Excursions\" \/>\n<meta property=\"article:modified_time\" content=\"2025-09-10T12:36:06+00:00\" \/>\n<meta property=\"og:image\" content=\"https:\/\/aventura-excursions.com\/wp-content\/uploads\/2024\/05\/caption.jpg\" \/>\n\t<meta property=\"og:image:width\" content=\"500\" \/>\n\t<meta property=\"og:image:height\" content=\"400\" \/>\n\t<meta property=\"og:image:type\" content=\"image\/jpeg\" \/>\n<meta name=\"twitter:card\" content=\"summary_large_image\" \/>\n<meta name=\"twitter:label1\" content=\"Tempo di lettura stimato\" \/>\n\t<meta name=\"twitter:data1\" content=\"2 minuti\" \/>\n<!-- \/ Yoast SEO plugin. -->","yoast_head_json":{"title":"Diving for Beginners in Tenerife - Aventura Excursions | Book Your Try Dive Now!","description":"Start scuba diving in Tenerife! Perfect for beginners, our try dive and DSD programs offer expert guidance. Check prices, reviews, and book now!","robots":{"index":"index","follow":"follow","max-snippet":"max-snippet:-1","max-image-preview":"max-image-preview:large","max-video-preview":"max-video-preview:-1"},"canonical":"https:\/\/aventura-excursions.com\/it\/prodotto\/diving-for-beginners\/","og_locale":"it_IT","og_type":"article","og_title":"Diving for Beginners in Tenerife - Aventura Excursions | Book Your Try Dive Now!","og_description":"Start scuba diving in Tenerife! Perfect for beginners, our try dive and DSD programs offer expert guidance. Check prices, reviews, and book now!","og_url":"https:\/\/aventura-excursions.com\/it\/prodotto\/diving-for-beginners\/","og_site_name":"Aventura Excursions","article_modified_time":"2025-09-10T12:36:06+00:00","og_image":[{"width":500,"height":400,"url":"https:\/\/aventura-excursions.com\/wp-content\/uploads\/2024\/05\/caption.jpg","type":"image\/jpeg"}],"twitter_card":"summary_large_image","twitter_misc":{"Tempo di lettura stimato":"2 minuti"},"schema":{"@context":"https:\/\/schema.org","@graph":[{"@type":"WebPage","@id":"https:\/\/aventura-excursions.com\/product\/diving-for-beginners\/","url":"https:\/\/aventura-excursions.com\/product\/diving-for-beginners\/","name":"Diving for Beginners in Tenerife - Aventura Excursions | Book Your Try Dive Now!","isPartOf":{"@id":"https:\/\/aventura-excursions.com\/#website"},"primaryImageOfPage":{"@id":"https:\/\/aventura-excursions.com\/product\/diving-for-beginners\/#primaryimage"},"image":{"@id":"https:\/\/aventura-excursions.com\/product\/diving-for-beginners\/#primaryimage"},"thumbnailUrl":"https:\/\/aventura-excursions.com\/wp-content\/uploads\/2024\/05\/caption.jpg","datePublished":"2024-05-15T11:35:55+00:00","dateModified":"2025-09-10T12:36:06+00:00","description":"Start scuba diving in Tenerife! Perfect for beginners, our try dive and DSD programs offer expert guidance. Check prices, reviews, and book now!","breadcrumb":{"@id":"https:\/\/aventura-excursions.com\/product\/diving-for-beginners\/#breadcrumb"},"inLanguage":"it-IT","potentialAction":[{"@type":"ReadAction","target":["https:\/\/aventura-excursions.com\/product\/diving-for-beginners\/"]}]},{"@type":"ImageObject","inLanguage":"it-IT","@id":"https:\/\/aventura-excursions.com\/product\/diving-for-beginners\/#primaryimage","url":"https:\/\/aventura-excursions.com\/wp-content\/uploads\/2024\/05\/caption.jpg","contentUrl":"https:\/\/aventura-excursions.com\/wp-content\/uploads\/2024\/05\/caption.jpg","width":500,"height":400},{"@type":"BreadcrumbList","@id":"https:\/\/aventura-excursions.com\/product\/diving-for-beginners\/#breadcrumb","itemListElement":[{"@type":"ListItem","position":1,"name":"Tours","item":"https:\/\/aventura-excursions.com\/tours\/"},{"@type":"ListItem","position":2,"name":"Diving for Beginners"}]},{"@type":"WebSite","@id":"https:\/\/aventura-excursions.com\/#website","url":"https:\/\/aventura-excursions.com\/","name":"Aventura Excursions","description":"Aventura Excursions","potentialAction":[{"@type":"SearchAction","target":{"@type":"EntryPoint","urlTemplate":"https:\/\/aventura-excursions.com\/?s={search_term_string}"},"query-input":{"@type":"PropertyValueSpecification","valueRequired":true,"valueName":"search_term_string"}}],"inLanguage":"it-IT"}]}},"_links":{"self":[{"href":"https:\/\/aventura-excursions.com\/it\/wp-json\/wp\/v2\/product\/1579","targetHints":{"allow":["GET"]}}],"collection":[{"href":"https:\/\/aventura-excursions.com\/it\/wp-json\/wp\/v2\/product"}],"about":[{"href":"https:\/\/aventura-excursions.com\/it\/wp-json\/wp\/v2\/types\/product"}],"wp:featuredmedia":[{"embeddable":true,"href":"https:\/\/aventura-excursions.com\/it\/wp-json\/wp\/v2\/media\/1611"}],"wp:attachment":[{"href":"https:\/\/aventura-excursions.com\/it\/wp-json\/wp\/v2\/media?parent=1579"}],"wp:term":[{"taxonomy":"product_brand","embeddable":true,"href":"https:\/\/aventura-excursions.com\/it\/wp-json\/wp\/v2\/product_brand?post=1579"},{"taxonomy":"product_cat","embeddable":true,"href":"https:\/\/aventura-excursions.com\/it\/wp-json\/wp\/v2\/product_cat?post=1579"},{"taxonomy":"product_tag","embeddable":true,"href":"https:\/\/aventura-excursions.com\/it\/wp-json\/wp\/v2\/product_tag?post=1579"}],"curies":[{"name":"wp","href":"https:\/\/api.w.org\/{rel}","templated":true}]}}