{"id":1879,"date":"2024-06-15T00:32:04","date_gmt":"2024-06-14T21:32:04","guid":{"rendered":"https:\/\/aventura-excursions.com\/?post_type=product&#038;p=1879"},"modified":"2025-10-19T00:15:30","modified_gmt":"2025-10-18T21:15:30","slug":"la-gomera","status":"publish","type":"product","link":"https:\/\/aventura-excursions.com\/it\/prodotto\/la-gomera\/","title":{"rendered":"La Gomera"},"content":{"rendered":"<h3>Descrizione<\/h3>\n<p>\nLa Gomera, la pi\u00f9 verde delle Isole Canarie, ti offre un viaggio attraverso una magica foresta di alloro, valli e paesaggi spettacolari. All'arrivo sull'isola visiteremo San Sebasti\u00e1n, la capitale dell'isola, con il suo affascinante centro storico, dove pi\u00f9 di 500 anni fa si ferm\u00f2 Colombo mentre si dirigeva verso le coste orientali dell'Asia. Successivamente, ti dirigerai nel cuore di La Gomera, il Parco Nazionale di Garajonay. Passeggia nell'incantevole bosco di alloro, che con i suoi stravaganti rami ricci ti immerge nell'atmosfera di un film fantasy. Dopo aver appreso la storia degli aborigeni di La Gomera dalla tua guida, consumerai un pranzo tradizionale in cui la gente del posto dimostrer\u00e0 il loro esclusivo linguaggio di fischi Gomero, noto anche come Silbo Gomero.<\/p>\n<h3><\/h3>\n<h3>Punti di interesse<\/h3>\n<ul>\n<li>Centro storico di San Sebastiano<\/li>\n<li>Casa Colombo<\/li>\n<li>Parco Nazionale di Garajonay: foresta di alloro<\/li>\n<li>Spettacolo di fischietti<\/li>\n<\/ul>\n<p><h3>Dettagli<\/h3>\n<p>\n<strong>\u00c8 obbligatorio portare con s\u00e9 un documento d'identit\u00e0 per il traghetto!<\/strong><\/p>\n<p>\n<em><strong>Raccolta:<\/strong><\/em> intorno alle 08:00<\/p>\n<p>\n<em><strong>Durata:<\/strong><\/em> 10 ore<\/p>\n<p>\n<strong><em>Incluso:<\/em><\/strong> <\/p>\n<ul>\n<li>pick up a sud da La Caleta a Los Cristianos e a nord da Puerto de la Cruz<\/li>\n<li>il biglietto del traghetto (30 min)<\/li>\n<li>pranzo in un ristorante tradizionale<\/li>\n<li>guida professionale<\/li>\n<\/ul>\n<p>\n<br \/> <br \/>\n<strong>There&#8217;s no pick up for the tour in Polish language<\/strong><\/p>\n<p>\n<br \/>\n<strong><em>Nota bene:<\/em><\/strong> gli orari indicati in questa pagina si riferiscono esclusivamente ai tour condotti in inglese e spagnolo.<\/p>\n<p>\nPer i tour in altre lingue o se desiderate essere prelevati da un'area non elencata, contattateci via e-mail all'indirizzo <a href=\"mailto:info@aventura-excursions.com\" target=\"ask__mail\">info@aventura-excursions.com<\/a> o per telefono al numero <a href=\"tel: 34647676812\" target=\"_blank\">+34 647 67 68 12<\/a>. Il nostro team sar\u00e0 lieto di assistervi.<\/p>","protected":false},"excerpt":{"rendered":"<div>\nVisitate la splendida isola di La Gomera con una sosta nel Parco Nazionale di Garajonay, nelle foreste di alloro e nella citt\u00e0 di San Sebastian. Incontrate la popolazione locale e scoprite la loro lingua unica e fischiata.<\/p>\n<p>\n<br \/>\nPrima di tutto, scegliete se siete al Sud (lun-sab) o a Puerto de la Cruz (mer, gio, sa). Selezionate il numero di adulti, bambini (2-13 anni) e neonati (0-1 anno) e poi la data dell'escursione.\n<\/div>","protected":false},"featured_media":513,"template":"","meta":{"_acf_changed":false},"product_brand":[],"product_cat":[19],"product_tag":[],"class_list":{"0":"post-1879","1":"product","2":"type-product","3":"status-publish","4":"has-post-thumbnail","6":"product_cat-bus-excursions","8":"first","9":"instock","10":"shipping-taxable","11":"product-type-grouped"},"acf":[],"yoast_head":"<!-- This site is optimized with the Yoast SEO plugin v25.6 - https:\/\/yoast.com\/wordpress\/plugins\/seo\/ -->\n<title>Explore La Gomera from Tenerife - Aventura Excursions | Book Your Trip Now!<\/title>\n<meta name=\"description\" content=\"Visit La Gomera and discover its wonders! Check reviews, prices, and ratings. Book your adventure today for an unforgettable experience!\" \/>\n<meta name=\"robots\" content=\"index, follow, max-snippet:-1, max-image-preview:large, max-video-preview:-1\" \/>\n<link rel=\"canonical\" href=\"https:\/\/aventura-excursions.com\/it\/prodotto\/la-gomera\/\" \/>\n<meta property=\"og:locale\" content=\"it_IT\" \/>\n<meta property=\"og:type\" content=\"article\" \/>\n<meta property=\"og:title\" content=\"Explore La Gomera from Tenerife - Aventura Excursions | Book Your Trip Now!\" \/>\n<meta property=\"og:description\" content=\"Visit La Gomera and discover its wonders! Check reviews, prices, and ratings. Book your adventure today for an unforgettable experience!\" \/>\n<meta property=\"og:url\" content=\"https:\/\/aventura-excursions.com\/it\/prodotto\/la-gomera\/\" \/>\n<meta property=\"og:site_name\" content=\"Aventura Excursions\" \/>\n<meta property=\"article:modified_time\" content=\"2025-10-18T21:15:30+00:00\" \/>\n<meta property=\"og:image\" content=\"https:\/\/aventura-excursions.com\/wp-content\/uploads\/2024\/03\/245251-La-Gomera889-e1717292970876.png\" \/>\n\t<meta property=\"og:image:width\" content=\"496\" \/>\n\t<meta property=\"og:image:height\" content=\"241\" \/>\n\t<meta property=\"og:image:type\" content=\"image\/png\" \/>\n<meta name=\"twitter:card\" content=\"summary_large_image\" \/>\n<meta name=\"twitter:label1\" content=\"Tempo di lettura stimato\" \/>\n\t<meta name=\"twitter:data1\" content=\"2 minuti\" \/>\n<!-- \/ Yoast SEO plugin. -->","yoast_head_json":{"title":"Explore La Gomera from Tenerife - Aventura Excursions | Book Your Trip Now!","description":"Visit La Gomera and discover its wonders! Check reviews, prices, and ratings. Book your adventure today for an unforgettable experience!","robots":{"index":"index","follow":"follow","max-snippet":"max-snippet:-1","max-image-preview":"max-image-preview:large","max-video-preview":"max-video-preview:-1"},"canonical":"https:\/\/aventura-excursions.com\/it\/prodotto\/la-gomera\/","og_locale":"it_IT","og_type":"article","og_title":"Explore La Gomera from Tenerife - Aventura Excursions | Book Your Trip Now!","og_description":"Visit La Gomera and discover its wonders! Check reviews, prices, and ratings. Book your adventure today for an unforgettable experience!","og_url":"https:\/\/aventura-excursions.com\/it\/prodotto\/la-gomera\/","og_site_name":"Aventura Excursions","article_modified_time":"2025-10-18T21:15:30+00:00","og_image":[{"width":496,"height":241,"url":"https:\/\/aventura-excursions.com\/wp-content\/uploads\/2024\/03\/245251-La-Gomera889-e1717292970876.png","type":"image\/png"}],"twitter_card":"summary_large_image","twitter_misc":{"Tempo di lettura stimato":"2 minuti"},"schema":{"@context":"https:\/\/schema.org","@graph":[{"@type":"WebPage","@id":"https:\/\/aventura-excursions.com\/product\/la-gomera\/","url":"https:\/\/aventura-excursions.com\/product\/la-gomera\/","name":"Explore La Gomera from Tenerife - Aventura Excursions | Book Your Trip Now!","isPartOf":{"@id":"https:\/\/aventura-excursions.com\/#website"},"primaryImageOfPage":{"@id":"https:\/\/aventura-excursions.com\/product\/la-gomera\/#primaryimage"},"image":{"@id":"https:\/\/aventura-excursions.com\/product\/la-gomera\/#primaryimage"},"thumbnailUrl":"https:\/\/aventura-excursions.com\/wp-content\/uploads\/2024\/03\/245251-La-Gomera889-e1717292970876.png","datePublished":"2024-06-14T21:32:04+00:00","dateModified":"2025-10-18T21:15:30+00:00","description":"Visit La Gomera and discover its wonders! Check reviews, prices, and ratings. Book your adventure today for an unforgettable experience!","breadcrumb":{"@id":"https:\/\/aventura-excursions.com\/product\/la-gomera\/#breadcrumb"},"inLanguage":"it-IT","potentialAction":[{"@type":"ReadAction","target":["https:\/\/aventura-excursions.com\/product\/la-gomera\/"]}]},{"@type":"ImageObject","inLanguage":"it-IT","@id":"https:\/\/aventura-excursions.com\/product\/la-gomera\/#primaryimage","url":"https:\/\/aventura-excursions.com\/wp-content\/uploads\/2024\/03\/245251-La-Gomera889-e1717292970876.png","contentUrl":"https:\/\/aventura-excursions.com\/wp-content\/uploads\/2024\/03\/245251-La-Gomera889-e1717292970876.png","width":496,"height":241},{"@type":"BreadcrumbList","@id":"https:\/\/aventura-excursions.com\/product\/la-gomera\/#breadcrumb","itemListElement":[{"@type":"ListItem","position":1,"name":"Tours","item":"https:\/\/aventura-excursions.com\/tours\/"},{"@type":"ListItem","position":2,"name":"La Gomera"}]},{"@type":"WebSite","@id":"https:\/\/aventura-excursions.com\/#website","url":"https:\/\/aventura-excursions.com\/","name":"Aventura Excursions","description":"Aventura Excursions","potentialAction":[{"@type":"SearchAction","target":{"@type":"EntryPoint","urlTemplate":"https:\/\/aventura-excursions.com\/?s={search_term_string}"},"query-input":{"@type":"PropertyValueSpecification","valueRequired":true,"valueName":"search_term_string"}}],"inLanguage":"it-IT"}]}},"_links":{"self":[{"href":"https:\/\/aventura-excursions.com\/it\/wp-json\/wp\/v2\/product\/1879","targetHints":{"allow":["GET"]}}],"collection":[{"href":"https:\/\/aventura-excursions.com\/it\/wp-json\/wp\/v2\/product"}],"about":[{"href":"https:\/\/aventura-excursions.com\/it\/wp-json\/wp\/v2\/types\/product"}],"wp:featuredmedia":[{"embeddable":true,"href":"https:\/\/aventura-excursions.com\/it\/wp-json\/wp\/v2\/media\/513"}],"wp:attachment":[{"href":"https:\/\/aventura-excursions.com\/it\/wp-json\/wp\/v2\/media?parent=1879"}],"wp:term":[{"taxonomy":"product_brand","embeddable":true,"href":"https:\/\/aventura-excursions.com\/it\/wp-json\/wp\/v2\/product_brand?post=1879"},{"taxonomy":"product_cat","embeddable":true,"href":"https:\/\/aventura-excursions.com\/it\/wp-json\/wp\/v2\/product_cat?post=1879"},{"taxonomy":"product_tag","embeddable":true,"href":"https:\/\/aventura-excursions.com\/it\/wp-json\/wp\/v2\/product_tag?post=1879"}],"curies":[{"name":"wp","href":"https:\/\/api.w.org\/{rel}","templated":true}]}}