{"id":2664,"date":"2025-07-26T14:34:48","date_gmt":"2025-07-26T11:34:48","guid":{"rendered":"https:\/\/aventura-excursions.com\/?post_type=product&#038;p=2664"},"modified":"2025-09-10T16:01:14","modified_gmt":"2025-09-10T13:01:14","slug":"siam-night","status":"publish","type":"product","link":"https:\/\/aventura-excursions.com\/it\/prodotto\/siam-night\/","title":{"rendered":"Siam notte"},"content":{"rendered":"<h3>Descrizione<\/h3>\n<p>\nLa Siam Night \u00e8 qui per stupirvi in uno dei migliori parchi acquatici del mondo, il Siam Park. Dal 1\u00b0 luglio al 31 agosto, questo paradiso tropicale si trasforma in uno spettacolo notturno con musica di DJ, raggi laser, effetti di fuoco e luci danzanti. Scivolate in tubi tortuosi, scivolate lungo il fiume pigro o rilassatevi sulla spiaggia sabbiosa sotto le palme e la luce delle stelle.<\/p>\n<p>\nDopo il tramonto, il parco si trasforma in un paese delle meraviglie da sogno, con il Palazzo delle Onde che si infrange e l'energia che pulsa in ogni onda. \u00c8 una sinfonia di suoni e vedute che lascia ricordi indimenticabili.<\/p>\n<h3><\/h3>\n<h3>Punti di interesse<\/h3>\n<ul>\n<li>DJ Party: DJ set dal vivo con laser, luci e nebbia sopra le onde<\/li>\n<li>Spettacolo di fuoco: Effetti di fuoco mozzafiato e immagini notturne incandescenti<\/li>\n<li>Palazzo delle onde: Nuotare tra le onde sotto le stelle<\/li>\n<li>Night Slides &#038; River: Glow-in-the-dark slides and a dreamy lazy river<\/li>\n<li>Bars and Restaurants: All facilities remain open during Siam Night (except the children&#8217;s attractions)<\/li>\n<\/ul>\n<p><h3>Dettagli<\/h3>\n<p>\n<em><strong>Opening hours<\/strong><\/em>: 20:00 \u2013 00:00<\/p>\n<p>\n <strong><em>Location<\/em><\/strong>: Las Americas (a sud di Tenerife)<\/p>\n<p>\nI bambini sotto i 16 anni devono essere accompagnati da un adulto per entrare alla Siam Night.<\/p>\n<h3>Trasporto<\/h3>\n<p>Non c'\u00e8 trasferimento dal sud, ma per chi soggiorna nel nord dell'isola, offriamo un trasferimento a pagamento. Questo bus navetta raccoglie i turisti negli hotel di Puerto de la Cruz e li porta direttamente al Parco Siam. Di notte, all'ora stabilita, torner\u00e0 a Puerto de la Cruz.<\/p>\n<p>Se vuoi <strong><em><a href=\"https:\/\/aventura-excursions.com\/it\/prodotto\/rent-a-car\/\">noleggiare un'auto<\/a><\/em><\/strong>, puoi andare al Siam Park da solo e lasciare la tua auto nel parcheggio a pagamento. Ricordati di arrivare presto, perch\u00e9 il Siam Park \u00e8 uno dei luoghi pi\u00f9 visitati di Tenerife e il parcheggio si riempie in 1-2 ore dopo l'apertura.<\/p>","protected":false},"excerpt":{"rendered":"<div>\n<p>La Siam Notte trasforma il Siam Park in una magica festa tropicale con musica di DJ dal vivo, luci laser, effetti di fuoco, scivoli d'acqua incandescenti, surf sulle onde e un rilassante lazy river, il tutto sotto il cielo stellato. <\/p>\n<p>\n<br \/>\nFirst select one of the options: ticket only or ticket + transfer from Puerto de la Cruz.<br \/>\n<br \/> Selezionare quindi il numero di adulti e bambini (3-11 anni).\nL'ingresso per i neonati (0-2 anni) \u00e8 gratuito.\n<\/div>","protected":false},"featured_media":2665,"template":"","meta":{"_acf_changed":false},"product_brand":[],"product_cat":[20],"product_tag":[],"class_list":{"0":"post-2664","1":"product","2":"type-product","3":"status-publish","4":"has-post-thumbnail","6":"product_cat-parks","8":"first","9":"instock","10":"shipping-taxable","11":"product-type-grouped"},"acf":[],"yoast_head":"<!-- This site is optimized with the Yoast SEO plugin v25.6 - https:\/\/yoast.com\/wordpress\/plugins\/seo\/ -->\n<title>Siam Night Tenerife \u2013 Night Experience at Siam Park<\/title>\n<meta name=\"description\" content=\"Discover Siam Night in Tenerife: thrilling rides, live shows, and exotic atmosphere at Siam Park after dark. Book your night adventure today!\" \/>\n<meta name=\"robots\" content=\"index, follow, max-snippet:-1, max-image-preview:large, max-video-preview:-1\" \/>\n<link rel=\"canonical\" href=\"https:\/\/aventura-excursions.com\/it\/prodotto\/siam-night\/\" \/>\n<meta property=\"og:locale\" content=\"it_IT\" \/>\n<meta property=\"og:type\" content=\"article\" \/>\n<meta property=\"og:title\" content=\"Siam Night Tenerife \u2013 Night Experience at Siam Park\" \/>\n<meta property=\"og:description\" content=\"Discover Siam Night in Tenerife: thrilling rides, live shows, and exotic atmosphere at Siam Park after dark. Book your night adventure today!\" \/>\n<meta property=\"og:url\" content=\"https:\/\/aventura-excursions.com\/it\/prodotto\/siam-night\/\" \/>\n<meta property=\"og:site_name\" content=\"Aventura Excursions\" \/>\n<meta property=\"article:modified_time\" content=\"2025-09-10T13:01:14+00:00\" \/>\n<meta property=\"og:image\" content=\"https:\/\/aventura-excursions.com\/wp-content\/uploads\/2025\/07\/SIAM-NIGHT-EN-132a898a.png\" \/>\n\t<meta property=\"og:image:width\" content=\"720\" \/>\n\t<meta property=\"og:image:height\" content=\"720\" \/>\n\t<meta property=\"og:image:type\" content=\"image\/png\" \/>\n<meta name=\"twitter:card\" content=\"summary_large_image\" \/>\n<meta name=\"twitter:label1\" content=\"Tempo di lettura stimato\" \/>\n\t<meta name=\"twitter:data1\" content=\"2 minuti\" \/>\n<!-- \/ Yoast SEO plugin. -->","yoast_head_json":{"title":"Siam Night Tenerife \u2013 Night Experience at Siam Park","description":"Discover Siam Night in Tenerife: thrilling rides, live shows, and exotic atmosphere at Siam Park after dark. Book your night adventure today!","robots":{"index":"index","follow":"follow","max-snippet":"max-snippet:-1","max-image-preview":"max-image-preview:large","max-video-preview":"max-video-preview:-1"},"canonical":"https:\/\/aventura-excursions.com\/it\/prodotto\/siam-night\/","og_locale":"it_IT","og_type":"article","og_title":"Siam Night Tenerife \u2013 Night Experience at Siam Park","og_description":"Discover Siam Night in Tenerife: thrilling rides, live shows, and exotic atmosphere at Siam Park after dark. Book your night adventure today!","og_url":"https:\/\/aventura-excursions.com\/it\/prodotto\/siam-night\/","og_site_name":"Aventura Excursions","article_modified_time":"2025-09-10T13:01:14+00:00","og_image":[{"width":720,"height":720,"url":"https:\/\/aventura-excursions.com\/wp-content\/uploads\/2025\/07\/SIAM-NIGHT-EN-132a898a.png","type":"image\/png"}],"twitter_card":"summary_large_image","twitter_misc":{"Tempo di lettura stimato":"2 minuti"},"schema":{"@context":"https:\/\/schema.org","@graph":[{"@type":"WebPage","@id":"https:\/\/aventura-excursions.com\/product\/siam-night\/","url":"https:\/\/aventura-excursions.com\/product\/siam-night\/","name":"Siam Night Tenerife \u2013 Night Experience at Siam Park","isPartOf":{"@id":"https:\/\/aventura-excursions.com\/#website"},"primaryImageOfPage":{"@id":"https:\/\/aventura-excursions.com\/product\/siam-night\/#primaryimage"},"image":{"@id":"https:\/\/aventura-excursions.com\/product\/siam-night\/#primaryimage"},"thumbnailUrl":"https:\/\/aventura-excursions.com\/wp-content\/uploads\/2025\/07\/SIAM-NIGHT-EN-132a898a.png","datePublished":"2025-07-26T11:34:48+00:00","dateModified":"2025-09-10T13:01:14+00:00","description":"Discover Siam Night in Tenerife: thrilling rides, live shows, and exotic atmosphere at Siam Park after dark. Book your night adventure today!","breadcrumb":{"@id":"https:\/\/aventura-excursions.com\/product\/siam-night\/#breadcrumb"},"inLanguage":"it-IT","potentialAction":[{"@type":"ReadAction","target":["https:\/\/aventura-excursions.com\/product\/siam-night\/"]}]},{"@type":"ImageObject","inLanguage":"it-IT","@id":"https:\/\/aventura-excursions.com\/product\/siam-night\/#primaryimage","url":"https:\/\/aventura-excursions.com\/wp-content\/uploads\/2025\/07\/SIAM-NIGHT-EN-132a898a.png","contentUrl":"https:\/\/aventura-excursions.com\/wp-content\/uploads\/2025\/07\/SIAM-NIGHT-EN-132a898a.png","width":720,"height":720,"caption":"Siam Night in Tenerife"},{"@type":"BreadcrumbList","@id":"https:\/\/aventura-excursions.com\/product\/siam-night\/#breadcrumb","itemListElement":[{"@type":"ListItem","position":1,"name":"Tours","item":"https:\/\/aventura-excursions.com\/tours\/"},{"@type":"ListItem","position":2,"name":"Siam Night"}]},{"@type":"WebSite","@id":"https:\/\/aventura-excursions.com\/#website","url":"https:\/\/aventura-excursions.com\/","name":"Aventura Excursions","description":"Aventura Excursions","potentialAction":[{"@type":"SearchAction","target":{"@type":"EntryPoint","urlTemplate":"https:\/\/aventura-excursions.com\/?s={search_term_string}"},"query-input":{"@type":"PropertyValueSpecification","valueRequired":true,"valueName":"search_term_string"}}],"inLanguage":"it-IT"}]}},"_links":{"self":[{"href":"https:\/\/aventura-excursions.com\/it\/wp-json\/wp\/v2\/product\/2664","targetHints":{"allow":["GET"]}}],"collection":[{"href":"https:\/\/aventura-excursions.com\/it\/wp-json\/wp\/v2\/product"}],"about":[{"href":"https:\/\/aventura-excursions.com\/it\/wp-json\/wp\/v2\/types\/product"}],"wp:featuredmedia":[{"embeddable":true,"href":"https:\/\/aventura-excursions.com\/it\/wp-json\/wp\/v2\/media\/2665"}],"wp:attachment":[{"href":"https:\/\/aventura-excursions.com\/it\/wp-json\/wp\/v2\/media?parent=2664"}],"wp:term":[{"taxonomy":"product_brand","embeddable":true,"href":"https:\/\/aventura-excursions.com\/it\/wp-json\/wp\/v2\/product_brand?post=2664"},{"taxonomy":"product_cat","embeddable":true,"href":"https:\/\/aventura-excursions.com\/it\/wp-json\/wp\/v2\/product_cat?post=2664"},{"taxonomy":"product_tag","embeddable":true,"href":"https:\/\/aventura-excursions.com\/it\/wp-json\/wp\/v2\/product_tag?post=2664"}],"curies":[{"name":"wp","href":"https:\/\/api.w.org\/{rel}","templated":true}]}}