{"id":447,"date":"2024-02-26T18:22:24","date_gmt":"2024-02-26T15:22:24","guid":{"rendered":"https:\/\/aventura-excursions.com\/?post_type=product&#038;p=447"},"modified":"2024-05-29T18:39:31","modified_gmt":"2024-05-29T15:39:31","slug":"rent-a-car","status":"publish","type":"product","link":"https:\/\/aventura-excursions.com\/it\/prodotto\/rent-a-car\/","title":{"rendered":"Noleggiare un'auto"},"content":{"rendered":"<h3>Gruppi di auto<\/h3>\n<p>\nQuando si prenota un'auto, si sceglie un gruppo contenente diversi modelli. Non possiamo garantire un modello esatto. Se preferite un modello specifico, scrivetelo nei commenti, faremo del nostro meglio per tenere conto delle vostre preferenze. Ecco l'elenco completo delle auto con il numero di posti indicato tra parentesi.<\/p>\n<p><strong>Gruppo A<\/strong> Fiat Panda (5)<\/p>\n<p><strong>Gruppo B<\/strong> Seat Ibiza (5), Opel Corsa (5)<\/p>\n<p><strong>Gruppo C<\/strong> VW Polo (5), Citroen C3 (5), Fiat 500 Hybrido (4), Smart\/Skoda Fabia (4)<\/p>\n<p><strong>Gruppo D<\/strong> Smart cabrio (4), Fiat 500 cabrio (4), Seat Ibiza Familiar (5)<\/p>\n<p><strong>Gruppo E<\/strong> Seat Ibiza automatic (5), Skoda Fabia automatic (5), Skoda Scala (5)<\/p>\n<p><strong>Gruppo E1<\/strong> VW Caddy (5)<\/p>\n<p><strong>Gruppo F<\/strong> VW Beetle cabrio (4), VW Caddy automatic (7), VW Caddy (7)<\/p>\n<p><strong>Gruppo G<\/strong> VW Transporter (9)<\/p>\n<p><h3>Cosa c'\u00e8 da sapere<\/h3>\n<p>Tutte le auto della nostra flotta sono completamente assicurate. Non \u00e8 richiesto alcun deposito.<\/p>\n<p>All'ora concordata porteremo l'auto al vostro hotel e firmeremo il contratto. Sar\u00e0 necessario presentare la carta d'identit\u00e0 e la patente di guida B. L'ultimo giorno di noleggio lascerete la chiave alla reception del vostro hotel.<\/p>\n<p>L'orario di inizio \u00e8 solitamente la mattina. L'ultimo giorno la chiave deve essere lasciata alla reception entro le 08:00 del mattino (anche se il primo giorno avete preso l'auto nel pomeriggio).<\/p>\n<p>Tutte le auto sono dotate di aria condizionata e radio.<\/p>\n<p>Il primo giorno registreremo nel contratto la quantit\u00e0 di carburante presente nell'auto al momento della consegna. Prima di riconsegnare l'auto, dovrete fare il pieno allo stesso livello di carburante.<\/p>\n<p><h3>Extra:<\/h3>\n<p>Vi preghiamo di comunicarci in un commento al momento della prenotazione se desiderate aggiungere uno dei componenti aggiuntivi alla vostra auto.<\/p>\n<p>Se si desidera noleggiare un'auto in <strong>aeroporto,<\/strong> additional fee is to be paid: 15 euros if it&#8217;s the Southern Airport, 25 euros if it&#8217;s the Northern Airport.<\/p>\n<p>Potete noleggiare un <strong>GPS <\/strong>per 5 euro al giorno, lasciando 70 euro come cauzione che verr\u00e0 restituita dopo la riconsegna dell'auto.<\/p>\n<p>Se avete bambini di altezza inferiore a 135 cm, la legge spagnola vi obbliga a installare <strong>seggiolini per bambini\/booster<\/strong> in auto. Fateci sapere se avete bisogno di aggiungere questa opzione e a che altezza sono i vostri bambini.<\/p>\n<p>Se avete in programma pi\u00f9 autisti per la stessa auto, scegliete l'opzione per aggiungere un <strong>vairuotojo prid\u0117jimo galimyb\u0119<\/strong>: 3 euro per ogni autista aggiuntivo.<\/p>\n<p>","protected":false},"excerpt":{"rendered":"<div>\n<p>Scegliere il gruppo auto e il numero di giorni\n<\/p><\/div>","protected":false},"featured_media":548,"template":"","meta":{"_acf_changed":false},"product_brand":[],"product_cat":[23],"product_tag":[113,112,111,114],"class_list":{"0":"post-447","1":"product","2":"type-product","3":"status-publish","4":"has-post-thumbnail","6":"product_cat-rentals","7":"product_tag-all-risk-insurance-car-tenerife","8":"product_tag-rent-a-cabrio-tenerife","9":"product_tag-rent-a-car-tenerife","10":"product_tag-rent-an-automatic-car-tenerife","12":"first","13":"instock","14":"shipping-taxable","15":"purchasable","16":"product-type-simple"},"acf":[],"yoast_head":"<!-- This site is optimized with the Yoast SEO plugin v25.6 - https:\/\/yoast.com\/wordpress\/plugins\/seo\/ -->\n<title>Rent a car in Tenerife - Aventura Excursions - Book Online for Best Deals and Choices!<\/title>\n<meta name=\"description\" content=\"Rent a car in Tenerife with full insurance and no deposit. Check reviews and prices. Choose from various models and enjoy delivery to your hotel or airport.\" \/>\n<meta name=\"robots\" content=\"index, follow, max-snippet:-1, max-image-preview:large, max-video-preview:-1\" \/>\n<link rel=\"canonical\" href=\"https:\/\/aventura-excursions.com\/it\/prodotto\/rent-a-car\/\" \/>\n<meta property=\"og:locale\" content=\"it_IT\" \/>\n<meta property=\"og:type\" content=\"article\" \/>\n<meta property=\"og:title\" content=\"Rent a car in Tenerife - Aventura Excursions - Book Online for Best Deals and Choices!\" \/>\n<meta property=\"og:description\" content=\"Rent a car in Tenerife with full insurance and no deposit. Check reviews and prices. Choose from various models and enjoy delivery to your hotel or airport.\" \/>\n<meta property=\"og:url\" content=\"https:\/\/aventura-excursions.com\/it\/prodotto\/rent-a-car\/\" \/>\n<meta property=\"og:site_name\" content=\"Aventura Excursions\" \/>\n<meta property=\"article:modified_time\" content=\"2024-05-29T15:39:31+00:00\" \/>\n<meta property=\"og:image\" content=\"https:\/\/aventura-excursions.com\/wp-content\/uploads\/2024\/03\/car.jpg\" \/>\n\t<meta property=\"og:image:width\" content=\"500\" \/>\n\t<meta property=\"og:image:height\" content=\"760\" \/>\n\t<meta property=\"og:image:type\" content=\"image\/jpeg\" \/>\n<meta name=\"twitter:card\" content=\"summary_large_image\" \/>\n<meta name=\"twitter:label1\" content=\"Tempo di lettura stimato\" \/>\n\t<meta name=\"twitter:data1\" content=\"3 minuti\" \/>\n<!-- \/ Yoast SEO plugin. -->","yoast_head_json":{"title":"Rent a car in Tenerife - Aventura Excursions - Book Online for Best Deals and Choices!","description":"Rent a car in Tenerife with full insurance and no deposit. Check reviews and prices. Choose from various models and enjoy delivery to your hotel or airport.","robots":{"index":"index","follow":"follow","max-snippet":"max-snippet:-1","max-image-preview":"max-image-preview:large","max-video-preview":"max-video-preview:-1"},"canonical":"https:\/\/aventura-excursions.com\/it\/prodotto\/rent-a-car\/","og_locale":"it_IT","og_type":"article","og_title":"Rent a car in Tenerife - Aventura Excursions - Book Online for Best Deals and Choices!","og_description":"Rent a car in Tenerife with full insurance and no deposit. Check reviews and prices. Choose from various models and enjoy delivery to your hotel or airport.","og_url":"https:\/\/aventura-excursions.com\/it\/prodotto\/rent-a-car\/","og_site_name":"Aventura Excursions","article_modified_time":"2024-05-29T15:39:31+00:00","og_image":[{"width":500,"height":760,"url":"https:\/\/aventura-excursions.com\/wp-content\/uploads\/2024\/03\/car.jpg","type":"image\/jpeg"}],"twitter_card":"summary_large_image","twitter_misc":{"Tempo di lettura stimato":"3 minuti"},"schema":{"@context":"https:\/\/schema.org","@graph":[{"@type":"WebPage","@id":"https:\/\/aventura-excursions.com\/product\/rent-a-car\/","url":"https:\/\/aventura-excursions.com\/product\/rent-a-car\/","name":"Rent a car in Tenerife - Aventura Excursions - Book Online for Best Deals and Choices!","isPartOf":{"@id":"https:\/\/aventura-excursions.com\/#website"},"primaryImageOfPage":{"@id":"https:\/\/aventura-excursions.com\/product\/rent-a-car\/#primaryimage"},"image":{"@id":"https:\/\/aventura-excursions.com\/product\/rent-a-car\/#primaryimage"},"thumbnailUrl":"https:\/\/aventura-excursions.com\/wp-content\/uploads\/2024\/03\/car.jpg","datePublished":"2024-02-26T15:22:24+00:00","dateModified":"2024-05-29T15:39:31+00:00","description":"Rent a car in Tenerife with full insurance and no deposit. Check reviews and prices. Choose from various models and enjoy delivery to your hotel or airport.","breadcrumb":{"@id":"https:\/\/aventura-excursions.com\/product\/rent-a-car\/#breadcrumb"},"inLanguage":"it-IT","potentialAction":[{"@type":"ReadAction","target":["https:\/\/aventura-excursions.com\/product\/rent-a-car\/"]}]},{"@type":"ImageObject","inLanguage":"it-IT","@id":"https:\/\/aventura-excursions.com\/product\/rent-a-car\/#primaryimage","url":"https:\/\/aventura-excursions.com\/wp-content\/uploads\/2024\/03\/car.jpg","contentUrl":"https:\/\/aventura-excursions.com\/wp-content\/uploads\/2024\/03\/car.jpg","width":500,"height":760},{"@type":"BreadcrumbList","@id":"https:\/\/aventura-excursions.com\/product\/rent-a-car\/#breadcrumb","itemListElement":[{"@type":"ListItem","position":1,"name":"Tours","item":"https:\/\/aventura-excursions.com\/tours\/"},{"@type":"ListItem","position":2,"name":"Rent a car"}]},{"@type":"WebSite","@id":"https:\/\/aventura-excursions.com\/#website","url":"https:\/\/aventura-excursions.com\/","name":"Aventura Excursions","description":"Aventura Excursions","potentialAction":[{"@type":"SearchAction","target":{"@type":"EntryPoint","urlTemplate":"https:\/\/aventura-excursions.com\/?s={search_term_string}"},"query-input":{"@type":"PropertyValueSpecification","valueRequired":true,"valueName":"search_term_string"}}],"inLanguage":"it-IT"}]}},"_links":{"self":[{"href":"https:\/\/aventura-excursions.com\/it\/wp-json\/wp\/v2\/product\/447","targetHints":{"allow":["GET"]}}],"collection":[{"href":"https:\/\/aventura-excursions.com\/it\/wp-json\/wp\/v2\/product"}],"about":[{"href":"https:\/\/aventura-excursions.com\/it\/wp-json\/wp\/v2\/types\/product"}],"wp:featuredmedia":[{"embeddable":true,"href":"https:\/\/aventura-excursions.com\/it\/wp-json\/wp\/v2\/media\/548"}],"wp:attachment":[{"href":"https:\/\/aventura-excursions.com\/it\/wp-json\/wp\/v2\/media?parent=447"}],"wp:term":[{"taxonomy":"product_brand","embeddable":true,"href":"https:\/\/aventura-excursions.com\/it\/wp-json\/wp\/v2\/product_brand?post=447"},{"taxonomy":"product_cat","embeddable":true,"href":"https:\/\/aventura-excursions.com\/it\/wp-json\/wp\/v2\/product_cat?post=447"},{"taxonomy":"product_tag","embeddable":true,"href":"https:\/\/aventura-excursions.com\/it\/wp-json\/wp\/v2\/product_tag?post=447"}],"curies":[{"name":"wp","href":"https:\/\/api.w.org\/{rel}","templated":true}]}}