{"id":525,"date":"2024-03-08T18:17:14","date_gmt":"2024-03-08T15:17:14","guid":{"rendered":"https:\/\/aventura-excursions.com\/?post_type=product&#038;p=525"},"modified":"2025-10-19T00:18:34","modified_gmt":"2025-10-18T21:18:34","slug":"santa-cruz-la-laguna-anaga","status":"publish","type":"product","link":"https:\/\/aventura-excursions.com\/it\/prodotto\/santa-cruz-la-laguna-anaga\/","title":{"rendered":"Santa Cruz \u2013 La Laguna \u2013 Anaga"},"content":{"rendered":"<h3>Descrizione<\/h3>\n<p>\nEsplora le capitali moderne e storiche di Tenerife, le antiche foreste e i tradizionali villaggi delle Canarie, tutto in un giorno! Inizieremo il nostro viaggio visitando Santa Cruz, la capitale di Tenerife, importante porto delle Isole Canarie. La sua architettura combina lo stile moderno e l'antica tradizione coloniale. Il simbolo principale della citt\u00e0 \u00e8 l'Auditorium dell'Opera situato in riva al mare.<\/p>\n<p> La prossima tappa del nostro tour sar\u00e0 a San Crist\u00f3bal de La Laguna, l'antica capitale di Tenerife. L\u00ec scoprirai la bellezza dello stile architettonico coloniale che risale a diversi secoli fa. Il centro storico della cittadina \u00e8 stato dichiarato Patrimonio dell'Umanit\u00e0 dall'UNESCO nel 1999. <\/p>\n<p> Infine, entreremo nella foresta di alloro di Anaga, uno dei tesori pi\u00f9 preziosi di tutta Europa conservato fin dal periodo terziario. Questo luogo \u00e8 stato dichiarato Riserva della Biosfera nel 2015 dall'UNESCO per la sua enorme variet\u00e0 di piante endemiche.<\/p>\n<h3><\/h3>\n<h3>Punti di interesse<\/h3>\n<ul>\n<li>Santa Cruz, la capitale moderna<\/li>\n<li>La Laguna, la capitale storica<\/li>\n<li>Anaga, foresta di alloro<\/li>\n<li>Taganana, villaggio di pescatori<\/li>\n<\/ul>\n<p>\n                                              <\/p>\n<h3>Dettagli<\/h3>\n<p>\n<strong><em>Raccolta:<\/em><\/strong> intorno alle 08:30 <\/p>\n<p>\n<strong><em>Durata:<\/em><\/strong> 9 ore <\/p>\n<p>\n<strong><em>Incluso:<\/em><\/strong><\/p>\n<ul>\n<li>servizio di trasporto a sud, da Los Cristianos a Los Gigantes, e a nord, da Puerto de la Cruz e Santa Cruz de Tenerife.<\/li>\n<li>guida professionale<\/li>\n<\/ul>\n<p>\n<strong><em>Non incluso:<\/em><\/strong> pranzo (\u00e8 prevista una sosta in un ristorante tipico) <\/p>\n<p><p>\n<br \/>\n<strong><em>Nota bene:<\/em><\/strong> gli orari indicati in questa pagina si riferiscono esclusivamente ai tour condotti in inglese e spagnolo.<\/p>\n<p>\nPer i tour in altre lingue o se desiderate essere prelevati da un'area non elencata, contattateci via e-mail all'indirizzo <a href=\"mailto:info@aventura-excursions.com\" target=\"ask__mail\">info@aventura-excursions.com<\/a> o per telefono al numero <a href=\"tel: 34647676812\" target=\"_blank\">+34 647 67 68 12<\/a>. Il nostro team sar\u00e0 lieto di assistervi.<\/p>","protected":false},"excerpt":{"rendered":"<div>\n<p>Visita la citt\u00e0 di Santa Cruz, la capitale di Tenerife, che unisce gli edifici storici al trambusto della vita urbana moderna. Poi scopri il centro storico di San Crist\u00f3bal de La Laguna, un luogo affascinante con strade acciottolate e colorati edifici coloniali. E infine visitare la riserva naturale di Taganana con i tradizionali villaggi delle Canarie e l'antica foresta di alloro.<\/p>\n<p>\nInnanzitutto, scegliere il numero di adulti, bambini (2-11 anni) e neonati (0-1 anno) e poi selezionare la data del viaggio.\n<\/div>","protected":false},"featured_media":537,"template":"","meta":{"_acf_changed":false},"product_brand":[],"product_cat":[19],"product_tag":[],"class_list":{"0":"post-525","1":"product","2":"type-product","3":"status-publish","4":"has-post-thumbnail","6":"product_cat-bus-excursions","8":"first","9":"instock","10":"shipping-taxable","11":"product-type-grouped"},"acf":[],"yoast_head":"<!-- This site is optimized with the Yoast SEO plugin v25.6 - https:\/\/yoast.com\/wordpress\/plugins\/seo\/ -->\n<title>Visit Santa Cruz \u2013 La Laguna \u2013 Anaga Tour - Aventura Excursions - Book Now!<\/title>\n<meta name=\"description\" content=\"Explore Santa Cruz, La Laguna, and Taganana in one day! Check reviews and prices. Discover Tenerife\u2019s capitals, laurel forests, and charming villages.\" \/>\n<meta name=\"robots\" content=\"index, follow, max-snippet:-1, max-image-preview:large, max-video-preview:-1\" \/>\n<link rel=\"canonical\" href=\"https:\/\/aventura-excursions.com\/it\/prodotto\/santa-cruz-la-laguna-anaga\/\" \/>\n<meta property=\"og:locale\" content=\"it_IT\" \/>\n<meta property=\"og:type\" content=\"article\" \/>\n<meta property=\"og:title\" content=\"Visit Santa Cruz \u2013 La Laguna \u2013 Anaga Tour - Aventura Excursions - Book Now!\" \/>\n<meta property=\"og:description\" content=\"Explore Santa Cruz, La Laguna, and Taganana in one day! Check reviews and prices. Discover Tenerife\u2019s capitals, laurel forests, and charming villages.\" \/>\n<meta property=\"og:url\" content=\"https:\/\/aventura-excursions.com\/it\/prodotto\/santa-cruz-la-laguna-anaga\/\" \/>\n<meta property=\"og:site_name\" content=\"Aventura Excursions\" \/>\n<meta property=\"article:modified_time\" content=\"2025-10-18T21:18:34+00:00\" \/>\n<meta property=\"og:image\" content=\"https:\/\/aventura-excursions.com\/wp-content\/uploads\/2024\/03\/At_Palmetum_de_Santa_Cruz_de_Tenerife_2022_028.jpg\" \/>\n\t<meta property=\"og:image:width\" content=\"960\" \/>\n\t<meta property=\"og:image:height\" content=\"640\" \/>\n\t<meta property=\"og:image:type\" content=\"image\/jpeg\" \/>\n<meta name=\"twitter:card\" content=\"summary_large_image\" \/>\n<meta name=\"twitter:label1\" content=\"Tempo di lettura stimato\" \/>\n\t<meta name=\"twitter:data1\" content=\"2 minuti\" \/>\n<!-- \/ Yoast SEO plugin. -->","yoast_head_json":{"title":"Visit Santa Cruz \u2013 La Laguna \u2013 Anaga Tour - Aventura Excursions - Book Now!","description":"Explore Santa Cruz, La Laguna, and Taganana in one day! Check reviews and prices. Discover Tenerife\u2019s capitals, laurel forests, and charming villages.","robots":{"index":"index","follow":"follow","max-snippet":"max-snippet:-1","max-image-preview":"max-image-preview:large","max-video-preview":"max-video-preview:-1"},"canonical":"https:\/\/aventura-excursions.com\/it\/prodotto\/santa-cruz-la-laguna-anaga\/","og_locale":"it_IT","og_type":"article","og_title":"Visit Santa Cruz \u2013 La Laguna \u2013 Anaga Tour - Aventura Excursions - Book Now!","og_description":"Explore Santa Cruz, La Laguna, and Taganana in one day! Check reviews and prices. Discover Tenerife\u2019s capitals, laurel forests, and charming villages.","og_url":"https:\/\/aventura-excursions.com\/it\/prodotto\/santa-cruz-la-laguna-anaga\/","og_site_name":"Aventura Excursions","article_modified_time":"2025-10-18T21:18:34+00:00","og_image":[{"width":960,"height":640,"url":"https:\/\/aventura-excursions.com\/wp-content\/uploads\/2024\/03\/At_Palmetum_de_Santa_Cruz_de_Tenerife_2022_028.jpg","type":"image\/jpeg"}],"twitter_card":"summary_large_image","twitter_misc":{"Tempo di lettura stimato":"2 minuti"},"schema":{"@context":"https:\/\/schema.org","@graph":[{"@type":"WebPage","@id":"https:\/\/aventura-excursions.com\/product\/santa-cruz-la-laguna-anaga\/","url":"https:\/\/aventura-excursions.com\/product\/santa-cruz-la-laguna-anaga\/","name":"Visit Santa Cruz \u2013 La Laguna \u2013 Anaga Tour - Aventura Excursions - Book Now!","isPartOf":{"@id":"https:\/\/aventura-excursions.com\/#website"},"primaryImageOfPage":{"@id":"https:\/\/aventura-excursions.com\/product\/santa-cruz-la-laguna-anaga\/#primaryimage"},"image":{"@id":"https:\/\/aventura-excursions.com\/product\/santa-cruz-la-laguna-anaga\/#primaryimage"},"thumbnailUrl":"https:\/\/aventura-excursions.com\/wp-content\/uploads\/2024\/03\/At_Palmetum_de_Santa_Cruz_de_Tenerife_2022_028.jpg","datePublished":"2024-03-08T15:17:14+00:00","dateModified":"2025-10-18T21:18:34+00:00","description":"Explore Santa Cruz, La Laguna, and Taganana in one day! Check reviews and prices. Discover Tenerife\u2019s capitals, laurel forests, and charming villages.","breadcrumb":{"@id":"https:\/\/aventura-excursions.com\/product\/santa-cruz-la-laguna-anaga\/#breadcrumb"},"inLanguage":"it-IT","potentialAction":[{"@type":"ReadAction","target":["https:\/\/aventura-excursions.com\/product\/santa-cruz-la-laguna-anaga\/"]}]},{"@type":"ImageObject","inLanguage":"it-IT","@id":"https:\/\/aventura-excursions.com\/product\/santa-cruz-la-laguna-anaga\/#primaryimage","url":"https:\/\/aventura-excursions.com\/wp-content\/uploads\/2024\/03\/At_Palmetum_de_Santa_Cruz_de_Tenerife_2022_028.jpg","contentUrl":"https:\/\/aventura-excursions.com\/wp-content\/uploads\/2024\/03\/At_Palmetum_de_Santa_Cruz_de_Tenerife_2022_028.jpg","width":960,"height":640},{"@type":"BreadcrumbList","@id":"https:\/\/aventura-excursions.com\/product\/santa-cruz-la-laguna-anaga\/#breadcrumb","itemListElement":[{"@type":"ListItem","position":1,"name":"Tours","item":"https:\/\/aventura-excursions.com\/tours\/"},{"@type":"ListItem","position":2,"name":"Santa Cruz \u2013 La Laguna \u2013 Anaga"}]},{"@type":"WebSite","@id":"https:\/\/aventura-excursions.com\/#website","url":"https:\/\/aventura-excursions.com\/","name":"Aventura Excursions","description":"Aventura Excursions","potentialAction":[{"@type":"SearchAction","target":{"@type":"EntryPoint","urlTemplate":"https:\/\/aventura-excursions.com\/?s={search_term_string}"},"query-input":{"@type":"PropertyValueSpecification","valueRequired":true,"valueName":"search_term_string"}}],"inLanguage":"it-IT"}]}},"_links":{"self":[{"href":"https:\/\/aventura-excursions.com\/it\/wp-json\/wp\/v2\/product\/525","targetHints":{"allow":["GET"]}}],"collection":[{"href":"https:\/\/aventura-excursions.com\/it\/wp-json\/wp\/v2\/product"}],"about":[{"href":"https:\/\/aventura-excursions.com\/it\/wp-json\/wp\/v2\/types\/product"}],"wp:featuredmedia":[{"embeddable":true,"href":"https:\/\/aventura-excursions.com\/it\/wp-json\/wp\/v2\/media\/537"}],"wp:attachment":[{"href":"https:\/\/aventura-excursions.com\/it\/wp-json\/wp\/v2\/media?parent=525"}],"wp:term":[{"taxonomy":"product_brand","embeddable":true,"href":"https:\/\/aventura-excursions.com\/it\/wp-json\/wp\/v2\/product_brand?post=525"},{"taxonomy":"product_cat","embeddable":true,"href":"https:\/\/aventura-excursions.com\/it\/wp-json\/wp\/v2\/product_cat?post=525"},{"taxonomy":"product_tag","embeddable":true,"href":"https:\/\/aventura-excursions.com\/it\/wp-json\/wp\/v2\/product_tag?post=525"}],"curies":[{"name":"wp","href":"https:\/\/api.w.org\/{rel}","templated":true}]}}