{"id":551,"date":"2024-03-11T20:34:27","date_gmt":"2024-03-11T17:34:27","guid":{"rendered":"https:\/\/aventura-excursions.com\/?post_type=product&#038;p=551"},"modified":"2025-10-18T00:03:37","modified_gmt":"2025-10-17T21:03:37","slug":"gran-canaria","status":"publish","type":"product","link":"https:\/\/aventura-excursions.com\/it\/prodotto\/gran-canaria\/","title":{"rendered":"Gran Canaria"},"content":{"rendered":"<h3>Descrizione<\/h3>\n<p>\nYou have a great opportunity to visit another beautiful island that offers so much to see!<br \/>\nWe start our trip by ferry from Santa Cruz to Agaete, a picturesque harbour in Gran Canaria, and we head to Arehucas, well known for its rum factory. There we learn about the old tradition of distillation. The guided visit of the factory&#8217;s facilities finishes with a tasting of rums and liquors.<\/p>\n<p>\nAfter exploring the distillery we go to the capital of Gran Canaria, Las Palmas, where we will visit a huge aquarium complex Poema del Mar, which surprises with the variety of marine life species and the world&#8217;s biggest glass wall.<\/p>\n<p>\nAbbiamo concluso la giornata con una passeggiata a Vegueta, il centro storico di Las Palmas.<\/p>\n<h3><\/h3>\n<h3>Punti di interesse<\/h3>\n<ul>\n<li>Distilleria di rum Arehucas<\/li>\n<li>Acquario Poema del Mar<\/li>\n<li>Las Palmas (centro storico di Vegueta)<\/li>\n<\/ul>\n<p><h3>Dettagli<\/h3>\n<p>\n<strong>\u00c8 obbligatorio portare con s\u00e9 un documento d'identit\u00e0 per il traghetto!<\/strong><\/p>\n<p>\n<em><strong>Punto di incontro:<\/strong><\/em> Porto di Santa Cruz <\/p>\n<p>\n<em><strong>Durata:<\/strong><\/em> 10 ore<\/p>\n<p>\n<strong><em>Incluso:<\/em><\/strong> \t<\/p>\n<ul>\n<li>billete al ferry (90 min)<\/li>\n<li>ingresso al Poema del Mar<\/li>\n<li>guida professionale<\/li>\n<li>servizio di trasporto a sud, da Golf del Sur a Los Gigantes, e a nord, da Puerto de la Cruz a Caletillas.<\/li>\n<\/ul>\n<p>\n<strong><em>Non incluso:<\/em><\/strong> <\/p>\n<ul>\n<li>pranzo<\/li>\n<\/ul>\n<p>\n<br \/>\n<strong><em>Nota bene:<\/em><\/strong> gli orari indicati in questa pagina si riferiscono esclusivamente ai tour condotti in inglese, tedesco e spagnolo.<\/p>\n<p>\nPer i tour in altre lingue o se desiderate essere prelevati da un'area non elencata, contattateci via e-mail all'indirizzo <a href=\"mailto:info@aventura-excursions.com\" target=\"ask__mail\">info@aventura-excursions.com<\/a> o per telefono al numero <a href=\"tel: 34647676812\" target=\"_blank\">+34 647 67 68 12<\/a>. Il nostro team sar\u00e0 lieto di assistervi.<\/p>","protected":false},"excerpt":{"rendered":"<div>\n<p>Visit the island of Gran Canaria to experience the beauty of the best aquarium in Europe &#8211; Poema del Mar, the famous Arehucas distillery and the historical center of Vegueta. <\/p>\n<p>\n<br \/>Innanzitutto, scegliere il numero di adulti, bambini (2-11 anni) e neonati (0-1 anno) e poi selezionare la data del viaggio.\n<\/div>","protected":false},"featured_media":577,"template":"","meta":{"_acf_changed":false},"product_brand":[],"product_cat":[19],"product_tag":[],"class_list":{"0":"post-551","1":"product","2":"type-product","3":"status-publish","4":"has-post-thumbnail","6":"product_cat-bus-excursions","8":"first","9":"instock","10":"shipping-taxable","11":"product-type-grouped"},"acf":[],"yoast_head":"<!-- This site is optimized with the Yoast SEO plugin v25.6 - https:\/\/yoast.com\/wordpress\/plugins\/seo\/ -->\n<title>Gran Canaria Tour from Tenerife- Aventura Excursions | Aquarium, Distillery &amp; Vegueta<\/title>\n<meta name=\"description\" content=\"Book your Gran Canaria tour! Visit Poema del Mar aquarium, Arehucas distillery, and historic Vegueta. Enjoy family-friendly fun and explore top attractions\" \/>\n<meta name=\"robots\" content=\"index, follow, max-snippet:-1, max-image-preview:large, max-video-preview:-1\" \/>\n<link rel=\"canonical\" href=\"https:\/\/aventura-excursions.com\/it\/prodotto\/gran-canaria\/\" \/>\n<meta property=\"og:locale\" content=\"it_IT\" \/>\n<meta property=\"og:type\" content=\"article\" \/>\n<meta property=\"og:title\" content=\"Gran Canaria Tour from Tenerife- Aventura Excursions | Aquarium, Distillery &amp; Vegueta\" \/>\n<meta property=\"og:description\" content=\"Book your Gran Canaria tour! Visit Poema del Mar aquarium, Arehucas distillery, and historic Vegueta. Enjoy family-friendly fun and explore top attractions\" \/>\n<meta property=\"og:url\" content=\"https:\/\/aventura-excursions.com\/it\/prodotto\/gran-canaria\/\" \/>\n<meta property=\"og:site_name\" content=\"Aventura Excursions\" \/>\n<meta property=\"article:modified_time\" content=\"2025-10-17T21:03:37+00:00\" \/>\n<meta property=\"og:image\" content=\"https:\/\/aventura-excursions.com\/wp-content\/uploads\/2024\/03\/f649e7bf9835923744d05f853d03eb59d93be5a2-1200x702-1.jpg\" \/>\n\t<meta property=\"og:image:width\" content=\"800\" \/>\n\t<meta property=\"og:image:height\" content=\"440\" \/>\n\t<meta property=\"og:image:type\" content=\"image\/jpeg\" \/>\n<meta name=\"twitter:card\" content=\"summary_large_image\" \/>\n<meta name=\"twitter:label1\" content=\"Tempo di lettura stimato\" \/>\n\t<meta name=\"twitter:data1\" content=\"2 minuti\" \/>\n<!-- \/ Yoast SEO plugin. -->","yoast_head_json":{"title":"Gran Canaria Tour from Tenerife- Aventura Excursions | Aquarium, Distillery & Vegueta","description":"Book your Gran Canaria tour! Visit Poema del Mar aquarium, Arehucas distillery, and historic Vegueta. Enjoy family-friendly fun and explore top attractions","robots":{"index":"index","follow":"follow","max-snippet":"max-snippet:-1","max-image-preview":"max-image-preview:large","max-video-preview":"max-video-preview:-1"},"canonical":"https:\/\/aventura-excursions.com\/it\/prodotto\/gran-canaria\/","og_locale":"it_IT","og_type":"article","og_title":"Gran Canaria Tour from Tenerife- Aventura Excursions | Aquarium, Distillery & Vegueta","og_description":"Book your Gran Canaria tour! Visit Poema del Mar aquarium, Arehucas distillery, and historic Vegueta. Enjoy family-friendly fun and explore top attractions","og_url":"https:\/\/aventura-excursions.com\/it\/prodotto\/gran-canaria\/","og_site_name":"Aventura Excursions","article_modified_time":"2025-10-17T21:03:37+00:00","og_image":[{"width":800,"height":440,"url":"https:\/\/aventura-excursions.com\/wp-content\/uploads\/2024\/03\/f649e7bf9835923744d05f853d03eb59d93be5a2-1200x702-1.jpg","type":"image\/jpeg"}],"twitter_card":"summary_large_image","twitter_misc":{"Tempo di lettura stimato":"2 minuti"},"schema":{"@context":"https:\/\/schema.org","@graph":[{"@type":"WebPage","@id":"https:\/\/aventura-excursions.com\/product\/gran-canaria\/","url":"https:\/\/aventura-excursions.com\/product\/gran-canaria\/","name":"Gran Canaria Tour from Tenerife- Aventura Excursions | Aquarium, Distillery & Vegueta","isPartOf":{"@id":"https:\/\/aventura-excursions.com\/#website"},"primaryImageOfPage":{"@id":"https:\/\/aventura-excursions.com\/product\/gran-canaria\/#primaryimage"},"image":{"@id":"https:\/\/aventura-excursions.com\/product\/gran-canaria\/#primaryimage"},"thumbnailUrl":"https:\/\/aventura-excursions.com\/wp-content\/uploads\/2024\/03\/f649e7bf9835923744d05f853d03eb59d93be5a2-1200x702-1.jpg","datePublished":"2024-03-11T17:34:27+00:00","dateModified":"2025-10-17T21:03:37+00:00","description":"Book your Gran Canaria tour! Visit Poema del Mar aquarium, Arehucas distillery, and historic Vegueta. Enjoy family-friendly fun and explore top attractions","breadcrumb":{"@id":"https:\/\/aventura-excursions.com\/product\/gran-canaria\/#breadcrumb"},"inLanguage":"it-IT","potentialAction":[{"@type":"ReadAction","target":["https:\/\/aventura-excursions.com\/product\/gran-canaria\/"]}]},{"@type":"ImageObject","inLanguage":"it-IT","@id":"https:\/\/aventura-excursions.com\/product\/gran-canaria\/#primaryimage","url":"https:\/\/aventura-excursions.com\/wp-content\/uploads\/2024\/03\/f649e7bf9835923744d05f853d03eb59d93be5a2-1200x702-1.jpg","contentUrl":"https:\/\/aventura-excursions.com\/wp-content\/uploads\/2024\/03\/f649e7bf9835923744d05f853d03eb59d93be5a2-1200x702-1.jpg","width":800,"height":440},{"@type":"BreadcrumbList","@id":"https:\/\/aventura-excursions.com\/product\/gran-canaria\/#breadcrumb","itemListElement":[{"@type":"ListItem","position":1,"name":"Tours","item":"https:\/\/aventura-excursions.com\/tours\/"},{"@type":"ListItem","position":2,"name":"Gran Canaria"}]},{"@type":"WebSite","@id":"https:\/\/aventura-excursions.com\/#website","url":"https:\/\/aventura-excursions.com\/","name":"Aventura Excursions","description":"Aventura Excursions","potentialAction":[{"@type":"SearchAction","target":{"@type":"EntryPoint","urlTemplate":"https:\/\/aventura-excursions.com\/?s={search_term_string}"},"query-input":{"@type":"PropertyValueSpecification","valueRequired":true,"valueName":"search_term_string"}}],"inLanguage":"it-IT"}]}},"_links":{"self":[{"href":"https:\/\/aventura-excursions.com\/it\/wp-json\/wp\/v2\/product\/551","targetHints":{"allow":["GET"]}}],"collection":[{"href":"https:\/\/aventura-excursions.com\/it\/wp-json\/wp\/v2\/product"}],"about":[{"href":"https:\/\/aventura-excursions.com\/it\/wp-json\/wp\/v2\/types\/product"}],"wp:featuredmedia":[{"embeddable":true,"href":"https:\/\/aventura-excursions.com\/it\/wp-json\/wp\/v2\/media\/577"}],"wp:attachment":[{"href":"https:\/\/aventura-excursions.com\/it\/wp-json\/wp\/v2\/media?parent=551"}],"wp:term":[{"taxonomy":"product_brand","embeddable":true,"href":"https:\/\/aventura-excursions.com\/it\/wp-json\/wp\/v2\/product_brand?post=551"},{"taxonomy":"product_cat","embeddable":true,"href":"https:\/\/aventura-excursions.com\/it\/wp-json\/wp\/v2\/product_cat?post=551"},{"taxonomy":"product_tag","embeddable":true,"href":"https:\/\/aventura-excursions.com\/it\/wp-json\/wp\/v2\/product_tag?post=551"}],"curies":[{"name":"wp","href":"https:\/\/api.w.org\/{rel}","templated":true}]}}