{"id":599,"date":"2024-03-18T16:24:07","date_gmt":"2024-03-18T13:24:07","guid":{"rendered":"https:\/\/aventura-excursions.com\/?post_type=product&#038;p=599"},"modified":"2024-05-29T14:27:44","modified_gmt":"2024-05-29T11:27:44","slug":"siam-park","status":"publish","type":"product","link":"https:\/\/aventura-excursions.com\/it\/prodotto\/siam-park\/","title":{"rendered":"Siam Park"},"content":{"rendered":"<h3>Descrizione<\/h3>\n<p>\nSiam Park, named the best water park in the world by TripAdvisor users, is a place full of different fun activities to do. Crazy slides, the world&#8217;s largest artificial wave, a water castle for children, and a lazy river, are all surrounded by exotic vegetation and Thai-stylised architecture.<\/p>\n<p>\nIl parco offre diversi bar e ristoranti dove potrai ricaricare le batterie e prepararti per le tue prossime avventure.<\/p>\n<h3><\/h3>\n<h3>Punti di interesse<\/h3>\n<ul>\n<li>Tower of Power: scivolo verticale di 28 metri che termina con un tunnel attraverso la vasca degli squali<\/li>\n<li>White sand beach by the pool with the world&#8217;s biggest artificial waves<\/li>\n<li>Coco Beach con piscina per bambini e piccole onde artificiali; Citt\u00e0 Perduta con attrazioni acquatiche per bambini<\/li>\n<li>15 diapositive emozionanti<\/li>\n<li>Mai Thai fiume lento per rilassarsi<\/li>\n<\/ul>\n<p><h3>Dettagli<\/h3>\n<p>\n<em><strong>Orario estivo<\/strong><\/em>: 10:00 \u2013 18:00<\/p>\n<p>\n<strong><em>Orario invernale<\/em><\/strong>: 10:00 &#8211; 17:00<\/p>\n<p>\n<br \/>\n <strong><em>Location<\/em><\/strong>: Las Americas (a sud di Tenerife)<\/p>\n<p><h3>Trasporto<\/h3>\n<p>Nel sud c'\u00e8 un servizio autobus gratuito. Ti invieremo le fermate e il programma, insieme alla conferma della prenotazione.<\/p>\n<p>Per chi soggiorna nel Nord dell'isola offriamo un transfer a pagamento (19,50 euro). Questo autobus preleva i turisti negli hotel di Puerto de la Cruz e li porta direttamente al Siam Park. Nel pomeriggio, all'ora stabilita, farete ritorno a Puerto de la Cruz.<\/p>\n<p>Se vuoi <strong><em><a href=\"https:\/\/aventura-excursions.com\/it\/prodotto\/rent-a-car\/\">noleggiare un'auto<\/a><\/em><\/strong>, puoi andare al Siam Park da solo e lasciare la tua auto nel parcheggio a pagamento. Ricordati di arrivare presto, perch\u00e9 il Siam Park \u00e8 uno dei luoghi pi\u00f9 visitati di Tenerife e il parcheggio si riempie in 1-2 ore dopo l'apertura.<\/p>\n<h3>Biglietto Twin: due parchi a prezzo scontato<\/h3>\n<p>\nVuoi visitare sia il Siam che il <strong><em><a href=\"https:\/\/aventura-excursions.com\/it\/prodotto\/loro-park\/\">Loro Park,<\/a><\/em><\/strong> il parco con animali pi\u00f9 visitato di Tenerife? Acquista un biglietto doppio e visita entrambi i parchi a un prezzo scontato!\nLeggi maggiori informazioni qui: Biglietto doppio<br \/>\n<br \/>Maggiori informazioni qui: <strong><em><a href=\"https:\/\/aventura-excursions.com\/it\/prodotto\/twin-ticket\/\">Twin ticket<\/a><\/em><\/strong><\/p>","protected":false},"excerpt":{"rendered":"<div>\n<p>Visita il parco acquatico pi\u00f9 grande d'Europa con i suoi emozionanti scivoli e le bellissime piscine e spiagge perfette sia per adulti che per bambini. <\/p>\n<p>\n<br \/>\nFirst select one of the options: ticket only or ticket + transfer from Puerto de la Cruz.<br \/>\n<br \/> Selezionare quindi il numero di adulti e bambini (3-11 anni).\nL'ingresso per i neonati (0-2 anni) \u00e8 gratuito.\n<\/div>","protected":false},"featured_media":607,"template":"","meta":{"_acf_changed":false},"product_brand":[],"product_cat":[20],"product_tag":[],"class_list":{"0":"post-599","1":"product","2":"type-product","3":"status-publish","4":"has-post-thumbnail","6":"product_cat-parks","8":"first","9":"instock","10":"shipping-taxable","11":"product-type-grouped"},"acf":[],"yoast_head":"<!-- This site is optimized with the Yoast SEO plugin v25.6 - https:\/\/yoast.com\/wordpress\/plugins\/seo\/ -->\n<title>Visit Siam Park in Tenerife - Aventura Excursions \u2013 Best Water Park in Europe! Book now<\/title>\n<meta name=\"description\" content=\"Enjoy thrilling water slides, a lazy river, and the world\u2019s largest artificial wave in Siam Park. Check reviews, prices, and ratings. Perfect for families!\" \/>\n<meta name=\"robots\" content=\"index, follow, max-snippet:-1, max-image-preview:large, max-video-preview:-1\" \/>\n<link rel=\"canonical\" href=\"https:\/\/aventura-excursions.com\/it\/prodotto\/siam-park\/\" \/>\n<meta property=\"og:locale\" content=\"it_IT\" \/>\n<meta property=\"og:type\" content=\"article\" \/>\n<meta property=\"og:title\" content=\"Visit Siam Park in Tenerife - Aventura Excursions \u2013 Best Water Park in Europe! Book now\" \/>\n<meta property=\"og:description\" content=\"Enjoy thrilling water slides, a lazy river, and the world\u2019s largest artificial wave in Siam Park. Check reviews, prices, and ratings. Perfect for families!\" \/>\n<meta property=\"og:url\" content=\"https:\/\/aventura-excursions.com\/it\/prodotto\/siam-park\/\" \/>\n<meta property=\"og:site_name\" content=\"Aventura Excursions\" \/>\n<meta property=\"article:modified_time\" content=\"2024-05-29T11:27:44+00:00\" \/>\n<meta property=\"og:image\" content=\"https:\/\/aventura-excursions.com\/wp-content\/uploads\/2024\/03\/daysout_siampark_1_900x450-e1710773199258.jpg\" \/>\n\t<meta property=\"og:image:width\" content=\"472\" \/>\n\t<meta property=\"og:image:height\" content=\"240\" \/>\n\t<meta property=\"og:image:type\" content=\"image\/jpeg\" \/>\n<meta name=\"twitter:card\" content=\"summary_large_image\" \/>\n<meta name=\"twitter:label1\" content=\"Tempo di lettura stimato\" \/>\n\t<meta name=\"twitter:data1\" content=\"2 minuti\" \/>\n<!-- \/ Yoast SEO plugin. -->","yoast_head_json":{"title":"Visit Siam Park in Tenerife - Aventura Excursions \u2013 Best Water Park in Europe! Book now","description":"Enjoy thrilling water slides, a lazy river, and the world\u2019s largest artificial wave in Siam Park. Check reviews, prices, and ratings. Perfect for families!","robots":{"index":"index","follow":"follow","max-snippet":"max-snippet:-1","max-image-preview":"max-image-preview:large","max-video-preview":"max-video-preview:-1"},"canonical":"https:\/\/aventura-excursions.com\/it\/prodotto\/siam-park\/","og_locale":"it_IT","og_type":"article","og_title":"Visit Siam Park in Tenerife - Aventura Excursions \u2013 Best Water Park in Europe! Book now","og_description":"Enjoy thrilling water slides, a lazy river, and the world\u2019s largest artificial wave in Siam Park. Check reviews, prices, and ratings. Perfect for families!","og_url":"https:\/\/aventura-excursions.com\/it\/prodotto\/siam-park\/","og_site_name":"Aventura Excursions","article_modified_time":"2024-05-29T11:27:44+00:00","og_image":[{"width":472,"height":240,"url":"https:\/\/aventura-excursions.com\/wp-content\/uploads\/2024\/03\/daysout_siampark_1_900x450-e1710773199258.jpg","type":"image\/jpeg"}],"twitter_card":"summary_large_image","twitter_misc":{"Tempo di lettura stimato":"2 minuti"},"schema":{"@context":"https:\/\/schema.org","@graph":[{"@type":"WebPage","@id":"https:\/\/aventura-excursions.com\/product\/siam-park\/","url":"https:\/\/aventura-excursions.com\/product\/siam-park\/","name":"Visit Siam Park in Tenerife - Aventura Excursions \u2013 Best Water Park in Europe! Book now","isPartOf":{"@id":"https:\/\/aventura-excursions.com\/#website"},"primaryImageOfPage":{"@id":"https:\/\/aventura-excursions.com\/product\/siam-park\/#primaryimage"},"image":{"@id":"https:\/\/aventura-excursions.com\/product\/siam-park\/#primaryimage"},"thumbnailUrl":"https:\/\/aventura-excursions.com\/wp-content\/uploads\/2024\/03\/daysout_siampark_1_900x450-e1710773199258.jpg","datePublished":"2024-03-18T13:24:07+00:00","dateModified":"2024-05-29T11:27:44+00:00","description":"Enjoy thrilling water slides, a lazy river, and the world\u2019s largest artificial wave in Siam Park. Check reviews, prices, and ratings. Perfect for families!","breadcrumb":{"@id":"https:\/\/aventura-excursions.com\/product\/siam-park\/#breadcrumb"},"inLanguage":"it-IT","potentialAction":[{"@type":"ReadAction","target":["https:\/\/aventura-excursions.com\/product\/siam-park\/"]}]},{"@type":"ImageObject","inLanguage":"it-IT","@id":"https:\/\/aventura-excursions.com\/product\/siam-park\/#primaryimage","url":"https:\/\/aventura-excursions.com\/wp-content\/uploads\/2024\/03\/daysout_siampark_1_900x450-e1710773199258.jpg","contentUrl":"https:\/\/aventura-excursions.com\/wp-content\/uploads\/2024\/03\/daysout_siampark_1_900x450-e1710773199258.jpg","width":472,"height":240},{"@type":"BreadcrumbList","@id":"https:\/\/aventura-excursions.com\/product\/siam-park\/#breadcrumb","itemListElement":[{"@type":"ListItem","position":1,"name":"Tours","item":"https:\/\/aventura-excursions.com\/tours\/"},{"@type":"ListItem","position":2,"name":"Siam Park"}]},{"@type":"WebSite","@id":"https:\/\/aventura-excursions.com\/#website","url":"https:\/\/aventura-excursions.com\/","name":"Aventura Excursions","description":"Aventura Excursions","potentialAction":[{"@type":"SearchAction","target":{"@type":"EntryPoint","urlTemplate":"https:\/\/aventura-excursions.com\/?s={search_term_string}"},"query-input":{"@type":"PropertyValueSpecification","valueRequired":true,"valueName":"search_term_string"}}],"inLanguage":"it-IT"}]}},"_links":{"self":[{"href":"https:\/\/aventura-excursions.com\/it\/wp-json\/wp\/v2\/product\/599","targetHints":{"allow":["GET"]}}],"collection":[{"href":"https:\/\/aventura-excursions.com\/it\/wp-json\/wp\/v2\/product"}],"about":[{"href":"https:\/\/aventura-excursions.com\/it\/wp-json\/wp\/v2\/types\/product"}],"wp:featuredmedia":[{"embeddable":true,"href":"https:\/\/aventura-excursions.com\/it\/wp-json\/wp\/v2\/media\/607"}],"wp:attachment":[{"href":"https:\/\/aventura-excursions.com\/it\/wp-json\/wp\/v2\/media?parent=599"}],"wp:term":[{"taxonomy":"product_brand","embeddable":true,"href":"https:\/\/aventura-excursions.com\/it\/wp-json\/wp\/v2\/product_brand?post=599"},{"taxonomy":"product_cat","embeddable":true,"href":"https:\/\/aventura-excursions.com\/it\/wp-json\/wp\/v2\/product_cat?post=599"},{"taxonomy":"product_tag","embeddable":true,"href":"https:\/\/aventura-excursions.com\/it\/wp-json\/wp\/v2\/product_tag?post=599"}],"curies":[{"name":"wp","href":"https:\/\/api.w.org\/{rel}","templated":true}]}}