{"id":766,"date":"2024-03-22T19:36:00","date_gmt":"2024-03-22T16:36:00","guid":{"rendered":"https:\/\/aventura-excursions.com\/?post_type=product&#038;p=766"},"modified":"2026-01-03T17:27:11","modified_gmt":"2026-01-03T14:27:11","slug":"boat-trip-whale-watching","status":"publish","type":"product","link":"https:\/\/aventura-excursions.com\/it\/prodotto\/boat-trip-whale-watching\/","title":{"rendered":"Gita in barca: osservazione delle balene"},"content":{"rendered":"<p><em><\/em><\/p>\n<h3>Descrizione<\/h3>\n<p>\nLe gite in barca sono una delle attivit\u00e0 pi\u00f9 popolari a Tenerife e permettono di ammirare splendide viste di coste con alte scogliere e bellissime spiagge. Ogni volta che usciamo nell'oceano cerchiamo i delfini e le balene pilota, che sono residenti permanenti nelle acque delle Canarie, e potrete provare il grande piacere di osservarli nel loro habitat naturale. Durante l'escursione ci fermeremo a nuotare in acque cristalline per osservare altri animali e pesci attraverso una maschera.<\/p>\n<p>\n\u00c8 possibile scegliere tra diverse imbarcazioni. Il programma del tour \u00e8 lo stesso, ma la durata e la capacit\u00e0 della barca possono variare.<\/p>\n<p><\/p>\n<h3>Punti di interesse<\/h3>\n<ul>\n<li>Osservazione di balene e delfini<\/li>\n<li>Viste spettacolari<\/li>\n<li>Snorkel<\/li>\n<li>Diverse navi tra cui scegliere<\/li>\n<\/ul>\n<p><\/p>\n<p><h3>Navi<\/h3>\n<p>\n<strong>So\u00f1ador<\/strong><\/p>\n<p>\n<img loading=\"lazy\" decoding=\"async\" src=\"https:\/\/aventura-excursions.com\/wp-content\/uploads\/2024\/03\/Sonador-Tenerife-7-1-300x225.webp\" alt=\"\" width=\"300\" height=\"225\" class=\"alignnone size-medium wp-image-2208 right_content_img add_margin_bottom\" srcset=\"https:\/\/aventura-excursions.com\/wp-content\/uploads\/2024\/03\/Sonador-Tenerife-7-1-300x225.webp 300w, https:\/\/aventura-excursions.com\/wp-content\/uploads\/2024\/03\/Sonador-Tenerife-7-1-1024x768.webp 1024w, https:\/\/aventura-excursions.com\/wp-content\/uploads\/2024\/03\/Sonador-Tenerife-7-1-768x576.webp 768w, https:\/\/aventura-excursions.com\/wp-content\/uploads\/2024\/03\/Sonador-Tenerife-7-1-1536x1152.webp 1536w, https:\/\/aventura-excursions.com\/wp-content\/uploads\/2024\/03\/Sonador-Tenerife-7-1-16x12.webp 16w, https:\/\/aventura-excursions.com\/wp-content\/uploads\/2024\/03\/Sonador-Tenerife-7-1-600x450.webp 600w, https:\/\/aventura-excursions.com\/wp-content\/uploads\/2024\/03\/Sonador-Tenerife-7-1.webp 2048w\" sizes=\"auto, (max-width: 300px) 100vw, 300px\" \/><br \/>\nBarca a vela di 15 metri di lunghezza. Il ponte ha un aspetto elegante ed \u00e8 facile da percorrere.<\/p>\n<p>\nCapacit\u00e0: 25 persone<br \/>\nDurata: 3 ore<br \/>\nPorto: Los Cristianos<br \/>\nNessuna raccolta<br \/>\nCibo e bevande, come panini, frutta, snack, bibite, birra, ecc. sono inclusi.<\/p>\n<p><\/p>\n<p>\n<strong>Freebird<\/strong><\/p>\n<p>\n<img loading=\"lazy\" decoding=\"async\" src=\"https:\/\/aventura-excursions.com\/wp-content\/uploads\/2024\/03\/freebird-catamarans-tenerife-f15-1d-300x200.png\"  alt=\"\" width=\"300\" height=\"200\" class=\"alignnone size-medium wp-image-2206 right_content_img add_margin_bottom\" srcset=\"https:\/\/aventura-excursions.com\/wp-content\/uploads\/2024\/03\/freebird-catamarans-tenerife-f15-1d-300x200.png 300w, https:\/\/aventura-excursions.com\/wp-content\/uploads\/2024\/03\/freebird-catamarans-tenerife-f15-1d-18x12.png 18w, https:\/\/aventura-excursions.com\/wp-content\/uploads\/2024\/03\/freebird-catamarans-tenerife-f15-1d-600x399.png 600w, https:\/\/aventura-excursions.com\/wp-content\/uploads\/2024\/03\/freebird-catamarans-tenerife-f15-1d.png 700w\" sizes=\"auto, (max-width: 300px) 100vw, 300px\" \/><br \/>\nUn catamarano spazioso, perfetto per rilassarsi e prendere il sole.<\/p>\n<p>\nCapacit\u00e0: 50 persone<br \/>\nDurata: 3 e 4,5 ore<br \/>\nPorto: Puerto Colon<br \/>\nPick up included in Los Gigantes, Costa Adeje, Los Cristianos, Playa de Las Americas and Golf del Sur.<br \/>\nIl tour di 3 ore offre panini, acqua, birra e bibite.<br \/>\nTour di 4,5 ore che offre polpette di pollo in salsa, riso huertano, diverse bevande come birra, bibite, acqua, sangria e menu speciale per celiaci e vegani (su richiesta).<\/p>\n<p><p><\/p>\n<p><strong>Viking<\/strong><\/p>\n<p>\n<img loading=\"lazy\" decoding=\"async\" src=\"https:\/\/aventura-excursions.com\/wp-content\/uploads\/2024\/03\/146b-300x226.png\"  alt=\"\" width=\"300\" height=\"226\" class=\"alignnone size-medium wp-image-2205 right_content_img add_margin_bottom\" srcset=\"https:\/\/aventura-excursions.com\/wp-content\/uploads\/2024\/03\/146b-300x226.png 300w, https:\/\/aventura-excursions.com\/wp-content\/uploads\/2024\/03\/146b-16x12.png 16w, https:\/\/aventura-excursions.com\/wp-content\/uploads\/2024\/03\/146b.png 353w\" sizes=\"auto, (max-width: 300px) 100vw, 300px\" \/><br \/>\nUna grande nave vichinga con uno spettacolo e un'animazione spettacolari.<\/p>\n<p>\nCapacit\u00e0: 100 persone<br \/>\nDurata: 2 e 3 ore<br \/>\nOrario di inizio:<br \/>\n2 hours &#8211; 11:00<br \/>\n3 hours &#8211; 13:30<br \/>\nPorto: Los Cristianos<br \/>\nNessuna raccolta<br \/>\nDrinks, such as wine, local beer, water and soft drinks, included in 3-hours trip. Restaurant&#8217;s food is paid separately.<\/p>\n<p><\/p>\n<p><strong>Tonina<\/strong><\/p>\n<p>\n<img loading=\"lazy\" decoding=\"async\" src=\"https:\/\/aventura-excursions.com\/wp-content\/uploads\/2024\/03\/barco-300x200.png\" alt=\"\" width=\"300\" height=\"200\" class=\"alignnone size-medium wp-image-2203 right_content_img add_margin_bottom\" srcset=\"https:\/\/aventura-excursions.com\/wp-content\/uploads\/2024\/03\/barco-300x200.png 300w, https:\/\/aventura-excursions.com\/wp-content\/uploads\/2024\/03\/barco-18x12.png 18w, https:\/\/aventura-excursions.com\/wp-content\/uploads\/2024\/03\/barco.png 460w\" sizes=\"auto, (max-width: 300px) 100vw, 300px\" \/><br \/>\nCatamarano confortevole per un piccolo gruppo con un ampio prendisole.<\/p>\n<p>\nCapacit\u00e0: 11 persone<br \/>\nDurata: 3 ore<br \/>\nPorto: Las Galletas<br \/>\nIl ritiro nel Sud include<br \/>\nIl prezzo include anche una variet\u00e0 di snack e bevande.<\/p>\n<p><p><\/p>","protected":false},"excerpt":{"rendered":"<div>\n<p>Take a boat trip and don&#8217;t miss the opportunity to relax, enjoy the nature, do snorkeling in the ocean and, of course, see the whales and dolphins!<\/p>\n<p>\nSELEZIONARE UNA BARCA:\n<\/div>","protected":false},"featured_media":1601,"template":"","meta":{"_acf_changed":false},"product_brand":[],"product_cat":[21],"product_tag":[],"class_list":{"0":"post-766","1":"product","2":"type-product","3":"status-publish","4":"has-post-thumbnail","6":"product_cat-activities","8":"first","9":"instock","10":"sale","11":"shipping-taxable","12":"product-type-grouped"},"acf":[],"yoast_head":"<!-- This site is optimized with the Yoast SEO plugin v25.6 - https:\/\/yoast.com\/wordpress\/plugins\/seo\/ -->\n<title>Boat Trip: Whale Watching - Aventura Excursions in Tenerife | Book Tickets online<\/title>\n<meta name=\"description\" content=\"Book your whale watching boat trip in Tenerife! See dolphins, snorkel, and enjoy stunning views. Check prices, read reviews, and buy tickets now!\" \/>\n<meta name=\"robots\" content=\"index, follow, max-snippet:-1, max-image-preview:large, max-video-preview:-1\" \/>\n<link rel=\"canonical\" href=\"https:\/\/aventura-excursions.com\/it\/prodotto\/boat-trip-whale-watching\/\" \/>\n<meta property=\"og:locale\" content=\"it_IT\" \/>\n<meta property=\"og:type\" content=\"article\" \/>\n<meta property=\"og:title\" content=\"Boat Trip: Whale Watching - Aventura Excursions in Tenerife | Book Tickets online\" \/>\n<meta property=\"og:description\" content=\"Book your whale watching boat trip in Tenerife! See dolphins, snorkel, and enjoy stunning views. Check prices, read reviews, and buy tickets now!\" \/>\n<meta property=\"og:url\" content=\"https:\/\/aventura-excursions.com\/it\/prodotto\/boat-trip-whale-watching\/\" \/>\n<meta property=\"og:site_name\" content=\"Aventura Excursions\" \/>\n<meta property=\"article:modified_time\" content=\"2026-01-03T14:27:11+00:00\" \/>\n<meta property=\"og:image\" content=\"https:\/\/aventura-excursions.com\/wp-content\/uploads\/2024\/03\/grinda09.jpg\" \/>\n\t<meta property=\"og:image:width\" content=\"1014\" \/>\n\t<meta property=\"og:image:height\" content=\"768\" \/>\n\t<meta property=\"og:image:type\" content=\"image\/jpeg\" \/>\n<meta name=\"twitter:card\" content=\"summary_large_image\" \/>\n<meta name=\"twitter:label1\" content=\"Tempo di lettura stimato\" \/>\n\t<meta name=\"twitter:data1\" content=\"3 minuti\" \/>\n<!-- \/ Yoast SEO plugin. -->","yoast_head_json":{"title":"Boat Trip: Whale Watching - Aventura Excursions in Tenerife | Book Tickets online","description":"Book your whale watching boat trip in Tenerife! See dolphins, snorkel, and enjoy stunning views. Check prices, read reviews, and buy tickets now!","robots":{"index":"index","follow":"follow","max-snippet":"max-snippet:-1","max-image-preview":"max-image-preview:large","max-video-preview":"max-video-preview:-1"},"canonical":"https:\/\/aventura-excursions.com\/it\/prodotto\/boat-trip-whale-watching\/","og_locale":"it_IT","og_type":"article","og_title":"Boat Trip: Whale Watching - Aventura Excursions in Tenerife | Book Tickets online","og_description":"Book your whale watching boat trip in Tenerife! See dolphins, snorkel, and enjoy stunning views. Check prices, read reviews, and buy tickets now!","og_url":"https:\/\/aventura-excursions.com\/it\/prodotto\/boat-trip-whale-watching\/","og_site_name":"Aventura Excursions","article_modified_time":"2026-01-03T14:27:11+00:00","og_image":[{"width":1014,"height":768,"url":"https:\/\/aventura-excursions.com\/wp-content\/uploads\/2024\/03\/grinda09.jpg","type":"image\/jpeg"}],"twitter_card":"summary_large_image","twitter_misc":{"Tempo di lettura stimato":"3 minuti"},"schema":{"@context":"https:\/\/schema.org","@graph":[{"@type":"WebPage","@id":"https:\/\/aventura-excursions.com\/product\/boat-trip-whale-watching\/","url":"https:\/\/aventura-excursions.com\/product\/boat-trip-whale-watching\/","name":"Boat Trip: Whale Watching - Aventura Excursions in Tenerife | Book Tickets online","isPartOf":{"@id":"https:\/\/aventura-excursions.com\/#website"},"primaryImageOfPage":{"@id":"https:\/\/aventura-excursions.com\/product\/boat-trip-whale-watching\/#primaryimage"},"image":{"@id":"https:\/\/aventura-excursions.com\/product\/boat-trip-whale-watching\/#primaryimage"},"thumbnailUrl":"https:\/\/aventura-excursions.com\/wp-content\/uploads\/2024\/03\/grinda09.jpg","datePublished":"2024-03-22T16:36:00+00:00","dateModified":"2026-01-03T14:27:11+00:00","description":"Book your whale watching boat trip in Tenerife! See dolphins, snorkel, and enjoy stunning views. Check prices, read reviews, and buy tickets now!","breadcrumb":{"@id":"https:\/\/aventura-excursions.com\/product\/boat-trip-whale-watching\/#breadcrumb"},"inLanguage":"it-IT","potentialAction":[{"@type":"ReadAction","target":["https:\/\/aventura-excursions.com\/product\/boat-trip-whale-watching\/"]}]},{"@type":"ImageObject","inLanguage":"it-IT","@id":"https:\/\/aventura-excursions.com\/product\/boat-trip-whale-watching\/#primaryimage","url":"https:\/\/aventura-excursions.com\/wp-content\/uploads\/2024\/03\/grinda09.jpg","contentUrl":"https:\/\/aventura-excursions.com\/wp-content\/uploads\/2024\/03\/grinda09.jpg","width":1014,"height":768,"caption":"LEAD Technologies Inc. V1.01"},{"@type":"BreadcrumbList","@id":"https:\/\/aventura-excursions.com\/product\/boat-trip-whale-watching\/#breadcrumb","itemListElement":[{"@type":"ListItem","position":1,"name":"Tours","item":"https:\/\/aventura-excursions.com\/tours\/"},{"@type":"ListItem","position":2,"name":"Boat Trip: Whale Watching"}]},{"@type":"WebSite","@id":"https:\/\/aventura-excursions.com\/#website","url":"https:\/\/aventura-excursions.com\/","name":"Aventura Excursions","description":"Aventura Excursions","potentialAction":[{"@type":"SearchAction","target":{"@type":"EntryPoint","urlTemplate":"https:\/\/aventura-excursions.com\/?s={search_term_string}"},"query-input":{"@type":"PropertyValueSpecification","valueRequired":true,"valueName":"search_term_string"}}],"inLanguage":"it-IT"}]}},"_links":{"self":[{"href":"https:\/\/aventura-excursions.com\/it\/wp-json\/wp\/v2\/product\/766","targetHints":{"allow":["GET"]}}],"collection":[{"href":"https:\/\/aventura-excursions.com\/it\/wp-json\/wp\/v2\/product"}],"about":[{"href":"https:\/\/aventura-excursions.com\/it\/wp-json\/wp\/v2\/types\/product"}],"wp:featuredmedia":[{"embeddable":true,"href":"https:\/\/aventura-excursions.com\/it\/wp-json\/wp\/v2\/media\/1601"}],"wp:attachment":[{"href":"https:\/\/aventura-excursions.com\/it\/wp-json\/wp\/v2\/media?parent=766"}],"wp:term":[{"taxonomy":"product_brand","embeddable":true,"href":"https:\/\/aventura-excursions.com\/it\/wp-json\/wp\/v2\/product_brand?post=766"},{"taxonomy":"product_cat","embeddable":true,"href":"https:\/\/aventura-excursions.com\/it\/wp-json\/wp\/v2\/product_cat?post=766"},{"taxonomy":"product_tag","embeddable":true,"href":"https:\/\/aventura-excursions.com\/it\/wp-json\/wp\/v2\/product_tag?post=766"}],"curies":[{"name":"wp","href":"https:\/\/api.w.org\/{rel}","templated":true}]}}