{"id":10,"date":"2023-06-16T06:14:49","date_gmt":"2023-06-16T06:14:49","guid":{"rendered":"https:\/\/aventura-excursions.com\/?page_id=10"},"modified":"2025-09-16T14:01:37","modified_gmt":"2025-09-16T11:01:37","slug":"about","status":"publish","type":"page","link":"https:\/\/aventura-excursions.com\/lt\/about\/","title":{"rendered":"About"},"content":{"rendered":"<div class=\"about_text_img__text\">\n<p style=\"text-align: left;\">Sveiki atvyk\u0119 \u012f Aventura Excursion, j\u016bs\u0173 vartus \u012f nepamir\u0161tamus nuotykius ir turining\u0105 patirt\u012f! M\u016bs\u0173 misija - pasi\u016blyti jums unikalias ir asmeni\u0161kai pritaikytas ekskursijas, kurios atskleist\u0173 geriausias m\u016bs\u0173 nuostabiosios salos ypatybes. Nesvarbu, ar esate \u012fsp\u016bd\u017ei\u0173 ie\u0161kotojas, kult\u016bros entuziastas, ar tiesiog norite pa\u017einti naujas vietas, kiekvienam turime k\u0105 nors ypatingo.<\/p>\n<p>&nbsp;<\/p>\n<h2>M\u016bs\u0173 istorija<\/h2>\n<p><\/p>\n<p style=\"text-align: left;\">2014 m. \u012fkurta Aventura Excutrsions gim\u0117 i\u0161 aistros keliauti ir didel\u0117s meil\u0117s m\u016bs\u0173 regionui. M\u016bs\u0173 \u012fk\u016br\u0117jai Marcinas Glowackis ir Jekaterina Lavrentjeva svajojo sukurti agent\u016br\u0105, kuri ne tik si\u016blyt\u0173 unikalias ekskursijas, bet ir skatint\u0173 autenti\u0161k\u0105 ry\u0161\u012f tarp keliautoj\u0173 ir lankom\u0173 viet\u0173. B\u0117gant metams i\u0161 ma\u017eos vietin\u0117s \u012fmon\u0117s tapome ger\u0105 reputacij\u0105 turin\u010dia agent\u016bra, gars\u0117jan\u010dia d\u0117mesiu detal\u0117ms ir klient\u0173 pasitenkinimu.<\/p>\n<p>&nbsp;<\/p>\n<h2>M\u016bs\u0173 komanda<\/h2>\n<p><\/p>\n<p style=\"text-align: left;\" class=\" translation-block\">M\u016bs\u0173 patyrusi\u0173 konsultant\u0173 ir kelioni\u0173 ekspert\u0173 komanda siekia u\u017etikrinti, kad j\u016bs\u0173 patirtis b\u016bt\u0173 nuostabi nuo prad\u017eios iki pabaigos. Atrinkome geriausius Tenerif\u0117s kelioni\u0173 paslaug\u0173 teik\u0117jus ir surinkome kelet\u0105 nauding\u0173 patarim\u0173, kuriuos rasite m\u016bs\u0173 <strong><em><a href=\"https:\/\/aventura-excursions.com\/lt\/tips\/\" target=\"_self\">bloge<\/a><\/em><\/strong>. Did\u017eiuojam\u0117s savo profesionalumu, draugi\u0161kumu ir siekiu, kad j\u016bs\u0173 atostogos Tenerif\u0117je b\u016bt\u0173 \u012fsimintinos.<\/p>\n<p>&nbsp;<\/p>\n<h2>M\u016bs\u0173 \u012fsipareigojimas<\/h2>\n<p><\/p>\n<p style=\"text-align: left;\">Esame \u012fsipareigoj\u0119 teikti auk\u0161tos kokyb\u0117s paslaugas, u\u017etikrinti saugum\u0105 ir skatinti tvar\u0173 turizm\u0105. M\u016bs\u0173 kelioni\u0173 tikslas - kuo labiau suma\u017einti poveik\u012f aplinkai ir paremti vietos bendruomenes, kad ir ateities kartos gal\u0117t\u0173 m\u0117gautis \u0161iomis nuostabiomis vietomis.<\/p>\n<p>&nbsp;<\/p>\n<h2>Kod\u0117l mes?<\/h2>\n<p><\/p>\n<p style=\"text-align: left;\">- Individualus aptarnavimas: skiriame laiko, kad suprastume j\u016bs\u0173 pageidavimus ir pagal juos pritaikytume ekskursijas.<\/p>\n<p style=\"text-align: left;\">- Patyr\u0119 gidai: m\u016bs\u0173 i\u0161manantys ir aistringi gidai praturtins j\u016bs\u0173 patirt\u012f savo \u017einiomis ir entuziazmu.<\/p>\n<p style=\"text-align: left;\">- Klient\u0173 pasitenkinimas: Siekiame vir\u0161yti j\u016bs\u0173 l\u016bkes\u010dius ir padaryti j\u016bs\u0173 kelion\u0119 tikrai \u012fsimintin\u0105.<\/p>\n<p style=\"text-align: left;\">- Tvarumas: pirmenyb\u0119 teikiame aplink\u0105 tausojan\u010diai praktikai ir remiame vietos \u012fmones, skatinan\u010dias atsaking\u0105 turizm\u0105.<\/p>\n<p>&nbsp;<\/p>\n<p style=\"text-align: left;\">Join us on an adventure and create lasting memories with Aventura Excursions! Let\u2019s explore the world together!<br \/>\nFeel free to contact us for more information or to book your next excursion.<\/p>\n<\/div>\n<div class=\"about_text_img__img\"><img decoding=\"async\" src=\"\/wp-content\/uploads\/2024\/05\/about_img.jpg\" alt=\"\" \/><\/div>","protected":false},"excerpt":{"rendered":"<p>Welcome to Aventura Excursions, your gateway to unforgettable adventures and enriching experiences! Our mission is to provide you with unique and personalized excursions that showcase the best our beautiful island has to offer. Whether you\u2019re a thrill-seeker, a culture enthusiast, or simply looking to explore new places, we have something special for everyone. &nbsp; Our [&hellip;]<\/p>","protected":false},"author":1,"featured_media":0,"parent":0,"menu_order":0,"comment_status":"closed","ping_status":"closed","template":"pages\/about.php","meta":{"_acf_changed":false,"footnotes":""},"class_list":["post-10","page","type-page","status-publish","hentry"],"acf":[],"yoast_head":"<!-- This site is optimized with the Yoast SEO plugin v25.6 - https:\/\/yoast.com\/wordpress\/plugins\/seo\/ -->\n<title>Unforgettable Tenerife Excursions - Aventura Excursions - Book Online for 10% Off<\/title>\n<meta name=\"description\" content=\"Discover personalized tours in Tenerife with Aventura Excursions. We organize tours in Tenerife. Our team speaks English, Spanish, German, French, Polish, and Italian.\" \/>\n<meta name=\"robots\" content=\"index, follow, max-snippet:-1, max-image-preview:large, max-video-preview:-1\" \/>\n<link rel=\"canonical\" href=\"https:\/\/aventura-excursions.com\/lt\/about\/\" \/>\n<meta property=\"og:locale\" content=\"lt_LT\" \/>\n<meta property=\"og:type\" content=\"article\" \/>\n<meta property=\"og:title\" content=\"Unforgettable Tenerife Excursions - Aventura Excursions - Book Online for 10% Off\" \/>\n<meta property=\"og:description\" content=\"Discover personalized tours in Tenerife with Aventura Excursions. We organize tours in Tenerife. Our team speaks English, Spanish, German, French, Polish, and Italian.\" \/>\n<meta property=\"og:url\" content=\"https:\/\/aventura-excursions.com\/lt\/about\/\" \/>\n<meta property=\"og:site_name\" content=\"Aventura Excursions\" \/>\n<meta property=\"article:modified_time\" content=\"2025-09-16T11:01:37+00:00\" \/>\n<meta name=\"twitter:card\" content=\"summary_large_image\" \/>\n<meta name=\"twitter:label1\" content=\"Est. reading time\" \/>\n\t<meta name=\"twitter:data1\" content=\"2 minut\u0117s\" \/>\n<!-- \/ Yoast SEO plugin. -->","yoast_head_json":{"title":"Unforgettable Tenerife Excursions - Aventura Excursions - Book Online for 10% Off","description":"Discover personalized tours in Tenerife with Aventura Excursions. We organize tours in Tenerife. Our team speaks English, Spanish, German, French, Polish, and Italian.","robots":{"index":"index","follow":"follow","max-snippet":"max-snippet:-1","max-image-preview":"max-image-preview:large","max-video-preview":"max-video-preview:-1"},"canonical":"https:\/\/aventura-excursions.com\/lt\/about\/","og_locale":"lt_LT","og_type":"article","og_title":"Unforgettable Tenerife Excursions - Aventura Excursions - Book Online for 10% Off","og_description":"Discover personalized tours in Tenerife with Aventura Excursions. We organize tours in Tenerife. Our team speaks English, Spanish, German, French, Polish, and Italian.","og_url":"https:\/\/aventura-excursions.com\/lt\/about\/","og_site_name":"Aventura Excursions","article_modified_time":"2025-09-16T11:01:37+00:00","twitter_card":"summary_large_image","twitter_misc":{"Est. reading time":"2 minut\u0117s"},"schema":{"@context":"https:\/\/schema.org","@graph":[{"@type":"WebPage","@id":"https:\/\/aventura-excursions.com\/about\/","url":"https:\/\/aventura-excursions.com\/about\/","name":"Unforgettable Tenerife Excursions - Aventura Excursions - Book Online for 10% Off","isPartOf":{"@id":"https:\/\/aventura-excursions.com\/#website"},"datePublished":"2023-06-16T06:14:49+00:00","dateModified":"2025-09-16T11:01:37+00:00","description":"Discover personalized tours in Tenerife with Aventura Excursions. We organize tours in Tenerife. Our team speaks English, Spanish, German, French, Polish, and Italian.","inLanguage":"lt-LT","potentialAction":[{"@type":"ReadAction","target":["https:\/\/aventura-excursions.com\/about\/"]}]},{"@type":"WebSite","@id":"https:\/\/aventura-excursions.com\/#website","url":"https:\/\/aventura-excursions.com\/","name":"Aventura Excursions","description":"Aventura Excursions","potentialAction":[{"@type":"SearchAction","target":{"@type":"EntryPoint","urlTemplate":"https:\/\/aventura-excursions.com\/?s={search_term_string}"},"query-input":{"@type":"PropertyValueSpecification","valueRequired":true,"valueName":"search_term_string"}}],"inLanguage":"lt-LT"}]}},"_links":{"self":[{"href":"https:\/\/aventura-excursions.com\/lt\/wp-json\/wp\/v2\/pages\/10","targetHints":{"allow":["GET"]}}],"collection":[{"href":"https:\/\/aventura-excursions.com\/lt\/wp-json\/wp\/v2\/pages"}],"about":[{"href":"https:\/\/aventura-excursions.com\/lt\/wp-json\/wp\/v2\/types\/page"}],"author":[{"embeddable":true,"href":"https:\/\/aventura-excursions.com\/lt\/wp-json\/wp\/v2\/users\/1"}],"replies":[{"embeddable":true,"href":"https:\/\/aventura-excursions.com\/lt\/wp-json\/wp\/v2\/comments?post=10"}],"version-history":[{"count":23,"href":"https:\/\/aventura-excursions.com\/lt\/wp-json\/wp\/v2\/pages\/10\/revisions"}],"predecessor-version":[{"id":1746,"href":"https:\/\/aventura-excursions.com\/lt\/wp-json\/wp\/v2\/pages\/10\/revisions\/1746"}],"wp:attachment":[{"href":"https:\/\/aventura-excursions.com\/lt\/wp-json\/wp\/v2\/media?parent=10"}],"curies":[{"name":"wp","href":"https:\/\/api.w.org\/{rel}","templated":true}]}}