{"id":1039,"date":"2024-03-26T03:07:26","date_gmt":"2024-03-26T00:07:26","guid":{"rendered":"https:\/\/aventura-excursions.com\/?post_type=product&#038;p=1039"},"modified":"2024-05-28T18:49:56","modified_gmt":"2024-05-28T15:49:56","slug":"karting","status":"publish","type":"product","link":"https:\/\/aventura-excursions.com\/lt\/produktas\/karting\/","title":{"rendered":"Kartingas"},"content":{"rendered":"<h3>Apra\u0161ymas<\/h3>\n<p>\nVisit one of the Europe&#8217;s biggest karting clubs! Experience a real race full of pure adrenaline on professional tracks, and competitions with live statistics on the screens. Race against your friends! A separate track offers karting for kids from 3 years old. <\/p>\n<p>\n<\/p>\n<h3>Lankytinos vietos<\/h3>\n<ul>\n<li>Grei\u010dio jaudulys<\/li>\n<li>Galingi kartingai<\/li>\n<li>Suaugusiems ir vaikams<\/li>\n<\/ul>\n<h3>Detal\u0117s<\/h3>\n<p>\nTrukm\u0117: 12 minu\u010di\u0173<br \/>\nMinimalus am\u017eius: 3 metai <br \/>\nNemokamas atsi\u0117mimas i\u0161 Tenerif\u0117s piet\u0173<\/p>","protected":false},"excerpt":{"rendered":"<div>\n<p>Experience the thrill of real racing at one of Europe&#8217;s largest karting clubs! <\/p>\n<p>\n<br \/>\nPasirinkite savo kartingo ir lenktyni\u0173 dat\u0105.\n<\/div>","protected":false},"featured_media":1106,"template":"","meta":{"_acf_changed":false},"product_brand":[],"product_cat":[21],"product_tag":[],"class_list":{"0":"post-1039","1":"product","2":"type-product","3":"status-publish","4":"has-post-thumbnail","6":"product_cat-activities","8":"first","9":"instock","10":"shipping-taxable","11":"product-type-grouped"},"acf":[],"yoast_head":"<!-- This site is optimized with the Yoast SEO plugin v25.6 - https:\/\/yoast.com\/wordpress\/plugins\/seo\/ -->\n<title>Exciting Karting in Tenerife in Europe\u2019s largest club - Aventura Excursions | Book Now<\/title>\n<meta name=\"description\" content=\"Experience the thrill of karting in Europe\u2019s largest club! Check reviews and prices. Book your adrenaline-filled race today for both adults and kids\" \/>\n<meta name=\"robots\" content=\"index, follow, max-snippet:-1, max-image-preview:large, max-video-preview:-1\" \/>\n<link rel=\"canonical\" href=\"https:\/\/aventura-excursions.com\/lt\/produktas\/karting\/\" \/>\n<meta property=\"og:locale\" content=\"lt_LT\" \/>\n<meta property=\"og:type\" content=\"article\" \/>\n<meta property=\"og:title\" content=\"Exciting Karting in Tenerife in Europe\u2019s largest club - Aventura Excursions | Book Now\" \/>\n<meta property=\"og:description\" content=\"Experience the thrill of karting in Europe\u2019s largest club! Check reviews and prices. Book your adrenaline-filled race today for both adults and kids\" \/>\n<meta property=\"og:url\" content=\"https:\/\/aventura-excursions.com\/lt\/produktas\/karting\/\" \/>\n<meta property=\"og:site_name\" content=\"Aventura Excursions\" \/>\n<meta property=\"article:modified_time\" content=\"2024-05-28T15:49:56+00:00\" \/>\n<meta property=\"og:image\" content=\"https:\/\/aventura-excursions.com\/wp-content\/uploads\/2024\/03\/20220731_123936.jpg\" \/>\n\t<meta property=\"og:image:width\" content=\"956\" \/>\n\t<meta property=\"og:image:height\" content=\"676\" \/>\n\t<meta property=\"og:image:type\" content=\"image\/jpeg\" \/>\n<meta name=\"twitter:card\" content=\"summary_large_image\" \/>\n<meta name=\"twitter:label1\" content=\"Est. reading time\" \/>\n\t<meta name=\"twitter:data1\" content=\"1 minut\u0117\" \/>\n<!-- \/ Yoast SEO plugin. -->","yoast_head_json":{"title":"Exciting Karting in Tenerife in Europe\u2019s largest club - Aventura Excursions | Book Now","description":"Experience the thrill of karting in Europe\u2019s largest club! Check reviews and prices. Book your adrenaline-filled race today for both adults and kids","robots":{"index":"index","follow":"follow","max-snippet":"max-snippet:-1","max-image-preview":"max-image-preview:large","max-video-preview":"max-video-preview:-1"},"canonical":"https:\/\/aventura-excursions.com\/lt\/produktas\/karting\/","og_locale":"lt_LT","og_type":"article","og_title":"Exciting Karting in Tenerife in Europe\u2019s largest club - Aventura Excursions | Book Now","og_description":"Experience the thrill of karting in Europe\u2019s largest club! Check reviews and prices. Book your adrenaline-filled race today for both adults and kids","og_url":"https:\/\/aventura-excursions.com\/lt\/produktas\/karting\/","og_site_name":"Aventura Excursions","article_modified_time":"2024-05-28T15:49:56+00:00","og_image":[{"width":956,"height":676,"url":"https:\/\/aventura-excursions.com\/wp-content\/uploads\/2024\/03\/20220731_123936.jpg","type":"image\/jpeg"}],"twitter_card":"summary_large_image","twitter_misc":{"Est. reading time":"1 minut\u0117"},"schema":{"@context":"https:\/\/schema.org","@graph":[{"@type":"WebPage","@id":"https:\/\/aventura-excursions.com\/product\/karting\/","url":"https:\/\/aventura-excursions.com\/product\/karting\/","name":"Exciting Karting in Tenerife in Europe\u2019s largest club - Aventura Excursions | Book Now","isPartOf":{"@id":"https:\/\/aventura-excursions.com\/#website"},"primaryImageOfPage":{"@id":"https:\/\/aventura-excursions.com\/product\/karting\/#primaryimage"},"image":{"@id":"https:\/\/aventura-excursions.com\/product\/karting\/#primaryimage"},"thumbnailUrl":"https:\/\/aventura-excursions.com\/wp-content\/uploads\/2024\/03\/20220731_123936.jpg","datePublished":"2024-03-26T00:07:26+00:00","dateModified":"2024-05-28T15:49:56+00:00","description":"Experience the thrill of karting in Europe\u2019s largest club! Check reviews and prices. Book your adrenaline-filled race today for both adults and kids","breadcrumb":{"@id":"https:\/\/aventura-excursions.com\/product\/karting\/#breadcrumb"},"inLanguage":"lt-LT","potentialAction":[{"@type":"ReadAction","target":["https:\/\/aventura-excursions.com\/product\/karting\/"]}]},{"@type":"ImageObject","inLanguage":"lt-LT","@id":"https:\/\/aventura-excursions.com\/product\/karting\/#primaryimage","url":"https:\/\/aventura-excursions.com\/wp-content\/uploads\/2024\/03\/20220731_123936.jpg","contentUrl":"https:\/\/aventura-excursions.com\/wp-content\/uploads\/2024\/03\/20220731_123936.jpg","width":956,"height":676},{"@type":"BreadcrumbList","@id":"https:\/\/aventura-excursions.com\/product\/karting\/#breadcrumb","itemListElement":[{"@type":"ListItem","position":1,"name":"Tours","item":"https:\/\/aventura-excursions.com\/tours\/"},{"@type":"ListItem","position":2,"name":"Karting"}]},{"@type":"WebSite","@id":"https:\/\/aventura-excursions.com\/#website","url":"https:\/\/aventura-excursions.com\/","name":"Aventura Excursions","description":"Aventura Excursions","potentialAction":[{"@type":"SearchAction","target":{"@type":"EntryPoint","urlTemplate":"https:\/\/aventura-excursions.com\/?s={search_term_string}"},"query-input":{"@type":"PropertyValueSpecification","valueRequired":true,"valueName":"search_term_string"}}],"inLanguage":"lt-LT"}]}},"_links":{"self":[{"href":"https:\/\/aventura-excursions.com\/lt\/wp-json\/wp\/v2\/product\/1039","targetHints":{"allow":["GET"]}}],"collection":[{"href":"https:\/\/aventura-excursions.com\/lt\/wp-json\/wp\/v2\/product"}],"about":[{"href":"https:\/\/aventura-excursions.com\/lt\/wp-json\/wp\/v2\/types\/product"}],"wp:featuredmedia":[{"embeddable":true,"href":"https:\/\/aventura-excursions.com\/lt\/wp-json\/wp\/v2\/media\/1106"}],"wp:attachment":[{"href":"https:\/\/aventura-excursions.com\/lt\/wp-json\/wp\/v2\/media?parent=1039"}],"wp:term":[{"taxonomy":"product_brand","embeddable":true,"href":"https:\/\/aventura-excursions.com\/lt\/wp-json\/wp\/v2\/product_brand?post=1039"},{"taxonomy":"product_cat","embeddable":true,"href":"https:\/\/aventura-excursions.com\/lt\/wp-json\/wp\/v2\/product_cat?post=1039"},{"taxonomy":"product_tag","embeddable":true,"href":"https:\/\/aventura-excursions.com\/lt\/wp-json\/wp\/v2\/product_tag?post=1039"}],"curies":[{"name":"wp","href":"https:\/\/api.w.org\/{rel}","templated":true}]}}