{"id":1111,"date":"2024-03-27T01:24:04","date_gmt":"2024-03-26T22:24:04","guid":{"rendered":"https:\/\/aventura-excursions.com\/?post_type=product&#038;p=1111"},"modified":"2024-10-22T15:20:32","modified_gmt":"2024-10-22T12:20:32","slug":"loro-park","status":"publish","type":"product","link":"https:\/\/aventura-excursions.com\/lt\/produktas\/loro-park\/","title":{"rendered":"Loro Park"},"content":{"rendered":"<h3>Apra\u0161ymas<\/h3>\n<p>\nVisit one of the most famous zoos in the world!<br \/>\nLoro Park is a beautifully decorated theme park where you can have a great time with your family or friends. It offers you a full day of excitement watching animals and discovering Thai architecture and exotic plants. One of the highlights of the visit to Loro park is its shows that have brought it a world-wide fame. Orca show is number one for its popularity. People of all countries come to Tenerife to see it with their own eyes. The other 3 shows can&#8217;t be overpraised neither: sea lions, parrots and dolphins make a great impression on each visitor of their performance.<\/p>\n<p>\nRemember to visit <strong><em>Planet Penguin<\/em><\/strong>, a place with a real iceberg that has become a home for hundreds of penguins. It is considered to be the best representation of penguins&#8217; natural habitat in the world.<\/p>\n<p>\n<strong><em>La Gruta<\/em><\/strong> nukels \u012f paslapting\u0105 \u0161ik\u0161nosparni\u0173 pasaul\u012f. \u0160ie naktiniai gyv\u016bnai gyvena atkurtoje oloje, kuri d\u0117l j\u0173 jautrios prigimties yra visi\u0161kai nepralaidi garsui.<\/p>\n<p>\nMa\u017eieji sve\u010diai taip pat gali maloniai praleisti laik\u0105 <strong><em>Kinderlandia<\/em><\/strong>, vieta, primenanti Afrikos kaim\u0105, kur vaikai gali laipioti po namelius ir med\u017eius, balansuoti ant kaban\u010di\u0173 tilt\u0173 ir \u017eaisti d\u017eiungl\u0117se.<\/p>\n<h3><\/h3>\n<h3>Lankytinos vietos<\/h3>\n<ul>\n<li>Gyv\u016bn\u0173 parodos: Orkos, delfinai, j\u016br\u0173 li\u016btai, pap\u016bgos<\/li>\n<li>Planet Penguin<\/li>\n<li>Daugiau nei 100 egzotini\u0173 augal\u0173 r\u016b\u0161i\u0173<\/li>\n<li>Akvariumas su 12 skirting\u0173 ekspozicij\u0173 ir rykli\u0173 tuneliu<\/li>\n<li>Did\u017eiausia pap\u016bg\u0173 kolekcija pasaulyje<\/li>\n<\/ul>\n<h3>Detal\u0117s<\/h3>\n<p>\n<em><strong>Darbo laikas:<\/strong><\/em> 09:30 \u2013 17:30<\/p>\n<p>\n <em><strong>Vieta:<\/strong><\/em> Puerto de la Cruz (Tenerif\u0117s \u0161iaur\u0117)<\/p>\n<h3>Transporto<\/h3>\n<p>Jei esate Tenerif\u0117s pietuose, galite u\u017esisakyti perve\u017eim\u0105, kuris paims turistus i\u0161 po vie\u0161bu\u010dio ir nuve\u0161 tiesiai \u012f Loro park\u0105. Yra dviej\u0173 tip\u0173 autobusai: \u012fprastas perve\u017eimas ir greitasis perve\u017eimas.<\/p>\n<p><em><strong>Express<\/strong> <\/em>Sustoja ties: H10 Costa Adeje, Duke Shop, Bahia Fa\u00f1abe Suits, CC Fa\u00f1abe Plaza, Allsun Hibiscos, Ole Tropical Playa, Best Tenerife, Columbus, Sol Tenerife, Paradise Park. Jis paima keleivius tik i\u0161 2-4 stoteli\u0173 ir i\u0161vyksta \u012f Puerto de La Cruz. Jei matote, kad j\u016bs\u0173 vie\u0161butis yra netoli vienos i\u0161 \u0161i\u0173 autobus\u0173 stoteli\u0173, geriau rinkit\u0117s \u0161\u012f variant\u0105.<\/p>\n<p>Likusi pietin\u0117 Tenerif\u0117s dalis (nuo Los Gigantes iki el Medano) gaunama <em><strong>paprastas perk\u0117limas,<\/strong><\/em> Vienintelis skirtumas yra tas, kad vis\u0173 klient\u0173 surinkimas gali u\u017etrukti ilgiau.<\/p>\n<p>Iki Puerto de La Kruzo u\u017etruksite ma\u017edaug 1,5 valandos. Gr\u012f\u017eimo laikas bus paskelbtas autobuse. Paprastai jis b\u016bna apie 16:30, tod\u0117l Loro parke galite praleisti vis\u0105 dien\u0105 ir pamatyti visus pasirodymus.<\/p>\n<p>Jei <a href=\"https:\/\/aventura-excursions.com\/lt\/produktas\/rent-a-car\/\"><strong>i\u0161sinuomoti automobil\u012f<\/strong><\/a>j Loro park\u0105 galite vykti savaranki\u0161kai. Prie \u012fva\u017eiavimo \u012f park\u0105 yra mokama automobili\u0173 stov\u0117jimo aik\u0161tel\u0117. B\u016bkite atsarg\u016bs, sezono metu ji paprastai u\u017esipildo jau nuo 10 val. ryto.<\/p>\n<h3>Twin Ticket: du parkai su nuolaida<\/h3>\n<p>J\u016bs norite aplankyti Loro Park ir <a href=\"https:\/\/aventura-excursions.com\/lt\/produktas\/siam-park\/\"><strong>Siam Park,<\/strong><\/a> vienas garsiausi\u0173 pasaulyje vandens park\u0173? Gaukite biliet\u0105 su nuolaida \u012f du parkus!<br \/>\n<br \/>Daugiau informacijos rasite \u010dia: <a href=\"https:\/\/aventura-excursions.com\/lt\/produktas\/twin-ticket\/\"><strong>Twin ticket<\/strong><\/a><\/p>","protected":false},"excerpt":{"rendered":"<p>A visit to this world-wide famous zoo is a captivating experience to discover its lovely animals, entertaining shows and exuberant tropical vegetation. It&#8217;s a must for anyone interested in wildlife and nature.<\/p>\n<p>Pirmiausia pasirinkite vien\u0105 i\u0161 \u0161i\u0173 variant\u0173: tik bilietas arba bilietas ir perve\u017eimas i\u0161 pietin\u0117s Tenerif\u0117s dalies.<br \/>Tada pasirinkite suaugusi\u0173j\u0173 ir vaik\u0173 (3-11 met\u0173) skai\u010di\u0173. K\u016bdikiams (0-2 met\u0173) \u012f\u0117jimas nemokamas.<\/p>","protected":false},"featured_media":429,"template":"","meta":{"_acf_changed":false},"product_brand":[],"product_cat":[20],"product_tag":[],"class_list":{"0":"post-1111","1":"product","2":"type-product","3":"status-publish","4":"has-post-thumbnail","6":"product_cat-parks","8":"first","9":"instock","10":"shipping-taxable","11":"product-type-grouped"},"acf":[],"yoast_head":"<!-- This site is optimized with the Yoast SEO plugin v25.6 - https:\/\/yoast.com\/wordpress\/plugins\/seo\/ -->\n<title>Visit Loro Park in Tenerife - Aventura Excursions - Book Tickets Now for Best Experience!<\/title>\n<meta name=\"description\" content=\"Explore Loro Park: Check reviews, prices, and ratings. Enjoy exciting animal shows, beautiful Thai architecture, and lush tropical vegetation. Book now!\" \/>\n<meta name=\"robots\" content=\"index, follow, max-snippet:-1, max-image-preview:large, max-video-preview:-1\" \/>\n<link rel=\"canonical\" href=\"https:\/\/aventura-excursions.com\/lt\/produktas\/loro-park\/\" \/>\n<meta property=\"og:locale\" content=\"lt_LT\" \/>\n<meta property=\"og:type\" content=\"article\" \/>\n<meta property=\"og:title\" content=\"Visit Loro Park in Tenerife - Aventura Excursions - Book Tickets Now for Best Experience!\" \/>\n<meta property=\"og:description\" content=\"Explore Loro Park: Check reviews, prices, and ratings. Enjoy exciting animal shows, beautiful Thai architecture, and lush tropical vegetation. Book now!\" \/>\n<meta property=\"og:url\" content=\"https:\/\/aventura-excursions.com\/lt\/produktas\/loro-park\/\" \/>\n<meta property=\"og:site_name\" content=\"Aventura Excursions\" \/>\n<meta property=\"article:modified_time\" content=\"2024-10-22T12:20:32+00:00\" \/>\n<meta property=\"og:image\" content=\"https:\/\/aventura-excursions.com\/wp-content\/uploads\/2023\/08\/poster-cabecera-min1.jpg\" \/>\n\t<meta property=\"og:image:width\" content=\"889\" \/>\n\t<meta property=\"og:image:height\" content=\"500\" \/>\n\t<meta property=\"og:image:type\" content=\"image\/jpeg\" \/>\n<meta name=\"twitter:card\" content=\"summary_large_image\" \/>\n<meta name=\"twitter:label1\" content=\"Est. reading time\" \/>\n\t<meta name=\"twitter:data1\" content=\"3 minut\u0117s\" \/>\n<!-- \/ Yoast SEO plugin. -->","yoast_head_json":{"title":"Visit Loro Park in Tenerife - Aventura Excursions - Book Tickets Now for Best Experience!","description":"Explore Loro Park: Check reviews, prices, and ratings. Enjoy exciting animal shows, beautiful Thai architecture, and lush tropical vegetation. Book now!","robots":{"index":"index","follow":"follow","max-snippet":"max-snippet:-1","max-image-preview":"max-image-preview:large","max-video-preview":"max-video-preview:-1"},"canonical":"https:\/\/aventura-excursions.com\/lt\/produktas\/loro-park\/","og_locale":"lt_LT","og_type":"article","og_title":"Visit Loro Park in Tenerife - Aventura Excursions - Book Tickets Now for Best Experience!","og_description":"Explore Loro Park: Check reviews, prices, and ratings. Enjoy exciting animal shows, beautiful Thai architecture, and lush tropical vegetation. Book now!","og_url":"https:\/\/aventura-excursions.com\/lt\/produktas\/loro-park\/","og_site_name":"Aventura Excursions","article_modified_time":"2024-10-22T12:20:32+00:00","og_image":[{"width":889,"height":500,"url":"https:\/\/aventura-excursions.com\/wp-content\/uploads\/2023\/08\/poster-cabecera-min1.jpg","type":"image\/jpeg"}],"twitter_card":"summary_large_image","twitter_misc":{"Est. reading time":"3 minut\u0117s"},"schema":{"@context":"https:\/\/schema.org","@graph":[{"@type":"WebPage","@id":"https:\/\/aventura-excursions.com\/product\/loro-park\/","url":"https:\/\/aventura-excursions.com\/product\/loro-park\/","name":"Visit Loro Park in Tenerife - Aventura Excursions - Book Tickets Now for Best Experience!","isPartOf":{"@id":"https:\/\/aventura-excursions.com\/#website"},"primaryImageOfPage":{"@id":"https:\/\/aventura-excursions.com\/product\/loro-park\/#primaryimage"},"image":{"@id":"https:\/\/aventura-excursions.com\/product\/loro-park\/#primaryimage"},"thumbnailUrl":"https:\/\/aventura-excursions.com\/wp-content\/uploads\/2023\/08\/poster-cabecera-min1.jpg","datePublished":"2024-03-26T22:24:04+00:00","dateModified":"2024-10-22T12:20:32+00:00","description":"Explore Loro Park: Check reviews, prices, and ratings. Enjoy exciting animal shows, beautiful Thai architecture, and lush tropical vegetation. Book now!","breadcrumb":{"@id":"https:\/\/aventura-excursions.com\/product\/loro-park\/#breadcrumb"},"inLanguage":"lt-LT","potentialAction":[{"@type":"ReadAction","target":["https:\/\/aventura-excursions.com\/product\/loro-park\/"]}]},{"@type":"ImageObject","inLanguage":"lt-LT","@id":"https:\/\/aventura-excursions.com\/product\/loro-park\/#primaryimage","url":"https:\/\/aventura-excursions.com\/wp-content\/uploads\/2023\/08\/poster-cabecera-min1.jpg","contentUrl":"https:\/\/aventura-excursions.com\/wp-content\/uploads\/2023\/08\/poster-cabecera-min1.jpg","width":889,"height":500},{"@type":"BreadcrumbList","@id":"https:\/\/aventura-excursions.com\/product\/loro-park\/#breadcrumb","itemListElement":[{"@type":"ListItem","position":1,"name":"Tours","item":"https:\/\/aventura-excursions.com\/tours\/"},{"@type":"ListItem","position":2,"name":"Loro Park"}]},{"@type":"WebSite","@id":"https:\/\/aventura-excursions.com\/#website","url":"https:\/\/aventura-excursions.com\/","name":"Aventura Excursions","description":"Aventura Excursions","potentialAction":[{"@type":"SearchAction","target":{"@type":"EntryPoint","urlTemplate":"https:\/\/aventura-excursions.com\/?s={search_term_string}"},"query-input":{"@type":"PropertyValueSpecification","valueRequired":true,"valueName":"search_term_string"}}],"inLanguage":"lt-LT"}]}},"_links":{"self":[{"href":"https:\/\/aventura-excursions.com\/lt\/wp-json\/wp\/v2\/product\/1111","targetHints":{"allow":["GET"]}}],"collection":[{"href":"https:\/\/aventura-excursions.com\/lt\/wp-json\/wp\/v2\/product"}],"about":[{"href":"https:\/\/aventura-excursions.com\/lt\/wp-json\/wp\/v2\/types\/product"}],"wp:featuredmedia":[{"embeddable":true,"href":"https:\/\/aventura-excursions.com\/lt\/wp-json\/wp\/v2\/media\/429"}],"wp:attachment":[{"href":"https:\/\/aventura-excursions.com\/lt\/wp-json\/wp\/v2\/media?parent=1111"}],"wp:term":[{"taxonomy":"product_brand","embeddable":true,"href":"https:\/\/aventura-excursions.com\/lt\/wp-json\/wp\/v2\/product_brand?post=1111"},{"taxonomy":"product_cat","embeddable":true,"href":"https:\/\/aventura-excursions.com\/lt\/wp-json\/wp\/v2\/product_cat?post=1111"},{"taxonomy":"product_tag","embeddable":true,"href":"https:\/\/aventura-excursions.com\/lt\/wp-json\/wp\/v2\/product_tag?post=1111"}],"curies":[{"name":"wp","href":"https:\/\/api.w.org\/{rel}","templated":true}]}}