{"id":1113,"date":"2024-03-27T01:41:48","date_gmt":"2024-03-26T22:41:48","guid":{"rendered":"https:\/\/aventura-excursions.com\/?post_type=product&#038;p=1113"},"modified":"2025-10-19T00:04:03","modified_gmt":"2025-10-18T21:04:03","slug":"teide-masca","status":"publish","type":"product","link":"https:\/\/aventura-excursions.com\/lt\/produktas\/teide-masca\/","title":{"rendered":"Teide Masca"},"content":{"rendered":"<h3>Apra\u0161ymas<\/h3>\n<p>\nAtraskite kvap\u0105 gniau\u017eian\u010dius Tenerif\u0117s vaizdus ir aplankykite tradicinius Kanar\u0173 kaimelius.<\/p>\n<p>First, we head to the volcano Teide, the tallest mount in Spain, and enjoy a walk in the Teide National<br \/>\nPark.<\/p>\n<p>\nV\u0117liau nusileid\u017eiame \u012f \u0161iaurin\u0119 pakrant\u0119 per La Orotavos sl\u0117n\u012f ir aplankome Icod de Los Vinos su legendiniu drakono med\u017eiu, kurio am\u017eius siekia apie 800 met\u0173.<\/p>\n<p>\nKitas m\u016bs\u0173 sustojimas - Gara\u010diko (Garachico), vaizdingo miestelio j\u016bros pakrant\u0117je, kuris buvo svarbus uostas ir pirmoji Tenerif\u0117s sostin\u0117. Deja, j\u012f du kartus sunaikino ugnikalnio i\u0161siver\u017eimai. \u010cia galite pasivaik\u0161\u010dioti po istorin\u012f centr\u0105 ir pasigro\u017e\u0117ti nat\u016braliais baseinais, susiformavusiais i\u0161 i\u0161d\u017ei\u016bvusios lavos. <\/p>\n<p>\nGaliausiai leisim\u0117s \u012f stebukling\u0105 nuotyk\u012f Maskos sl\u0117nyje, kuris kadaise buvo pirat\u0173 sl\u0117ptuv\u0117. Kvap\u0105 gniau\u017eiantis kelias, ma\u017eas kaimelis, stebuklingai pastatytas tarp uol\u0173, ir ve\u0161li augmenija neabejotinai paliks stipriausius prisiminimus apie vie\u0161nag\u0119 Tenerif\u0117je.<\/p>\n<p>\n<\/p>\n<h3><\/h3>\n<h3>Lankytinos vietos<\/h3>\n<ul>\n<li>Teid\u0117s Nacionalinis Parkas<\/li>\n<li>Icod de Los Vinos<\/li>\n<li>Garachico<\/li>\n<li>Maskos Sl\u0117nis<\/li>\n<\/ul>\n<p>\n<\/p>\n<h3>Detal\u0117s<\/h3>\n<p>\n<strong><em>Transportas:<\/em><\/strong> apie 08:00<\/p>\n<p>\n<strong><em>Trukm\u0117:<\/em><\/strong> 9 valandos<\/p>\n<p>\n<strong><em>\u012etrauktas:<\/em><\/strong> <\/p>\n<ul>\n<li>pick up in the South from Los Gigantes to Los Cristianos and in the North from Puerto de la Cruz<\/li>\n<li>profesionalus gidas<\/li>\n<\/ul>\n<p>\n<br \/><strong><em>Ne\u012ftrauktas:<\/em><\/strong> piet\u016bs (bus sustojimas tradiciniame restorane). <\/p>\n<p>\n<br \/>\n<strong><em>Atkreipkite d\u0117mes\u012f:<\/em><\/strong> \u0161iame puslapyje pateiktas tvarkara\u0161tis taikomas tik ekskursijoms angl\u0173 ir ispan\u0173 kalbomis.<\/p>\n<p>\nD\u0117l ekskursij\u0173 kitomis kalbomis arba jei pageidaujate pasiimti i\u0161 vietov\u0117s, kuri nenurodyta s\u0105ra\u0161e, maloniai pra\u0161ome susisiekti su mumis el. pa\u0161tu <a href=\"mailto:info@aventura-excursions.com\" target=\"ask__mail\">info@aventura-excursions.com<\/a> arba telefonu <a href=\"tel: 34647676812\" target=\"_blank\">+34 647 67 68 12<\/a>. M\u016bs\u0173 komanda mielai jums pad\u0117s.<\/p>","protected":false},"excerpt":{"rendered":"<div>\nThe Teide Masca tour reveals breathtaking views of Mount Teide, the volcanic landscape, and the charming village of Masca, nestled amidst dramatic cliffs and known as a great example of traditional Canarian life. It is one of the &#8220;musts&#8221; of Tenerife and a memorable experience for the whole family not to be missed.<\/p>\n<p>\nPirmiausia pasirinkite, ar esate pietuose (galima pasiimti i\u0161 Los Gigantes \u012f Los Cristianos), ar Puerto de la Cruz. Pasirinkite suaugusi\u0173j\u0173, vaik\u0173 (2-11 met\u0173) ir k\u016bdiki\u0173 (0-1 met\u0173) skai\u010di\u0173, tada kelion\u0117s dat\u0105.\n<\/div>","protected":false},"featured_media":432,"template":"","meta":{"_acf_changed":false},"product_brand":[],"product_cat":[19],"product_tag":[],"class_list":{"0":"post-1113","1":"product","2":"type-product","3":"status-publish","4":"has-post-thumbnail","6":"product_cat-bus-excursions","8":"first","9":"instock","10":"sale","11":"shipping-taxable","12":"product-type-grouped"},"acf":[],"yoast_head":"<!-- This site is optimized with the Yoast SEO plugin v25.6 - https:\/\/yoast.com\/wordpress\/plugins\/seo\/ -->\n<title>Teide Masca Tours in Tenerife - Aventura Excursions - Book Now for Unforgettable Views!<\/title>\n<meta name=\"description\" content=\"Explore Teide Masca tours in Tenerife. Check reviews, prices, ratings. Discover stunning landscapes, traditional villages, and volcanic scenery with family\" \/>\n<meta name=\"robots\" content=\"index, follow, max-snippet:-1, max-image-preview:large, max-video-preview:-1\" \/>\n<link rel=\"canonical\" href=\"https:\/\/aventura-excursions.com\/lt\/produktas\/teide-masca\/\" \/>\n<meta property=\"og:locale\" content=\"lt_LT\" \/>\n<meta property=\"og:type\" content=\"article\" \/>\n<meta property=\"og:title\" content=\"Teide Masca Tours in Tenerife - Aventura Excursions - Book Now for Unforgettable Views!\" \/>\n<meta property=\"og:description\" content=\"Explore Teide Masca tours in Tenerife. Check reviews, prices, ratings. Discover stunning landscapes, traditional villages, and volcanic scenery with family\" \/>\n<meta property=\"og:url\" content=\"https:\/\/aventura-excursions.com\/lt\/produktas\/teide-masca\/\" \/>\n<meta property=\"og:site_name\" content=\"Aventura Excursions\" \/>\n<meta property=\"article:modified_time\" content=\"2025-10-18T21:04:03+00:00\" \/>\n<meta property=\"og:image\" content=\"https:\/\/aventura-excursions.com\/wp-content\/uploads\/2024\/02\/el-parque-nacional-del-teide-floracion-del-tajinaste-t.jpg.webp\" \/>\n\t<meta property=\"og:image:width\" content=\"680\" \/>\n\t<meta property=\"og:image:height\" content=\"408\" \/>\n\t<meta property=\"og:image:type\" content=\"image\/webp\" \/>\n<meta name=\"twitter:card\" content=\"summary_large_image\" \/>\n<meta name=\"twitter:label1\" content=\"Est. reading time\" \/>\n\t<meta name=\"twitter:data1\" content=\"2 minut\u0117s\" \/>\n<!-- \/ Yoast SEO plugin. -->","yoast_head_json":{"title":"Teide Masca Tours in Tenerife - Aventura Excursions - Book Now for Unforgettable Views!","description":"Explore Teide Masca tours in Tenerife. Check reviews, prices, ratings. Discover stunning landscapes, traditional villages, and volcanic scenery with family","robots":{"index":"index","follow":"follow","max-snippet":"max-snippet:-1","max-image-preview":"max-image-preview:large","max-video-preview":"max-video-preview:-1"},"canonical":"https:\/\/aventura-excursions.com\/lt\/produktas\/teide-masca\/","og_locale":"lt_LT","og_type":"article","og_title":"Teide Masca Tours in Tenerife - Aventura Excursions - Book Now for Unforgettable Views!","og_description":"Explore Teide Masca tours in Tenerife. Check reviews, prices, ratings. Discover stunning landscapes, traditional villages, and volcanic scenery with family","og_url":"https:\/\/aventura-excursions.com\/lt\/produktas\/teide-masca\/","og_site_name":"Aventura Excursions","article_modified_time":"2025-10-18T21:04:03+00:00","og_image":[{"width":680,"height":408,"url":"https:\/\/aventura-excursions.com\/wp-content\/uploads\/2024\/02\/el-parque-nacional-del-teide-floracion-del-tajinaste-t.jpg.webp","type":"image\/webp"}],"twitter_card":"summary_large_image","twitter_misc":{"Est. reading time":"2 minut\u0117s"},"schema":{"@context":"https:\/\/schema.org","@graph":[{"@type":"WebPage","@id":"https:\/\/aventura-excursions.com\/product\/teide-masca\/","url":"https:\/\/aventura-excursions.com\/product\/teide-masca\/","name":"Teide Masca Tours in Tenerife - Aventura Excursions - Book Now for Unforgettable Views!","isPartOf":{"@id":"https:\/\/aventura-excursions.com\/#website"},"primaryImageOfPage":{"@id":"https:\/\/aventura-excursions.com\/product\/teide-masca\/#primaryimage"},"image":{"@id":"https:\/\/aventura-excursions.com\/product\/teide-masca\/#primaryimage"},"thumbnailUrl":"https:\/\/aventura-excursions.com\/wp-content\/uploads\/2024\/02\/el-parque-nacional-del-teide-floracion-del-tajinaste-t.jpg.webp","datePublished":"2024-03-26T22:41:48+00:00","dateModified":"2025-10-18T21:04:03+00:00","description":"Explore Teide Masca tours in Tenerife. Check reviews, prices, ratings. Discover stunning landscapes, traditional villages, and volcanic scenery with family","breadcrumb":{"@id":"https:\/\/aventura-excursions.com\/product\/teide-masca\/#breadcrumb"},"inLanguage":"lt-LT","potentialAction":[{"@type":"ReadAction","target":["https:\/\/aventura-excursions.com\/product\/teide-masca\/"]}]},{"@type":"ImageObject","inLanguage":"lt-LT","@id":"https:\/\/aventura-excursions.com\/product\/teide-masca\/#primaryimage","url":"https:\/\/aventura-excursions.com\/wp-content\/uploads\/2024\/02\/el-parque-nacional-del-teide-floracion-del-tajinaste-t.jpg.webp","contentUrl":"https:\/\/aventura-excursions.com\/wp-content\/uploads\/2024\/02\/el-parque-nacional-del-teide-floracion-del-tajinaste-t.jpg.webp","width":680,"height":408},{"@type":"BreadcrumbList","@id":"https:\/\/aventura-excursions.com\/product\/teide-masca\/#breadcrumb","itemListElement":[{"@type":"ListItem","position":1,"name":"Tours","item":"https:\/\/aventura-excursions.com\/tours\/"},{"@type":"ListItem","position":2,"name":"Teide Masca"}]},{"@type":"WebSite","@id":"https:\/\/aventura-excursions.com\/#website","url":"https:\/\/aventura-excursions.com\/","name":"Aventura Excursions","description":"Aventura Excursions","potentialAction":[{"@type":"SearchAction","target":{"@type":"EntryPoint","urlTemplate":"https:\/\/aventura-excursions.com\/?s={search_term_string}"},"query-input":{"@type":"PropertyValueSpecification","valueRequired":true,"valueName":"search_term_string"}}],"inLanguage":"lt-LT"}]}},"_links":{"self":[{"href":"https:\/\/aventura-excursions.com\/lt\/wp-json\/wp\/v2\/product\/1113","targetHints":{"allow":["GET"]}}],"collection":[{"href":"https:\/\/aventura-excursions.com\/lt\/wp-json\/wp\/v2\/product"}],"about":[{"href":"https:\/\/aventura-excursions.com\/lt\/wp-json\/wp\/v2\/types\/product"}],"wp:featuredmedia":[{"embeddable":true,"href":"https:\/\/aventura-excursions.com\/lt\/wp-json\/wp\/v2\/media\/432"}],"wp:attachment":[{"href":"https:\/\/aventura-excursions.com\/lt\/wp-json\/wp\/v2\/media?parent=1113"}],"wp:term":[{"taxonomy":"product_brand","embeddable":true,"href":"https:\/\/aventura-excursions.com\/lt\/wp-json\/wp\/v2\/product_brand?post=1113"},{"taxonomy":"product_cat","embeddable":true,"href":"https:\/\/aventura-excursions.com\/lt\/wp-json\/wp\/v2\/product_cat?post=1113"},{"taxonomy":"product_tag","embeddable":true,"href":"https:\/\/aventura-excursions.com\/lt\/wp-json\/wp\/v2\/product_tag?post=1113"}],"curies":[{"name":"wp","href":"https:\/\/api.w.org\/{rel}","templated":true}]}}