{"id":1153,"date":"2024-03-30T23:16:04","date_gmt":"2024-03-30T20:16:04","guid":{"rendered":"https:\/\/aventura-excursions.com\/?post_type=product&#038;p=1153"},"modified":"2024-05-28T18:56:09","modified_gmt":"2024-05-28T15:56:09","slug":"kayaking-snorkeling","status":"publish","type":"product","link":"https:\/\/aventura-excursions.com\/lt\/produktas\/kayaking-snorkeling\/","title":{"rendered":"Kayaking &#038; Snorkeling"},"content":{"rendered":"<h3>Apra\u0161ymas<\/h3>\n<p>\nAtraskite plaukimo baidar\u0117mis \u012fsp\u016bd\u017eius Tenerif\u0117je, kur laukia kri\u0161tolo skaidrumo vanduo, \u012fsp\u016bdingos vulkanin\u0117s pakrant\u0117s ir kvap\u0105 gniau\u017eianti j\u016br\u0173 gyvyb\u0117! Kelion\u0119 pradedame Rays Bay papl\u016bdimyje Los Cristianose ir patraukiame link diding\u0173 Palm Maro uol\u0173. Ten sustojame pusvaland\u017eiui nardyti vietoje, kur gyvena nuostab\u016bs Kanar\u0173 sal\u0173 v\u0117\u017eliai. Tur\u0117sime puiki\u0105 galimyb\u0119 steb\u0117ti povandenin\u012f pasaul\u012f ir susipa\u017einti su \u012fvairia j\u016bros gyvybe. Jei pasiseks, gr\u012f\u017edami \u012f Los Cristianos pamatysime ir delfin\u0173.<\/p>\n<p>Plaukimas baidar\u0117mis yra geras b\u016bdas praleisti dien\u0105 su \u0161eima, atrandant \u0161io nuostabaus sporto \u017eaves\u012f ir Tenerif\u0117s gro\u017e\u012f. Tai taip pat naudinga vaikams, kai jie mokosi apie j\u016br\u0173 gyvyb\u0119 ir vandenyn\u0105.<\/p>\n<p>\n<\/p>\n<h3>Lankytinos vietos<\/h3>\n<ul>\n<li>V\u0117\u017eliai ir delfinai<\/li>\n<li>\u012esp\u016bdingi vaizdai \u012f vandenyn\u0105<\/li>\n<li>Ekspert\u0173 komanda<\/li>\n<li>Nardymas pri\u017ei\u016brint patyrusiam instruktoriui<\/li>\n<\/ul>\n<p>\n<\/p>\n<h3>Detal\u0117s<\/h3>\n<p>\nDviej\u0173 tip\u0173 kelion\u0117s: tik plaukimas baidar\u0117mis (be nardymo su vamzdeliu) ir baidar\u0117s + nardymas su vamzdeliu<br \/>\nAtspirties ta\u0161kas: Los Cristianos<br \/>\nPrad\u017eios laikas: 10:00, 12:30, 14:00<br \/>\nTrukm\u0117: 2 valandos vandenyje \/ 3 valandos i\u0161 viso<br \/>\nDid\u017eiausia baidari\u0173 talpa: 2 suaugusieji ir 2 vaikai<br \/>\n\u012e kain\u0105 \u012fskai\u010diuotas hidrokostiumas, batai, gelb\u0117jimosi liemen\u0117 ir nardymo komplektas<br \/>\nMaistas ne\u012fskai\u010diuotas<\/p>\n<p>\n<\/p>\n<h3>Transportas<\/h3>\n<p>\nAtsi\u0117mimas Tenerif\u0117s pietuose: 2 eurai asmeniui<br \/>\n<br \/>Tenerif\u0117s vakaruose 15 eur\u0173 u\u017e automobil\u012f (\u012f abi puses, iki 8 \u017emoni\u0173): Puerto Santiago, Playa la Arena, Alcal\u00e1 ir Playa San Juan.<\/p>\n<p>\n<\/p>\n<h3>Nuolaid\u0173 paketas: \u0160eimoms su Vaikais <\/h3>\n<p>\nBook a kayak tour together with a boat trip and Twin ticket to Loro and Siam parks and get a special discount for the package. It&#8217;s a perfect combination to spend your vacations in Tenerife with your family. Read more information here: <a href=\"https:\/\/aventura-excursions.com\/lt\/produktas\/for-families-with-kids\/\"><strong><em>\u0160eimoms su vaikais<\/em><\/strong><\/a><\/p>","protected":false},"excerpt":{"rendered":"<div>\nJoin us for an unforgettable kayak tour along the island&#8217;s breathtaking coastline, where you might even spot dolphins and sea turtles.<\/p>\n<p>Scegli un tour in kayak con o senza boccaglio, il number di adulti e Bambini (6\u201310 met\u0173) ir duomenys. Scegli il trasporto se hai bisogno di essere prelevato.\n<\/div>","protected":false},"featured_media":1156,"template":"","meta":{"_acf_changed":false},"product_brand":[],"product_cat":[21],"product_tag":[124,128,127,130,122,125,129,123,126],"class_list":{"0":"post-1153","1":"product","2":"type-product","3":"status-publish","4":"has-post-thumbnail","6":"product_cat-activities","7":"product_tag-canoe-tenerife","8":"product_tag-kayak-excursion-tenerife","9":"product_tag-kayak-palmmar","10":"product_tag-kayak-school-los-cristianos","11":"product_tag-kayak-tenerife","12":"product_tag-kayak-tours-los-cristianos","13":"product_tag-kayak-with-kids-tenerife","14":"product_tag-kayaking-tenerife","15":"product_tag-snorkeling-with-turtles","17":"first","18":"instock","19":"sale","20":"shipping-taxable","21":"product-type-grouped"},"acf":[],"yoast_head":"<!-- This site is optimized with the Yoast SEO plugin v25.6 - https:\/\/yoast.com\/wordpress\/plugins\/seo\/ -->\n<title>Kayaking &amp; Snorkeling in Tenerife - Aventura Excursions | Book Your Adventure Today!<\/title>\n<meta name=\"description\" content=\"Join our Kayaking &amp; Snorkeling tour in Tenerife! Check reviews, prices, and ratings. Spot dolphins and turtles. Book now for an unforgettable experience!\" \/>\n<meta name=\"robots\" content=\"index, follow, max-snippet:-1, max-image-preview:large, max-video-preview:-1\" \/>\n<link rel=\"canonical\" href=\"https:\/\/aventura-excursions.com\/lt\/produktas\/kayaking-snorkeling\/\" \/>\n<meta property=\"og:locale\" content=\"lt_LT\" \/>\n<meta property=\"og:type\" content=\"article\" \/>\n<meta property=\"og:title\" content=\"Kayaking &amp; Snorkeling in Tenerife - Aventura Excursions | Book Your Adventure Today!\" \/>\n<meta property=\"og:description\" content=\"Join our Kayaking &amp; Snorkeling tour in Tenerife! Check reviews, prices, and ratings. Spot dolphins and turtles. Book now for an unforgettable experience!\" \/>\n<meta property=\"og:url\" content=\"https:\/\/aventura-excursions.com\/lt\/produktas\/kayaking-snorkeling\/\" \/>\n<meta property=\"og:site_name\" content=\"Aventura Excursions\" \/>\n<meta property=\"article:modified_time\" content=\"2024-05-28T15:56:09+00:00\" \/>\n<meta property=\"og:image\" content=\"https:\/\/aventura-excursions.com\/wp-content\/uploads\/2024\/03\/1T0A0418.jpg\" \/>\n\t<meta property=\"og:image:width\" content=\"960\" \/>\n\t<meta property=\"og:image:height\" content=\"640\" \/>\n\t<meta property=\"og:image:type\" content=\"image\/jpeg\" \/>\n<meta name=\"twitter:card\" content=\"summary_large_image\" \/>\n<meta name=\"twitter:label1\" content=\"Est. reading time\" \/>\n\t<meta name=\"twitter:data1\" content=\"2 minut\u0117s\" \/>\n<!-- \/ Yoast SEO plugin. -->","yoast_head_json":{"title":"Kayaking & Snorkeling in Tenerife - Aventura Excursions | Book Your Adventure Today!","description":"Join our Kayaking & Snorkeling tour in Tenerife! Check reviews, prices, and ratings. Spot dolphins and turtles. Book now for an unforgettable experience!","robots":{"index":"index","follow":"follow","max-snippet":"max-snippet:-1","max-image-preview":"max-image-preview:large","max-video-preview":"max-video-preview:-1"},"canonical":"https:\/\/aventura-excursions.com\/lt\/produktas\/kayaking-snorkeling\/","og_locale":"lt_LT","og_type":"article","og_title":"Kayaking & Snorkeling in Tenerife - Aventura Excursions | Book Your Adventure Today!","og_description":"Join our Kayaking & Snorkeling tour in Tenerife! Check reviews, prices, and ratings. Spot dolphins and turtles. Book now for an unforgettable experience!","og_url":"https:\/\/aventura-excursions.com\/lt\/produktas\/kayaking-snorkeling\/","og_site_name":"Aventura Excursions","article_modified_time":"2024-05-28T15:56:09+00:00","og_image":[{"width":960,"height":640,"url":"https:\/\/aventura-excursions.com\/wp-content\/uploads\/2024\/03\/1T0A0418.jpg","type":"image\/jpeg"}],"twitter_card":"summary_large_image","twitter_misc":{"Est. reading time":"2 minut\u0117s"},"schema":{"@context":"https:\/\/schema.org","@graph":[{"@type":"WebPage","@id":"https:\/\/aventura-excursions.com\/product\/kayaking-snorkeling\/","url":"https:\/\/aventura-excursions.com\/product\/kayaking-snorkeling\/","name":"Kayaking & Snorkeling in Tenerife - Aventura Excursions | Book Your Adventure Today!","isPartOf":{"@id":"https:\/\/aventura-excursions.com\/#website"},"primaryImageOfPage":{"@id":"https:\/\/aventura-excursions.com\/product\/kayaking-snorkeling\/#primaryimage"},"image":{"@id":"https:\/\/aventura-excursions.com\/product\/kayaking-snorkeling\/#primaryimage"},"thumbnailUrl":"https:\/\/aventura-excursions.com\/wp-content\/uploads\/2024\/03\/1T0A0418.jpg","datePublished":"2024-03-30T20:16:04+00:00","dateModified":"2024-05-28T15:56:09+00:00","description":"Join our Kayaking & Snorkeling tour in Tenerife! Check reviews, prices, and ratings. Spot dolphins and turtles. Book now for an unforgettable experience!","breadcrumb":{"@id":"https:\/\/aventura-excursions.com\/product\/kayaking-snorkeling\/#breadcrumb"},"inLanguage":"lt-LT","potentialAction":[{"@type":"ReadAction","target":["https:\/\/aventura-excursions.com\/product\/kayaking-snorkeling\/"]}]},{"@type":"ImageObject","inLanguage":"lt-LT","@id":"https:\/\/aventura-excursions.com\/product\/kayaking-snorkeling\/#primaryimage","url":"https:\/\/aventura-excursions.com\/wp-content\/uploads\/2024\/03\/1T0A0418.jpg","contentUrl":"https:\/\/aventura-excursions.com\/wp-content\/uploads\/2024\/03\/1T0A0418.jpg","width":960,"height":640},{"@type":"BreadcrumbList","@id":"https:\/\/aventura-excursions.com\/product\/kayaking-snorkeling\/#breadcrumb","itemListElement":[{"@type":"ListItem","position":1,"name":"Tours","item":"https:\/\/aventura-excursions.com\/tours\/"},{"@type":"ListItem","position":2,"name":"Kayaking &#038; Snorkeling"}]},{"@type":"WebSite","@id":"https:\/\/aventura-excursions.com\/#website","url":"https:\/\/aventura-excursions.com\/","name":"Aventura Excursions","description":"Aventura Excursions","potentialAction":[{"@type":"SearchAction","target":{"@type":"EntryPoint","urlTemplate":"https:\/\/aventura-excursions.com\/?s={search_term_string}"},"query-input":{"@type":"PropertyValueSpecification","valueRequired":true,"valueName":"search_term_string"}}],"inLanguage":"lt-LT"}]}},"_links":{"self":[{"href":"https:\/\/aventura-excursions.com\/lt\/wp-json\/wp\/v2\/product\/1153","targetHints":{"allow":["GET"]}}],"collection":[{"href":"https:\/\/aventura-excursions.com\/lt\/wp-json\/wp\/v2\/product"}],"about":[{"href":"https:\/\/aventura-excursions.com\/lt\/wp-json\/wp\/v2\/types\/product"}],"wp:featuredmedia":[{"embeddable":true,"href":"https:\/\/aventura-excursions.com\/lt\/wp-json\/wp\/v2\/media\/1156"}],"wp:attachment":[{"href":"https:\/\/aventura-excursions.com\/lt\/wp-json\/wp\/v2\/media?parent=1153"}],"wp:term":[{"taxonomy":"product_brand","embeddable":true,"href":"https:\/\/aventura-excursions.com\/lt\/wp-json\/wp\/v2\/product_brand?post=1153"},{"taxonomy":"product_cat","embeddable":true,"href":"https:\/\/aventura-excursions.com\/lt\/wp-json\/wp\/v2\/product_cat?post=1153"},{"taxonomy":"product_tag","embeddable":true,"href":"https:\/\/aventura-excursions.com\/lt\/wp-json\/wp\/v2\/product_tag?post=1153"}],"curies":[{"name":"wp","href":"https:\/\/api.w.org\/{rel}","templated":true}]}}